{"id":77,"date":"2023-11-16T01:39:17","date_gmt":"2023-11-16T00:39:17","guid":{"rendered":"http:\/\/localhost\/?page_id=77"},"modified":"2024-03-10T14:48:13","modified_gmt":"2024-03-10T13:48:13","slug":"schuelerworkshops","status":"publish","type":"page","link":"https:\/\/er-ig.de\/cms\/schuelerworkshops\/","title":{"rendered":"Sch\u00fclerworkshops"},"content":{"rendered":"\n<h2 class=\"wp-block-heading\">Mehr Schub, Scotty!<\/h2>\n\n\n\n<figure data-wp-context=\"{&quot;imageId&quot;:&quot;69dce9d188873&quot;}\" data-wp-interactive=\"core\/image\" data-wp-key=\"69dce9d188873\" class=\"wp-block-image alignright size-full is-resized has-custom-border wp-lightbox-container\"><img loading=\"lazy\" decoding=\"async\" width=\"2560\" height=\"1706\" data-wp-class--hide=\"state.isContentHidden\" data-wp-class--show=\"state.isContentVisible\" data-wp-init=\"callbacks.setButtonStyles\" data-wp-on--click=\"actions.showLightbox\" data-wp-on--load=\"callbacks.setButtonStyles\" data-wp-on-window--resize=\"callbacks.setButtonStyles\" src=\"https:\/\/er-ig.de\/cms\/wp-content\/uploads\/2024\/03\/2022-07-MSS-6-117-von-579-edited-scaled.jpg\" alt=\"\" class=\"wp-image-1055\" style=\"border-radius:10px;width:300px\" srcset=\"https:\/\/er-ig.de\/cms\/wp-content\/uploads\/2024\/03\/2022-07-MSS-6-117-von-579-edited-scaled.jpg 2560w, https:\/\/er-ig.de\/cms\/wp-content\/uploads\/2024\/03\/2022-07-MSS-6-117-von-579-edited-300x200.jpg 300w, https:\/\/er-ig.de\/cms\/wp-content\/uploads\/2024\/03\/2022-07-MSS-6-117-von-579-edited-1024x683.jpg 1024w, https:\/\/er-ig.de\/cms\/wp-content\/uploads\/2024\/03\/2022-07-MSS-6-117-von-579-edited-768x512.jpg 768w, https:\/\/er-ig.de\/cms\/wp-content\/uploads\/2024\/03\/2022-07-MSS-6-117-von-579-edited-1536x1024.jpg 1536w, https:\/\/er-ig.de\/cms\/wp-content\/uploads\/2024\/03\/2022-07-MSS-6-117-von-579-edited-2048x1365.jpg 2048w\" sizes=\"auto, (max-width: 2560px) 100vw, 2560px\" \/><button\n\t\t\tclass=\"lightbox-trigger\"\n\t\t\ttype=\"button\"\n\t\t\taria-haspopup=\"dialog\"\n\t\t\taria-label=\"Vergr\u00f6\u00dfern\"\n\t\t\tdata-wp-init=\"callbacks.initTriggerButton\"\n\t\t\tdata-wp-on--click=\"actions.showLightbox\"\n\t\t\tdata-wp-style--right=\"state.imageButtonRight\"\n\t\t\tdata-wp-style--top=\"state.imageButtonTop\"\n\t\t>\n\t\t\t<svg xmlns=\"http:\/\/www.w3.org\/2000\/svg\" width=\"12\" height=\"12\" fill=\"none\" viewBox=\"0 0 12 12\">\n\t\t\t\t<path fill=\"#fff\" d=\"M2 0a2 2 0 0 0-2 2v2h1.5V2a.5.5 0 0 1 .5-.5h2V0H2Zm2 10.5H2a.5.5 0 0 1-.5-.5V8H0v2a2 2 0 0 0 2 2h2v-1.5ZM8 12v-1.5h2a.5.5 0 0 0 .5-.5V8H12v2a2 2 0 0 1-2 2H8Zm2-12a2 2 0 0 1 2 2v2h-1.5V2a.5.5 0 0 0-.5-.5H8V0h2Z\" \/>\n\t\t\t<\/svg>\n\t\t<\/button><\/figure>\n\n\n\n<p>Der \u201eMehr Schub, Scotty\u201c\u2013Workshop erlaubt es Sch\u00fclern und Sch\u00fclerinnen praxisnah die Grundlagen der zivilen Raumfahrttechnik zu erlernen und einen Einblick in das Studium der Luft- und Raumfahrttechnik an der TU Braunschweig zu bekommen. Der unbestrittene H\u00f6hepunkt des Workshops ist der Start einer selbstgebauten Rakete f\u00fcr jede*n Teilnehmer*in.<\/p>\n\n\n\n<figure data-wp-context=\"{&quot;imageId&quot;:&quot;69dce9d188bbb&quot;}\" data-wp-interactive=\"core\/image\" data-wp-key=\"69dce9d188bbb\" class=\"wp-block-image alignleft size-full is-resized has-custom-border wp-lightbox-container\"><img loading=\"lazy\" decoding=\"async\" width=\"1707\" height=\"2560\" data-wp-class--hide=\"state.isContentHidden\" data-wp-class--show=\"state.isContentVisible\" data-wp-init=\"callbacks.setButtonStyles\" data-wp-on--click=\"actions.showLightbox\" data-wp-on--load=\"callbacks.setButtonStyles\" data-wp-on-window--resize=\"callbacks.setButtonStyles\" src=\"https:\/\/er-ig.de\/cms\/wp-content\/uploads\/2024\/03\/2022-07-MSS-6-436-von-579-scaled.jpg\" alt=\"\" class=\"wp-image-1052\" style=\"border-radius:10px;width:300px\" srcset=\"https:\/\/er-ig.de\/cms\/wp-content\/uploads\/2024\/03\/2022-07-MSS-6-436-von-579-scaled.jpg 1707w, https:\/\/er-ig.de\/cms\/wp-content\/uploads\/2024\/03\/2022-07-MSS-6-436-von-579-200x300.jpg 200w, https:\/\/er-ig.de\/cms\/wp-content\/uploads\/2024\/03\/2022-07-MSS-6-436-von-579-683x1024.jpg 683w, https:\/\/er-ig.de\/cms\/wp-content\/uploads\/2024\/03\/2022-07-MSS-6-436-von-579-768x1152.jpg 768w, https:\/\/er-ig.de\/cms\/wp-content\/uploads\/2024\/03\/2022-07-MSS-6-436-von-579-1024x1536.jpg 1024w, https:\/\/er-ig.de\/cms\/wp-content\/uploads\/2024\/03\/2022-07-MSS-6-436-von-579-1365x2048.jpg 1365w\" sizes=\"auto, (max-width: 1707px) 100vw, 1707px\" \/><button\n\t\t\tclass=\"lightbox-trigger\"\n\t\t\ttype=\"button\"\n\t\t\taria-haspopup=\"dialog\"\n\t\t\taria-label=\"Vergr\u00f6\u00dfern\"\n\t\t\tdata-wp-init=\"callbacks.initTriggerButton\"\n\t\t\tdata-wp-on--click=\"actions.showLightbox\"\n\t\t\tdata-wp-style--right=\"state.imageButtonRight\"\n\t\t\tdata-wp-style--top=\"state.imageButtonTop\"\n\t\t>\n\t\t\t<svg xmlns=\"http:\/\/www.w3.org\/2000\/svg\" width=\"12\" height=\"12\" fill=\"none\" viewBox=\"0 0 12 12\">\n\t\t\t\t<path fill=\"#fff\" d=\"M2 0a2 2 0 0 0-2 2v2h1.5V2a.5.5 0 0 1 .5-.5h2V0H2Zm2 10.5H2a.5.5 0 0 1-.5-.5V8H0v2a2 2 0 0 0 2 2h2v-1.5ZM8 12v-1.5h2a.5.5 0 0 0 .5-.5V8H12v2a2 2 0 0 1-2 2H8Zm2-12a2 2 0 0 1 2 2v2h-1.5V2a.5.5 0 0 0-.5-.5H8V0h2Z\" \/>\n\t\t\t<\/svg>\n\t\t<\/button><\/figure>\n\n\n\n<p>Zu Beginn des ersten Tages stellt sich das <a href=\"https:\/\/www.tu-braunschweig.de\/iras\" data-type=\"link\" data-id=\"https:\/\/www.tu-braunschweig.de\/iras\">Institut f\u00fcr Raumfahrtsysteme<\/a> vor und gibt den Sch\u00fcler und Sch\u00fclerinnen einen Einblick in die aktuellen Forschungsthemen der Raumfahrt. Hierauf folgt dann eine Pr\u00e4sentation, in welcher die zugrundeliegenden physikalischen Prinzipien der Raketentechnik erl\u00e4utert werden. Danach \u00fcbernehmen dann die Studenten der ERIG und helfen den Sch\u00fclern und Sch\u00fclerinnen mit dem Auslegungs- und Simulationstool OpenRocket ihre eigene Rakete zu designen und zu konstruieren. Nach der Auslegung kann dann mit dem tats\u00e4chlichen Bau der Raketen begonnen werden. Hierf\u00fcr stellt die ERIG eine viel Zahl von fertigen Komponenten zur Verf\u00fcgung, mit welcher dann die Sch\u00fcler und Sch\u00fclerinnen ihre eigene Rakete bauen k\u00f6nnen. Am folgenden Tag werden dann die Raketen auf dem <a href=\"https:\/\/www.fmk-braunschweig.de\/ueber-uns\/flugplatz\/\">Modellflugplatz Sickte<\/a> gestartet.<\/p>\n\n\n\n<p>Weitere Informationen zu dem Workshop und zur Anmeldung finden Sie auf der Seite des\u00a0<a href=\"https:\/\/www.tu-braunschweig.de\/iras\" target=\"_blank\" rel=\"noreferrer noopener\">Instituts f\u00fcr Raumfahrtsysteme<\/a>\u00a0der TU Braunschweig. Unterst\u00fctzt und mitorganisiert wird die Veranstaltung von der  <a href=\"https:\/\/stiftung-niedersachsenmetall.de\/\" data-type=\"link\" data-id=\"https:\/\/niedersachsenmetall.de\/\" target=\"_blank\" rel=\"noreferrer noopener\">Stiftung NiedersachsenMetall<\/a>, der <a href=\"https:\/\/dglr.de\/\" target=\"_blank\" rel=\"noreferrer noopener\">DGLR Braunschweig<\/a> und dem <a href=\"https:\/\/www.vdi.de\/\" data-type=\"link\" data-id=\"https:\/\/www.vdi.de\/\" target=\"_blank\" rel=\"noreferrer noopener\">VDI<\/a>.<\/p>\n\n\n\n<p>Wenn Sie mit uns an Ihrer Schule einen Workshop veranstalten wollen, melden Sie sich bitte bei&nbsp;<a href=\"maito:kontakt@er-ig.de\">kontakt@er-ig.de<\/a>.<\/p>\n","protected":false},"excerpt":{"rendered":"<p>Mehr Schub, Scotty! Der \u201eMehr Schub, Scotty\u201c\u2013Workshop erlaubt es Sch\u00fclern und Sch\u00fclerinnen praxisnah die Grundlagen der zivilen Raumfahrttechnik zu erlernen und einen Einblick in das Studium der Luft- und Raumfahrttechnik an der TU Braunschweig zu bekommen. Der unbestrittene H\u00f6hepunkt des Workshops ist der Start einer selbstgebauten Rakete f\u00fcr jede*n Teilnehmer*in. Zu Beginn des ersten Tages [&hellip;]<\/p>\n","protected":false},"author":1,"featured_media":0,"parent":0,"menu_order":0,"comment_status":"closed","ping_status":"closed","template":"","meta":{"footnotes":""},"class_list":["post-77","page","type-page","status-publish","hentry"],"yoast_head":"<!-- This site is optimized with the Yoast SEO plugin v27.1.1 - https:\/\/yoast.com\/product\/yoast-seo-wordpress\/ -->\n<title>Sch\u00fclerworkshops &#8211; ERIG e.V.<\/title>\n<meta name=\"robots\" content=\"index, follow, max-snippet:-1, max-image-preview:large, max-video-preview:-1\" \/>\n<link rel=\"canonical\" href=\"https:\/\/er-ig.de\/cms\/schuelerworkshops\/\" \/>\n<meta property=\"og:locale\" content=\"de_DE\" \/>\n<meta property=\"og:type\" content=\"article\" \/>\n<meta property=\"og:title\" content=\"Sch\u00fclerworkshops &#8211; ERIG e.V.\" \/>\n<meta property=\"og:description\" content=\"Mehr Schub, Scotty! Der \u201eMehr Schub, Scotty\u201c\u2013Workshop erlaubt es Sch\u00fclern und Sch\u00fclerinnen praxisnah die Grundlagen der zivilen Raumfahrttechnik zu erlernen und einen Einblick in das Studium der Luft- und Raumfahrttechnik an der TU Braunschweig zu bekommen. Der unbestrittene H\u00f6hepunkt des Workshops ist der Start einer selbstgebauten Rakete f\u00fcr jede*n Teilnehmer*in. Zu Beginn des ersten Tages [&hellip;]\" \/>\n<meta property=\"og:url\" content=\"https:\/\/er-ig.de\/cms\/schuelerworkshops\/\" \/>\n<meta property=\"og:site_name\" content=\"ERIG e.V.\" \/>\n<meta property=\"article:modified_time\" content=\"2024-03-10T13:48:13+00:00\" \/>\n<meta property=\"og:image\" content=\"https:\/\/er-ig.de\/cms\/wp-content\/uploads\/2024\/03\/2022-07-MSS-6-117-von-579-edited-scaled.jpg\" \/>\n<meta name=\"twitter:card\" content=\"summary_large_image\" \/>\n<meta name=\"twitter:label1\" content=\"Gesch\u00e4tzte Lesezeit\" \/>\n\t<meta name=\"twitter:data1\" content=\"1\u00a0Minute\" \/>\n<script type=\"application\/ld+json\" class=\"yoast-schema-graph\">{\"@context\":\"https:\/\/schema.org\",\"@graph\":[{\"@type\":\"WebPage\",\"@id\":\"https:\/\/er-ig.de\/cms\/schuelerworkshops\/\",\"url\":\"https:\/\/er-ig.de\/cms\/schuelerworkshops\/\",\"name\":\"Sch\u00fclerworkshops &#8211; ERIG e.V.\",\"isPartOf\":{\"@id\":\"http:\/\/er-ig.de\/cms\/#website\"},\"primaryImageOfPage\":{\"@id\":\"https:\/\/er-ig.de\/cms\/schuelerworkshops\/#primaryimage\"},\"image\":{\"@id\":\"https:\/\/er-ig.de\/cms\/schuelerworkshops\/#primaryimage\"},\"thumbnailUrl\":\"https:\/\/er-ig.de\/cms\/wp-content\/uploads\/2024\/03\/2022-07-MSS-6-117-von-579-edited-scaled.jpg\",\"datePublished\":\"2023-11-16T00:39:17+00:00\",\"dateModified\":\"2024-03-10T13:48:13+00:00\",\"inLanguage\":\"de\",\"potentialAction\":[{\"@type\":\"ReadAction\",\"target\":[\"https:\/\/er-ig.de\/cms\/schuelerworkshops\/\"]}]},{\"@type\":\"ImageObject\",\"inLanguage\":\"de\",\"@id\":\"https:\/\/er-ig.de\/cms\/schuelerworkshops\/#primaryimage\",\"url\":\"https:\/\/er-ig.de\/cms\/wp-content\/uploads\/2024\/03\/2022-07-MSS-6-117-von-579-edited-scaled.jpg\",\"contentUrl\":\"https:\/\/er-ig.de\/cms\/wp-content\/uploads\/2024\/03\/2022-07-MSS-6-117-von-579-edited-scaled.jpg\",\"width\":2560,\"height\":1706},{\"@type\":\"WebSite\",\"@id\":\"http:\/\/er-ig.de\/cms\/#website\",\"url\":\"http:\/\/er-ig.de\/cms\/\",\"name\":\"ERIG e.V.\",\"description\":\"\",\"publisher\":{\"@id\":\"http:\/\/er-ig.de\/cms\/#organization\"},\"potentialAction\":[{\"@type\":\"SearchAction\",\"target\":{\"@type\":\"EntryPoint\",\"urlTemplate\":\"http:\/\/er-ig.de\/cms\/?s={search_term_string}\"},\"query-input\":{\"@type\":\"PropertyValueSpecification\",\"valueRequired\":true,\"valueName\":\"search_term_string\"}}],\"inLanguage\":\"de\"},{\"@type\":\"Organization\",\"@id\":\"http:\/\/er-ig.de\/cms\/#organization\",\"name\":\"ERIG e.V.\",\"url\":\"http:\/\/er-ig.de\/cms\/\",\"logo\":{\"@type\":\"ImageObject\",\"inLanguage\":\"de\",\"@id\":\"http:\/\/er-ig.de\/cms\/#\/schema\/logo\/image\/\",\"url\":\"https:\/\/er-ig.de\/cms\/wp-content\/uploads\/2023\/11\/ERIG_Farben_RGB_01.png\",\"contentUrl\":\"https:\/\/er-ig.de\/cms\/wp-content\/uploads\/2023\/11\/ERIG_Farben_RGB_01.png\",\"width\":1995,\"height\":561,\"caption\":\"ERIG e.V.\"},\"image\":{\"@id\":\"http:\/\/er-ig.de\/cms\/#\/schema\/logo\/image\/\"}}]}<\/script>\n<!-- \/ Yoast SEO plugin. -->","yoast_head_json":{"title":"Sch\u00fclerworkshops &#8211; ERIG e.V.","robots":{"index":"index","follow":"follow","max-snippet":"max-snippet:-1","max-image-preview":"max-image-preview:large","max-video-preview":"max-video-preview:-1"},"canonical":"https:\/\/er-ig.de\/cms\/schuelerworkshops\/","og_locale":"de_DE","og_type":"article","og_title":"Sch\u00fclerworkshops &#8211; ERIG e.V.","og_description":"Mehr Schub, Scotty! Der \u201eMehr Schub, Scotty\u201c\u2013Workshop erlaubt es Sch\u00fclern und Sch\u00fclerinnen praxisnah die Grundlagen der zivilen Raumfahrttechnik zu erlernen und einen Einblick in das Studium der Luft- und Raumfahrttechnik an der TU Braunschweig zu bekommen. Der unbestrittene H\u00f6hepunkt des Workshops ist der Start einer selbstgebauten Rakete f\u00fcr jede*n Teilnehmer*in. Zu Beginn des ersten Tages [&hellip;]","og_url":"https:\/\/er-ig.de\/cms\/schuelerworkshops\/","og_site_name":"ERIG e.V.","article_modified_time":"2024-03-10T13:48:13+00:00","og_image":[{"url":"https:\/\/er-ig.de\/cms\/wp-content\/uploads\/2024\/03\/2022-07-MSS-6-117-von-579-edited-scaled.jpg","type":"","width":"","height":""}],"twitter_card":"summary_large_image","twitter_misc":{"Gesch\u00e4tzte Lesezeit":"1\u00a0Minute"},"schema":{"@context":"https:\/\/schema.org","@graph":[{"@type":"WebPage","@id":"https:\/\/er-ig.de\/cms\/schuelerworkshops\/","url":"https:\/\/er-ig.de\/cms\/schuelerworkshops\/","name":"Sch\u00fclerworkshops &#8211; ERIG e.V.","isPartOf":{"@id":"http:\/\/er-ig.de\/cms\/#website"},"primaryImageOfPage":{"@id":"https:\/\/er-ig.de\/cms\/schuelerworkshops\/#primaryimage"},"image":{"@id":"https:\/\/er-ig.de\/cms\/schuelerworkshops\/#primaryimage"},"thumbnailUrl":"https:\/\/er-ig.de\/cms\/wp-content\/uploads\/2024\/03\/2022-07-MSS-6-117-von-579-edited-scaled.jpg","datePublished":"2023-11-16T00:39:17+00:00","dateModified":"2024-03-10T13:48:13+00:00","inLanguage":"de","potentialAction":[{"@type":"ReadAction","target":["https:\/\/er-ig.de\/cms\/schuelerworkshops\/"]}]},{"@type":"ImageObject","inLanguage":"de","@id":"https:\/\/er-ig.de\/cms\/schuelerworkshops\/#primaryimage","url":"https:\/\/er-ig.de\/cms\/wp-content\/uploads\/2024\/03\/2022-07-MSS-6-117-von-579-edited-scaled.jpg","contentUrl":"https:\/\/er-ig.de\/cms\/wp-content\/uploads\/2024\/03\/2022-07-MSS-6-117-von-579-edited-scaled.jpg","width":2560,"height":1706},{"@type":"WebSite","@id":"http:\/\/er-ig.de\/cms\/#website","url":"http:\/\/er-ig.de\/cms\/","name":"ERIG e.V.","description":"","publisher":{"@id":"http:\/\/er-ig.de\/cms\/#organization"},"potentialAction":[{"@type":"SearchAction","target":{"@type":"EntryPoint","urlTemplate":"http:\/\/er-ig.de\/cms\/?s={search_term_string}"},"query-input":{"@type":"PropertyValueSpecification","valueRequired":true,"valueName":"search_term_string"}}],"inLanguage":"de"},{"@type":"Organization","@id":"http:\/\/er-ig.de\/cms\/#organization","name":"ERIG e.V.","url":"http:\/\/er-ig.de\/cms\/","logo":{"@type":"ImageObject","inLanguage":"de","@id":"http:\/\/er-ig.de\/cms\/#\/schema\/logo\/image\/","url":"https:\/\/er-ig.de\/cms\/wp-content\/uploads\/2023\/11\/ERIG_Farben_RGB_01.png","contentUrl":"https:\/\/er-ig.de\/cms\/wp-content\/uploads\/2023\/11\/ERIG_Farben_RGB_01.png","width":1995,"height":561,"caption":"ERIG e.V."},"image":{"@id":"http:\/\/er-ig.de\/cms\/#\/schema\/logo\/image\/"}}]}},"_links":{"self":[{"href":"https:\/\/er-ig.de\/cms\/wp-json\/wp\/v2\/pages\/77","targetHints":{"allow":["GET"]}}],"collection":[{"href":"https:\/\/er-ig.de\/cms\/wp-json\/wp\/v2\/pages"}],"about":[{"href":"https:\/\/er-ig.de\/cms\/wp-json\/wp\/v2\/types\/page"}],"author":[{"embeddable":true,"href":"https:\/\/er-ig.de\/cms\/wp-json\/wp\/v2\/users\/1"}],"replies":[{"embeddable":true,"href":"https:\/\/er-ig.de\/cms\/wp-json\/wp\/v2\/comments?post=77"}],"version-history":[{"count":6,"href":"https:\/\/er-ig.de\/cms\/wp-json\/wp\/v2\/pages\/77\/revisions"}],"predecessor-version":[{"id":1057,"href":"https:\/\/er-ig.de\/cms\/wp-json\/wp\/v2\/pages\/77\/revisions\/1057"}],"wp:attachment":[{"href":"https:\/\/er-ig.de\/cms\/wp-json\/wp\/v2\/media?parent=77"}],"curies":[{"name":"wp","href":"https:\/\/api.w.org\/{rel}","templated":true}]}}