{"id":568,"date":"2023-11-18T23:16:08","date_gmt":"2023-11-18T22:16:08","guid":{"rendered":"http:\/\/localhost\/?page_id=568"},"modified":"2026-01-28T02:00:47","modified_gmt":"2026-01-28T01:00:47","slug":"sg-kleinsatelliten","status":"publish","type":"page","link":"https:\/\/er-ig.de\/cms\/sg-kleinsatelliten\/","title":{"rendered":"SG Kleinsatelliten"},"content":{"rendered":"\n<p>Die Systemgruppe Kleinsatelliten befasst sich mit der Entwicklung von&nbsp;<strong>Satellitentechnologie<\/strong>&nbsp;f\u00fcr Forschungsmissionen. Als neuste SG der ERIG ist ihr Ziel, Kompetenzen in&nbsp;<strong>Entwicklung, Fertigung und Betrieb von Kleinsatelliten<\/strong>&nbsp;sowie insbesondere deren wissenschaftlichen Nutzlasten aufzubauen und dauerhaft in der ERIG zu behalten.<\/p>\n\n\n\n<p>Zu erreichen sind sie unter\u00a0<a href=\"mailto:iloop@er-ig.de\">iloop@er-ig.de<\/a>.<\/p>\n\n\n\n<h2 class=\"wp-block-heading\" style=\"font-style:normal;font-weight:300\">Das Projekt iLOOP (<strong>i<\/strong>nfinite <strong>L<\/strong>ength <strong>O<\/strong>n-<strong>O<\/strong>rbit <strong>P<\/strong>rinting)<\/h2>\n\n\n\n<figure data-wp-context=\"{&quot;imageId&quot;:&quot;69e53554e3981&quot;}\" data-wp-interactive=\"core\/image\" data-wp-key=\"69e53554e3981\" class=\"wp-block-image alignleft size-full is-resized wp-lightbox-container\"><img loading=\"lazy\" decoding=\"async\" width=\"268\" height=\"562\" data-wp-class--hide=\"state.isContentHidden\" data-wp-class--show=\"state.isContentVisible\" data-wp-init=\"callbacks.setButtonStyles\" data-wp-on--click=\"actions.showLightbox\" data-wp-on--load=\"callbacks.setButtonStyles\" data-wp-on-window--resize=\"callbacks.setButtonStyles\" src=\"https:\/\/er-ig.de\/cms\/wp-content\/uploads\/2023\/11\/iloop_alpha.png\" alt=\"\" class=\"wp-image-105\" style=\"width:80px\" title=\"Logo des Projekts iLOOP\" srcset=\"https:\/\/er-ig.de\/cms\/wp-content\/uploads\/2023\/11\/iloop_alpha.png 268w, https:\/\/er-ig.de\/cms\/wp-content\/uploads\/2023\/11\/iloop_alpha-143x300.png 143w\" sizes=\"auto, (max-width: 268px) 100vw, 268px\" \/><button\n\t\t\tclass=\"lightbox-trigger\"\n\t\t\ttype=\"button\"\n\t\t\taria-haspopup=\"dialog\"\n\t\t\taria-label=\"Vergr\u00f6\u00dfern\"\n\t\t\tdata-wp-init=\"callbacks.initTriggerButton\"\n\t\t\tdata-wp-on--click=\"actions.showLightbox\"\n\t\t\tdata-wp-style--right=\"state.imageButtonRight\"\n\t\t\tdata-wp-style--top=\"state.imageButtonTop\"\n\t\t>\n\t\t\t<svg xmlns=\"http:\/\/www.w3.org\/2000\/svg\" width=\"12\" height=\"12\" fill=\"none\" viewBox=\"0 0 12 12\">\n\t\t\t\t<path fill=\"#fff\" d=\"M2 0a2 2 0 0 0-2 2v2h1.5V2a.5.5 0 0 1 .5-.5h2V0H2Zm2 10.5H2a.5.5 0 0 1-.5-.5V8H0v2a2 2 0 0 0 2 2h2v-1.5ZM8 12v-1.5h2a.5.5 0 0 0 .5-.5V8H12v2a2 2 0 0 1-2 2H8Zm2-12a2 2 0 0 1 2 2v2h-1.5V2a.5.5 0 0 0-.5-.5H8V0h2Z\" \/>\n\t\t\t<\/svg>\n\t\t<\/button><\/figure>\n\n\n\n<figure data-wp-context=\"{&quot;imageId&quot;:&quot;69e53554e3b36&quot;}\" data-wp-interactive=\"core\/image\" data-wp-key=\"69e53554e3b36\" class=\"wp-block-image alignright size-large is-resized has-custom-border wp-lightbox-container\"><img decoding=\"async\" data-wp-class--hide=\"state.isContentHidden\" data-wp-class--show=\"state.isContentVisible\" data-wp-init=\"callbacks.setButtonStyles\" data-wp-on--click=\"actions.showLightbox\" data-wp-on--load=\"callbacks.setButtonStyles\" data-wp-on-window--resize=\"callbacks.setButtonStyles\" src=\"http:\/\/er-ig.de\/cms\/wp-content\/uploads\/2023\/11\/TDB-DLRK-1024x1012.png\" alt=\"\" style=\"border-radius:10px;width:320px;height:auto\" \/><button\n\t\t\tclass=\"lightbox-trigger\"\n\t\t\ttype=\"button\"\n\t\t\taria-haspopup=\"dialog\"\n\t\t\taria-label=\"Vergr\u00f6\u00dfern\"\n\t\t\tdata-wp-init=\"callbacks.initTriggerButton\"\n\t\t\tdata-wp-on--click=\"actions.showLightbox\"\n\t\t\tdata-wp-style--right=\"state.imageButtonRight\"\n\t\t\tdata-wp-style--top=\"state.imageButtonTop\"\n\t\t>\n\t\t\t<svg xmlns=\"http:\/\/www.w3.org\/2000\/svg\" width=\"12\" height=\"12\" fill=\"none\" viewBox=\"0 0 12 12\">\n\t\t\t\t<path fill=\"#fff\" d=\"M2 0a2 2 0 0 0-2 2v2h1.5V2a.5.5 0 0 1 .5-.5h2V0H2Zm2 10.5H2a.5.5 0 0 1-.5-.5V8H0v2a2 2 0 0 0 2 2h2v-1.5ZM8 12v-1.5h2a.5.5 0 0 0 .5-.5V8H12v2a2 2 0 0 1-2 2H8Zm2-12a2 2 0 0 1 2 2v2h-1.5V2a.5.5 0 0 0-.5-.5H8V0h2Z\" \/>\n\t\t\t<\/svg>\n\t\t<\/button><figcaption class=\"wp-element-caption\"><em>Visualisierung eines miniaturisierten 3D-Druckers, erstellt im Rahmen einer Arbeit mit Fokus auf das Thermalmanagement eines 3D-Druckers im Orbit<\/em><\/figcaption><\/figure>\n\n\n\n<p>Momentan arbeiten die Mitglieder der SG Kleinsatelliten in Kooperation mit dem <a href=\"https:\/\/space-systems.eu\/\">Institut f\u00fcr Raumfahrtsysteme (IRaS)<\/a> der TU Braunschweig am Forschungsprojekt iLOOP, dessen Ziel die Entwicklung einer Payload f\u00fcr einen <a href=\"https:\/\/de.wikipedia.org\/wiki\/CubeSat\">CubeSat<\/a> ist. Die Payload, also die wissenschaftliche Nutzlast des Satelliten, beinhaltet einen kleinen 3D-Drucker. Dieser soll unter den Bedingungen des Weltraums das Hochleistungsthermoplast <a href=\"https:\/\/de.wikipedia.org\/wiki\/Polyetheretherketon\">PEEK<\/a> auf einem beweglichen F\u00f6rderband drucken k\u00f6nnen. Durch Schr\u00e4gstellung des Hotends wird somit das Druckvolumen des 3D-Druckers in einer Dimension ins unendliche verl\u00e4ngert.<\/p>\n\n\n\n<p>Das Projekt iLOOP wird im Rahmen der <a href=\"https:\/\/www.bundestag.de\/presse\/hib\/kurzmeldungen-891810\">Kleinsatelliten\u00adinitiative der Bundesregierung<\/a> \u00fcber das DLR gef\u00f6rdert.<\/p>\n\n\n\n<h3 class=\"wp-block-heading\">3D-Druck im Weltall &#8211; Warum?<\/h3>\n\n\n\n<p>Der Start von Raumfahrzeugen, Satelliten und Sonden in den Weltraum war schon immer eine gro\u00dfe Herausforderung. Zwei Faktoren, welche die Kosten und Komplexit\u00e4t stark beeinflussen, sind das Volumen und Gewicht der Nutzlast. Dank neuer Entwicklungen, vor allem auf den Gebieten des Leichtbaus und der Werkstofftechnik, ist heutzutage oft nicht die Masse, sondern das&nbsp;<strong>Volumen der begrenzende Faktor<\/strong>.<\/p>\n\n\n\n<p>Um den ben\u00f6tigten Platz innerhalb der Nutzlastverkleidung zu minimieren, ist die additive Fertigung im All in den Fokus der aktuellen Forschung ger\u00fcckt. Dabei wird ein 3D-Drucker inklusive des ben\u00f6tigten Materials in den Erdorbit gebracht, um vor Ort Strukturen zu fertigen, deren Volumen das der urspr\u00fcnglichen Nutzlast \u00fcbersteigt. Zus\u00e4tzlich erlaubt diese Art der Fertigung die Herstellung von Strukturen, welche den beim Start auftretenden Belastungen nicht standhalten w\u00fcrden.<\/p>\n\n\n\n<h3 class=\"wp-block-heading\">Der Tech-Demonstrator Alpha (TDA)<\/h3>\n\n\n\n<figure data-wp-context=\"{&quot;imageId&quot;:&quot;69e53554e3ec5&quot;}\" data-wp-interactive=\"core\/image\" data-wp-key=\"69e53554e3ec5\" class=\"wp-block-image alignleft size-full is-resized has-custom-border wp-lightbox-container\"><img loading=\"lazy\" decoding=\"async\" width=\"2560\" height=\"1920\" data-wp-class--hide=\"state.isContentHidden\" data-wp-class--show=\"state.isContentVisible\" data-wp-init=\"callbacks.setButtonStyles\" data-wp-on--click=\"actions.showLightbox\" data-wp-on--load=\"callbacks.setButtonStyles\" data-wp-on-window--resize=\"callbacks.setButtonStyles\" src=\"https:\/\/er-ig.de\/cms\/wp-content\/uploads\/2024\/10\/20250306_220219-scaled.jpg\" alt=\"\" class=\"wp-image-1648\" style=\"border-radius:10px;width:373px;height:auto\" srcset=\"https:\/\/er-ig.de\/cms\/wp-content\/uploads\/2024\/10\/20250306_220219-scaled.jpg 2560w, https:\/\/er-ig.de\/cms\/wp-content\/uploads\/2024\/10\/20250306_220219-300x225.jpg 300w, https:\/\/er-ig.de\/cms\/wp-content\/uploads\/2024\/10\/20250306_220219-1024x768.jpg 1024w, https:\/\/er-ig.de\/cms\/wp-content\/uploads\/2024\/10\/20250306_220219-768x576.jpg 768w, https:\/\/er-ig.de\/cms\/wp-content\/uploads\/2024\/10\/20250306_220219-1536x1152.jpg 1536w, https:\/\/er-ig.de\/cms\/wp-content\/uploads\/2024\/10\/20250306_220219-2048x1536.jpg 2048w\" sizes=\"auto, (max-width: 2560px) 100vw, 2560px\" \/><button\n\t\t\tclass=\"lightbox-trigger\"\n\t\t\ttype=\"button\"\n\t\t\taria-haspopup=\"dialog\"\n\t\t\taria-label=\"Vergr\u00f6\u00dfern\"\n\t\t\tdata-wp-init=\"callbacks.initTriggerButton\"\n\t\t\tdata-wp-on--click=\"actions.showLightbox\"\n\t\t\tdata-wp-style--right=\"state.imageButtonRight\"\n\t\t\tdata-wp-style--top=\"state.imageButtonTop\"\n\t\t>\n\t\t\t<svg xmlns=\"http:\/\/www.w3.org\/2000\/svg\" width=\"12\" height=\"12\" fill=\"none\" viewBox=\"0 0 12 12\">\n\t\t\t\t<path fill=\"#fff\" d=\"M2 0a2 2 0 0 0-2 2v2h1.5V2a.5.5 0 0 1 .5-.5h2V0H2Zm2 10.5H2a.5.5 0 0 1-.5-.5V8H0v2a2 2 0 0 0 2 2h2v-1.5ZM8 12v-1.5h2a.5.5 0 0 0 .5-.5V8H12v2a2 2 0 0 1-2 2H8Zm2-12a2 2 0 0 1 2 2v2h-1.5V2a.5.5 0 0 0-.5-.5H8V0h2Z\" \/>\n\t\t\t<\/svg>\n\t\t<\/button><figcaption class=\"wp-element-caption\"><em>Aktueller Stand des Tech-Demonstrators in der Vakuumkammer<\/em><\/figcaption><\/figure>\n\n\n\n<p>Der TDA ist der erste Demonstrator des Projekts. Unser Ziel ist es dabei, das Hochleistungsthermoplast <a href=\"https:\/\/de.wikipedia.org\/wiki\/Polyetheretherketon\">PEEK<\/a> sowie weitere Materialien auf einem F\u00f6rderband im Vakuum zu drucken. So sollen Techniken erprobt und Probleme gel\u00f6st werden, bevor die Technologie weiterentwickelt wird. <\/p>\n\n\n\n<figure data-wp-context=\"{&quot;imageId&quot;:&quot;69e53554e404f&quot;}\" data-wp-interactive=\"core\/image\" data-wp-key=\"69e53554e404f\" class=\"wp-block-image alignright size-large is-resized has-custom-border wp-lightbox-container\"><img decoding=\"async\" data-wp-class--hide=\"state.isContentHidden\" data-wp-class--show=\"state.isContentVisible\" data-wp-init=\"callbacks.setButtonStyles\" data-wp-on--click=\"actions.showLightbox\" data-wp-on--load=\"callbacks.setButtonStyles\" data-wp-on-window--resize=\"callbacks.setButtonStyles\" src=\"http:\/\/er-ig.de\/cms\/wp-content\/uploads\/2023\/11\/TDA_small-2.png\" alt=\"\" style=\"border-radius:10px;width:371px;height:auto\" \/><button\n\t\t\tclass=\"lightbox-trigger\"\n\t\t\ttype=\"button\"\n\t\t\taria-haspopup=\"dialog\"\n\t\t\taria-label=\"Vergr\u00f6\u00dfern\"\n\t\t\tdata-wp-init=\"callbacks.initTriggerButton\"\n\t\t\tdata-wp-on--click=\"actions.showLightbox\"\n\t\t\tdata-wp-style--right=\"state.imageButtonRight\"\n\t\t\tdata-wp-style--top=\"state.imageButtonTop\"\n\t\t>\n\t\t\t<svg xmlns=\"http:\/\/www.w3.org\/2000\/svg\" width=\"12\" height=\"12\" fill=\"none\" viewBox=\"0 0 12 12\">\n\t\t\t\t<path fill=\"#fff\" d=\"M2 0a2 2 0 0 0-2 2v2h1.5V2a.5.5 0 0 1 .5-.5h2V0H2Zm2 10.5H2a.5.5 0 0 1-.5-.5V8H0v2a2 2 0 0 0 2 2h2v-1.5ZM8 12v-1.5h2a.5.5 0 0 0 .5-.5V8H12v2a2 2 0 0 1-2 2H8Zm2-12a2 2 0 0 1 2 2v2h-1.5V2a.5.5 0 0 0-.5-.5H8V0h2Z\" \/>\n\t\t\t<\/svg>\n\t\t<\/button><figcaption class=\"wp-element-caption\"><em>CAD-Modell des Tech-Demonstrator Alpha (TDA) in der Vakuumkammer<\/em><\/figcaption><\/figure>\n\n\n\n<p>Der <strong>Portalwinkel <\/strong>des TDA kann zwischen 30\u00b0 und 60\u00b0 frei eingestellt werden, um den optimalen Druckwinkel auf dem F\u00f6rderband zu ermitteln. Der Druckkopf wird vorerst mit Wasser gek\u00fchlt, sp\u00e4ter wollen wir auch weitere, f\u00fcr den Gebrauch im Weltall geeignetere, M\u00f6glichkeiten der K\u00fchlung testen. <\/p>\n\n\n\n<p>Der Drucker wurde von uns konstruiert, gefertigt und kalibriert. Im Juli 2024 wurde der Drucker erfolgreich in der Atmosph\u00e4re in Betrieb genommen und ein <strong>erster Testdruck<\/strong> produziert.<\/p>\n\n\n\n<figure data-wp-context=\"{&quot;imageId&quot;:&quot;69e53554e4302&quot;}\" data-wp-interactive=\"core\/image\" data-wp-key=\"69e53554e4302\" class=\"wp-block-image alignleft size-full is-resized has-custom-border wp-lightbox-container\"><img loading=\"lazy\" decoding=\"async\" width=\"2560\" height=\"1920\" data-wp-class--hide=\"state.isContentHidden\" data-wp-class--show=\"state.isContentVisible\" data-wp-init=\"callbacks.setButtonStyles\" data-wp-on--click=\"actions.showLightbox\" data-wp-on--load=\"callbacks.setButtonStyles\" data-wp-on-window--resize=\"callbacks.setButtonStyles\" src=\"https:\/\/er-ig.de\/cms\/wp-content\/uploads\/2025\/03\/20250311_200330-scaled.jpg\" alt=\"\" class=\"wp-image-1650\" style=\"border-radius:10px;aspect-ratio:1.7777777777777777;object-fit:cover;width:316px;height:auto\" srcset=\"https:\/\/er-ig.de\/cms\/wp-content\/uploads\/2025\/03\/20250311_200330-scaled.jpg 2560w, https:\/\/er-ig.de\/cms\/wp-content\/uploads\/2025\/03\/20250311_200330-300x225.jpg 300w, https:\/\/er-ig.de\/cms\/wp-content\/uploads\/2025\/03\/20250311_200330-1024x768.jpg 1024w, https:\/\/er-ig.de\/cms\/wp-content\/uploads\/2025\/03\/20250311_200330-768x576.jpg 768w, https:\/\/er-ig.de\/cms\/wp-content\/uploads\/2025\/03\/20250311_200330-1536x1152.jpg 1536w, https:\/\/er-ig.de\/cms\/wp-content\/uploads\/2025\/03\/20250311_200330-2048x1536.jpg 2048w\" sizes=\"auto, (max-width: 2560px) 100vw, 2560px\" \/><button\n\t\t\tclass=\"lightbox-trigger\"\n\t\t\ttype=\"button\"\n\t\t\taria-haspopup=\"dialog\"\n\t\t\taria-label=\"Vergr\u00f6\u00dfern\"\n\t\t\tdata-wp-init=\"callbacks.initTriggerButton\"\n\t\t\tdata-wp-on--click=\"actions.showLightbox\"\n\t\t\tdata-wp-style--right=\"state.imageButtonRight\"\n\t\t\tdata-wp-style--top=\"state.imageButtonTop\"\n\t\t>\n\t\t\t<svg xmlns=\"http:\/\/www.w3.org\/2000\/svg\" width=\"12\" height=\"12\" fill=\"none\" viewBox=\"0 0 12 12\">\n\t\t\t\t<path fill=\"#fff\" d=\"M2 0a2 2 0 0 0-2 2v2h1.5V2a.5.5 0 0 1 .5-.5h2V0H2Zm2 10.5H2a.5.5 0 0 1-.5-.5V8H0v2a2 2 0 0 0 2 2h2v-1.5ZM8 12v-1.5h2a.5.5 0 0 0 .5-.5V8H12v2a2 2 0 0 1-2 2H8Zm2-12a2 2 0 0 1 2 2v2h-1.5V2a.5.5 0 0 0-.5-.5H8V0h2Z\" \/>\n\t\t\t<\/svg>\n\t\t<\/button><figcaption class=\"wp-element-caption\"><em>Testdrucke aus PEEK, im Vakuum gedruckt<\/em><\/figcaption><\/figure>\n\n\n\n<p class=\"has-text-align-left\">Um die optimalen <strong>Druckparameter <\/strong>f\u00fcr die Druckmaterialien PEEK, PEKK und PEI zu ermitteln, wurde eine Reihe an Testdrucken durchgef\u00fchrt. Diese fanden sowohl im Vakuum als auch an der Atmosph\u00e4re statt. Die Ergebnisse der Testreihe wurden als <strong>wissenschaftliches Paper<\/strong> aufbereitet und ver\u00f6ffentlicht.<\/p>\n\n\n\n<p>Im Anschluss an die Testreihe wurden die Druckparameter weiter optimiert, sodass <strong>zufriedenstellende Ergebnisse<\/strong> produziert werden konnten (siehe Abbildung links).<\/p>\n\n\n\n<div style=\"height:0px\" aria-hidden=\"true\" class=\"wp-block-spacer\"><\/div>\n\n\n\n<p>Mit iLOOP waren wir auf dem <strong>Deutschen Luft- und Raumfahrtkongress<\/strong> 2023 und 2024. Unser Poster von 2023 kannst du <a href=\"https:\/\/er-ig.de\/cms\/wp-content\/uploads\/2024\/01\/DLRK_Poster_iLOOP_small.pdf\" data-type=\"link\" data-id=\"https:\/\/er-ig.de\/cms\/wp-content\/uploads\/2024\/01\/DLRK_Poster_iLOOP_small.pdf\" target=\"_blank\" rel=\"noreferrer noopener nofollow\">hier<\/a> als PDF herunterladen, das Poster von 2024 gibt es <a href=\"https:\/\/er-ig.de\/cms\/wp-content\/uploads\/2025\/03\/DLRK_2024_Poster_iLOOP.pdf\" target=\"_blank\" rel=\"noreferrer noopener nofollow\">hier<\/a>.<\/p>\n","protected":false},"excerpt":{"rendered":"<p>Die Systemgruppe Kleinsatelliten befasst sich mit der Entwicklung von&nbsp;Satellitentechnologie&nbsp;f\u00fcr Forschungsmissionen. Als neuste SG der ERIG ist ihr Ziel, Kompetenzen in&nbsp;Entwicklung, Fertigung und Betrieb von Kleinsatelliten&nbsp;sowie insbesondere deren wissenschaftlichen Nutzlasten aufzubauen und dauerhaft in der ERIG zu behalten. Zu erreichen sind sie unter\u00a0iloop@er-ig.de. Das Projekt iLOOP (infinite Length On-Orbit Printing) Momentan arbeiten die Mitglieder der SG [&hellip;]<\/p>\n","protected":false},"author":1,"featured_media":0,"parent":0,"menu_order":0,"comment_status":"closed","ping_status":"closed","template":"","meta":{"footnotes":""},"class_list":["post-568","page","type-page","status-publish","hentry"],"yoast_head":"<!-- This site is optimized with the Yoast SEO plugin v27.4 - https:\/\/yoast.com\/product\/yoast-seo-wordpress\/ -->\n<title>SG Kleinsatelliten &#8211; ERIG e.V.<\/title>\n<meta name=\"robots\" content=\"index, follow, max-snippet:-1, max-image-preview:large, max-video-preview:-1\" \/>\n<link rel=\"canonical\" href=\"https:\/\/er-ig.de\/cms\/sg-kleinsatelliten\/\" \/>\n<meta property=\"og:locale\" content=\"de_DE\" \/>\n<meta property=\"og:type\" content=\"article\" \/>\n<meta property=\"og:title\" content=\"SG Kleinsatelliten &#8211; ERIG e.V.\" \/>\n<meta property=\"og:description\" content=\"Die Systemgruppe Kleinsatelliten befasst sich mit der Entwicklung von&nbsp;Satellitentechnologie&nbsp;f\u00fcr Forschungsmissionen. Als neuste SG der ERIG ist ihr Ziel, Kompetenzen in&nbsp;Entwicklung, Fertigung und Betrieb von Kleinsatelliten&nbsp;sowie insbesondere deren wissenschaftlichen Nutzlasten aufzubauen und dauerhaft in der ERIG zu behalten. Zu erreichen sind sie unter\u00a0iloop@er-ig.de. Das Projekt iLOOP (infinite Length On-Orbit Printing) Momentan arbeiten die Mitglieder der SG [&hellip;]\" \/>\n<meta property=\"og:url\" content=\"https:\/\/er-ig.de\/cms\/sg-kleinsatelliten\/\" \/>\n<meta property=\"og:site_name\" content=\"ERIG e.V.\" \/>\n<meta property=\"article:modified_time\" content=\"2026-01-28T01:00:47+00:00\" \/>\n<meta property=\"og:image\" content=\"https:\/\/er-ig.de\/cms\/wp-content\/uploads\/2023\/11\/iloop_alpha.png\" \/>\n<meta name=\"twitter:card\" content=\"summary_large_image\" \/>\n<meta name=\"twitter:label1\" content=\"Gesch\u00e4tzte Lesezeit\" \/>\n\t<meta name=\"twitter:data1\" content=\"4\u00a0Minuten\" \/>\n<script type=\"application\/ld+json\" class=\"yoast-schema-graph\">{\"@context\":\"https:\\\/\\\/schema.org\",\"@graph\":[{\"@type\":\"WebPage\",\"@id\":\"https:\\\/\\\/er-ig.de\\\/cms\\\/sg-kleinsatelliten\\\/\",\"url\":\"https:\\\/\\\/er-ig.de\\\/cms\\\/sg-kleinsatelliten\\\/\",\"name\":\"SG Kleinsatelliten &#8211; ERIG e.V.\",\"isPartOf\":{\"@id\":\"https:\\\/\\\/er-ig.de\\\/cms\\\/#website\"},\"primaryImageOfPage\":{\"@id\":\"https:\\\/\\\/er-ig.de\\\/cms\\\/sg-kleinsatelliten\\\/#primaryimage\"},\"image\":{\"@id\":\"https:\\\/\\\/er-ig.de\\\/cms\\\/sg-kleinsatelliten\\\/#primaryimage\"},\"thumbnailUrl\":\"https:\\\/\\\/er-ig.de\\\/cms\\\/wp-content\\\/uploads\\\/2023\\\/11\\\/iloop_alpha.png\",\"datePublished\":\"2023-11-18T22:16:08+00:00\",\"dateModified\":\"2026-01-28T01:00:47+00:00\",\"inLanguage\":\"de\",\"potentialAction\":[{\"@type\":\"ReadAction\",\"target\":[\"https:\\\/\\\/er-ig.de\\\/cms\\\/sg-kleinsatelliten\\\/\"]}]},{\"@type\":\"ImageObject\",\"inLanguage\":\"de\",\"@id\":\"https:\\\/\\\/er-ig.de\\\/cms\\\/sg-kleinsatelliten\\\/#primaryimage\",\"url\":\"https:\\\/\\\/er-ig.de\\\/cms\\\/wp-content\\\/uploads\\\/2023\\\/11\\\/iloop_alpha.png\",\"contentUrl\":\"https:\\\/\\\/er-ig.de\\\/cms\\\/wp-content\\\/uploads\\\/2023\\\/11\\\/iloop_alpha.png\",\"width\":268,\"height\":562},{\"@type\":\"WebSite\",\"@id\":\"https:\\\/\\\/er-ig.de\\\/cms\\\/#website\",\"url\":\"https:\\\/\\\/er-ig.de\\\/cms\\\/\",\"name\":\"ERIG e.V.\",\"description\":\"\",\"publisher\":{\"@id\":\"https:\\\/\\\/er-ig.de\\\/cms\\\/#organization\"},\"potentialAction\":[{\"@type\":\"SearchAction\",\"target\":{\"@type\":\"EntryPoint\",\"urlTemplate\":\"https:\\\/\\\/er-ig.de\\\/cms\\\/?s={search_term_string}\"},\"query-input\":{\"@type\":\"PropertyValueSpecification\",\"valueRequired\":true,\"valueName\":\"search_term_string\"}}],\"inLanguage\":\"de\"},{\"@type\":\"Organization\",\"@id\":\"https:\\\/\\\/er-ig.de\\\/cms\\\/#organization\",\"name\":\"ERIG e.V.\",\"url\":\"https:\\\/\\\/er-ig.de\\\/cms\\\/\",\"logo\":{\"@type\":\"ImageObject\",\"inLanguage\":\"de\",\"@id\":\"https:\\\/\\\/er-ig.de\\\/cms\\\/#\\\/schema\\\/logo\\\/image\\\/\",\"url\":\"https:\\\/\\\/er-ig.de\\\/cms\\\/wp-content\\\/uploads\\\/2023\\\/11\\\/ERIG_Farben_RGB_01.png\",\"contentUrl\":\"https:\\\/\\\/er-ig.de\\\/cms\\\/wp-content\\\/uploads\\\/2023\\\/11\\\/ERIG_Farben_RGB_01.png\",\"width\":1995,\"height\":561,\"caption\":\"ERIG e.V.\"},\"image\":{\"@id\":\"https:\\\/\\\/er-ig.de\\\/cms\\\/#\\\/schema\\\/logo\\\/image\\\/\"}}]}<\/script>\n<!-- \/ Yoast SEO plugin. -->","yoast_head_json":{"title":"SG Kleinsatelliten &#8211; ERIG e.V.","robots":{"index":"index","follow":"follow","max-snippet":"max-snippet:-1","max-image-preview":"max-image-preview:large","max-video-preview":"max-video-preview:-1"},"canonical":"https:\/\/er-ig.de\/cms\/sg-kleinsatelliten\/","og_locale":"de_DE","og_type":"article","og_title":"SG Kleinsatelliten &#8211; ERIG e.V.","og_description":"Die Systemgruppe Kleinsatelliten befasst sich mit der Entwicklung von&nbsp;Satellitentechnologie&nbsp;f\u00fcr Forschungsmissionen. Als neuste SG der ERIG ist ihr Ziel, Kompetenzen in&nbsp;Entwicklung, Fertigung und Betrieb von Kleinsatelliten&nbsp;sowie insbesondere deren wissenschaftlichen Nutzlasten aufzubauen und dauerhaft in der ERIG zu behalten. Zu erreichen sind sie unter\u00a0iloop@er-ig.de. Das Projekt iLOOP (infinite Length On-Orbit Printing) Momentan arbeiten die Mitglieder der SG [&hellip;]","og_url":"https:\/\/er-ig.de\/cms\/sg-kleinsatelliten\/","og_site_name":"ERIG e.V.","article_modified_time":"2026-01-28T01:00:47+00:00","og_image":[{"url":"https:\/\/er-ig.de\/cms\/wp-content\/uploads\/2023\/11\/iloop_alpha.png","type":"","width":"","height":""}],"twitter_card":"summary_large_image","twitter_misc":{"Gesch\u00e4tzte Lesezeit":"4\u00a0Minuten"},"schema":{"@context":"https:\/\/schema.org","@graph":[{"@type":"WebPage","@id":"https:\/\/er-ig.de\/cms\/sg-kleinsatelliten\/","url":"https:\/\/er-ig.de\/cms\/sg-kleinsatelliten\/","name":"SG Kleinsatelliten &#8211; ERIG e.V.","isPartOf":{"@id":"https:\/\/er-ig.de\/cms\/#website"},"primaryImageOfPage":{"@id":"https:\/\/er-ig.de\/cms\/sg-kleinsatelliten\/#primaryimage"},"image":{"@id":"https:\/\/er-ig.de\/cms\/sg-kleinsatelliten\/#primaryimage"},"thumbnailUrl":"https:\/\/er-ig.de\/cms\/wp-content\/uploads\/2023\/11\/iloop_alpha.png","datePublished":"2023-11-18T22:16:08+00:00","dateModified":"2026-01-28T01:00:47+00:00","inLanguage":"de","potentialAction":[{"@type":"ReadAction","target":["https:\/\/er-ig.de\/cms\/sg-kleinsatelliten\/"]}]},{"@type":"ImageObject","inLanguage":"de","@id":"https:\/\/er-ig.de\/cms\/sg-kleinsatelliten\/#primaryimage","url":"https:\/\/er-ig.de\/cms\/wp-content\/uploads\/2023\/11\/iloop_alpha.png","contentUrl":"https:\/\/er-ig.de\/cms\/wp-content\/uploads\/2023\/11\/iloop_alpha.png","width":268,"height":562},{"@type":"WebSite","@id":"https:\/\/er-ig.de\/cms\/#website","url":"https:\/\/er-ig.de\/cms\/","name":"ERIG e.V.","description":"","publisher":{"@id":"https:\/\/er-ig.de\/cms\/#organization"},"potentialAction":[{"@type":"SearchAction","target":{"@type":"EntryPoint","urlTemplate":"https:\/\/er-ig.de\/cms\/?s={search_term_string}"},"query-input":{"@type":"PropertyValueSpecification","valueRequired":true,"valueName":"search_term_string"}}],"inLanguage":"de"},{"@type":"Organization","@id":"https:\/\/er-ig.de\/cms\/#organization","name":"ERIG e.V.","url":"https:\/\/er-ig.de\/cms\/","logo":{"@type":"ImageObject","inLanguage":"de","@id":"https:\/\/er-ig.de\/cms\/#\/schema\/logo\/image\/","url":"https:\/\/er-ig.de\/cms\/wp-content\/uploads\/2023\/11\/ERIG_Farben_RGB_01.png","contentUrl":"https:\/\/er-ig.de\/cms\/wp-content\/uploads\/2023\/11\/ERIG_Farben_RGB_01.png","width":1995,"height":561,"caption":"ERIG e.V."},"image":{"@id":"https:\/\/er-ig.de\/cms\/#\/schema\/logo\/image\/"}}]}},"_links":{"self":[{"href":"https:\/\/er-ig.de\/cms\/wp-json\/wp\/v2\/pages\/568","targetHints":{"allow":["GET"]}}],"collection":[{"href":"https:\/\/er-ig.de\/cms\/wp-json\/wp\/v2\/pages"}],"about":[{"href":"https:\/\/er-ig.de\/cms\/wp-json\/wp\/v2\/types\/page"}],"author":[{"embeddable":true,"href":"https:\/\/er-ig.de\/cms\/wp-json\/wp\/v2\/users\/1"}],"replies":[{"embeddable":true,"href":"https:\/\/er-ig.de\/cms\/wp-json\/wp\/v2\/comments?post=568"}],"version-history":[{"count":19,"href":"https:\/\/er-ig.de\/cms\/wp-json\/wp\/v2\/pages\/568\/revisions"}],"predecessor-version":[{"id":2325,"href":"https:\/\/er-ig.de\/cms\/wp-json\/wp\/v2\/pages\/568\/revisions\/2325"}],"wp:attachment":[{"href":"https:\/\/er-ig.de\/cms\/wp-json\/wp\/v2\/media?parent=568"}],"curies":[{"name":"wp","href":"https:\/\/api.w.org\/{rel}","templated":true}]}}