{"id":556,"date":"2023-11-18T23:02:32","date_gmt":"2023-11-18T22:02:32","guid":{"rendered":"http:\/\/localhost\/?page_id=556"},"modified":"2024-01-14T10:46:04","modified_gmt":"2024-01-14T09:46:04","slug":"erc-2022","status":"publish","type":"page","link":"https:\/\/er-ig.de\/cms\/erc-2022\/","title":{"rendered":"European Rover Challenge 2022"},"content":{"rendered":"\n<p>\u00c4hnlich wie 2021 registrierte sich die ERIG auch in diesem Jahr sowohl f\u00fcr die \u201eOnSite Challenge\u201c als auch die \u201eRemote Challenge\u201c, allerdings mit klarem Fokus auf die \u201eOnSite Challenge\u201c. Sowohl das Proposal als auch der Preliminary Report wurden grundlegend \u00fcberarbeitet. Dadurch konnte sich die ERIG erstmals als nur eins von 16 Teams aus \u00fcber 64 Teams aus aller Welt f\u00fcr die \u201eOnSite Challenge\u201c qualifizieren.<\/p>\n\n\n\n<p>Mit dieser zus\u00e4tzlichen Motivation konzentrierte sich das Team nun auf die Fertigstellung von ORTHOS. Dabei profitierten sie von neuen Mitgliedern, die das Projekt durch ihren Input stark bereicherten. Schlie\u00dflich konnte der Rover am 31.07.2022 seit \u00fcber 2 Jahren und zahlreichen Ver\u00e4nderungen an Hard- und Software das erste Mal aus eigener Kraft fahren. Auch der selbst entwickelte SCARA Arm mit 6 Freiheitsgraden und die Science Payload, welche ATP im Marsboden nachweisen sollen, wurden p\u00fcnktlich zum Final Report und Video Delivery zusammengebaut und m\u00fcssen nun verkabelt, programmiert und getestet werden.<\/p>\n\n\n\n<figure data-wp-context=\"{&quot;imageId&quot;:&quot;69dc0f9084fbe&quot;}\" data-wp-interactive=\"core\/image\" data-wp-key=\"69dc0f9084fbe\" class=\"wp-block-image aligncenter size-large has-custom-border wp-lightbox-container\"><img decoding=\"async\" data-wp-class--hide=\"state.isContentHidden\" data-wp-class--show=\"state.isContentVisible\" data-wp-init=\"callbacks.setButtonStyles\" data-wp-on--click=\"actions.showLightbox\" data-wp-on--load=\"callbacks.setButtonStyles\" data-wp-on-window--resize=\"callbacks.setButtonStyles\" src=\"http:\/\/er-ig.de\/cms\/wp-content\/uploads\/2023\/11\/f464a6ff8ac331e30350f2ba6710f4b11495de0f-dsc0082.jpg\" alt=\"\" style=\"border-radius:10px\"\/><button\n\t\t\tclass=\"lightbox-trigger\"\n\t\t\ttype=\"button\"\n\t\t\taria-haspopup=\"dialog\"\n\t\t\taria-label=\"Vergr\u00f6\u00dfern\"\n\t\t\tdata-wp-init=\"callbacks.initTriggerButton\"\n\t\t\tdata-wp-on--click=\"actions.showLightbox\"\n\t\t\tdata-wp-style--right=\"state.imageButtonRight\"\n\t\t\tdata-wp-style--top=\"state.imageButtonTop\"\n\t\t>\n\t\t\t<svg xmlns=\"http:\/\/www.w3.org\/2000\/svg\" width=\"12\" height=\"12\" fill=\"none\" viewBox=\"0 0 12 12\">\n\t\t\t\t<path fill=\"#fff\" d=\"M2 0a2 2 0 0 0-2 2v2h1.5V2a.5.5 0 0 1 .5-.5h2V0H2Zm2 10.5H2a.5.5 0 0 1-.5-.5V8H0v2a2 2 0 0 0 2 2h2v-1.5ZM8 12v-1.5h2a.5.5 0 0 0 .5-.5V8H12v2a2 2 0 0 1-2 2H8Zm2-12a2 2 0 0 1 2 2v2h-1.5V2a.5.5 0 0 0-.5-.5H8V0h2Z\" \/>\n\t\t\t<\/svg>\n\t\t<\/button><figcaption class=\"wp-element-caption\"><em>ORTHOS in freier Wildbahn<\/em><\/figcaption><\/figure>\n\n\n\n<p><strong>Fortsetzung folgt&#8230;<\/strong><\/p>\n","protected":false},"excerpt":{"rendered":"<p>\u00c4hnlich wie 2021 registrierte sich die ERIG auch in diesem Jahr sowohl f\u00fcr die \u201eOnSite Challenge\u201c als auch die \u201eRemote Challenge\u201c, allerdings mit klarem Fokus auf die \u201eOnSite Challenge\u201c. Sowohl das Proposal als auch der Preliminary Report wurden grundlegend \u00fcberarbeitet. Dadurch konnte sich die ERIG erstmals als nur eins von 16 Teams aus \u00fcber 64 [&hellip;]<\/p>\n","protected":false},"author":1,"featured_media":0,"parent":0,"menu_order":0,"comment_status":"closed","ping_status":"closed","template":"","meta":{"footnotes":""},"class_list":["post-556","page","type-page","status-publish","hentry"],"yoast_head":"<!-- This site is optimized with the Yoast SEO plugin v27.1.1 - https:\/\/yoast.com\/product\/yoast-seo-wordpress\/ -->\n<title>European Rover Challenge 2022 &#8211; ERIG e.V.<\/title>\n<meta name=\"robots\" content=\"index, follow, max-snippet:-1, max-image-preview:large, max-video-preview:-1\" \/>\n<link rel=\"canonical\" href=\"https:\/\/er-ig.de\/cms\/erc-2022\/\" \/>\n<meta property=\"og:locale\" content=\"de_DE\" \/>\n<meta property=\"og:type\" content=\"article\" \/>\n<meta property=\"og:title\" content=\"European Rover Challenge 2022 &#8211; ERIG e.V.\" \/>\n<meta property=\"og:description\" content=\"\u00c4hnlich wie 2021 registrierte sich die ERIG auch in diesem Jahr sowohl f\u00fcr die \u201eOnSite Challenge\u201c als auch die \u201eRemote Challenge\u201c, allerdings mit klarem Fokus auf die \u201eOnSite Challenge\u201c. Sowohl das Proposal als auch der Preliminary Report wurden grundlegend \u00fcberarbeitet. Dadurch konnte sich die ERIG erstmals als nur eins von 16 Teams aus \u00fcber 64 [&hellip;]\" \/>\n<meta property=\"og:url\" content=\"https:\/\/er-ig.de\/cms\/erc-2022\/\" \/>\n<meta property=\"og:site_name\" content=\"ERIG e.V.\" \/>\n<meta property=\"article:modified_time\" content=\"2024-01-14T09:46:04+00:00\" \/>\n<meta property=\"og:image\" content=\"http:\/\/er-ig.de\/cms\/wp-content\/uploads\/2023\/11\/f464a6ff8ac331e30350f2ba6710f4b11495de0f-dsc0082.jpg\" \/>\n<meta name=\"twitter:card\" content=\"summary_large_image\" \/>\n<script type=\"application\/ld+json\" class=\"yoast-schema-graph\">{\"@context\":\"https:\/\/schema.org\",\"@graph\":[{\"@type\":\"WebPage\",\"@id\":\"https:\/\/er-ig.de\/cms\/erc-2022\/\",\"url\":\"https:\/\/er-ig.de\/cms\/erc-2022\/\",\"name\":\"European Rover Challenge 2022 &#8211; ERIG e.V.\",\"isPartOf\":{\"@id\":\"https:\/\/er-ig.de\/cms\/#website\"},\"primaryImageOfPage\":{\"@id\":\"https:\/\/er-ig.de\/cms\/erc-2022\/#primaryimage\"},\"image\":{\"@id\":\"https:\/\/er-ig.de\/cms\/erc-2022\/#primaryimage\"},\"thumbnailUrl\":\"http:\/\/er-ig.de\/cms\/wp-content\/uploads\/2023\/11\/f464a6ff8ac331e30350f2ba6710f4b11495de0f-dsc0082.jpg\",\"datePublished\":\"2023-11-18T22:02:32+00:00\",\"dateModified\":\"2024-01-14T09:46:04+00:00\",\"inLanguage\":\"de\",\"potentialAction\":[{\"@type\":\"ReadAction\",\"target\":[\"https:\/\/er-ig.de\/cms\/erc-2022\/\"]}]},{\"@type\":\"ImageObject\",\"inLanguage\":\"de\",\"@id\":\"https:\/\/er-ig.de\/cms\/erc-2022\/#primaryimage\",\"url\":\"https:\/\/er-ig.de\/cms\/wp-content\/uploads\/2023\/11\/f464a6ff8ac331e30350f2ba6710f4b11495de0f-dsc0082.jpg\",\"contentUrl\":\"https:\/\/er-ig.de\/cms\/wp-content\/uploads\/2023\/11\/f464a6ff8ac331e30350f2ba6710f4b11495de0f-dsc0082.jpg\",\"width\":1000,\"height\":667},{\"@type\":\"WebSite\",\"@id\":\"https:\/\/er-ig.de\/cms\/#website\",\"url\":\"https:\/\/er-ig.de\/cms\/\",\"name\":\"ERIG e.V.\",\"description\":\"\",\"publisher\":{\"@id\":\"https:\/\/er-ig.de\/cms\/#organization\"},\"potentialAction\":[{\"@type\":\"SearchAction\",\"target\":{\"@type\":\"EntryPoint\",\"urlTemplate\":\"https:\/\/er-ig.de\/cms\/?s={search_term_string}\"},\"query-input\":{\"@type\":\"PropertyValueSpecification\",\"valueRequired\":true,\"valueName\":\"search_term_string\"}}],\"inLanguage\":\"de\"},{\"@type\":\"Organization\",\"@id\":\"https:\/\/er-ig.de\/cms\/#organization\",\"name\":\"ERIG e.V.\",\"url\":\"https:\/\/er-ig.de\/cms\/\",\"logo\":{\"@type\":\"ImageObject\",\"inLanguage\":\"de\",\"@id\":\"https:\/\/er-ig.de\/cms\/#\/schema\/logo\/image\/\",\"url\":\"https:\/\/er-ig.de\/cms\/wp-content\/uploads\/2023\/11\/ERIG_Farben_RGB_01.png\",\"contentUrl\":\"https:\/\/er-ig.de\/cms\/wp-content\/uploads\/2023\/11\/ERIG_Farben_RGB_01.png\",\"width\":1995,\"height\":561,\"caption\":\"ERIG e.V.\"},\"image\":{\"@id\":\"https:\/\/er-ig.de\/cms\/#\/schema\/logo\/image\/\"}}]}<\/script>\n<!-- \/ Yoast SEO plugin. -->","yoast_head_json":{"title":"European Rover Challenge 2022 &#8211; ERIG e.V.","robots":{"index":"index","follow":"follow","max-snippet":"max-snippet:-1","max-image-preview":"max-image-preview:large","max-video-preview":"max-video-preview:-1"},"canonical":"https:\/\/er-ig.de\/cms\/erc-2022\/","og_locale":"de_DE","og_type":"article","og_title":"European Rover Challenge 2022 &#8211; ERIG e.V.","og_description":"\u00c4hnlich wie 2021 registrierte sich die ERIG auch in diesem Jahr sowohl f\u00fcr die \u201eOnSite Challenge\u201c als auch die \u201eRemote Challenge\u201c, allerdings mit klarem Fokus auf die \u201eOnSite Challenge\u201c. Sowohl das Proposal als auch der Preliminary Report wurden grundlegend \u00fcberarbeitet. Dadurch konnte sich die ERIG erstmals als nur eins von 16 Teams aus \u00fcber 64 [&hellip;]","og_url":"https:\/\/er-ig.de\/cms\/erc-2022\/","og_site_name":"ERIG e.V.","article_modified_time":"2024-01-14T09:46:04+00:00","og_image":[{"url":"http:\/\/er-ig.de\/cms\/wp-content\/uploads\/2023\/11\/f464a6ff8ac331e30350f2ba6710f4b11495de0f-dsc0082.jpg","type":"","width":"","height":""}],"twitter_card":"summary_large_image","schema":{"@context":"https:\/\/schema.org","@graph":[{"@type":"WebPage","@id":"https:\/\/er-ig.de\/cms\/erc-2022\/","url":"https:\/\/er-ig.de\/cms\/erc-2022\/","name":"European Rover Challenge 2022 &#8211; ERIG e.V.","isPartOf":{"@id":"https:\/\/er-ig.de\/cms\/#website"},"primaryImageOfPage":{"@id":"https:\/\/er-ig.de\/cms\/erc-2022\/#primaryimage"},"image":{"@id":"https:\/\/er-ig.de\/cms\/erc-2022\/#primaryimage"},"thumbnailUrl":"http:\/\/er-ig.de\/cms\/wp-content\/uploads\/2023\/11\/f464a6ff8ac331e30350f2ba6710f4b11495de0f-dsc0082.jpg","datePublished":"2023-11-18T22:02:32+00:00","dateModified":"2024-01-14T09:46:04+00:00","inLanguage":"de","potentialAction":[{"@type":"ReadAction","target":["https:\/\/er-ig.de\/cms\/erc-2022\/"]}]},{"@type":"ImageObject","inLanguage":"de","@id":"https:\/\/er-ig.de\/cms\/erc-2022\/#primaryimage","url":"https:\/\/er-ig.de\/cms\/wp-content\/uploads\/2023\/11\/f464a6ff8ac331e30350f2ba6710f4b11495de0f-dsc0082.jpg","contentUrl":"https:\/\/er-ig.de\/cms\/wp-content\/uploads\/2023\/11\/f464a6ff8ac331e30350f2ba6710f4b11495de0f-dsc0082.jpg","width":1000,"height":667},{"@type":"WebSite","@id":"https:\/\/er-ig.de\/cms\/#website","url":"https:\/\/er-ig.de\/cms\/","name":"ERIG e.V.","description":"","publisher":{"@id":"https:\/\/er-ig.de\/cms\/#organization"},"potentialAction":[{"@type":"SearchAction","target":{"@type":"EntryPoint","urlTemplate":"https:\/\/er-ig.de\/cms\/?s={search_term_string}"},"query-input":{"@type":"PropertyValueSpecification","valueRequired":true,"valueName":"search_term_string"}}],"inLanguage":"de"},{"@type":"Organization","@id":"https:\/\/er-ig.de\/cms\/#organization","name":"ERIG e.V.","url":"https:\/\/er-ig.de\/cms\/","logo":{"@type":"ImageObject","inLanguage":"de","@id":"https:\/\/er-ig.de\/cms\/#\/schema\/logo\/image\/","url":"https:\/\/er-ig.de\/cms\/wp-content\/uploads\/2023\/11\/ERIG_Farben_RGB_01.png","contentUrl":"https:\/\/er-ig.de\/cms\/wp-content\/uploads\/2023\/11\/ERIG_Farben_RGB_01.png","width":1995,"height":561,"caption":"ERIG e.V."},"image":{"@id":"https:\/\/er-ig.de\/cms\/#\/schema\/logo\/image\/"}}]}},"_links":{"self":[{"href":"https:\/\/er-ig.de\/cms\/wp-json\/wp\/v2\/pages\/556","targetHints":{"allow":["GET"]}}],"collection":[{"href":"https:\/\/er-ig.de\/cms\/wp-json\/wp\/v2\/pages"}],"about":[{"href":"https:\/\/er-ig.de\/cms\/wp-json\/wp\/v2\/types\/page"}],"author":[{"embeddable":true,"href":"https:\/\/er-ig.de\/cms\/wp-json\/wp\/v2\/users\/1"}],"replies":[{"embeddable":true,"href":"https:\/\/er-ig.de\/cms\/wp-json\/wp\/v2\/comments?post=556"}],"version-history":[{"count":3,"href":"https:\/\/er-ig.de\/cms\/wp-json\/wp\/v2\/pages\/556\/revisions"}],"predecessor-version":[{"id":940,"href":"https:\/\/er-ig.de\/cms\/wp-json\/wp\/v2\/pages\/556\/revisions\/940"}],"wp:attachment":[{"href":"https:\/\/er-ig.de\/cms\/wp-json\/wp\/v2\/media?parent=556"}],"curies":[{"name":"wp","href":"https:\/\/api.w.org\/{rel}","templated":true}]}}