{"id":553,"date":"2023-11-18T23:02:26","date_gmt":"2023-11-18T22:02:26","guid":{"rendered":"http:\/\/localhost\/?page_id=553"},"modified":"2024-01-14T10:46:49","modified_gmt":"2024-01-14T09:46:49","slug":"erc-2021","status":"publish","type":"page","link":"https:\/\/er-ig.de\/cms\/erc-2021\/","title":{"rendered":"European Rover Challenge 2021"},"content":{"rendered":"\n<p>In diesem Jahr entschieden sich die Veranstalter die ERC erstmals Hybrid auszutragen. Daf\u00fcr wurde neben der \u201eRemote Challenge\u201c welche 2020 ins Leben gerufen wurde, das urspr\u00fcngliche Format als \u201eOnSite Challenge\u201c wiedereingef\u00fchrt. Da eine Teilnahme an der \u201eOnSite Challenge\u201c nicht garantiert werden konnte, registrierte sich die ERIG sowohl f\u00fcr beide Versionen des ERC. Durch einen erneuten Lockdown im Fr\u00fchjahr 2021 verliefen die Arbeiten an ORTHOS \u00e4hnlich schleppend wie 2020. Dadurch geriet die Teilnahme an der \u201eOnSite Challenge\u201c zunehmend ins Wanken. Auch der Mangel an Mitgliedern, durch Beendung des Studiums und wenige Neumitglieder aufgrund der Corona-Einschr\u00e4nkungen, wirkten sich negativ auf die Manpower aus. So waren von etwa 10 Mitgliedern im Jahr 2020 nur noch etwa 5 \u00fcbrig. Letztendlich konnte sich die ERIG nicht f\u00fcr die \u201eOnSite Challenge\u201c qualifizieren und musste auf das Backup zur\u00fcckgreifen um \u00fcberhaupt an der ERC 2021 teilnehmen zu k\u00f6nnen. Auch wenn sich das Format der Remote Challenge leicht \u00e4nderte, konnte das Team die Erfahrung aus dem vergangenen Jahr nutzen und sich erneut durch einen zweiten Platz in Szene setzen. Geschlagen wurde die ERIG nur von DJS Antariksh aus Indien, dem drittplatzierten Team des vergangenen Jahres. Zus\u00e4tzlich konnte sich das Team den Titel \u201eBest Maintenance Task\u201c durch eine \u00fcberragende Leistung im Maintenance Task sichern.<\/p>\n\n\n\n<figure data-wp-context=\"{&quot;imageId&quot;:&quot;69e7843731ffd&quot;}\" data-wp-interactive=\"core\/image\" data-wp-key=\"69e7843731ffd\" class=\"wp-block-image aligncenter size-large has-custom-border wp-lightbox-container\"><img decoding=\"async\" data-wp-class--hide=\"state.isContentHidden\" data-wp-class--show=\"state.isContentVisible\" data-wp-init=\"callbacks.setButtonStyles\" data-wp-on--click=\"actions.showLightbox\" data-wp-on--load=\"callbacks.setButtonStyles\" data-wp-on-window--resize=\"callbacks.setButtonStyles\" src=\"http:\/\/er-ig.de\/cms\/wp-content\/uploads\/2023\/11\/6ea0eee9e45015f2bc8e1f3d911ce04c2adf0b5c-dsc4680.jpg\" alt=\"\" style=\"border-radius:10px\"\/><button\n\t\t\tclass=\"lightbox-trigger\"\n\t\t\ttype=\"button\"\n\t\t\taria-haspopup=\"dialog\"\n\t\t\taria-label=\"Vergr\u00f6\u00dfern\"\n\t\t\tdata-wp-init=\"callbacks.initTriggerButton\"\n\t\t\tdata-wp-on--click=\"actions.showLightbox\"\n\t\t\tdata-wp-style--right=\"state.imageButtonRight\"\n\t\t\tdata-wp-style--top=\"state.imageButtonTop\"\n\t\t>\n\t\t\t<svg xmlns=\"http:\/\/www.w3.org\/2000\/svg\" width=\"12\" height=\"12\" fill=\"none\" viewBox=\"0 0 12 12\">\n\t\t\t\t<path fill=\"#fff\" d=\"M2 0a2 2 0 0 0-2 2v2h1.5V2a.5.5 0 0 1 .5-.5h2V0H2Zm2 10.5H2a.5.5 0 0 1-.5-.5V8H0v2a2 2 0 0 0 2 2h2v-1.5ZM8 12v-1.5h2a.5.5 0 0 0 .5-.5V8H12v2a2 2 0 0 1-2 2H8Zm2-12a2 2 0 0 1 2 2v2h-1.5V2a.5.5 0 0 0-.5-.5H8V0h2Z\" \/>\n\t\t\t<\/svg>\n\t\t<\/button><figcaption class=\"wp-element-caption\"><em>Zweiter Platz bei der ERC 2021<\/em><\/figcaption><\/figure>\n","protected":false},"excerpt":{"rendered":"<p>In diesem Jahr entschieden sich die Veranstalter die ERC erstmals Hybrid auszutragen. Daf\u00fcr wurde neben der \u201eRemote Challenge\u201c welche 2020 ins Leben gerufen wurde, das urspr\u00fcngliche Format als \u201eOnSite Challenge\u201c wiedereingef\u00fchrt. Da eine Teilnahme an der \u201eOnSite Challenge\u201c nicht garantiert werden konnte, registrierte sich die ERIG sowohl f\u00fcr beide Versionen des ERC. Durch einen erneuten [&hellip;]<\/p>\n","protected":false},"author":1,"featured_media":0,"parent":0,"menu_order":0,"comment_status":"closed","ping_status":"closed","template":"","meta":{"footnotes":""},"class_list":["post-553","page","type-page","status-publish","hentry"],"yoast_head":"<!-- This site is optimized with the Yoast SEO plugin v27.4 - https:\/\/yoast.com\/product\/yoast-seo-wordpress\/ -->\n<title>European Rover Challenge 2021 &#8211; ERIG e.V.<\/title>\n<meta name=\"robots\" content=\"index, follow, max-snippet:-1, max-image-preview:large, max-video-preview:-1\" \/>\n<link rel=\"canonical\" href=\"https:\/\/er-ig.de\/cms\/erc-2021\/\" \/>\n<meta property=\"og:locale\" content=\"de_DE\" \/>\n<meta property=\"og:type\" content=\"article\" \/>\n<meta property=\"og:title\" content=\"European Rover Challenge 2021 &#8211; ERIG e.V.\" \/>\n<meta property=\"og:description\" content=\"In diesem Jahr entschieden sich die Veranstalter die ERC erstmals Hybrid auszutragen. Daf\u00fcr wurde neben der \u201eRemote Challenge\u201c welche 2020 ins Leben gerufen wurde, das urspr\u00fcngliche Format als \u201eOnSite Challenge\u201c wiedereingef\u00fchrt. Da eine Teilnahme an der \u201eOnSite Challenge\u201c nicht garantiert werden konnte, registrierte sich die ERIG sowohl f\u00fcr beide Versionen des ERC. Durch einen erneuten [&hellip;]\" \/>\n<meta property=\"og:url\" content=\"https:\/\/er-ig.de\/cms\/erc-2021\/\" \/>\n<meta property=\"og:site_name\" content=\"ERIG e.V.\" \/>\n<meta property=\"article:modified_time\" content=\"2024-01-14T09:46:49+00:00\" \/>\n<meta property=\"og:image\" content=\"http:\/\/er-ig.de\/cms\/wp-content\/uploads\/2023\/11\/6ea0eee9e45015f2bc8e1f3d911ce04c2adf0b5c-dsc4680.jpg\" \/>\n<meta name=\"twitter:card\" content=\"summary_large_image\" \/>\n<script type=\"application\/ld+json\" class=\"yoast-schema-graph\">{\"@context\":\"https:\\\/\\\/schema.org\",\"@graph\":[{\"@type\":\"WebPage\",\"@id\":\"https:\\\/\\\/er-ig.de\\\/cms\\\/erc-2021\\\/\",\"url\":\"https:\\\/\\\/er-ig.de\\\/cms\\\/erc-2021\\\/\",\"name\":\"European Rover Challenge 2021 &#8211; ERIG e.V.\",\"isPartOf\":{\"@id\":\"https:\\\/\\\/er-ig.de\\\/cms\\\/#website\"},\"primaryImageOfPage\":{\"@id\":\"https:\\\/\\\/er-ig.de\\\/cms\\\/erc-2021\\\/#primaryimage\"},\"image\":{\"@id\":\"https:\\\/\\\/er-ig.de\\\/cms\\\/erc-2021\\\/#primaryimage\"},\"thumbnailUrl\":\"http:\\\/\\\/er-ig.de\\\/cms\\\/wp-content\\\/uploads\\\/2023\\\/11\\\/6ea0eee9e45015f2bc8e1f3d911ce04c2adf0b5c-dsc4680.jpg\",\"datePublished\":\"2023-11-18T22:02:26+00:00\",\"dateModified\":\"2024-01-14T09:46:49+00:00\",\"inLanguage\":\"de\",\"potentialAction\":[{\"@type\":\"ReadAction\",\"target\":[\"https:\\\/\\\/er-ig.de\\\/cms\\\/erc-2021\\\/\"]}]},{\"@type\":\"ImageObject\",\"inLanguage\":\"de\",\"@id\":\"https:\\\/\\\/er-ig.de\\\/cms\\\/erc-2021\\\/#primaryimage\",\"url\":\"https:\\\/\\\/er-ig.de\\\/cms\\\/wp-content\\\/uploads\\\/2023\\\/11\\\/6ea0eee9e45015f2bc8e1f3d911ce04c2adf0b5c-dsc4680.jpg\",\"contentUrl\":\"https:\\\/\\\/er-ig.de\\\/cms\\\/wp-content\\\/uploads\\\/2023\\\/11\\\/6ea0eee9e45015f2bc8e1f3d911ce04c2adf0b5c-dsc4680.jpg\",\"width\":1000,\"height\":667},{\"@type\":\"WebSite\",\"@id\":\"https:\\\/\\\/er-ig.de\\\/cms\\\/#website\",\"url\":\"https:\\\/\\\/er-ig.de\\\/cms\\\/\",\"name\":\"ERIG e.V.\",\"description\":\"\",\"publisher\":{\"@id\":\"https:\\\/\\\/er-ig.de\\\/cms\\\/#organization\"},\"potentialAction\":[{\"@type\":\"SearchAction\",\"target\":{\"@type\":\"EntryPoint\",\"urlTemplate\":\"https:\\\/\\\/er-ig.de\\\/cms\\\/?s={search_term_string}\"},\"query-input\":{\"@type\":\"PropertyValueSpecification\",\"valueRequired\":true,\"valueName\":\"search_term_string\"}}],\"inLanguage\":\"de\"},{\"@type\":\"Organization\",\"@id\":\"https:\\\/\\\/er-ig.de\\\/cms\\\/#organization\",\"name\":\"ERIG e.V.\",\"url\":\"https:\\\/\\\/er-ig.de\\\/cms\\\/\",\"logo\":{\"@type\":\"ImageObject\",\"inLanguage\":\"de\",\"@id\":\"https:\\\/\\\/er-ig.de\\\/cms\\\/#\\\/schema\\\/logo\\\/image\\\/\",\"url\":\"https:\\\/\\\/er-ig.de\\\/cms\\\/wp-content\\\/uploads\\\/2023\\\/11\\\/ERIG_Farben_RGB_01.png\",\"contentUrl\":\"https:\\\/\\\/er-ig.de\\\/cms\\\/wp-content\\\/uploads\\\/2023\\\/11\\\/ERIG_Farben_RGB_01.png\",\"width\":1995,\"height\":561,\"caption\":\"ERIG e.V.\"},\"image\":{\"@id\":\"https:\\\/\\\/er-ig.de\\\/cms\\\/#\\\/schema\\\/logo\\\/image\\\/\"}}]}<\/script>\n<!-- \/ Yoast SEO plugin. -->","yoast_head_json":{"title":"European Rover Challenge 2021 &#8211; ERIG e.V.","robots":{"index":"index","follow":"follow","max-snippet":"max-snippet:-1","max-image-preview":"max-image-preview:large","max-video-preview":"max-video-preview:-1"},"canonical":"https:\/\/er-ig.de\/cms\/erc-2021\/","og_locale":"de_DE","og_type":"article","og_title":"European Rover Challenge 2021 &#8211; ERIG e.V.","og_description":"In diesem Jahr entschieden sich die Veranstalter die ERC erstmals Hybrid auszutragen. Daf\u00fcr wurde neben der \u201eRemote Challenge\u201c welche 2020 ins Leben gerufen wurde, das urspr\u00fcngliche Format als \u201eOnSite Challenge\u201c wiedereingef\u00fchrt. Da eine Teilnahme an der \u201eOnSite Challenge\u201c nicht garantiert werden konnte, registrierte sich die ERIG sowohl f\u00fcr beide Versionen des ERC. Durch einen erneuten [&hellip;]","og_url":"https:\/\/er-ig.de\/cms\/erc-2021\/","og_site_name":"ERIG e.V.","article_modified_time":"2024-01-14T09:46:49+00:00","og_image":[{"url":"http:\/\/er-ig.de\/cms\/wp-content\/uploads\/2023\/11\/6ea0eee9e45015f2bc8e1f3d911ce04c2adf0b5c-dsc4680.jpg","type":"","width":"","height":""}],"twitter_card":"summary_large_image","schema":{"@context":"https:\/\/schema.org","@graph":[{"@type":"WebPage","@id":"https:\/\/er-ig.de\/cms\/erc-2021\/","url":"https:\/\/er-ig.de\/cms\/erc-2021\/","name":"European Rover Challenge 2021 &#8211; ERIG e.V.","isPartOf":{"@id":"https:\/\/er-ig.de\/cms\/#website"},"primaryImageOfPage":{"@id":"https:\/\/er-ig.de\/cms\/erc-2021\/#primaryimage"},"image":{"@id":"https:\/\/er-ig.de\/cms\/erc-2021\/#primaryimage"},"thumbnailUrl":"http:\/\/er-ig.de\/cms\/wp-content\/uploads\/2023\/11\/6ea0eee9e45015f2bc8e1f3d911ce04c2adf0b5c-dsc4680.jpg","datePublished":"2023-11-18T22:02:26+00:00","dateModified":"2024-01-14T09:46:49+00:00","inLanguage":"de","potentialAction":[{"@type":"ReadAction","target":["https:\/\/er-ig.de\/cms\/erc-2021\/"]}]},{"@type":"ImageObject","inLanguage":"de","@id":"https:\/\/er-ig.de\/cms\/erc-2021\/#primaryimage","url":"https:\/\/er-ig.de\/cms\/wp-content\/uploads\/2023\/11\/6ea0eee9e45015f2bc8e1f3d911ce04c2adf0b5c-dsc4680.jpg","contentUrl":"https:\/\/er-ig.de\/cms\/wp-content\/uploads\/2023\/11\/6ea0eee9e45015f2bc8e1f3d911ce04c2adf0b5c-dsc4680.jpg","width":1000,"height":667},{"@type":"WebSite","@id":"https:\/\/er-ig.de\/cms\/#website","url":"https:\/\/er-ig.de\/cms\/","name":"ERIG e.V.","description":"","publisher":{"@id":"https:\/\/er-ig.de\/cms\/#organization"},"potentialAction":[{"@type":"SearchAction","target":{"@type":"EntryPoint","urlTemplate":"https:\/\/er-ig.de\/cms\/?s={search_term_string}"},"query-input":{"@type":"PropertyValueSpecification","valueRequired":true,"valueName":"search_term_string"}}],"inLanguage":"de"},{"@type":"Organization","@id":"https:\/\/er-ig.de\/cms\/#organization","name":"ERIG e.V.","url":"https:\/\/er-ig.de\/cms\/","logo":{"@type":"ImageObject","inLanguage":"de","@id":"https:\/\/er-ig.de\/cms\/#\/schema\/logo\/image\/","url":"https:\/\/er-ig.de\/cms\/wp-content\/uploads\/2023\/11\/ERIG_Farben_RGB_01.png","contentUrl":"https:\/\/er-ig.de\/cms\/wp-content\/uploads\/2023\/11\/ERIG_Farben_RGB_01.png","width":1995,"height":561,"caption":"ERIG e.V."},"image":{"@id":"https:\/\/er-ig.de\/cms\/#\/schema\/logo\/image\/"}}]}},"_links":{"self":[{"href":"https:\/\/er-ig.de\/cms\/wp-json\/wp\/v2\/pages\/553","targetHints":{"allow":["GET"]}}],"collection":[{"href":"https:\/\/er-ig.de\/cms\/wp-json\/wp\/v2\/pages"}],"about":[{"href":"https:\/\/er-ig.de\/cms\/wp-json\/wp\/v2\/types\/page"}],"author":[{"embeddable":true,"href":"https:\/\/er-ig.de\/cms\/wp-json\/wp\/v2\/users\/1"}],"replies":[{"embeddable":true,"href":"https:\/\/er-ig.de\/cms\/wp-json\/wp\/v2\/comments?post=553"}],"version-history":[{"count":3,"href":"https:\/\/er-ig.de\/cms\/wp-json\/wp\/v2\/pages\/553\/revisions"}],"predecessor-version":[{"id":941,"href":"https:\/\/er-ig.de\/cms\/wp-json\/wp\/v2\/pages\/553\/revisions\/941"}],"wp:attachment":[{"href":"https:\/\/er-ig.de\/cms\/wp-json\/wp\/v2\/media?parent=553"}],"curies":[{"name":"wp","href":"https:\/\/api.w.org\/{rel}","templated":true}]}}