{"id":536,"date":"2023-11-18T23:02:13","date_gmt":"2023-11-18T22:02:13","guid":{"rendered":"http:\/\/localhost\/?page_id=536"},"modified":"2025-05-06T10:28:22","modified_gmt":"2025-05-06T08:28:22","slug":"elvis","status":"publish","type":"page","link":"https:\/\/er-ig.de\/cms\/elvis\/","title":{"rendered":"ELVIS"},"content":{"rendered":"\n<h2 class=\"wp-block-heading\" style=\"font-style:normal;font-weight:200\"><strong>E<\/strong>xploration of <strong>L<\/strong>ow-<strong>V<\/strong>elocity collisions <strong>I<\/strong>n <strong>S<\/strong>aturn&#8217;s Rings<\/h2>\n\n\n\n<figure data-wp-context=\"{&quot;imageId&quot;:&quot;69d66801d3c78&quot;}\" data-wp-interactive=\"core\/image\" data-wp-key=\"69d66801d3c78\" class=\"wp-block-image alignleft size-large is-resized wp-lightbox-container\"><img decoding=\"async\" data-wp-class--hide=\"state.isContentHidden\" data-wp-class--show=\"state.isContentVisible\" data-wp-init=\"callbacks.setButtonStyles\" data-wp-on--click=\"actions.showLightbox\" data-wp-on--load=\"callbacks.setButtonStyles\" data-wp-on-window--resize=\"callbacks.setButtonStyles\" src=\"http:\/\/er-ig.de\/cms\/wp-content\/uploads\/2023\/11\/c564da883338d67fccfcf738bf01b1472b2eb214-elvispatch.png\" alt=\"\" style=\"width:200px\" \/><button\n\t\t\tclass=\"lightbox-trigger\"\n\t\t\ttype=\"button\"\n\t\t\taria-haspopup=\"dialog\"\n\t\t\taria-label=\"Vergr\u00f6\u00dfern\"\n\t\t\tdata-wp-init=\"callbacks.initTriggerButton\"\n\t\t\tdata-wp-on--click=\"actions.showLightbox\"\n\t\t\tdata-wp-style--right=\"state.imageButtonRight\"\n\t\t\tdata-wp-style--top=\"state.imageButtonTop\"\n\t\t>\n\t\t\t<svg xmlns=\"http:\/\/www.w3.org\/2000\/svg\" width=\"12\" height=\"12\" fill=\"none\" viewBox=\"0 0 12 12\">\n\t\t\t\t<path fill=\"#fff\" d=\"M2 0a2 2 0 0 0-2 2v2h1.5V2a.5.5 0 0 1 .5-.5h2V0H2Zm2 10.5H2a.5.5 0 0 1-.5-.5V8H0v2a2 2 0 0 0 2 2h2v-1.5ZM8 12v-1.5h2a.5.5 0 0 0 .5-.5V8H12v2a2 2 0 0 1-2 2H8Zm2-12a2 2 0 0 1 2 2v2h-1.5V2a.5.5 0 0 0-.5-.5H8V0h2Z\" \/>\n\t\t\t<\/svg>\n\t\t<\/button><\/figure>\n\n\n\n<h2 class=\"wp-block-heading\">Motivation<\/h2>\n\n\n\n<p>Das Ziel dieses Projektes war es, mehr \u00fcber die Kollisionseigenschaften der Partikel in den Saturnringen zu lernen. Dazu wurde ein Analogexperiment entwickelt, das Glaskugeln in Schwerelosigkeit zu Kollisionen bringt. Die Kollisionen wurden von 3D-Kameras beobachtet. In der Datenauswertung wurde die Clusterbildung der Kugeln untersucht. Mit den gewonnenen Daten k\u00f6nnen Simulationen der Teilchen in den Saturnringen verifiziert werden. Bei ELVIS (Exploration of Low-Velocity collisions In Saturn Rings) arbeitet die ERIG zusammen mit Studierenden des Instituts f\u00fcr Geophysik und extraterrestrische Physik (IGeP).<\/p>\n\n\n\n<figure data-wp-context=\"{&quot;imageId&quot;:&quot;69d66801d3ece&quot;}\" data-wp-interactive=\"core\/image\" data-wp-key=\"69d66801d3ece\" class=\"wp-block-image aligncenter size-large has-custom-border wp-lightbox-container\"><img decoding=\"async\" data-wp-class--hide=\"state.isContentHidden\" data-wp-class--show=\"state.isContentVisible\" data-wp-init=\"callbacks.setButtonStyles\" data-wp-on--click=\"actions.showLightbox\" data-wp-on--load=\"callbacks.setButtonStyles\" data-wp-on-window--resize=\"callbacks.setButtonStyles\" src=\"http:\/\/er-ig.de\/cms\/wp-content\/uploads\/2023\/11\/REXUS_4.jpg\" alt=\"\" style=\"border-radius:10px\" \/><button\n\t\t\tclass=\"lightbox-trigger\"\n\t\t\ttype=\"button\"\n\t\t\taria-haspopup=\"dialog\"\n\t\t\taria-label=\"Vergr\u00f6\u00dfern\"\n\t\t\tdata-wp-init=\"callbacks.initTriggerButton\"\n\t\t\tdata-wp-on--click=\"actions.showLightbox\"\n\t\t\tdata-wp-style--right=\"state.imageButtonRight\"\n\t\t\tdata-wp-style--top=\"state.imageButtonTop\"\n\t\t>\n\t\t\t<svg xmlns=\"http:\/\/www.w3.org\/2000\/svg\" width=\"12\" height=\"12\" fill=\"none\" viewBox=\"0 0 12 12\">\n\t\t\t\t<path fill=\"#fff\" d=\"M2 0a2 2 0 0 0-2 2v2h1.5V2a.5.5 0 0 1 .5-.5h2V0H2Zm2 10.5H2a.5.5 0 0 1-.5-.5V8H0v2a2 2 0 0 0 2 2h2v-1.5ZM8 12v-1.5h2a.5.5 0 0 0 .5-.5V8H12v2a2 2 0 0 1-2 2H8Zm2-12a2 2 0 0 1 2 2v2h-1.5V2a.5.5 0 0 0-.5-.5H8V0h2Z\" \/>\n\t\t\t<\/svg>\n\t\t<\/button><figcaption class=\"wp-element-caption\"><em>Mitglieder der ERIG im verschneiten Nordschweden<\/em><\/figcaption><\/figure>\n\n\n\n<figure data-wp-context=\"{&quot;imageId&quot;:&quot;69d66801d3ffc&quot;}\" data-wp-interactive=\"core\/image\" data-wp-key=\"69d66801d3ffc\" class=\"wp-block-image alignright size-large is-resized wp-lightbox-container\"><img decoding=\"async\" data-wp-class--hide=\"state.isContentHidden\" data-wp-class--show=\"state.isContentVisible\" data-wp-init=\"callbacks.setButtonStyles\" data-wp-on--click=\"actions.showLightbox\" data-wp-on--load=\"callbacks.setButtonStyles\" data-wp-on-window--resize=\"callbacks.setButtonStyles\" src=\"http:\/\/er-ig.de\/cms\/wp-content\/uploads\/2023\/11\/RexBexLogoCap.png\" alt=\"\" style=\"width:300px\" \/><button\n\t\t\tclass=\"lightbox-trigger\"\n\t\t\ttype=\"button\"\n\t\t\taria-haspopup=\"dialog\"\n\t\t\taria-label=\"Vergr\u00f6\u00dfern\"\n\t\t\tdata-wp-init=\"callbacks.initTriggerButton\"\n\t\t\tdata-wp-on--click=\"actions.showLightbox\"\n\t\t\tdata-wp-style--right=\"state.imageButtonRight\"\n\t\t\tdata-wp-style--top=\"state.imageButtonTop\"\n\t\t>\n\t\t\t<svg xmlns=\"http:\/\/www.w3.org\/2000\/svg\" width=\"12\" height=\"12\" fill=\"none\" viewBox=\"0 0 12 12\">\n\t\t\t\t<path fill=\"#fff\" d=\"M2 0a2 2 0 0 0-2 2v2h1.5V2a.5.5 0 0 1 .5-.5h2V0H2Zm2 10.5H2a.5.5 0 0 1-.5-.5V8H0v2a2 2 0 0 0 2 2h2v-1.5ZM8 12v-1.5h2a.5.5 0 0 0 .5-.5V8H12v2a2 2 0 0 1-2 2H8Zm2-12a2 2 0 0 1 2 2v2h-1.5V2a.5.5 0 0 0-.5-.5H8V0h2Z\" \/>\n\t\t\t<\/svg>\n\t\t<\/button><\/figure>\n\n\n\n<h2 class=\"wp-block-heading\">Das REXUS\/BEXUS Programm<\/h2>\n\n\n\n<p>Das REXUS\/BEXUS-Programm erm\u00f6glicht es Studierenden von Universit\u00e4ten und Hochschulen in ganz Europa, wissenschaftliche und technologische Experimente mit Forschungsraketen und Luftballons durchzuf\u00fchren. Jedes Jahr werden zwei Raketen und zwei Ballone gestartet, die insgesamt bis zu 20 Experimente enthalten, die von Studententeams entworfen und gebaut wurden. REXUS-Experimente werden an einer ungelenkten, drallstabilisierten Rakete gestartet, die von einem improved Orion-Motor mit 290 kg Festtreibstoff angetrieben wird. Das Vehikel hat eine L\u00e4nge von ca. 5,6 m und einen K\u00f6rperdurchmesser von 35,6 cm. Die Experimente werden auf eine H\u00f6he von ca. 90 km bef\u00f6rdert und anschlie\u00dfend mit einem Fallschirm geborgen.&nbsp;<a href=\"https:\/\/rexusbexus.net\/\">REXUS\/BEXUS Programm<\/a><\/p>\n\n\n\n<figure data-wp-context=\"{&quot;imageId&quot;:&quot;69d66801d41c1&quot;}\" data-wp-interactive=\"core\/image\" data-wp-key=\"69d66801d41c1\" class=\"wp-block-image aligncenter size-large has-custom-border wp-lightbox-container\"><img decoding=\"async\" data-wp-class--hide=\"state.isContentHidden\" data-wp-class--show=\"state.isContentVisible\" data-wp-init=\"callbacks.setButtonStyles\" data-wp-on--click=\"actions.showLightbox\" data-wp-on--load=\"callbacks.setButtonStyles\" data-wp-on-window--resize=\"callbacks.setButtonStyles\" src=\"http:\/\/er-ig.de\/cms\/wp-content\/uploads\/2023\/11\/3390e05f4f0fdefeae6ba30728c55e1905ce217f-rexus3.jpg\" alt=\"\" style=\"border-radius:10px\" \/><button\n\t\t\tclass=\"lightbox-trigger\"\n\t\t\ttype=\"button\"\n\t\t\taria-haspopup=\"dialog\"\n\t\t\taria-label=\"Vergr\u00f6\u00dfern\"\n\t\t\tdata-wp-init=\"callbacks.initTriggerButton\"\n\t\t\tdata-wp-on--click=\"actions.showLightbox\"\n\t\t\tdata-wp-style--right=\"state.imageButtonRight\"\n\t\t\tdata-wp-style--top=\"state.imageButtonTop\"\n\t\t>\n\t\t\t<svg xmlns=\"http:\/\/www.w3.org\/2000\/svg\" width=\"12\" height=\"12\" fill=\"none\" viewBox=\"0 0 12 12\">\n\t\t\t\t<path fill=\"#fff\" d=\"M2 0a2 2 0 0 0-2 2v2h1.5V2a.5.5 0 0 1 .5-.5h2V0H2Zm2 10.5H2a.5.5 0 0 1-.5-.5V8H0v2a2 2 0 0 0 2 2h2v-1.5ZM8 12v-1.5h2a.5.5 0 0 0 .5-.5V8H12v2a2 2 0 0 1-2 2H8Zm2-12a2 2 0 0 1 2 2v2h-1.5V2a.5.5 0 0 0-.5-.5H8V0h2Z\" \/>\n\t\t\t<\/svg>\n\t\t<\/button><figcaption class=\"wp-element-caption\"><em>REXUS Rakete vor dem Start in Kiruna (Schweden)<\/em><\/figcaption><\/figure>\n\n\n\n<h2 class=\"wp-block-heading\">Das Experiment<\/h2>\n\n\n\n<p>Das ELVIS Experiment besteht aus drei Subsystemen. Das erste Subsystem ist die Mechanik. Etwa 50 beschichtete Glasmurmeln befinden sich in einer Glasbox. Die Box wird von einem Motor mit rotierender Unwucht in Schwingung versetzt. Die Box ist mit Federn aufgeh\u00e4ngt und wird w\u00e4hrend des Starts und der Landung von Klemmen festgehalten. ELVIS hat eine Gesamth\u00f6he von 220 mm und Gesamtmasse von circa 5 kg. Das zweite Subsystem ist die Optik. Drei Kameras filmen das Experiment aus leicht unterschiedlichen Winkeln, um nachtr\u00e4glich ein dreidimensionales Bild zu erm\u00f6glichen. Die optische Wegl\u00e4nge wird durch zwei Spiegel erh\u00f6ht. Die dritte Baugruppe ist die Elektronik. Die Rohdaten der Kamera werden lokal auf einem Solid State Drive von einem kleinen Computer gespeichert. Ein Mikrocontroller treibt den Motor an und kommuniziert mit der Rakete.<\/p>\n\n\n\n<figure data-wp-context=\"{&quot;imageId&quot;:&quot;69d66801d434b&quot;}\" data-wp-interactive=\"core\/image\" data-wp-key=\"69d66801d434b\" class=\"wp-block-image aligncenter size-large has-custom-border wp-lightbox-container\"><img decoding=\"async\" data-wp-class--hide=\"state.isContentHidden\" data-wp-class--show=\"state.isContentVisible\" data-wp-init=\"callbacks.setButtonStyles\" data-wp-on--click=\"actions.showLightbox\" data-wp-on--load=\"callbacks.setButtonStyles\" data-wp-on-window--resize=\"callbacks.setButtonStyles\" src=\"http:\/\/er-ig.de\/cms\/wp-content\/uploads\/2023\/11\/2c9d0dfc59befacc9b2b07ccb9a45939f6ee2683-rexus1.jpg\" alt=\"\" style=\"border-radius:10px\" \/><button\n\t\t\tclass=\"lightbox-trigger\"\n\t\t\ttype=\"button\"\n\t\t\taria-haspopup=\"dialog\"\n\t\t\taria-label=\"Vergr\u00f6\u00dfern\"\n\t\t\tdata-wp-init=\"callbacks.initTriggerButton\"\n\t\t\tdata-wp-on--click=\"actions.showLightbox\"\n\t\t\tdata-wp-style--right=\"state.imageButtonRight\"\n\t\t\tdata-wp-style--top=\"state.imageButtonTop\"\n\t\t>\n\t\t\t<svg xmlns=\"http:\/\/www.w3.org\/2000\/svg\" width=\"12\" height=\"12\" fill=\"none\" viewBox=\"0 0 12 12\">\n\t\t\t\t<path fill=\"#fff\" d=\"M2 0a2 2 0 0 0-2 2v2h1.5V2a.5.5 0 0 1 .5-.5h2V0H2Zm2 10.5H2a.5.5 0 0 1-.5-.5V8H0v2a2 2 0 0 0 2 2h2v-1.5ZM8 12v-1.5h2a.5.5 0 0 0 .5-.5V8H12v2a2 2 0 0 1-2 2H8Zm2-12a2 2 0 0 1 2 2v2h-1.5V2a.5.5 0 0 0-.5-.5H8V0h2Z\" \/>\n\t\t\t<\/svg>\n\t\t<\/button><figcaption class=\"wp-element-caption\"><em>Aufbau des Experiments<\/em><\/figcaption><\/figure>\n\n\n\n<h2 class=\"wp-block-heading\">Der Flug<\/h2>\n\n\n\n<p>Im M\u00e4rz 2019 fand die Startkampagne in Esrange (Lappland, Schweden) statt. Zwei Wochen lang wurden ELVIS und die anderen Experimente von REXUS 26 auf den Raketenflug vorbereitet. Am Vormittag des 11. M\u00e4rz 2019 wurde REXUS 26 nach mehreren wetterbedingten Verz\u00f6gerungen gestartet. Die Rakete hat eine Parabel mit einer maximalen H\u00f6he von knapp 80 km zur\u00fcckgelegt. Dabei wurde den Experimenten etwa zweieinhalb Minuten Schwerelosigkeit geboten. W\u00e4hrend dieser Zeit hat das ELVIS Experiment die Glaskugeln angeregt und deren Sto\u00dfverhalten gefilmt. In dem folgenden Video ist ein Ausschnitt aus den gewonnenen Rohdaten zu sehen. Die hellen Punkte im Hintergrund sind die LED-Matrix, welche die Kugel von hinten beleuchten. In dem Glasbeh\u00e4lter befinden sich sowohl unbeschichtete als auch beschichtete Glaskugeln. Einige der beschichteten Glaskugeln sind durch die extremen Kr\u00e4fte beim Start der Rakete in der Kante oben rechts kleben geblieben. Die restlichen Kugeln schweben durch den Beh\u00e4lter und sto\u00dfen wieder und wieder zusammen. Diese Kollisionen liefern wertvolle Informationen \u00fcber die Energieverh\u00e4ltnisse im System.<\/p>\n\n\n\n<figure data-wp-context=\"{&quot;imageId&quot;:&quot;69d66801d44ee&quot;}\" data-wp-interactive=\"core\/image\" data-wp-key=\"69d66801d44ee\" class=\"wp-block-image aligncenter size-large has-custom-border wp-lightbox-container\"><img decoding=\"async\" data-wp-class--hide=\"state.isContentHidden\" data-wp-class--show=\"state.isContentVisible\" data-wp-init=\"callbacks.setButtonStyles\" data-wp-on--click=\"actions.showLightbox\" data-wp-on--load=\"callbacks.setButtonStyles\" data-wp-on-window--resize=\"callbacks.setButtonStyles\" src=\"http:\/\/er-ig.de\/cms\/wp-content\/uploads\/2023\/11\/f763417538a1b1789bc7f8dfbd4146c3a954bda2-rexus2-edited-1.jpg\" alt=\"\" style=\"border-radius:10px\" \/><button\n\t\t\tclass=\"lightbox-trigger\"\n\t\t\ttype=\"button\"\n\t\t\taria-haspopup=\"dialog\"\n\t\t\taria-label=\"Vergr\u00f6\u00dfern\"\n\t\t\tdata-wp-init=\"callbacks.initTriggerButton\"\n\t\t\tdata-wp-on--click=\"actions.showLightbox\"\n\t\t\tdata-wp-style--right=\"state.imageButtonRight\"\n\t\t\tdata-wp-style--top=\"state.imageButtonTop\"\n\t\t>\n\t\t\t<svg xmlns=\"http:\/\/www.w3.org\/2000\/svg\" width=\"12\" height=\"12\" fill=\"none\" viewBox=\"0 0 12 12\">\n\t\t\t\t<path fill=\"#fff\" d=\"M2 0a2 2 0 0 0-2 2v2h1.5V2a.5.5 0 0 1 .5-.5h2V0H2Zm2 10.5H2a.5.5 0 0 1-.5-.5V8H0v2a2 2 0 0 0 2 2h2v-1.5ZM8 12v-1.5h2a.5.5 0 0 0 .5-.5V8H12v2a2 2 0 0 1-2 2H8Zm2-12a2 2 0 0 1 2 2v2h-1.5V2a.5.5 0 0 0-.5-.5H8V0h2Z\" \/>\n\t\t\t<\/svg>\n\t\t<\/button><figcaption class=\"wp-element-caption\"><em>REXUS Rakete auf der Startrampe<\/em><\/figcaption><\/figure>\n","protected":false},"excerpt":{"rendered":"<p>Exploration of Low-Velocity collisions In Saturn&#8217;s Rings Motivation Das Ziel dieses Projektes war es, mehr \u00fcber die Kollisionseigenschaften der Partikel in den Saturnringen zu lernen. Dazu wurde ein Analogexperiment entwickelt, das Glaskugeln in Schwerelosigkeit zu Kollisionen bringt. Die Kollisionen wurden von 3D-Kameras beobachtet. In der Datenauswertung wurde die Clusterbildung der Kugeln untersucht. Mit den gewonnenen [&hellip;]<\/p>\n","protected":false},"author":1,"featured_media":0,"parent":0,"menu_order":0,"comment_status":"closed","ping_status":"closed","template":"","meta":{"footnotes":""},"class_list":["post-536","page","type-page","status-publish","hentry"],"yoast_head":"<!-- This site is optimized with the Yoast SEO plugin v27.1.1 - https:\/\/yoast.com\/product\/yoast-seo-wordpress\/ -->\n<title>ELVIS &#8211; ERIG e.V.<\/title>\n<meta name=\"robots\" content=\"index, follow, max-snippet:-1, max-image-preview:large, max-video-preview:-1\" \/>\n<link rel=\"canonical\" href=\"https:\/\/er-ig.de\/cms\/elvis\/\" \/>\n<meta property=\"og:locale\" content=\"de_DE\" \/>\n<meta property=\"og:type\" content=\"article\" \/>\n<meta property=\"og:title\" content=\"ELVIS &#8211; ERIG e.V.\" \/>\n<meta property=\"og:description\" content=\"Exploration of Low-Velocity collisions In Saturn&#8217;s Rings Motivation Das Ziel dieses Projektes war es, mehr \u00fcber die Kollisionseigenschaften der Partikel in den Saturnringen zu lernen. Dazu wurde ein Analogexperiment entwickelt, das Glaskugeln in Schwerelosigkeit zu Kollisionen bringt. Die Kollisionen wurden von 3D-Kameras beobachtet. In der Datenauswertung wurde die Clusterbildung der Kugeln untersucht. Mit den gewonnenen [&hellip;]\" \/>\n<meta property=\"og:url\" content=\"https:\/\/er-ig.de\/cms\/elvis\/\" \/>\n<meta property=\"og:site_name\" content=\"ERIG e.V.\" \/>\n<meta property=\"article:modified_time\" content=\"2025-05-06T08:28:22+00:00\" \/>\n<meta property=\"og:image\" content=\"http:\/\/er-ig.de\/cms\/wp-content\/uploads\/2023\/11\/c564da883338d67fccfcf738bf01b1472b2eb214-elvispatch.png\" \/>\n<meta name=\"twitter:card\" content=\"summary_large_image\" \/>\n<meta name=\"twitter:label1\" content=\"Gesch\u00e4tzte Lesezeit\" \/>\n\t<meta name=\"twitter:data1\" content=\"5\u00a0Minuten\" \/>\n<script type=\"application\/ld+json\" class=\"yoast-schema-graph\">{\"@context\":\"https:\/\/schema.org\",\"@graph\":[{\"@type\":\"WebPage\",\"@id\":\"https:\/\/er-ig.de\/cms\/elvis\/\",\"url\":\"https:\/\/er-ig.de\/cms\/elvis\/\",\"name\":\"ELVIS &#8211; ERIG e.V.\",\"isPartOf\":{\"@id\":\"https:\/\/er-ig.de\/cms\/#website\"},\"primaryImageOfPage\":{\"@id\":\"https:\/\/er-ig.de\/cms\/elvis\/#primaryimage\"},\"image\":{\"@id\":\"https:\/\/er-ig.de\/cms\/elvis\/#primaryimage\"},\"thumbnailUrl\":\"http:\/\/er-ig.de\/cms\/wp-content\/uploads\/2023\/11\/c564da883338d67fccfcf738bf01b1472b2eb214-elvispatch.png\",\"datePublished\":\"2023-11-18T22:02:13+00:00\",\"dateModified\":\"2025-05-06T08:28:22+00:00\",\"inLanguage\":\"de\",\"potentialAction\":[{\"@type\":\"ReadAction\",\"target\":[\"https:\/\/er-ig.de\/cms\/elvis\/\"]}]},{\"@type\":\"ImageObject\",\"inLanguage\":\"de\",\"@id\":\"https:\/\/er-ig.de\/cms\/elvis\/#primaryimage\",\"url\":\"https:\/\/er-ig.de\/cms\/wp-content\/uploads\/2023\/11\/c564da883338d67fccfcf738bf01b1472b2eb214-elvispatch.png\",\"contentUrl\":\"https:\/\/er-ig.de\/cms\/wp-content\/uploads\/2023\/11\/c564da883338d67fccfcf738bf01b1472b2eb214-elvispatch.png\",\"width\":200,\"height\":200},{\"@type\":\"WebSite\",\"@id\":\"https:\/\/er-ig.de\/cms\/#website\",\"url\":\"https:\/\/er-ig.de\/cms\/\",\"name\":\"ERIG e.V.\",\"description\":\"\",\"publisher\":{\"@id\":\"https:\/\/er-ig.de\/cms\/#organization\"},\"potentialAction\":[{\"@type\":\"SearchAction\",\"target\":{\"@type\":\"EntryPoint\",\"urlTemplate\":\"https:\/\/er-ig.de\/cms\/?s={search_term_string}\"},\"query-input\":{\"@type\":\"PropertyValueSpecification\",\"valueRequired\":true,\"valueName\":\"search_term_string\"}}],\"inLanguage\":\"de\"},{\"@type\":\"Organization\",\"@id\":\"https:\/\/er-ig.de\/cms\/#organization\",\"name\":\"ERIG e.V.\",\"url\":\"https:\/\/er-ig.de\/cms\/\",\"logo\":{\"@type\":\"ImageObject\",\"inLanguage\":\"de\",\"@id\":\"https:\/\/er-ig.de\/cms\/#\/schema\/logo\/image\/\",\"url\":\"https:\/\/er-ig.de\/cms\/wp-content\/uploads\/2023\/11\/ERIG_Farben_RGB_01.png\",\"contentUrl\":\"https:\/\/er-ig.de\/cms\/wp-content\/uploads\/2023\/11\/ERIG_Farben_RGB_01.png\",\"width\":1995,\"height\":561,\"caption\":\"ERIG e.V.\"},\"image\":{\"@id\":\"https:\/\/er-ig.de\/cms\/#\/schema\/logo\/image\/\"}}]}<\/script>\n<!-- \/ Yoast SEO plugin. -->","yoast_head_json":{"title":"ELVIS &#8211; ERIG e.V.","robots":{"index":"index","follow":"follow","max-snippet":"max-snippet:-1","max-image-preview":"max-image-preview:large","max-video-preview":"max-video-preview:-1"},"canonical":"https:\/\/er-ig.de\/cms\/elvis\/","og_locale":"de_DE","og_type":"article","og_title":"ELVIS &#8211; ERIG e.V.","og_description":"Exploration of Low-Velocity collisions In Saturn&#8217;s Rings Motivation Das Ziel dieses Projektes war es, mehr \u00fcber die Kollisionseigenschaften der Partikel in den Saturnringen zu lernen. Dazu wurde ein Analogexperiment entwickelt, das Glaskugeln in Schwerelosigkeit zu Kollisionen bringt. Die Kollisionen wurden von 3D-Kameras beobachtet. In der Datenauswertung wurde die Clusterbildung der Kugeln untersucht. Mit den gewonnenen [&hellip;]","og_url":"https:\/\/er-ig.de\/cms\/elvis\/","og_site_name":"ERIG e.V.","article_modified_time":"2025-05-06T08:28:22+00:00","og_image":[{"url":"http:\/\/er-ig.de\/cms\/wp-content\/uploads\/2023\/11\/c564da883338d67fccfcf738bf01b1472b2eb214-elvispatch.png","type":"","width":"","height":""}],"twitter_card":"summary_large_image","twitter_misc":{"Gesch\u00e4tzte Lesezeit":"5\u00a0Minuten"},"schema":{"@context":"https:\/\/schema.org","@graph":[{"@type":"WebPage","@id":"https:\/\/er-ig.de\/cms\/elvis\/","url":"https:\/\/er-ig.de\/cms\/elvis\/","name":"ELVIS &#8211; ERIG e.V.","isPartOf":{"@id":"https:\/\/er-ig.de\/cms\/#website"},"primaryImageOfPage":{"@id":"https:\/\/er-ig.de\/cms\/elvis\/#primaryimage"},"image":{"@id":"https:\/\/er-ig.de\/cms\/elvis\/#primaryimage"},"thumbnailUrl":"http:\/\/er-ig.de\/cms\/wp-content\/uploads\/2023\/11\/c564da883338d67fccfcf738bf01b1472b2eb214-elvispatch.png","datePublished":"2023-11-18T22:02:13+00:00","dateModified":"2025-05-06T08:28:22+00:00","inLanguage":"de","potentialAction":[{"@type":"ReadAction","target":["https:\/\/er-ig.de\/cms\/elvis\/"]}]},{"@type":"ImageObject","inLanguage":"de","@id":"https:\/\/er-ig.de\/cms\/elvis\/#primaryimage","url":"https:\/\/er-ig.de\/cms\/wp-content\/uploads\/2023\/11\/c564da883338d67fccfcf738bf01b1472b2eb214-elvispatch.png","contentUrl":"https:\/\/er-ig.de\/cms\/wp-content\/uploads\/2023\/11\/c564da883338d67fccfcf738bf01b1472b2eb214-elvispatch.png","width":200,"height":200},{"@type":"WebSite","@id":"https:\/\/er-ig.de\/cms\/#website","url":"https:\/\/er-ig.de\/cms\/","name":"ERIG e.V.","description":"","publisher":{"@id":"https:\/\/er-ig.de\/cms\/#organization"},"potentialAction":[{"@type":"SearchAction","target":{"@type":"EntryPoint","urlTemplate":"https:\/\/er-ig.de\/cms\/?s={search_term_string}"},"query-input":{"@type":"PropertyValueSpecification","valueRequired":true,"valueName":"search_term_string"}}],"inLanguage":"de"},{"@type":"Organization","@id":"https:\/\/er-ig.de\/cms\/#organization","name":"ERIG e.V.","url":"https:\/\/er-ig.de\/cms\/","logo":{"@type":"ImageObject","inLanguage":"de","@id":"https:\/\/er-ig.de\/cms\/#\/schema\/logo\/image\/","url":"https:\/\/er-ig.de\/cms\/wp-content\/uploads\/2023\/11\/ERIG_Farben_RGB_01.png","contentUrl":"https:\/\/er-ig.de\/cms\/wp-content\/uploads\/2023\/11\/ERIG_Farben_RGB_01.png","width":1995,"height":561,"caption":"ERIG e.V."},"image":{"@id":"https:\/\/er-ig.de\/cms\/#\/schema\/logo\/image\/"}}]}},"_links":{"self":[{"href":"https:\/\/er-ig.de\/cms\/wp-json\/wp\/v2\/pages\/536","targetHints":{"allow":["GET"]}}],"collection":[{"href":"https:\/\/er-ig.de\/cms\/wp-json\/wp\/v2\/pages"}],"about":[{"href":"https:\/\/er-ig.de\/cms\/wp-json\/wp\/v2\/types\/page"}],"author":[{"embeddable":true,"href":"https:\/\/er-ig.de\/cms\/wp-json\/wp\/v2\/users\/1"}],"replies":[{"embeddable":true,"href":"https:\/\/er-ig.de\/cms\/wp-json\/wp\/v2\/comments?post=536"}],"version-history":[{"count":14,"href":"https:\/\/er-ig.de\/cms\/wp-json\/wp\/v2\/pages\/536\/revisions"}],"predecessor-version":[{"id":1864,"href":"https:\/\/er-ig.de\/cms\/wp-json\/wp\/v2\/pages\/536\/revisions\/1864"}],"wp:attachment":[{"href":"https:\/\/er-ig.de\/cms\/wp-json\/wp\/v2\/media?parent=536"}],"curies":[{"name":"wp","href":"https:\/\/api.w.org\/{rel}","templated":true}]}}