{"id":529,"date":"2023-11-18T23:02:39","date_gmt":"2023-11-18T22:02:39","guid":{"rendered":"http:\/\/localhost\/?page_id=529"},"modified":"2025-05-05T20:07:46","modified_gmt":"2025-05-05T18:07:46","slug":"grab","status":"publish","type":"page","link":"https:\/\/er-ig.de\/cms\/grab\/","title":{"rendered":"GRAB"},"content":{"rendered":"\n<h2 class=\"wp-block-heading\" style=\"font-style:normal;font-weight:200\"><strong>G<\/strong>ecko <strong>R<\/strong>elated <strong>A<\/strong>dhesive test<strong>B<\/strong>undles<\/h2>\n\n\n\n<figure data-wp-context=\"{&quot;imageId&quot;:&quot;69e45ba36a4d3&quot;}\" data-wp-interactive=\"core\/image\" data-wp-key=\"69e45ba36a4d3\" class=\"wp-block-image alignleft size-large is-resized wp-lightbox-container\"><img decoding=\"async\" data-wp-class--hide=\"state.isContentHidden\" data-wp-class--show=\"state.isContentVisible\" data-wp-init=\"callbacks.setButtonStyles\" data-wp-on--click=\"actions.showLightbox\" data-wp-on--load=\"callbacks.setButtonStyles\" data-wp-on-window--resize=\"callbacks.setButtonStyles\" src=\"http:\/\/er-ig.de\/cms\/wp-content\/uploads\/2023\/11\/570e229fc17c97831ac942f790fbbf522a4e78d8-rexus-patch-mindermann-v3-extern.png\" alt=\"\" style=\"width:300px\" \/><button\n\t\t\tclass=\"lightbox-trigger\"\n\t\t\ttype=\"button\"\n\t\t\taria-haspopup=\"dialog\"\n\t\t\taria-label=\"Vergr\u00f6\u00dfern\"\n\t\t\tdata-wp-init=\"callbacks.initTriggerButton\"\n\t\t\tdata-wp-on--click=\"actions.showLightbox\"\n\t\t\tdata-wp-style--right=\"state.imageButtonRight\"\n\t\t\tdata-wp-style--top=\"state.imageButtonTop\"\n\t\t>\n\t\t\t<svg xmlns=\"http:\/\/www.w3.org\/2000\/svg\" width=\"12\" height=\"12\" fill=\"none\" viewBox=\"0 0 12 12\">\n\t\t\t\t<path fill=\"#fff\" d=\"M2 0a2 2 0 0 0-2 2v2h1.5V2a.5.5 0 0 1 .5-.5h2V0H2Zm2 10.5H2a.5.5 0 0 1-.5-.5V8H0v2a2 2 0 0 0 2 2h2v-1.5ZM8 12v-1.5h2a.5.5 0 0 0 .5-.5V8H12v2a2 2 0 0 1-2 2H8Zm2-12a2 2 0 0 1 2 2v2h-1.5V2a.5.5 0 0 0-.5-.5H8V0h2Z\" \/>\n\t\t\t<\/svg>\n\t\t<\/button><\/figure>\n\n\n\n<h2 class=\"wp-block-heading\">Motivation<\/h2>\n\n\n\n<p>Das Ziel von GRAB war die Untersuchung von sogenannten Geckomaterialien unter Weltraumbedingungen. Geckomaterialien haben eine lamellenf\u00f6rmige Oberfl\u00e4che, die eine adh\u00e4sive Wirkung auf Grund von Van-Der-Wals Kr\u00e4ften hat. \u00c4hnlich wie, ein Gecko an Wanden l\u00e4uft sind synthetische Geckomaterialien f\u00fcr viele Anwendungen denkbar. Insbesondere an der Beseitigung von Weltraumm\u00fcll mit Geckomaterialien, forscht das Institut f\u00fcr Raumfahrtsysteme der TU Braunschweig gemeinsam mit der ERIG.<\/p>\n\n\n\n<div style=\"height:0px\" aria-hidden=\"true\" class=\"wp-block-spacer\"><\/div>\n\n\n\n<h2 class=\"wp-block-heading\">Das REXUS\/BEXUS Programm<\/h2>\n\n\n\n<figure data-wp-context=\"{&quot;imageId&quot;:&quot;69e45ba36a6e3&quot;}\" data-wp-interactive=\"core\/image\" data-wp-key=\"69e45ba36a6e3\" class=\"wp-block-image alignright size-large is-resized wp-lightbox-container\"><img decoding=\"async\" data-wp-class--hide=\"state.isContentHidden\" data-wp-class--show=\"state.isContentVisible\" data-wp-init=\"callbacks.setButtonStyles\" data-wp-on--click=\"actions.showLightbox\" data-wp-on--load=\"callbacks.setButtonStyles\" data-wp-on-window--resize=\"callbacks.setButtonStyles\" src=\"http:\/\/er-ig.de\/cms\/wp-content\/uploads\/2023\/11\/RexBexLogoCap.png\" alt=\"\" style=\"width:300px\" \/><button\n\t\t\tclass=\"lightbox-trigger\"\n\t\t\ttype=\"button\"\n\t\t\taria-haspopup=\"dialog\"\n\t\t\taria-label=\"Vergr\u00f6\u00dfern\"\n\t\t\tdata-wp-init=\"callbacks.initTriggerButton\"\n\t\t\tdata-wp-on--click=\"actions.showLightbox\"\n\t\t\tdata-wp-style--right=\"state.imageButtonRight\"\n\t\t\tdata-wp-style--top=\"state.imageButtonTop\"\n\t\t>\n\t\t\t<svg xmlns=\"http:\/\/www.w3.org\/2000\/svg\" width=\"12\" height=\"12\" fill=\"none\" viewBox=\"0 0 12 12\">\n\t\t\t\t<path fill=\"#fff\" d=\"M2 0a2 2 0 0 0-2 2v2h1.5V2a.5.5 0 0 1 .5-.5h2V0H2Zm2 10.5H2a.5.5 0 0 1-.5-.5V8H0v2a2 2 0 0 0 2 2h2v-1.5ZM8 12v-1.5h2a.5.5 0 0 0 .5-.5V8H12v2a2 2 0 0 1-2 2H8Zm2-12a2 2 0 0 1 2 2v2h-1.5V2a.5.5 0 0 0-.5-.5H8V0h2Z\" \/>\n\t\t\t<\/svg>\n\t\t<\/button><\/figure>\n\n\n\n<p>Das REXUS\/BEXUS-Programm erm\u00f6glicht es Studierenden von Universit\u00e4ten und Hochschulen in ganz Europa, wissenschaftliche und technologische Experimente mit Forschungsraketen und Luftballons durchzuf\u00fchren. Jedes Jahr werden zwei Raketen und zwei Ballone gestartet, die insgesamt bis zu 20 Experimente enthalten, die von Studententeams entworfen und gebaut wurden. REXUS-Experimente werden an einer ungelenkten, drallstabilisierten Rakete gestartet, die von einem improved Orion-Motor mit 290 kg Festtreibstoff angetrieben wird. Das Vehikel hat eine L\u00e4nge von ca. 5,6 m und einen K\u00f6rperdurchmesser von 35,6 cm. Die Experimente werden auf eine H\u00f6he von ca. 90 km bef\u00f6rdert und anschlie\u00dfend mit einem Fallschirm geborgen.<\/p>\n\n\n\n<h2 class=\"wp-block-heading\">Das Experiment<\/h2>\n\n\n\n<p>Das GRAB Experiment besteht aus insgesamt acht Testarmen, die jeweils ein Geckomaterial gegen eine Oberfl\u00e4che dr\u00fccken und wieder abziehen. Dabei werden von Kraftmessdosen die Andr\u00fcck- und Haltekr\u00e4fte gemessen. Die Arme werden von Linearaktuatoren bewegt und durch sehr reibarme Teflonlagerung gef\u00fchrt<\/p>\n\n\n\n<h2 class=\"wp-block-heading\">Ergebnisse<\/h2>\n\n\n\n<p>W\u00e4hrend der REXUS 21 Startkampagne konnte durch GRAB die Weltraumtauglichkeit von Geckomaterialien nachgewiesen werden. Anschlie\u00dfend wurde eine Testkampagne im ZARM Fallturm in Bremen durchgef\u00fchrt, bei der weitere Daten gesammelt wurden. Die Ergebnisse wurden in einem Paper ver\u00f6ffentlicht und auf dem ESA Symposium on European Rocket and Balloon Programmes in Visby, Schweden vorgetragen.<\/p>\n","protected":false},"excerpt":{"rendered":"<p>Gecko Related Adhesive testBundles Motivation Das Ziel von GRAB war die Untersuchung von sogenannten Geckomaterialien unter Weltraumbedingungen. Geckomaterialien haben eine lamellenf\u00f6rmige Oberfl\u00e4che, die eine adh\u00e4sive Wirkung auf Grund von Van-Der-Wals Kr\u00e4ften hat. \u00c4hnlich wie, ein Gecko an Wanden l\u00e4uft sind synthetische Geckomaterialien f\u00fcr viele Anwendungen denkbar. Insbesondere an der Beseitigung von Weltraumm\u00fcll mit Geckomaterialien, forscht [&hellip;]<\/p>\n","protected":false},"author":1,"featured_media":0,"parent":0,"menu_order":0,"comment_status":"closed","ping_status":"closed","template":"","meta":{"footnotes":""},"class_list":["post-529","page","type-page","status-publish","hentry"],"yoast_head":"<!-- This site is optimized with the Yoast SEO plugin v27.4 - https:\/\/yoast.com\/product\/yoast-seo-wordpress\/ -->\n<title>GRAB &#8211; ERIG e.V.<\/title>\n<meta name=\"robots\" content=\"index, follow, max-snippet:-1, max-image-preview:large, max-video-preview:-1\" \/>\n<link rel=\"canonical\" href=\"http:\/\/er-ig.de\/cms\/grab\/\" \/>\n<meta property=\"og:locale\" content=\"de_DE\" \/>\n<meta property=\"og:type\" content=\"article\" \/>\n<meta property=\"og:title\" content=\"GRAB &#8211; ERIG e.V.\" \/>\n<meta property=\"og:description\" content=\"Gecko Related Adhesive testBundles Motivation Das Ziel von GRAB war die Untersuchung von sogenannten Geckomaterialien unter Weltraumbedingungen. Geckomaterialien haben eine lamellenf\u00f6rmige Oberfl\u00e4che, die eine adh\u00e4sive Wirkung auf Grund von Van-Der-Wals Kr\u00e4ften hat. \u00c4hnlich wie, ein Gecko an Wanden l\u00e4uft sind synthetische Geckomaterialien f\u00fcr viele Anwendungen denkbar. Insbesondere an der Beseitigung von Weltraumm\u00fcll mit Geckomaterialien, forscht [&hellip;]\" \/>\n<meta property=\"og:url\" content=\"http:\/\/er-ig.de\/cms\/grab\/\" \/>\n<meta property=\"og:site_name\" content=\"ERIG e.V.\" \/>\n<meta property=\"article:modified_time\" content=\"2025-05-05T18:07:46+00:00\" \/>\n<meta property=\"og:image\" content=\"http:\/\/er-ig.de\/cms\/wp-content\/uploads\/2023\/11\/570e229fc17c97831ac942f790fbbf522a4e78d8-rexus-patch-mindermann-v3-extern.png\" \/>\n<meta name=\"twitter:card\" content=\"summary_large_image\" \/>\n<meta name=\"twitter:label1\" content=\"Gesch\u00e4tzte Lesezeit\" \/>\n\t<meta name=\"twitter:data1\" content=\"2\u00a0Minuten\" \/>\n<script type=\"application\/ld+json\" class=\"yoast-schema-graph\">{\"@context\":\"https:\\\/\\\/schema.org\",\"@graph\":[{\"@type\":\"WebPage\",\"@id\":\"http:\\\/\\\/er-ig.de\\\/cms\\\/grab\\\/\",\"url\":\"http:\\\/\\\/er-ig.de\\\/cms\\\/grab\\\/\",\"name\":\"GRAB &#8211; ERIG e.V.\",\"isPartOf\":{\"@id\":\"https:\\\/\\\/er-ig.de\\\/cms\\\/#website\"},\"primaryImageOfPage\":{\"@id\":\"http:\\\/\\\/er-ig.de\\\/cms\\\/grab\\\/#primaryimage\"},\"image\":{\"@id\":\"http:\\\/\\\/er-ig.de\\\/cms\\\/grab\\\/#primaryimage\"},\"thumbnailUrl\":\"http:\\\/\\\/er-ig.de\\\/cms\\\/wp-content\\\/uploads\\\/2023\\\/11\\\/570e229fc17c97831ac942f790fbbf522a4e78d8-rexus-patch-mindermann-v3-extern.png\",\"datePublished\":\"2023-11-18T22:02:39+00:00\",\"dateModified\":\"2025-05-05T18:07:46+00:00\",\"inLanguage\":\"de\",\"potentialAction\":[{\"@type\":\"ReadAction\",\"target\":[\"http:\\\/\\\/er-ig.de\\\/cms\\\/grab\\\/\"]}]},{\"@type\":\"ImageObject\",\"inLanguage\":\"de\",\"@id\":\"http:\\\/\\\/er-ig.de\\\/cms\\\/grab\\\/#primaryimage\",\"url\":\"https:\\\/\\\/er-ig.de\\\/cms\\\/wp-content\\\/uploads\\\/2023\\\/11\\\/570e229fc17c97831ac942f790fbbf522a4e78d8-rexus-patch-mindermann-v3-extern.png\",\"contentUrl\":\"https:\\\/\\\/er-ig.de\\\/cms\\\/wp-content\\\/uploads\\\/2023\\\/11\\\/570e229fc17c97831ac942f790fbbf522a4e78d8-rexus-patch-mindermann-v3-extern.png\",\"width\":200,\"height\":200},{\"@type\":\"WebSite\",\"@id\":\"https:\\\/\\\/er-ig.de\\\/cms\\\/#website\",\"url\":\"https:\\\/\\\/er-ig.de\\\/cms\\\/\",\"name\":\"ERIG e.V.\",\"description\":\"\",\"publisher\":{\"@id\":\"https:\\\/\\\/er-ig.de\\\/cms\\\/#organization\"},\"potentialAction\":[{\"@type\":\"SearchAction\",\"target\":{\"@type\":\"EntryPoint\",\"urlTemplate\":\"https:\\\/\\\/er-ig.de\\\/cms\\\/?s={search_term_string}\"},\"query-input\":{\"@type\":\"PropertyValueSpecification\",\"valueRequired\":true,\"valueName\":\"search_term_string\"}}],\"inLanguage\":\"de\"},{\"@type\":\"Organization\",\"@id\":\"https:\\\/\\\/er-ig.de\\\/cms\\\/#organization\",\"name\":\"ERIG e.V.\",\"url\":\"https:\\\/\\\/er-ig.de\\\/cms\\\/\",\"logo\":{\"@type\":\"ImageObject\",\"inLanguage\":\"de\",\"@id\":\"https:\\\/\\\/er-ig.de\\\/cms\\\/#\\\/schema\\\/logo\\\/image\\\/\",\"url\":\"https:\\\/\\\/er-ig.de\\\/cms\\\/wp-content\\\/uploads\\\/2023\\\/11\\\/ERIG_Farben_RGB_01.png\",\"contentUrl\":\"https:\\\/\\\/er-ig.de\\\/cms\\\/wp-content\\\/uploads\\\/2023\\\/11\\\/ERIG_Farben_RGB_01.png\",\"width\":1995,\"height\":561,\"caption\":\"ERIG e.V.\"},\"image\":{\"@id\":\"https:\\\/\\\/er-ig.de\\\/cms\\\/#\\\/schema\\\/logo\\\/image\\\/\"}}]}<\/script>\n<!-- \/ Yoast SEO plugin. -->","yoast_head_json":{"title":"GRAB &#8211; ERIG e.V.","robots":{"index":"index","follow":"follow","max-snippet":"max-snippet:-1","max-image-preview":"max-image-preview:large","max-video-preview":"max-video-preview:-1"},"canonical":"http:\/\/er-ig.de\/cms\/grab\/","og_locale":"de_DE","og_type":"article","og_title":"GRAB &#8211; ERIG e.V.","og_description":"Gecko Related Adhesive testBundles Motivation Das Ziel von GRAB war die Untersuchung von sogenannten Geckomaterialien unter Weltraumbedingungen. Geckomaterialien haben eine lamellenf\u00f6rmige Oberfl\u00e4che, die eine adh\u00e4sive Wirkung auf Grund von Van-Der-Wals Kr\u00e4ften hat. \u00c4hnlich wie, ein Gecko an Wanden l\u00e4uft sind synthetische Geckomaterialien f\u00fcr viele Anwendungen denkbar. Insbesondere an der Beseitigung von Weltraumm\u00fcll mit Geckomaterialien, forscht [&hellip;]","og_url":"http:\/\/er-ig.de\/cms\/grab\/","og_site_name":"ERIG e.V.","article_modified_time":"2025-05-05T18:07:46+00:00","og_image":[{"url":"http:\/\/er-ig.de\/cms\/wp-content\/uploads\/2023\/11\/570e229fc17c97831ac942f790fbbf522a4e78d8-rexus-patch-mindermann-v3-extern.png","type":"","width":"","height":""}],"twitter_card":"summary_large_image","twitter_misc":{"Gesch\u00e4tzte Lesezeit":"2\u00a0Minuten"},"schema":{"@context":"https:\/\/schema.org","@graph":[{"@type":"WebPage","@id":"http:\/\/er-ig.de\/cms\/grab\/","url":"http:\/\/er-ig.de\/cms\/grab\/","name":"GRAB &#8211; ERIG e.V.","isPartOf":{"@id":"https:\/\/er-ig.de\/cms\/#website"},"primaryImageOfPage":{"@id":"http:\/\/er-ig.de\/cms\/grab\/#primaryimage"},"image":{"@id":"http:\/\/er-ig.de\/cms\/grab\/#primaryimage"},"thumbnailUrl":"http:\/\/er-ig.de\/cms\/wp-content\/uploads\/2023\/11\/570e229fc17c97831ac942f790fbbf522a4e78d8-rexus-patch-mindermann-v3-extern.png","datePublished":"2023-11-18T22:02:39+00:00","dateModified":"2025-05-05T18:07:46+00:00","inLanguage":"de","potentialAction":[{"@type":"ReadAction","target":["http:\/\/er-ig.de\/cms\/grab\/"]}]},{"@type":"ImageObject","inLanguage":"de","@id":"http:\/\/er-ig.de\/cms\/grab\/#primaryimage","url":"https:\/\/er-ig.de\/cms\/wp-content\/uploads\/2023\/11\/570e229fc17c97831ac942f790fbbf522a4e78d8-rexus-patch-mindermann-v3-extern.png","contentUrl":"https:\/\/er-ig.de\/cms\/wp-content\/uploads\/2023\/11\/570e229fc17c97831ac942f790fbbf522a4e78d8-rexus-patch-mindermann-v3-extern.png","width":200,"height":200},{"@type":"WebSite","@id":"https:\/\/er-ig.de\/cms\/#website","url":"https:\/\/er-ig.de\/cms\/","name":"ERIG e.V.","description":"","publisher":{"@id":"https:\/\/er-ig.de\/cms\/#organization"},"potentialAction":[{"@type":"SearchAction","target":{"@type":"EntryPoint","urlTemplate":"https:\/\/er-ig.de\/cms\/?s={search_term_string}"},"query-input":{"@type":"PropertyValueSpecification","valueRequired":true,"valueName":"search_term_string"}}],"inLanguage":"de"},{"@type":"Organization","@id":"https:\/\/er-ig.de\/cms\/#organization","name":"ERIG e.V.","url":"https:\/\/er-ig.de\/cms\/","logo":{"@type":"ImageObject","inLanguage":"de","@id":"https:\/\/er-ig.de\/cms\/#\/schema\/logo\/image\/","url":"https:\/\/er-ig.de\/cms\/wp-content\/uploads\/2023\/11\/ERIG_Farben_RGB_01.png","contentUrl":"https:\/\/er-ig.de\/cms\/wp-content\/uploads\/2023\/11\/ERIG_Farben_RGB_01.png","width":1995,"height":561,"caption":"ERIG e.V."},"image":{"@id":"https:\/\/er-ig.de\/cms\/#\/schema\/logo\/image\/"}}]}},"_links":{"self":[{"href":"https:\/\/er-ig.de\/cms\/wp-json\/wp\/v2\/pages\/529","targetHints":{"allow":["GET"]}}],"collection":[{"href":"https:\/\/er-ig.de\/cms\/wp-json\/wp\/v2\/pages"}],"about":[{"href":"https:\/\/er-ig.de\/cms\/wp-json\/wp\/v2\/types\/page"}],"author":[{"embeddable":true,"href":"https:\/\/er-ig.de\/cms\/wp-json\/wp\/v2\/users\/1"}],"replies":[{"embeddable":true,"href":"https:\/\/er-ig.de\/cms\/wp-json\/wp\/v2\/comments?post=529"}],"version-history":[{"count":8,"href":"https:\/\/er-ig.de\/cms\/wp-json\/wp\/v2\/pages\/529\/revisions"}],"predecessor-version":[{"id":1816,"href":"https:\/\/er-ig.de\/cms\/wp-json\/wp\/v2\/pages\/529\/revisions\/1816"}],"wp:attachment":[{"href":"https:\/\/er-ig.de\/cms\/wp-json\/wp\/v2\/media?parent=529"}],"curies":[{"name":"wp","href":"https:\/\/api.w.org\/{rel}","templated":true}]}}