{"id":521,"date":"2023-11-18T22:38:23","date_gmt":"2023-11-18T21:38:23","guid":{"rendered":"http:\/\/localhost\/?page_id=521"},"modified":"2025-02-08T18:46:28","modified_gmt":"2025-02-08T17:46:28","slug":"create","status":"publish","type":"page","link":"https:\/\/er-ig.de\/cms\/create\/","title":{"rendered":"CREATE"},"content":{"rendered":"\n<h2 class=\"wp-block-heading\" style=\"font-style:normal;font-weight:300\"><strong>C<\/strong>arbon <strong>RE<\/strong>inforced <strong>A<\/strong>dditive manufacturing <strong>T<\/strong>echnology <strong>E<\/strong>xperiment<\/h2>\n\n\n\n<figure data-wp-context=\"{&quot;imageId&quot;:&quot;69d668a384e47&quot;}\" data-wp-interactive=\"core\/image\" data-wp-key=\"69d668a384e47\" class=\"wp-block-image alignleft size-large is-resized wp-lightbox-container\"><img decoding=\"async\" data-wp-class--hide=\"state.isContentHidden\" data-wp-class--show=\"state.isContentVisible\" data-wp-init=\"callbacks.setButtonStyles\" data-wp-on--click=\"actions.showLightbox\" data-wp-on--load=\"callbacks.setButtonStyles\" data-wp-on-window--resize=\"callbacks.setButtonStyles\" src=\"http:\/\/er-ig.de\/cms\/wp-content\/uploads\/2023\/11\/89c5b87cc813deb77a6a6a9b22178212ea9553d8-createtransparentsquare.png\" alt=\"\" style=\"width:300px\"\/><button\n\t\t\tclass=\"lightbox-trigger\"\n\t\t\ttype=\"button\"\n\t\t\taria-haspopup=\"dialog\"\n\t\t\taria-label=\"Vergr\u00f6\u00dfern\"\n\t\t\tdata-wp-init=\"callbacks.initTriggerButton\"\n\t\t\tdata-wp-on--click=\"actions.showLightbox\"\n\t\t\tdata-wp-style--right=\"state.imageButtonRight\"\n\t\t\tdata-wp-style--top=\"state.imageButtonTop\"\n\t\t>\n\t\t\t<svg xmlns=\"http:\/\/www.w3.org\/2000\/svg\" width=\"12\" height=\"12\" fill=\"none\" viewBox=\"0 0 12 12\">\n\t\t\t\t<path fill=\"#fff\" d=\"M2 0a2 2 0 0 0-2 2v2h1.5V2a.5.5 0 0 1 .5-.5h2V0H2Zm2 10.5H2a.5.5 0 0 1-.5-.5V8H0v2a2 2 0 0 0 2 2h2v-1.5ZM8 12v-1.5h2a.5.5 0 0 0 .5-.5V8H12v2a2 2 0 0 1-2 2H8Zm2-12a2 2 0 0 1 2 2v2h-1.5V2a.5.5 0 0 0-.5-.5H8V0h2Z\" \/>\n\t\t\t<\/svg>\n\t\t<\/button><\/figure>\n\n\n\n<p>Ein Teil der Mitglieder der ERIG e.V. haben das H\u00f6henforschungsexperiment CREATE entwickelt, das im M\u00e4rz 2024 auf der H\u00f6henforschungsrakete REXUS 31 geflogen ist. Mit diesem nahmen die Studierenden an dem <a href=\"https:\/\/rexusbexus.net\/\">REXUS\/BEXUS<\/a>-Programm von <a href=\"https:\/\/www.dlr.de\/DE\/Home\/home_node.html\">DLR<\/a>, <a href=\"https:\/\/www.zarm.uni-bremen.de\/de.html\">ZARM<\/a>, <a href=\"https:\/\/sscspace.com\/\">SSC<\/a>, <a href=\"https:\/\/www.rymdstyrelsen.se\/en\/\">SNSA<\/a> und <a href=\"https:\/\/www.esa.int\/\">ESA<\/a> teil. Das REXUS\/BEXUS-Programm erm\u00f6glicht es Studierenden eine wissenschaftliche Nutzlast an Bord einer H\u00f6henforschungsrakete ins Weltall zu transportieren. Daf\u00fcr stehen ihnen die finanzielle Unterst\u00fctzung sowie wissenschaftliche Expertise von DLR, ZARM, SSC, SNSA und ESA zur Verf\u00fcgung. W\u00e4hrend des Flugs befinden sich die Experimente an Bord der Rakete zeitweise in Mikrogravitation, was f\u00fcr wissenschaftliche Experimente interessant ist, um den Einfluss der Gravitation auf bestimmte Prozesse zu untersuchen. In den vergangenen Jahren hat die ERIG e.V. bereits mehrfach erfolgreich am REXUS\/BEXUS-Programm teilgenommen.<\/p>\n\n\n\n<figure data-wp-context=\"{&quot;imageId&quot;:&quot;69d668a385008&quot;}\" data-wp-interactive=\"core\/image\" data-wp-key=\"69d668a385008\" class=\"wp-block-image alignright size-large is-resized wp-lightbox-container\"><img decoding=\"async\" data-wp-class--hide=\"state.isContentHidden\" data-wp-class--show=\"state.isContentVisible\" data-wp-init=\"callbacks.setButtonStyles\" data-wp-on--click=\"actions.showLightbox\" data-wp-on--load=\"callbacks.setButtonStyles\" data-wp-on-window--resize=\"callbacks.setButtonStyles\" src=\"http:\/\/er-ig.de\/cms\/wp-content\/uploads\/2023\/11\/RexBexLogoCap.png\" alt=\"\" style=\"width:300px\"\/><button\n\t\t\tclass=\"lightbox-trigger\"\n\t\t\ttype=\"button\"\n\t\t\taria-haspopup=\"dialog\"\n\t\t\taria-label=\"Vergr\u00f6\u00dfern\"\n\t\t\tdata-wp-init=\"callbacks.initTriggerButton\"\n\t\t\tdata-wp-on--click=\"actions.showLightbox\"\n\t\t\tdata-wp-style--right=\"state.imageButtonRight\"\n\t\t\tdata-wp-style--top=\"state.imageButtonTop\"\n\t\t>\n\t\t\t<svg xmlns=\"http:\/\/www.w3.org\/2000\/svg\" width=\"12\" height=\"12\" fill=\"none\" viewBox=\"0 0 12 12\">\n\t\t\t\t<path fill=\"#fff\" d=\"M2 0a2 2 0 0 0-2 2v2h1.5V2a.5.5 0 0 1 .5-.5h2V0H2Zm2 10.5H2a.5.5 0 0 1-.5-.5V8H0v2a2 2 0 0 0 2 2h2v-1.5ZM8 12v-1.5h2a.5.5 0 0 0 .5-.5V8H12v2a2 2 0 0 1-2 2H8Zm2-12a2 2 0 0 1 2 2v2h-1.5V2a.5.5 0 0 0-.5-.5H8V0h2Z\" \/>\n\t\t\t<\/svg>\n\t\t<\/button><\/figure>\n\n\n\n<p>CREATE steht f\u00fcr Carbon REinforced Additive manufacturing Technology Experiment und besch\u00e4ftigt sich mit faserverst\u00e4rktem 3D-Druck. Das Ziel des Experiments besteht in der Untersuchung des Einflusses der Gravitationskraft auf den Prozess des faserverst\u00e4rkten 3D-Drucks.<br>Bei allen 3D-Druck Verfahren wird ein Filament, meist PLA, aufgeschmolzen und anschlie\u00dfend an die gew\u00fcnschte Stelle und in gew\u00fcnschter Weise extrudiert. Bei faserverst\u00e4rktem 3D-Druck wird das aufgeschmolzene Filament zus\u00e4tzlich mit Kohlefasern versetzt, sodass das entstandene Komposit ein Verbund aus Kohlefaser und Filament ist. Dies verbessert die Materialeigenschaften des gedruckten Komposits und erm\u00f6glicht einen facettenreicheren Einsatz von 3D-gedruckten Produkten. Dar\u00fcber hinaus eignet sich diese Methode aufgrund der h\u00f6heren Druckflexibilit\u00e4t, der Ressourceneffizienz und des kompakten Fertigungsaufbaus optimal f\u00fcr die Anwendung im Weltraum.<br>Allerdings entstehen bei dem gemeinsamen Extrudieren von Kohlefasern und Filament Hohlr\u00e4ume an der Faser-Matrix-Grenzfl\u00e4che (sog. Voids). Diese wirken sich negativ auf die Materialeigenschaften des Komposits aus. Um die Verbundwerkstoff-Fertigungstechnologien zu verbessern, ist es n\u00f6tig den Prozess des faserverst\u00e4rkten 3D-Drucks und im Besonderen die Bildung der Voids n\u00e4her zu verstehen.<\/p>\n\n\n\n<figure data-wp-context=\"{&quot;imageId&quot;:&quot;69d668a385157&quot;}\" data-wp-interactive=\"core\/image\" data-wp-key=\"69d668a385157\" class=\"wp-block-image aligncenter size-large has-custom-border is-style-default wp-lightbox-container\"><img decoding=\"async\" data-wp-class--hide=\"state.isContentHidden\" data-wp-class--show=\"state.isContentVisible\" data-wp-init=\"callbacks.setButtonStyles\" data-wp-on--click=\"actions.showLightbox\" data-wp-on--load=\"callbacks.setButtonStyles\" data-wp-on-window--resize=\"callbacks.setButtonStyles\" src=\"http:\/\/er-ig.de\/cms\/wp-content\/uploads\/2023\/11\/b9682493d812f696a895ef5d35c26f8fce486d99-voids.png\" alt=\"\" style=\"border-radius:10px\"\/><button\n\t\t\tclass=\"lightbox-trigger\"\n\t\t\ttype=\"button\"\n\t\t\taria-haspopup=\"dialog\"\n\t\t\taria-label=\"Vergr\u00f6\u00dfern\"\n\t\t\tdata-wp-init=\"callbacks.initTriggerButton\"\n\t\t\tdata-wp-on--click=\"actions.showLightbox\"\n\t\t\tdata-wp-style--right=\"state.imageButtonRight\"\n\t\t\tdata-wp-style--top=\"state.imageButtonTop\"\n\t\t>\n\t\t\t<svg xmlns=\"http:\/\/www.w3.org\/2000\/svg\" width=\"12\" height=\"12\" fill=\"none\" viewBox=\"0 0 12 12\">\n\t\t\t\t<path fill=\"#fff\" d=\"M2 0a2 2 0 0 0-2 2v2h1.5V2a.5.5 0 0 1 .5-.5h2V0H2Zm2 10.5H2a.5.5 0 0 1-.5-.5V8H0v2a2 2 0 0 0 2 2h2v-1.5ZM8 12v-1.5h2a.5.5 0 0 0 .5-.5V8H12v2a2 2 0 0 1-2 2H8Zm2-12a2 2 0 0 1 2 2v2h-1.5V2a.5.5 0 0 0-.5-.5H8V0h2Z\" \/>\n\t\t\t<\/svg>\n\t\t<\/button><figcaption class=\"wp-element-caption\"><em>Quelle: Pappas, John &amp; Thakur, Adi &amp; Leu, Ming &amp; Dong, Xiangyang. (2021). A parametric study and characterization of additively manufactured continuous carbon fiber reinforced composites for high-speed 3D printing. The International Journal of Advanced Manufacturing Technology. 113. 1-15. 10.1007\/s00170-021-06723-1.&nbsp;<\/em><\/figcaption><\/figure>\n\n\n\n<p>Geschmolzener thermoplastischer Kunststoff verh\u00e4lt sich wie eine nicht-newtonsche Fl\u00fcssigkeit, die unter verschiedenen Schwerkraftbedingungen eine Ver\u00e4nderung der Benetzbarkeit aufweist. In der Schwerelosigkeit k\u00f6nnte die Umschlie\u00dfung der Fasern vom PLA somit gleichm\u00e4\u00dfiger ausfallen und damit die Materialeigenschaften des produzierten Verbundwerkstoffs verbessern. Um dies genauer zu untersuchen, soll mit dem Experiment CREATE faserverst\u00e4rktes Komposit an Board einer REXUS-Rakete in Mikrogravitation gedruckt werden.<br>Au\u00dferdem sollen mit dem gleichen Aufbau Kompositproben auf der Erde bei einer Erdbeschleunigung von 1g hergestellt werden. Die verschiedenen Kompositproben sollen dann im Hinblick auf ihre Materialeigenschaften sowie mikroskopisch untersucht und verglichen werden.<\/p>\n\n\n\n<figure data-wp-context=\"{&quot;imageId&quot;:&quot;69d668a3854b4&quot;}\" data-wp-interactive=\"core\/image\" data-wp-key=\"69d668a3854b4\" class=\"wp-block-image alignleft size-full is-resized has-custom-border wp-lightbox-container\"><img loading=\"lazy\" decoding=\"async\" width=\"1367\" height=\"2048\" data-wp-class--hide=\"state.isContentHidden\" data-wp-class--show=\"state.isContentVisible\" data-wp-init=\"callbacks.setButtonStyles\" data-wp-on--click=\"actions.showLightbox\" data-wp-on--load=\"callbacks.setButtonStyles\" data-wp-on-window--resize=\"callbacks.setButtonStyles\" src=\"https:\/\/er-ig.de\/cms\/wp-content\/uploads\/2024\/01\/278c8134babb5ed0a15c5489330c6b20.jpg\" alt=\"\" class=\"wp-image-976\" style=\"border-radius:10px;width:271px;height:auto\" srcset=\"https:\/\/er-ig.de\/cms\/wp-content\/uploads\/2024\/01\/278c8134babb5ed0a15c5489330c6b20.jpg 1367w, https:\/\/er-ig.de\/cms\/wp-content\/uploads\/2024\/01\/278c8134babb5ed0a15c5489330c6b20-200x300.jpg 200w, https:\/\/er-ig.de\/cms\/wp-content\/uploads\/2024\/01\/278c8134babb5ed0a15c5489330c6b20-684x1024.jpg 684w, https:\/\/er-ig.de\/cms\/wp-content\/uploads\/2024\/01\/278c8134babb5ed0a15c5489330c6b20-768x1151.jpg 768w, https:\/\/er-ig.de\/cms\/wp-content\/uploads\/2024\/01\/278c8134babb5ed0a15c5489330c6b20-1025x1536.jpg 1025w\" sizes=\"auto, (max-width: 1367px) 100vw, 1367px\" \/><button\n\t\t\tclass=\"lightbox-trigger\"\n\t\t\ttype=\"button\"\n\t\t\taria-haspopup=\"dialog\"\n\t\t\taria-label=\"Vergr\u00f6\u00dfern\"\n\t\t\tdata-wp-init=\"callbacks.initTriggerButton\"\n\t\t\tdata-wp-on--click=\"actions.showLightbox\"\n\t\t\tdata-wp-style--right=\"state.imageButtonRight\"\n\t\t\tdata-wp-style--top=\"state.imageButtonTop\"\n\t\t>\n\t\t\t<svg xmlns=\"http:\/\/www.w3.org\/2000\/svg\" width=\"12\" height=\"12\" fill=\"none\" viewBox=\"0 0 12 12\">\n\t\t\t\t<path fill=\"#fff\" d=\"M2 0a2 2 0 0 0-2 2v2h1.5V2a.5.5 0 0 1 .5-.5h2V0H2Zm2 10.5H2a.5.5 0 0 1-.5-.5V8H0v2a2 2 0 0 0 2 2h2v-1.5ZM8 12v-1.5h2a.5.5 0 0 0 .5-.5V8H12v2a2 2 0 0 1-2 2H8Zm2-12a2 2 0 0 1 2 2v2h-1.5V2a.5.5 0 0 0-.5-.5H8V0h2Z\" \/>\n\t\t\t<\/svg>\n\t\t<\/button><figcaption class=\"wp-element-caption\"><em>CREATE w\u00e4hrend des Benchtests im GSOC in Oberpfaffenhofen<\/em><\/figcaption><\/figure>\n\n\n\n<p>CREATE tr\u00e4gt damit dazu bei, den Weg f\u00fcr die Fertigung im Weltraum zu ebnen, indem wichtige Grundlagenforschung auf dem relativ neuen Gebiet der faserverst\u00e4rkten additiven Fertigung betrieben wird. Wichtige, vielschichtige Aspekte wie die Auswirkung der Schwerkraft auf die Festigkeit des Verbundwerkstoffs, die Dichte, die Benetzung der Fasern, die Hohlr\u00e4ume zwischen und innerhalb der Schichten usw. k\u00f6nnen durch das vorgeschlagene Experiment effizient bewertet und beurteilt werden. Auf diese Weise wird die wissenschaftliche Grundlage f\u00fcr das Streben der Menschheit nach der M\u00f6glichkeit der Fertigung im Weltraum geschaffen. Gleichzeitig k\u00f6nnen Wege zur Verbesserung der Verbundwerkstoff-Fertigungstechnologien f\u00fcr terrestrische Anwendungen aufgezeigt werden.<\/p>\n\n\n\n<h2 class=\"wp-block-heading\">Funktion\u00ads\u00adprinzip von CREATE<\/h2>\n\n\n\n<p>Das grundlegende Funktionsprinzip von CREATE \u00e4hnelt dem eines Fused Deposition Modeling-Ger\u00e4ts, das allgemein als 3D-Drucker bekannt ist. Ein schematischer \u00dcberblick \u00fcber das Versuchskonzept ist in der folgenden Abbildung dargestellt.<\/p>\n\n\n\n<figure data-wp-context=\"{&quot;imageId&quot;:&quot;69d668a38567b&quot;}\" data-wp-interactive=\"core\/image\" data-wp-key=\"69d668a38567b\" class=\"wp-block-image size-large has-custom-border wp-lightbox-container\"><img decoding=\"async\" data-wp-class--hide=\"state.isContentHidden\" data-wp-class--show=\"state.isContentVisible\" data-wp-init=\"callbacks.setButtonStyles\" data-wp-on--click=\"actions.showLightbox\" data-wp-on--load=\"callbacks.setButtonStyles\" data-wp-on-window--resize=\"callbacks.setButtonStyles\" src=\"http:\/\/er-ig.de\/cms\/wp-content\/uploads\/2023\/11\/5ae2c1b6584141be4ad36a32126ba052e1d6e5e1-overview.png\" alt=\"\" style=\"border-radius:10px\"\/><button\n\t\t\tclass=\"lightbox-trigger\"\n\t\t\ttype=\"button\"\n\t\t\taria-haspopup=\"dialog\"\n\t\t\taria-label=\"Vergr\u00f6\u00dfern\"\n\t\t\tdata-wp-init=\"callbacks.initTriggerButton\"\n\t\t\tdata-wp-on--click=\"actions.showLightbox\"\n\t\t\tdata-wp-style--right=\"state.imageButtonRight\"\n\t\t\tdata-wp-style--top=\"state.imageButtonTop\"\n\t\t>\n\t\t\t<svg xmlns=\"http:\/\/www.w3.org\/2000\/svg\" width=\"12\" height=\"12\" fill=\"none\" viewBox=\"0 0 12 12\">\n\t\t\t\t<path fill=\"#fff\" d=\"M2 0a2 2 0 0 0-2 2v2h1.5V2a.5.5 0 0 1 .5-.5h2V0H2Zm2 10.5H2a.5.5 0 0 1-.5-.5V8H0v2a2 2 0 0 0 2 2h2v-1.5ZM8 12v-1.5h2a.5.5 0 0 0 .5-.5V8H12v2a2 2 0 0 1-2 2H8Zm2-12a2 2 0 0 1 2 2v2h-1.5V2a.5.5 0 0 0-.5-.5H8V0h2Z\" \/>\n\t\t\t<\/svg>\n\t\t<\/button><figcaption class=\"wp-element-caption\"><em>Funktionsprinzip von CREATE<\/em><\/figcaption><\/figure>\n\n\n\n<p>Die Filamentspule tr\u00e4gt das Polylactid (PLA)-Filament, das einen Durchmesser von 2,85 mm hat. Das Filament wird durch einen Zuf\u00fchrungsmechanismus, auch als Extruder bezeichnet, transportiert. Von dort gelangt das Filament in ein Hotend. Zus\u00e4tzlich zum Filament wird ein Kohlenstofffaserb\u00fcndel aus etwa eintausend Einzelstr\u00e4ngen in das Hotend eingef\u00fchrt. Dort wird das Filament bis zu seinem Schmelzpunkt erhitzt und das Faserb\u00fcndel impr\u00e4gniert. Der so entstandene Verbundwerkstoff wird durch eine D\u00fcse transportiert und extrudiert. Das extrudierte Material wird mit ein Gebl\u00e4se gek\u00fchlt, um die Erstarrungszeit zu verk\u00fcrzen. Das feste Komposit wird schlie\u00dflich mit einem Antriebsmechanismus auf die Kompositspule gezogen. Der gesamte Prozess wird von einer Kamera und einer W\u00e4rmebildkamera gefilmt.<\/p>\n\n\n\n<h2 class=\"wp-block-heading\">Prototyp <em>Sammansatt<\/em><\/h2>\n\n\n\n<p>Mit dem ersten Prototyp des Experiments war es bereits m\u00f6glich, erste Kompositproben zu drucken. Der unten gezeigte Versuchsaufbau wurde anschlie\u00dfend weiter entwickelt und erkannte Schwachstellen wurden ausgebessert.<\/p>\n\n\n\n<figure data-wp-context=\"{&quot;imageId&quot;:&quot;69d668a385822&quot;}\" data-wp-interactive=\"core\/image\" data-wp-key=\"69d668a385822\" class=\"wp-block-image aligncenter size-large has-custom-border wp-lightbox-container\"><img decoding=\"async\" data-wp-class--hide=\"state.isContentHidden\" data-wp-class--show=\"state.isContentVisible\" data-wp-init=\"callbacks.setButtonStyles\" data-wp-on--click=\"actions.showLightbox\" data-wp-on--load=\"callbacks.setButtonStyles\" data-wp-on-window--resize=\"callbacks.setButtonStyles\" src=\"http:\/\/er-ig.de\/cms\/wp-content\/uploads\/2023\/11\/0c290e589d421f7c72412440cfa390078b48eb97-overviewsammansatt.jpg\" alt=\"\" style=\"border-radius:10px\"\/><button\n\t\t\tclass=\"lightbox-trigger\"\n\t\t\ttype=\"button\"\n\t\t\taria-haspopup=\"dialog\"\n\t\t\taria-label=\"Vergr\u00f6\u00dfern\"\n\t\t\tdata-wp-init=\"callbacks.initTriggerButton\"\n\t\t\tdata-wp-on--click=\"actions.showLightbox\"\n\t\t\tdata-wp-style--right=\"state.imageButtonRight\"\n\t\t\tdata-wp-style--top=\"state.imageButtonTop\"\n\t\t>\n\t\t\t<svg xmlns=\"http:\/\/www.w3.org\/2000\/svg\" width=\"12\" height=\"12\" fill=\"none\" viewBox=\"0 0 12 12\">\n\t\t\t\t<path fill=\"#fff\" d=\"M2 0a2 2 0 0 0-2 2v2h1.5V2a.5.5 0 0 1 .5-.5h2V0H2Zm2 10.5H2a.5.5 0 0 1-.5-.5V8H0v2a2 2 0 0 0 2 2h2v-1.5ZM8 12v-1.5h2a.5.5 0 0 0 .5-.5V8H12v2a2 2 0 0 1-2 2H8Zm2-12a2 2 0 0 1 2 2v2h-1.5V2a.5.5 0 0 0-.5-.5H8V0h2Z\" \/>\n\t\t\t<\/svg>\n\t\t<\/button><figcaption class=\"wp-element-caption\"><em>Erster<\/em> <em>Prototyp des Experiments CREATE<\/em><\/figcaption><\/figure>\n\n\n\n<h2 class=\"wp-block-heading\">CREATE in den Medien<\/h2>\n\n\n\n<p>Im Rahmen intensiver \u00d6ffentlichkeitsarbeit wurde CREATE \u00fcber einige Kan\u00e4le verbreitet:<\/p>\n\n\n\n<ul class=\"wp-block-list\">\n<li>Artikel auf der&nbsp;<a href=\"https:\/\/magazin.tu-braunschweig.de\/m-post\/3d-druck-in-der-schwerelosigkeit\/\">Webseite<\/a>&nbsp;der TU Braunschweig<\/li>\n\n\n\n<li>Artikel in der&nbsp;<a href=\"https:\/\/www.braunschweiger-zeitung.de\/braunschweig\/article235762669\/Braunschweiger-Studierende-schicken-Forschungs-Drucker-ins-All.html\">Braunschweiger Zeitung<\/a><\/li>\n\n\n\n<li>Radiointerview bei Radio Okerwelle:&nbsp;<a href=\"https:\/\/er-ig.de\/cms3\/de\/ag-hoehenforschung\/sg-hier\/create\/Interview%20Komplett.mp3\">Komplettes Interview<\/a><\/li>\n\n\n\n<li>Artikel in der Zeitschrift &#8222;Luft- und Raumfahrt&#8220; der&nbsp;<a href=\"https:\/\/www.dglr.de\/nc\/startseite\/\">DGLR<\/a><\/li>\n\n\n\n<li>Video mit detaillierter Beschreibung des Experiments auf&nbsp;<a href=\"https:\/\/www.youtube.com\/watch?v=ArnBt1FkDTA\">YouTube<\/a>&nbsp;oder s. u.<\/li>\n<\/ul>\n\n\n\n<h2 class=\"wp-block-heading\">Image-Video<\/h2>\n\n\n\n<figure class=\"wp-block-embed aligncenter is-type-video is-provider-youtube wp-block-embed-youtube wp-embed-aspect-16-9 wp-has-aspect-ratio\"><div class=\"wp-block-embed__wrapper\">\n<iframe loading=\"lazy\" title=\"CREATE: 3D printing in space\" width=\"500\" height=\"281\" src=\"https:\/\/www.youtube.com\/embed\/ArnBt1FkDTA?feature=oembed\" frameborder=\"0\" allow=\"accelerometer; autoplay; clipboard-write; encrypted-media; gyroscope; picture-in-picture; web-share\" referrerpolicy=\"strict-origin-when-cross-origin\" allowfullscreen><\/iframe>\n<\/div><\/figure>\n","protected":false},"excerpt":{"rendered":"<p>Carbon REinforced Additive manufacturing Technology Experiment Ein Teil der Mitglieder der ERIG e.V. haben das H\u00f6henforschungsexperiment CREATE entwickelt, das im M\u00e4rz 2024 auf der H\u00f6henforschungsrakete REXUS 31 geflogen ist. Mit diesem nahmen die Studierenden an dem REXUS\/BEXUS-Programm von DLR, ZARM, SSC, SNSA und ESA teil. Das REXUS\/BEXUS-Programm erm\u00f6glicht es Studierenden eine wissenschaftliche Nutzlast an Bord [&hellip;]<\/p>\n","protected":false},"author":1,"featured_media":0,"parent":0,"menu_order":0,"comment_status":"closed","ping_status":"closed","template":"","meta":{"footnotes":""},"class_list":["post-521","page","type-page","status-publish","hentry"],"yoast_head":"<!-- This site is optimized with the Yoast SEO plugin v27.1.1 - https:\/\/yoast.com\/product\/yoast-seo-wordpress\/ -->\n<title>CREATE &#8211; ERIG e.V.<\/title>\n<meta name=\"robots\" content=\"index, follow, max-snippet:-1, max-image-preview:large, max-video-preview:-1\" \/>\n<link rel=\"canonical\" href=\"https:\/\/er-ig.de\/cms\/create\/\" \/>\n<meta property=\"og:locale\" content=\"de_DE\" \/>\n<meta property=\"og:type\" content=\"article\" \/>\n<meta property=\"og:title\" content=\"CREATE &#8211; ERIG e.V.\" \/>\n<meta property=\"og:description\" content=\"Carbon REinforced Additive manufacturing Technology Experiment Ein Teil der Mitglieder der ERIG e.V. haben das H\u00f6henforschungsexperiment CREATE entwickelt, das im M\u00e4rz 2024 auf der H\u00f6henforschungsrakete REXUS 31 geflogen ist. Mit diesem nahmen die Studierenden an dem REXUS\/BEXUS-Programm von DLR, ZARM, SSC, SNSA und ESA teil. Das REXUS\/BEXUS-Programm erm\u00f6glicht es Studierenden eine wissenschaftliche Nutzlast an Bord [&hellip;]\" \/>\n<meta property=\"og:url\" content=\"https:\/\/er-ig.de\/cms\/create\/\" \/>\n<meta property=\"og:site_name\" content=\"ERIG e.V.\" \/>\n<meta property=\"article:modified_time\" content=\"2025-02-08T17:46:28+00:00\" \/>\n<meta property=\"og:image\" content=\"http:\/\/er-ig.de\/cms\/wp-content\/uploads\/2023\/11\/89c5b87cc813deb77a6a6a9b22178212ea9553d8-createtransparentsquare.png\" \/>\n<meta name=\"twitter:card\" content=\"summary_large_image\" \/>\n<script type=\"application\/ld+json\" class=\"yoast-schema-graph\">{\"@context\":\"https:\/\/schema.org\",\"@graph\":[{\"@type\":\"WebPage\",\"@id\":\"https:\/\/er-ig.de\/cms\/create\/\",\"url\":\"https:\/\/er-ig.de\/cms\/create\/\",\"name\":\"CREATE &#8211; ERIG e.V.\",\"isPartOf\":{\"@id\":\"https:\/\/er-ig.de\/cms\/#website\"},\"primaryImageOfPage\":{\"@id\":\"https:\/\/er-ig.de\/cms\/create\/#primaryimage\"},\"image\":{\"@id\":\"https:\/\/er-ig.de\/cms\/create\/#primaryimage\"},\"thumbnailUrl\":\"http:\/\/er-ig.de\/cms\/wp-content\/uploads\/2023\/11\/89c5b87cc813deb77a6a6a9b22178212ea9553d8-createtransparentsquare.png\",\"datePublished\":\"2023-11-18T21:38:23+00:00\",\"dateModified\":\"2025-02-08T17:46:28+00:00\",\"inLanguage\":\"de\",\"potentialAction\":[{\"@type\":\"ReadAction\",\"target\":[\"https:\/\/er-ig.de\/cms\/create\/\"]}]},{\"@type\":\"ImageObject\",\"inLanguage\":\"de\",\"@id\":\"https:\/\/er-ig.de\/cms\/create\/#primaryimage\",\"url\":\"https:\/\/er-ig.de\/cms\/wp-content\/uploads\/2023\/11\/89c5b87cc813deb77a6a6a9b22178212ea9553d8-createtransparentsquare.png\",\"contentUrl\":\"https:\/\/er-ig.de\/cms\/wp-content\/uploads\/2023\/11\/89c5b87cc813deb77a6a6a9b22178212ea9553d8-createtransparentsquare.png\",\"width\":300,\"height\":300},{\"@type\":\"WebSite\",\"@id\":\"https:\/\/er-ig.de\/cms\/#website\",\"url\":\"https:\/\/er-ig.de\/cms\/\",\"name\":\"ERIG e.V.\",\"description\":\"\",\"publisher\":{\"@id\":\"https:\/\/er-ig.de\/cms\/#organization\"},\"potentialAction\":[{\"@type\":\"SearchAction\",\"target\":{\"@type\":\"EntryPoint\",\"urlTemplate\":\"https:\/\/er-ig.de\/cms\/?s={search_term_string}\"},\"query-input\":{\"@type\":\"PropertyValueSpecification\",\"valueRequired\":true,\"valueName\":\"search_term_string\"}}],\"inLanguage\":\"de\"},{\"@type\":\"Organization\",\"@id\":\"https:\/\/er-ig.de\/cms\/#organization\",\"name\":\"ERIG e.V.\",\"url\":\"https:\/\/er-ig.de\/cms\/\",\"logo\":{\"@type\":\"ImageObject\",\"inLanguage\":\"de\",\"@id\":\"https:\/\/er-ig.de\/cms\/#\/schema\/logo\/image\/\",\"url\":\"https:\/\/er-ig.de\/cms\/wp-content\/uploads\/2023\/11\/ERIG_Farben_RGB_01.png\",\"contentUrl\":\"https:\/\/er-ig.de\/cms\/wp-content\/uploads\/2023\/11\/ERIG_Farben_RGB_01.png\",\"width\":1995,\"height\":561,\"caption\":\"ERIG e.V.\"},\"image\":{\"@id\":\"https:\/\/er-ig.de\/cms\/#\/schema\/logo\/image\/\"}}]}<\/script>\n<!-- \/ Yoast SEO plugin. -->","yoast_head_json":{"title":"CREATE &#8211; ERIG e.V.","robots":{"index":"index","follow":"follow","max-snippet":"max-snippet:-1","max-image-preview":"max-image-preview:large","max-video-preview":"max-video-preview:-1"},"canonical":"https:\/\/er-ig.de\/cms\/create\/","og_locale":"de_DE","og_type":"article","og_title":"CREATE &#8211; ERIG e.V.","og_description":"Carbon REinforced Additive manufacturing Technology Experiment Ein Teil der Mitglieder der ERIG e.V. haben das H\u00f6henforschungsexperiment CREATE entwickelt, das im M\u00e4rz 2024 auf der H\u00f6henforschungsrakete REXUS 31 geflogen ist. Mit diesem nahmen die Studierenden an dem REXUS\/BEXUS-Programm von DLR, ZARM, SSC, SNSA und ESA teil. Das REXUS\/BEXUS-Programm erm\u00f6glicht es Studierenden eine wissenschaftliche Nutzlast an Bord [&hellip;]","og_url":"https:\/\/er-ig.de\/cms\/create\/","og_site_name":"ERIG e.V.","article_modified_time":"2025-02-08T17:46:28+00:00","og_image":[{"url":"http:\/\/er-ig.de\/cms\/wp-content\/uploads\/2023\/11\/89c5b87cc813deb77a6a6a9b22178212ea9553d8-createtransparentsquare.png","type":"","width":"","height":""}],"twitter_card":"summary_large_image","schema":{"@context":"https:\/\/schema.org","@graph":[{"@type":"WebPage","@id":"https:\/\/er-ig.de\/cms\/create\/","url":"https:\/\/er-ig.de\/cms\/create\/","name":"CREATE &#8211; ERIG e.V.","isPartOf":{"@id":"https:\/\/er-ig.de\/cms\/#website"},"primaryImageOfPage":{"@id":"https:\/\/er-ig.de\/cms\/create\/#primaryimage"},"image":{"@id":"https:\/\/er-ig.de\/cms\/create\/#primaryimage"},"thumbnailUrl":"http:\/\/er-ig.de\/cms\/wp-content\/uploads\/2023\/11\/89c5b87cc813deb77a6a6a9b22178212ea9553d8-createtransparentsquare.png","datePublished":"2023-11-18T21:38:23+00:00","dateModified":"2025-02-08T17:46:28+00:00","inLanguage":"de","potentialAction":[{"@type":"ReadAction","target":["https:\/\/er-ig.de\/cms\/create\/"]}]},{"@type":"ImageObject","inLanguage":"de","@id":"https:\/\/er-ig.de\/cms\/create\/#primaryimage","url":"https:\/\/er-ig.de\/cms\/wp-content\/uploads\/2023\/11\/89c5b87cc813deb77a6a6a9b22178212ea9553d8-createtransparentsquare.png","contentUrl":"https:\/\/er-ig.de\/cms\/wp-content\/uploads\/2023\/11\/89c5b87cc813deb77a6a6a9b22178212ea9553d8-createtransparentsquare.png","width":300,"height":300},{"@type":"WebSite","@id":"https:\/\/er-ig.de\/cms\/#website","url":"https:\/\/er-ig.de\/cms\/","name":"ERIG e.V.","description":"","publisher":{"@id":"https:\/\/er-ig.de\/cms\/#organization"},"potentialAction":[{"@type":"SearchAction","target":{"@type":"EntryPoint","urlTemplate":"https:\/\/er-ig.de\/cms\/?s={search_term_string}"},"query-input":{"@type":"PropertyValueSpecification","valueRequired":true,"valueName":"search_term_string"}}],"inLanguage":"de"},{"@type":"Organization","@id":"https:\/\/er-ig.de\/cms\/#organization","name":"ERIG e.V.","url":"https:\/\/er-ig.de\/cms\/","logo":{"@type":"ImageObject","inLanguage":"de","@id":"https:\/\/er-ig.de\/cms\/#\/schema\/logo\/image\/","url":"https:\/\/er-ig.de\/cms\/wp-content\/uploads\/2023\/11\/ERIG_Farben_RGB_01.png","contentUrl":"https:\/\/er-ig.de\/cms\/wp-content\/uploads\/2023\/11\/ERIG_Farben_RGB_01.png","width":1995,"height":561,"caption":"ERIG e.V."},"image":{"@id":"https:\/\/er-ig.de\/cms\/#\/schema\/logo\/image\/"}}]}},"_links":{"self":[{"href":"https:\/\/er-ig.de\/cms\/wp-json\/wp\/v2\/pages\/521","targetHints":{"allow":["GET"]}}],"collection":[{"href":"https:\/\/er-ig.de\/cms\/wp-json\/wp\/v2\/pages"}],"about":[{"href":"https:\/\/er-ig.de\/cms\/wp-json\/wp\/v2\/types\/page"}],"author":[{"embeddable":true,"href":"https:\/\/er-ig.de\/cms\/wp-json\/wp\/v2\/users\/1"}],"replies":[{"embeddable":true,"href":"https:\/\/er-ig.de\/cms\/wp-json\/wp\/v2\/comments?post=521"}],"version-history":[{"count":17,"href":"https:\/\/er-ig.de\/cms\/wp-json\/wp\/v2\/pages\/521\/revisions"}],"predecessor-version":[{"id":1585,"href":"https:\/\/er-ig.de\/cms\/wp-json\/wp\/v2\/pages\/521\/revisions\/1585"}],"wp:attachment":[{"href":"https:\/\/er-ig.de\/cms\/wp-json\/wp\/v2\/media?parent=521"}],"curies":[{"name":"wp","href":"https:\/\/api.w.org\/{rel}","templated":true}]}}