{"id":518,"date":"2023-11-18T22:38:55","date_gmt":"2023-11-18T21:38:55","guid":{"rendered":"http:\/\/localhost\/?page_id=518"},"modified":"2025-07-05T22:43:07","modified_gmt":"2025-07-05T20:43:07","slug":"sg-rover","status":"publish","type":"page","link":"https:\/\/er-ig.de\/cms\/sg-rover\/","title":{"rendered":"SG Rover"},"content":{"rendered":"\n<figure data-wp-context=\"{&quot;imageId&quot;:&quot;69d667b3daf5b&quot;}\" data-wp-interactive=\"core\/image\" data-wp-key=\"69d667b3daf5b\" class=\"wp-block-image alignright size-full is-resized has-custom-border wp-lightbox-container\"><img loading=\"lazy\" decoding=\"async\" width=\"2048\" height=\"1365\" data-wp-class--hide=\"state.isContentHidden\" data-wp-class--show=\"state.isContentVisible\" data-wp-init=\"callbacks.setButtonStyles\" data-wp-on--click=\"actions.showLightbox\" data-wp-on--load=\"callbacks.setButtonStyles\" data-wp-on-window--resize=\"callbacks.setButtonStyles\" src=\"https:\/\/er-ig.de\/cms\/wp-content\/uploads\/2025\/03\/ERC_mit_LOGO.jpg\" alt=\"\" class=\"wp-image-1665\" style=\"border-radius:10px;width:476px;height:auto\" srcset=\"https:\/\/er-ig.de\/cms\/wp-content\/uploads\/2025\/03\/ERC_mit_LOGO.jpg 2048w, https:\/\/er-ig.de\/cms\/wp-content\/uploads\/2025\/03\/ERC_mit_LOGO-300x200.jpg 300w, https:\/\/er-ig.de\/cms\/wp-content\/uploads\/2025\/03\/ERC_mit_LOGO-1024x683.jpg 1024w, https:\/\/er-ig.de\/cms\/wp-content\/uploads\/2025\/03\/ERC_mit_LOGO-768x512.jpg 768w, https:\/\/er-ig.de\/cms\/wp-content\/uploads\/2025\/03\/ERC_mit_LOGO-1536x1024.jpg 1536w\" sizes=\"auto, (max-width: 2048px) 100vw, 2048px\" \/><button\n\t\t\tclass=\"lightbox-trigger\"\n\t\t\ttype=\"button\"\n\t\t\taria-haspopup=\"dialog\"\n\t\t\taria-label=\"Vergr\u00f6\u00dfern\"\n\t\t\tdata-wp-init=\"callbacks.initTriggerButton\"\n\t\t\tdata-wp-on--click=\"actions.showLightbox\"\n\t\t\tdata-wp-style--right=\"state.imageButtonRight\"\n\t\t\tdata-wp-style--top=\"state.imageButtonTop\"\n\t\t>\n\t\t\t<svg xmlns=\"http:\/\/www.w3.org\/2000\/svg\" width=\"12\" height=\"12\" fill=\"none\" viewBox=\"0 0 12 12\">\n\t\t\t\t<path fill=\"#fff\" d=\"M2 0a2 2 0 0 0-2 2v2h1.5V2a.5.5 0 0 1 .5-.5h2V0H2Zm2 10.5H2a.5.5 0 0 1-.5-.5V8H0v2a2 2 0 0 0 2 2h2v-1.5ZM8 12v-1.5h2a.5.5 0 0 0 .5-.5V8H12v2a2 2 0 0 1-2 2H8Zm2-12a2 2 0 0 1 2 2v2h-1.5V2a.5.5 0 0 0-.5-.5H8V0h2Z\" \/>\n\t\t\t<\/svg>\n\t\t<\/button><figcaption class=\"wp-element-caption\"><em>Unser Rover ORTHOS auf der European Rover Challenge 2024<\/em> Bildnachweis: European Rover Challenge \/ KSAF<\/figcaption><\/figure>\n\n\n\n<p>Die Systemgruppe Rover innerhalb der <a href=\"\/cms\/ag-hoehenforschung\">Arbeitsgruppe H\u00f6henforschung<\/a> wurde mit der Motivation gegr\u00fcndet, an der <a href=\"https:\/\/roverchallenge.eu\/\">European Rover Challenge<\/a> (ERC) teilzunehmen und somit durch den Bau eines eigenen Rovers den Kompetenzbereich der ERIG zu erweitern.<\/p>\n\n\n\n<p>Nach der erfolgreichen Teilnahme an dem REXUS-Programm mit dem ELVIS-Experiment im M\u00e4rz 2019 wurde mit dem Bau des Rovers ORTHOS begonnen. Dieser Rover wurde mit dem Ziel entwickelt, die Studierenden in dem multidisziplin\u00e4ren Gebiet der Robotik zu unterrichten und die Inhalte der Vorlesung durch praktische Arbeiten zu verfestigen. ORTHOS ist der erste Rover der ERIG und wurde f\u00fcr die Teilnahme an der ERC entwickelt.<\/p>\n\n\n\n<figure data-wp-context=\"{&quot;imageId&quot;:&quot;69d667b3db314&quot;}\" data-wp-interactive=\"core\/image\" data-wp-key=\"69d667b3db314\" class=\"wp-block-image alignleft size-full is-resized wp-lightbox-container\"><img loading=\"lazy\" decoding=\"async\" width=\"2000\" height=\"1902\" data-wp-class--hide=\"state.isContentHidden\" data-wp-class--show=\"state.isContentVisible\" data-wp-init=\"callbacks.setButtonStyles\" data-wp-on--click=\"actions.showLightbox\" data-wp-on--load=\"callbacks.setButtonStyles\" data-wp-on-window--resize=\"callbacks.setButtonStyles\" src=\"https:\/\/er-ig.de\/cms\/wp-content\/uploads\/2025\/03\/KERBEROS_Patch.png\" alt=\"\" class=\"wp-image-1600\" style=\"width:280px;height:auto\" srcset=\"https:\/\/er-ig.de\/cms\/wp-content\/uploads\/2025\/03\/KERBEROS_Patch.png 2000w, https:\/\/er-ig.de\/cms\/wp-content\/uploads\/2025\/03\/KERBEROS_Patch-300x285.png 300w, https:\/\/er-ig.de\/cms\/wp-content\/uploads\/2025\/03\/KERBEROS_Patch-1024x974.png 1024w, https:\/\/er-ig.de\/cms\/wp-content\/uploads\/2025\/03\/KERBEROS_Patch-768x730.png 768w, https:\/\/er-ig.de\/cms\/wp-content\/uploads\/2025\/03\/KERBEROS_Patch-1536x1461.png 1536w\" sizes=\"auto, (max-width: 2000px) 100vw, 2000px\" \/><button\n\t\t\tclass=\"lightbox-trigger\"\n\t\t\ttype=\"button\"\n\t\t\taria-haspopup=\"dialog\"\n\t\t\taria-label=\"Vergr\u00f6\u00dfern\"\n\t\t\tdata-wp-init=\"callbacks.initTriggerButton\"\n\t\t\tdata-wp-on--click=\"actions.showLightbox\"\n\t\t\tdata-wp-style--right=\"state.imageButtonRight\"\n\t\t\tdata-wp-style--top=\"state.imageButtonTop\"\n\t\t>\n\t\t\t<svg xmlns=\"http:\/\/www.w3.org\/2000\/svg\" width=\"12\" height=\"12\" fill=\"none\" viewBox=\"0 0 12 12\">\n\t\t\t\t<path fill=\"#fff\" d=\"M2 0a2 2 0 0 0-2 2v2h1.5V2a.5.5 0 0 1 .5-.5h2V0H2Zm2 10.5H2a.5.5 0 0 1-.5-.5V8H0v2a2 2 0 0 0 2 2h2v-1.5ZM8 12v-1.5h2a.5.5 0 0 0 .5-.5V8H12v2a2 2 0 0 1-2 2H8Zm2-12a2 2 0 0 1 2 2v2h-1.5V2a.5.5 0 0 0-.5-.5H8V0h2Z\" \/>\n\t\t\t<\/svg>\n\t\t<\/button><\/figure>\n\n\n\n<p>Nach der dritten ERC-Teilnahme ist f\u00fcr ORTHOS nun die Zeit gekommen, von einem w\u00fcrdigen Nachfolger abgel\u00f6st zu werden. Aus diesem Grund entwickelt die ERIG mit Mitteln der <a href=\"https:\/\/www.tu-braunschweig.de\/fundraising\/cw-stiftung\">Carolo-Wilhelmina-Stiftung<\/a> momentan in Kooperation mit der <a href=\"https:\/\/akamav.de\/\" data-type=\"link\" data-id=\"https:\/\/akamav.de\/\">AKAMAV <\/a>und <a href=\"https:\/\/www.drillbotics.tu-clausthal.de\/\">TUC Drillbotics\u00ae<\/a> den Rover KERBEROS. Weitere Informationen zu dem Projekt gibt es auf der Seite zum <a href=\"https:\/\/er-ig.de\/cms\/european-rover-challenge-2025\/\" data-type=\"page\" data-id=\"1595\">ERC 2025<\/a>.<\/p>\n\n\n\n<p>Bei der ERC handelt es sich um einen internationalen Wettbewerb, der seit 2014 jedes Jahr im Herbst in Polen stattfindet. Bis 2023 ging es f\u00fcr die Mitglieder der ERIG nach Kielce auf den Campus der&nbsp;<strong><a href=\"https:\/\/tu.kielce.pl\/\">Politechnika \u015awi\u0119tokrzyska w Kielcach<\/a><\/strong>. Seit 2024 findet die ERC auf dem Campus der <a href=\"https:\/\/www.agh.edu.pl\/en\/\">AGH Krakau<\/a> statt. F\u00fcr die ERC wird eine analoge Marslandschaft (der sogenannte Mars Yard) aufgebaut. Dieser bietet realit\u00e4tsnahe Umgebungsbedingungen, um verschiedene Aufgaben der robotischen Raumfahrt zu simulieren.<\/p>\n\n\n\n<p>Im Folgenden sind die Teilnahmen der ERIG an der European Rover Challenge aufgelistet:<\/p>\n\n\n\n<figure class=\"wp-block-table aligncenter is-style-regular\"><table class=\"has-fixed-layout\"><thead><tr><th>Jahr<\/th><th>Rover<\/th><th>Kooperationspartner<\/th><th>Formula<\/th><th>Platzierung<\/th><\/tr><\/thead><tbody><tr><td><a href=\"\/cms\/erc-2020\">2020<\/a><\/td><td><a href=\"https:\/\/www.leorover.tech\/\">Leo Rover<\/a><\/td><td>&#8211;<\/td><td>Remote<\/td><td>1<\/td><\/tr><tr><td><a href=\"\/cms\/erc-2021\">2021<\/a><\/td><td><a href=\"https:\/\/www.leorover.tech\/\">Leo Rover<\/a><\/td><td>&#8211;<\/td><td>Remote<\/td><td>2<\/td><\/tr><tr><td><a href=\"\/cms\/erc-2022\">2022<\/a><\/td><td>ORTHOS<\/td><td>&#8211;<\/td><td>On-site<\/td><td>11, Best Performance Award Science<\/td><\/tr><tr><td>2023 (Artikel folgt)<\/td><td>ORTHOS<\/td><td>&#8211;<\/td><td>On-site<\/td><td>14<\/td><\/tr><tr><td>2024 (Artikel folgt)<\/td><td>ORTHOS<\/td><td>AKAMAV<\/td><td>On-site<\/td><td>12<\/td><\/tr><tr><td><a href=\"https:\/\/er-ig.de\/cms\/european-rover-challenge-2025\/\" data-type=\"page\" data-id=\"1595\">2025<\/a> (Zur\u00fcckgezogen)<\/td><td>KERBEROS<\/td><td>AKAMAV, TUC Drillbotics\u00ae<\/td><td>On-site<\/td><td>&#8211;<\/td><\/tr><\/tbody><\/table><figcaption class=\"wp-element-caption\"><em>Unsere Teilnahmen an der European Rover Challenge<\/em><\/figcaption><\/figure>\n\n\n\n<figure data-wp-context=\"{&quot;imageId&quot;:&quot;69d667b3dbdcb&quot;}\" data-wp-interactive=\"core\/image\" data-wp-key=\"69d667b3dbdcb\" class=\"wp-block-image aligncenter size-full has-custom-border wp-lightbox-container\"><img loading=\"lazy\" decoding=\"async\" width=\"2560\" height=\"1920\" data-wp-class--hide=\"state.isContentHidden\" data-wp-class--show=\"state.isContentVisible\" data-wp-init=\"callbacks.setButtonStyles\" data-wp-on--click=\"actions.showLightbox\" data-wp-on--load=\"callbacks.setButtonStyles\" data-wp-on-window--resize=\"callbacks.setButtonStyles\" src=\"https:\/\/er-ig.de\/cms\/wp-content\/uploads\/2024\/01\/20230915_164403-scaled.jpg\" alt=\"\" class=\"wp-image-932\" style=\"border-radius:10px;object-fit:cover\" srcset=\"https:\/\/er-ig.de\/cms\/wp-content\/uploads\/2024\/01\/20230915_164403-scaled.jpg 2560w, https:\/\/er-ig.de\/cms\/wp-content\/uploads\/2024\/01\/20230915_164403-300x225.jpg 300w, https:\/\/er-ig.de\/cms\/wp-content\/uploads\/2024\/01\/20230915_164403-1024x768.jpg 1024w, https:\/\/er-ig.de\/cms\/wp-content\/uploads\/2024\/01\/20230915_164403-768x576.jpg 768w, https:\/\/er-ig.de\/cms\/wp-content\/uploads\/2024\/01\/20230915_164403-1536x1152.jpg 1536w, https:\/\/er-ig.de\/cms\/wp-content\/uploads\/2024\/01\/20230915_164403-2048x1536.jpg 2048w\" sizes=\"auto, (max-width: 2560px) 100vw, 2560px\" \/><button\n\t\t\tclass=\"lightbox-trigger\"\n\t\t\ttype=\"button\"\n\t\t\taria-haspopup=\"dialog\"\n\t\t\taria-label=\"Vergr\u00f6\u00dfern\"\n\t\t\tdata-wp-init=\"callbacks.initTriggerButton\"\n\t\t\tdata-wp-on--click=\"actions.showLightbox\"\n\t\t\tdata-wp-style--right=\"state.imageButtonRight\"\n\t\t\tdata-wp-style--top=\"state.imageButtonTop\"\n\t\t>\n\t\t\t<svg xmlns=\"http:\/\/www.w3.org\/2000\/svg\" width=\"12\" height=\"12\" fill=\"none\" viewBox=\"0 0 12 12\">\n\t\t\t\t<path fill=\"#fff\" d=\"M2 0a2 2 0 0 0-2 2v2h1.5V2a.5.5 0 0 1 .5-.5h2V0H2Zm2 10.5H2a.5.5 0 0 1-.5-.5V8H0v2a2 2 0 0 0 2 2h2v-1.5ZM8 12v-1.5h2a.5.5 0 0 0 .5-.5V8H12v2a2 2 0 0 1-2 2H8Zm2-12a2 2 0 0 1 2 2v2h-1.5V2a.5.5 0 0 0-.5-.5H8V0h2Z\" \/>\n\t\t\t<\/svg>\n\t\t<\/button><figcaption class=\"wp-element-caption\"><em>Der Mars Yard in Kielce im Jahr 2023<\/em><\/figcaption><\/figure>\n","protected":false},"excerpt":{"rendered":"<p>Die Systemgruppe Rover innerhalb der Arbeitsgruppe H\u00f6henforschung wurde mit der Motivation gegr\u00fcndet, an der European Rover Challenge (ERC) teilzunehmen und somit durch den Bau eines eigenen Rovers den Kompetenzbereich der ERIG zu erweitern. Nach der erfolgreichen Teilnahme an dem REXUS-Programm mit dem ELVIS-Experiment im M\u00e4rz 2019 wurde mit dem Bau des Rovers ORTHOS begonnen. Dieser [&hellip;]<\/p>\n","protected":false},"author":1,"featured_media":0,"parent":0,"menu_order":0,"comment_status":"closed","ping_status":"closed","template":"","meta":{"footnotes":""},"class_list":["post-518","page","type-page","status-publish","hentry"],"yoast_head":"<!-- This site is optimized with the Yoast SEO plugin v27.1.1 - https:\/\/yoast.com\/product\/yoast-seo-wordpress\/ -->\n<title>SG Rover &#8211; ERIG e.V.<\/title>\n<meta name=\"robots\" content=\"index, follow, max-snippet:-1, max-image-preview:large, max-video-preview:-1\" \/>\n<link rel=\"canonical\" href=\"https:\/\/er-ig.de\/cms\/sg-rover\/\" \/>\n<meta property=\"og:locale\" content=\"de_DE\" \/>\n<meta property=\"og:type\" content=\"article\" \/>\n<meta property=\"og:title\" content=\"SG Rover &#8211; ERIG e.V.\" \/>\n<meta property=\"og:description\" content=\"Die Systemgruppe Rover innerhalb der Arbeitsgruppe H\u00f6henforschung wurde mit der Motivation gegr\u00fcndet, an der European Rover Challenge (ERC) teilzunehmen und somit durch den Bau eines eigenen Rovers den Kompetenzbereich der ERIG zu erweitern. Nach der erfolgreichen Teilnahme an dem REXUS-Programm mit dem ELVIS-Experiment im M\u00e4rz 2019 wurde mit dem Bau des Rovers ORTHOS begonnen. Dieser [&hellip;]\" \/>\n<meta property=\"og:url\" content=\"https:\/\/er-ig.de\/cms\/sg-rover\/\" \/>\n<meta property=\"og:site_name\" content=\"ERIG e.V.\" \/>\n<meta property=\"article:modified_time\" content=\"2025-07-05T20:43:07+00:00\" \/>\n<meta property=\"og:image\" content=\"https:\/\/er-ig.de\/cms\/wp-content\/uploads\/2025\/03\/ERC_mit_LOGO.jpg\" \/>\n<meta name=\"twitter:card\" content=\"summary_large_image\" \/>\n<meta name=\"twitter:label1\" content=\"Gesch\u00e4tzte Lesezeit\" \/>\n\t<meta name=\"twitter:data1\" content=\"3\u00a0Minuten\" \/>\n<script type=\"application\/ld+json\" class=\"yoast-schema-graph\">{\"@context\":\"https:\/\/schema.org\",\"@graph\":[{\"@type\":\"WebPage\",\"@id\":\"https:\/\/er-ig.de\/cms\/sg-rover\/\",\"url\":\"https:\/\/er-ig.de\/cms\/sg-rover\/\",\"name\":\"SG Rover &#8211; ERIG e.V.\",\"isPartOf\":{\"@id\":\"https:\/\/er-ig.de\/cms\/#website\"},\"primaryImageOfPage\":{\"@id\":\"https:\/\/er-ig.de\/cms\/sg-rover\/#primaryimage\"},\"image\":{\"@id\":\"https:\/\/er-ig.de\/cms\/sg-rover\/#primaryimage\"},\"thumbnailUrl\":\"https:\/\/er-ig.de\/cms\/wp-content\/uploads\/2025\/03\/ERC_mit_LOGO.jpg\",\"datePublished\":\"2023-11-18T21:38:55+00:00\",\"dateModified\":\"2025-07-05T20:43:07+00:00\",\"inLanguage\":\"de\",\"potentialAction\":[{\"@type\":\"ReadAction\",\"target\":[\"https:\/\/er-ig.de\/cms\/sg-rover\/\"]}]},{\"@type\":\"ImageObject\",\"inLanguage\":\"de\",\"@id\":\"https:\/\/er-ig.de\/cms\/sg-rover\/#primaryimage\",\"url\":\"https:\/\/er-ig.de\/cms\/wp-content\/uploads\/2025\/03\/ERC_mit_LOGO.jpg\",\"contentUrl\":\"https:\/\/er-ig.de\/cms\/wp-content\/uploads\/2025\/03\/ERC_mit_LOGO.jpg\",\"width\":2048,\"height\":1365},{\"@type\":\"WebSite\",\"@id\":\"https:\/\/er-ig.de\/cms\/#website\",\"url\":\"https:\/\/er-ig.de\/cms\/\",\"name\":\"ERIG e.V.\",\"description\":\"\",\"publisher\":{\"@id\":\"https:\/\/er-ig.de\/cms\/#organization\"},\"potentialAction\":[{\"@type\":\"SearchAction\",\"target\":{\"@type\":\"EntryPoint\",\"urlTemplate\":\"https:\/\/er-ig.de\/cms\/?s={search_term_string}\"},\"query-input\":{\"@type\":\"PropertyValueSpecification\",\"valueRequired\":true,\"valueName\":\"search_term_string\"}}],\"inLanguage\":\"de\"},{\"@type\":\"Organization\",\"@id\":\"https:\/\/er-ig.de\/cms\/#organization\",\"name\":\"ERIG e.V.\",\"url\":\"https:\/\/er-ig.de\/cms\/\",\"logo\":{\"@type\":\"ImageObject\",\"inLanguage\":\"de\",\"@id\":\"https:\/\/er-ig.de\/cms\/#\/schema\/logo\/image\/\",\"url\":\"https:\/\/er-ig.de\/cms\/wp-content\/uploads\/2023\/11\/ERIG_Farben_RGB_01.png\",\"contentUrl\":\"https:\/\/er-ig.de\/cms\/wp-content\/uploads\/2023\/11\/ERIG_Farben_RGB_01.png\",\"width\":1995,\"height\":561,\"caption\":\"ERIG e.V.\"},\"image\":{\"@id\":\"https:\/\/er-ig.de\/cms\/#\/schema\/logo\/image\/\"}}]}<\/script>\n<!-- \/ Yoast SEO plugin. -->","yoast_head_json":{"title":"SG Rover &#8211; ERIG e.V.","robots":{"index":"index","follow":"follow","max-snippet":"max-snippet:-1","max-image-preview":"max-image-preview:large","max-video-preview":"max-video-preview:-1"},"canonical":"https:\/\/er-ig.de\/cms\/sg-rover\/","og_locale":"de_DE","og_type":"article","og_title":"SG Rover &#8211; ERIG e.V.","og_description":"Die Systemgruppe Rover innerhalb der Arbeitsgruppe H\u00f6henforschung wurde mit der Motivation gegr\u00fcndet, an der European Rover Challenge (ERC) teilzunehmen und somit durch den Bau eines eigenen Rovers den Kompetenzbereich der ERIG zu erweitern. Nach der erfolgreichen Teilnahme an dem REXUS-Programm mit dem ELVIS-Experiment im M\u00e4rz 2019 wurde mit dem Bau des Rovers ORTHOS begonnen. Dieser [&hellip;]","og_url":"https:\/\/er-ig.de\/cms\/sg-rover\/","og_site_name":"ERIG e.V.","article_modified_time":"2025-07-05T20:43:07+00:00","og_image":[{"url":"https:\/\/er-ig.de\/cms\/wp-content\/uploads\/2025\/03\/ERC_mit_LOGO.jpg","type":"","width":"","height":""}],"twitter_card":"summary_large_image","twitter_misc":{"Gesch\u00e4tzte Lesezeit":"3\u00a0Minuten"},"schema":{"@context":"https:\/\/schema.org","@graph":[{"@type":"WebPage","@id":"https:\/\/er-ig.de\/cms\/sg-rover\/","url":"https:\/\/er-ig.de\/cms\/sg-rover\/","name":"SG Rover &#8211; ERIG e.V.","isPartOf":{"@id":"https:\/\/er-ig.de\/cms\/#website"},"primaryImageOfPage":{"@id":"https:\/\/er-ig.de\/cms\/sg-rover\/#primaryimage"},"image":{"@id":"https:\/\/er-ig.de\/cms\/sg-rover\/#primaryimage"},"thumbnailUrl":"https:\/\/er-ig.de\/cms\/wp-content\/uploads\/2025\/03\/ERC_mit_LOGO.jpg","datePublished":"2023-11-18T21:38:55+00:00","dateModified":"2025-07-05T20:43:07+00:00","inLanguage":"de","potentialAction":[{"@type":"ReadAction","target":["https:\/\/er-ig.de\/cms\/sg-rover\/"]}]},{"@type":"ImageObject","inLanguage":"de","@id":"https:\/\/er-ig.de\/cms\/sg-rover\/#primaryimage","url":"https:\/\/er-ig.de\/cms\/wp-content\/uploads\/2025\/03\/ERC_mit_LOGO.jpg","contentUrl":"https:\/\/er-ig.de\/cms\/wp-content\/uploads\/2025\/03\/ERC_mit_LOGO.jpg","width":2048,"height":1365},{"@type":"WebSite","@id":"https:\/\/er-ig.de\/cms\/#website","url":"https:\/\/er-ig.de\/cms\/","name":"ERIG e.V.","description":"","publisher":{"@id":"https:\/\/er-ig.de\/cms\/#organization"},"potentialAction":[{"@type":"SearchAction","target":{"@type":"EntryPoint","urlTemplate":"https:\/\/er-ig.de\/cms\/?s={search_term_string}"},"query-input":{"@type":"PropertyValueSpecification","valueRequired":true,"valueName":"search_term_string"}}],"inLanguage":"de"},{"@type":"Organization","@id":"https:\/\/er-ig.de\/cms\/#organization","name":"ERIG e.V.","url":"https:\/\/er-ig.de\/cms\/","logo":{"@type":"ImageObject","inLanguage":"de","@id":"https:\/\/er-ig.de\/cms\/#\/schema\/logo\/image\/","url":"https:\/\/er-ig.de\/cms\/wp-content\/uploads\/2023\/11\/ERIG_Farben_RGB_01.png","contentUrl":"https:\/\/er-ig.de\/cms\/wp-content\/uploads\/2023\/11\/ERIG_Farben_RGB_01.png","width":1995,"height":561,"caption":"ERIG e.V."},"image":{"@id":"https:\/\/er-ig.de\/cms\/#\/schema\/logo\/image\/"}}]}},"_links":{"self":[{"href":"https:\/\/er-ig.de\/cms\/wp-json\/wp\/v2\/pages\/518","targetHints":{"allow":["GET"]}}],"collection":[{"href":"https:\/\/er-ig.de\/cms\/wp-json\/wp\/v2\/pages"}],"about":[{"href":"https:\/\/er-ig.de\/cms\/wp-json\/wp\/v2\/types\/page"}],"author":[{"embeddable":true,"href":"https:\/\/er-ig.de\/cms\/wp-json\/wp\/v2\/users\/1"}],"replies":[{"embeddable":true,"href":"https:\/\/er-ig.de\/cms\/wp-json\/wp\/v2\/comments?post=518"}],"version-history":[{"count":29,"href":"https:\/\/er-ig.de\/cms\/wp-json\/wp\/v2\/pages\/518\/revisions"}],"predecessor-version":[{"id":2150,"href":"https:\/\/er-ig.de\/cms\/wp-json\/wp\/v2\/pages\/518\/revisions\/2150"}],"wp:attachment":[{"href":"https:\/\/er-ig.de\/cms\/wp-json\/wp\/v2\/media?parent=518"}],"curies":[{"name":"wp","href":"https:\/\/api.w.org\/{rel}","templated":true}]}}