{"id":516,"date":"2023-11-18T22:38:48","date_gmt":"2023-11-18T21:38:48","guid":{"rendered":"http:\/\/localhost\/?page_id=516"},"modified":"2025-03-10T18:08:49","modified_gmt":"2025-03-10T17:08:49","slug":"sg-hier","status":"publish","type":"page","link":"https:\/\/er-ig.de\/cms\/sg-hier\/","title":{"rendered":"SG HIER"},"content":{"rendered":"\n<p>Die SG HIER (H\u00f6henforschung im erdnahen Raum) nimmt seit einigen Jahren am REXUS\/BEXUS Programm des DLR teil. Vergangene Projekte waren GRAB und ELVIS. Beim derzeitigen Zyklus nimmt die SG mit <a href=\"https:\/\/er-ig.de\/cms\/martini\/\" data-type=\"page\" data-id=\"1574\">MARTINI<\/a> teil, das sich mit der Vermischung von Resinen im Weltall befasst.<\/p>\n\n\n\n<p>Ebenso werden in dieser SG hin und wieder Wetterballone mit eigener Payload gestartet. Dabei wird die Payload komplett selber designt und je nach Ziel angepasst. So werden z. B. atmosph\u00e4rische Daten wie Temperatur und Druck untersucht, oder geschaut wie sich Luftkeime bei niedrigerem Druck und Sauerstoffgehalt verhalten. Au\u00dferdem organisiert die SG Starts von Fesselballonen, wo aus gr\u00f6\u00dferen H\u00f6hen Experimente abgeworfen werden k\u00f6nnen.<\/p>\n\n\n\n<figure data-wp-context=\"{&quot;imageId&quot;:&quot;69e4439dccd4a&quot;}\" data-wp-interactive=\"core\/image\" data-wp-key=\"69e4439dccd4a\" class=\"wp-block-image size-full has-custom-border wp-lightbox-container\"><img loading=\"lazy\" decoding=\"async\" width=\"2560\" height=\"1709\" data-wp-class--hide=\"state.isContentHidden\" data-wp-class--show=\"state.isContentVisible\" data-wp-init=\"callbacks.setButtonStyles\" data-wp-on--click=\"actions.showLightbox\" data-wp-on--load=\"callbacks.setButtonStyles\" data-wp-on-window--resize=\"callbacks.setButtonStyles\" src=\"https:\/\/er-ig.de\/cms\/wp-content\/uploads\/2024\/03\/DSC_6719-scaled.jpg\" alt=\"\" class=\"wp-image-1040\" style=\"border-radius:10px\" srcset=\"https:\/\/er-ig.de\/cms\/wp-content\/uploads\/2024\/03\/DSC_6719-scaled.jpg 2560w, https:\/\/er-ig.de\/cms\/wp-content\/uploads\/2024\/03\/DSC_6719-300x200.jpg 300w, https:\/\/er-ig.de\/cms\/wp-content\/uploads\/2024\/03\/DSC_6719-1024x684.jpg 1024w, https:\/\/er-ig.de\/cms\/wp-content\/uploads\/2024\/03\/DSC_6719-768x513.jpg 768w, https:\/\/er-ig.de\/cms\/wp-content\/uploads\/2024\/03\/DSC_6719-1536x1025.jpg 1536w, https:\/\/er-ig.de\/cms\/wp-content\/uploads\/2024\/03\/DSC_6719-2048x1367.jpg 2048w\" sizes=\"auto, (max-width: 2560px) 100vw, 2560px\" \/><button\n\t\t\tclass=\"lightbox-trigger\"\n\t\t\ttype=\"button\"\n\t\t\taria-haspopup=\"dialog\"\n\t\t\taria-label=\"Vergr\u00f6\u00dfern\"\n\t\t\tdata-wp-init=\"callbacks.initTriggerButton\"\n\t\t\tdata-wp-on--click=\"actions.showLightbox\"\n\t\t\tdata-wp-style--right=\"state.imageButtonRight\"\n\t\t\tdata-wp-style--top=\"state.imageButtonTop\"\n\t\t>\n\t\t\t<svg xmlns=\"http:\/\/www.w3.org\/2000\/svg\" width=\"12\" height=\"12\" fill=\"none\" viewBox=\"0 0 12 12\">\n\t\t\t\t<path fill=\"#fff\" d=\"M2 0a2 2 0 0 0-2 2v2h1.5V2a.5.5 0 0 1 .5-.5h2V0H2Zm2 10.5H2a.5.5 0 0 1-.5-.5V8H0v2a2 2 0 0 0 2 2h2v-1.5ZM8 12v-1.5h2a.5.5 0 0 0 .5-.5V8H12v2a2 2 0 0 1-2 2H8Zm2-12a2 2 0 0 1 2 2v2h-1.5V2a.5.5 0 0 0-.5-.5H8V0h2Z\" \/>\n\t\t\t<\/svg>\n\t\t<\/button><figcaption class=\"wp-element-caption\"><em>Polarlichter in Nordschweden im M\u00e4rz 2024<\/em>, <em>wenige Tage vor dem Start des REXUS-Experiments CREATE<\/em><\/figcaption><\/figure>\n","protected":false},"excerpt":{"rendered":"<p>Die SG HIER (H\u00f6henforschung im erdnahen Raum) nimmt seit einigen Jahren am REXUS\/BEXUS Programm des DLR teil. Vergangene Projekte waren GRAB und ELVIS. Beim derzeitigen Zyklus nimmt die SG mit MARTINI teil, das sich mit der Vermischung von Resinen im Weltall befasst. Ebenso werden in dieser SG hin und wieder Wetterballone mit eigener Payload gestartet. [&hellip;]<\/p>\n","protected":false},"author":1,"featured_media":0,"parent":0,"menu_order":0,"comment_status":"closed","ping_status":"closed","template":"","meta":{"footnotes":""},"class_list":["post-516","page","type-page","status-publish","hentry"],"yoast_head":"<!-- This site is optimized with the Yoast SEO plugin v27.4 - https:\/\/yoast.com\/product\/yoast-seo-wordpress\/ -->\n<title>SG HIER &#8211; ERIG e.V.<\/title>\n<meta name=\"robots\" content=\"index, follow, max-snippet:-1, max-image-preview:large, max-video-preview:-1\" \/>\n<link rel=\"canonical\" href=\"https:\/\/er-ig.de\/cms\/sg-hier\/\" \/>\n<meta property=\"og:locale\" content=\"de_DE\" \/>\n<meta property=\"og:type\" content=\"article\" \/>\n<meta property=\"og:title\" content=\"SG HIER &#8211; ERIG e.V.\" \/>\n<meta property=\"og:description\" content=\"Die SG HIER (H\u00f6henforschung im erdnahen Raum) nimmt seit einigen Jahren am REXUS\/BEXUS Programm des DLR teil. Vergangene Projekte waren GRAB und ELVIS. Beim derzeitigen Zyklus nimmt die SG mit MARTINI teil, das sich mit der Vermischung von Resinen im Weltall befasst. Ebenso werden in dieser SG hin und wieder Wetterballone mit eigener Payload gestartet. [&hellip;]\" \/>\n<meta property=\"og:url\" content=\"https:\/\/er-ig.de\/cms\/sg-hier\/\" \/>\n<meta property=\"og:site_name\" content=\"ERIG e.V.\" \/>\n<meta property=\"article:modified_time\" content=\"2025-03-10T17:08:49+00:00\" \/>\n<meta property=\"og:image\" content=\"https:\/\/er-ig.de\/cms\/wp-content\/uploads\/2024\/03\/DSC_6719-scaled.jpg\" \/>\n<meta name=\"twitter:card\" content=\"summary_large_image\" \/>\n<script type=\"application\/ld+json\" class=\"yoast-schema-graph\">{\"@context\":\"https:\\\/\\\/schema.org\",\"@graph\":[{\"@type\":\"WebPage\",\"@id\":\"https:\\\/\\\/er-ig.de\\\/cms\\\/sg-hier\\\/\",\"url\":\"https:\\\/\\\/er-ig.de\\\/cms\\\/sg-hier\\\/\",\"name\":\"SG HIER &#8211; ERIG e.V.\",\"isPartOf\":{\"@id\":\"https:\\\/\\\/er-ig.de\\\/cms\\\/#website\"},\"primaryImageOfPage\":{\"@id\":\"https:\\\/\\\/er-ig.de\\\/cms\\\/sg-hier\\\/#primaryimage\"},\"image\":{\"@id\":\"https:\\\/\\\/er-ig.de\\\/cms\\\/sg-hier\\\/#primaryimage\"},\"thumbnailUrl\":\"https:\\\/\\\/er-ig.de\\\/cms\\\/wp-content\\\/uploads\\\/2024\\\/03\\\/DSC_6719-scaled.jpg\",\"datePublished\":\"2023-11-18T21:38:48+00:00\",\"dateModified\":\"2025-03-10T17:08:49+00:00\",\"inLanguage\":\"de\",\"potentialAction\":[{\"@type\":\"ReadAction\",\"target\":[\"https:\\\/\\\/er-ig.de\\\/cms\\\/sg-hier\\\/\"]}]},{\"@type\":\"ImageObject\",\"inLanguage\":\"de\",\"@id\":\"https:\\\/\\\/er-ig.de\\\/cms\\\/sg-hier\\\/#primaryimage\",\"url\":\"https:\\\/\\\/er-ig.de\\\/cms\\\/wp-content\\\/uploads\\\/2024\\\/03\\\/DSC_6719-scaled.jpg\",\"contentUrl\":\"https:\\\/\\\/er-ig.de\\\/cms\\\/wp-content\\\/uploads\\\/2024\\\/03\\\/DSC_6719-scaled.jpg\",\"width\":2560,\"height\":1709},{\"@type\":\"WebSite\",\"@id\":\"https:\\\/\\\/er-ig.de\\\/cms\\\/#website\",\"url\":\"https:\\\/\\\/er-ig.de\\\/cms\\\/\",\"name\":\"ERIG e.V.\",\"description\":\"\",\"publisher\":{\"@id\":\"https:\\\/\\\/er-ig.de\\\/cms\\\/#organization\"},\"potentialAction\":[{\"@type\":\"SearchAction\",\"target\":{\"@type\":\"EntryPoint\",\"urlTemplate\":\"https:\\\/\\\/er-ig.de\\\/cms\\\/?s={search_term_string}\"},\"query-input\":{\"@type\":\"PropertyValueSpecification\",\"valueRequired\":true,\"valueName\":\"search_term_string\"}}],\"inLanguage\":\"de\"},{\"@type\":\"Organization\",\"@id\":\"https:\\\/\\\/er-ig.de\\\/cms\\\/#organization\",\"name\":\"ERIG e.V.\",\"url\":\"https:\\\/\\\/er-ig.de\\\/cms\\\/\",\"logo\":{\"@type\":\"ImageObject\",\"inLanguage\":\"de\",\"@id\":\"https:\\\/\\\/er-ig.de\\\/cms\\\/#\\\/schema\\\/logo\\\/image\\\/\",\"url\":\"https:\\\/\\\/er-ig.de\\\/cms\\\/wp-content\\\/uploads\\\/2023\\\/11\\\/ERIG_Farben_RGB_01.png\",\"contentUrl\":\"https:\\\/\\\/er-ig.de\\\/cms\\\/wp-content\\\/uploads\\\/2023\\\/11\\\/ERIG_Farben_RGB_01.png\",\"width\":1995,\"height\":561,\"caption\":\"ERIG e.V.\"},\"image\":{\"@id\":\"https:\\\/\\\/er-ig.de\\\/cms\\\/#\\\/schema\\\/logo\\\/image\\\/\"}}]}<\/script>\n<!-- \/ Yoast SEO plugin. -->","yoast_head_json":{"title":"SG HIER &#8211; ERIG e.V.","robots":{"index":"index","follow":"follow","max-snippet":"max-snippet:-1","max-image-preview":"max-image-preview:large","max-video-preview":"max-video-preview:-1"},"canonical":"https:\/\/er-ig.de\/cms\/sg-hier\/","og_locale":"de_DE","og_type":"article","og_title":"SG HIER &#8211; ERIG e.V.","og_description":"Die SG HIER (H\u00f6henforschung im erdnahen Raum) nimmt seit einigen Jahren am REXUS\/BEXUS Programm des DLR teil. Vergangene Projekte waren GRAB und ELVIS. Beim derzeitigen Zyklus nimmt die SG mit MARTINI teil, das sich mit der Vermischung von Resinen im Weltall befasst. Ebenso werden in dieser SG hin und wieder Wetterballone mit eigener Payload gestartet. [&hellip;]","og_url":"https:\/\/er-ig.de\/cms\/sg-hier\/","og_site_name":"ERIG e.V.","article_modified_time":"2025-03-10T17:08:49+00:00","og_image":[{"url":"https:\/\/er-ig.de\/cms\/wp-content\/uploads\/2024\/03\/DSC_6719-scaled.jpg","type":"","width":"","height":""}],"twitter_card":"summary_large_image","schema":{"@context":"https:\/\/schema.org","@graph":[{"@type":"WebPage","@id":"https:\/\/er-ig.de\/cms\/sg-hier\/","url":"https:\/\/er-ig.de\/cms\/sg-hier\/","name":"SG HIER &#8211; ERIG e.V.","isPartOf":{"@id":"https:\/\/er-ig.de\/cms\/#website"},"primaryImageOfPage":{"@id":"https:\/\/er-ig.de\/cms\/sg-hier\/#primaryimage"},"image":{"@id":"https:\/\/er-ig.de\/cms\/sg-hier\/#primaryimage"},"thumbnailUrl":"https:\/\/er-ig.de\/cms\/wp-content\/uploads\/2024\/03\/DSC_6719-scaled.jpg","datePublished":"2023-11-18T21:38:48+00:00","dateModified":"2025-03-10T17:08:49+00:00","inLanguage":"de","potentialAction":[{"@type":"ReadAction","target":["https:\/\/er-ig.de\/cms\/sg-hier\/"]}]},{"@type":"ImageObject","inLanguage":"de","@id":"https:\/\/er-ig.de\/cms\/sg-hier\/#primaryimage","url":"https:\/\/er-ig.de\/cms\/wp-content\/uploads\/2024\/03\/DSC_6719-scaled.jpg","contentUrl":"https:\/\/er-ig.de\/cms\/wp-content\/uploads\/2024\/03\/DSC_6719-scaled.jpg","width":2560,"height":1709},{"@type":"WebSite","@id":"https:\/\/er-ig.de\/cms\/#website","url":"https:\/\/er-ig.de\/cms\/","name":"ERIG e.V.","description":"","publisher":{"@id":"https:\/\/er-ig.de\/cms\/#organization"},"potentialAction":[{"@type":"SearchAction","target":{"@type":"EntryPoint","urlTemplate":"https:\/\/er-ig.de\/cms\/?s={search_term_string}"},"query-input":{"@type":"PropertyValueSpecification","valueRequired":true,"valueName":"search_term_string"}}],"inLanguage":"de"},{"@type":"Organization","@id":"https:\/\/er-ig.de\/cms\/#organization","name":"ERIG e.V.","url":"https:\/\/er-ig.de\/cms\/","logo":{"@type":"ImageObject","inLanguage":"de","@id":"https:\/\/er-ig.de\/cms\/#\/schema\/logo\/image\/","url":"https:\/\/er-ig.de\/cms\/wp-content\/uploads\/2023\/11\/ERIG_Farben_RGB_01.png","contentUrl":"https:\/\/er-ig.de\/cms\/wp-content\/uploads\/2023\/11\/ERIG_Farben_RGB_01.png","width":1995,"height":561,"caption":"ERIG e.V."},"image":{"@id":"https:\/\/er-ig.de\/cms\/#\/schema\/logo\/image\/"}}]}},"_links":{"self":[{"href":"https:\/\/er-ig.de\/cms\/wp-json\/wp\/v2\/pages\/516","targetHints":{"allow":["GET"]}}],"collection":[{"href":"https:\/\/er-ig.de\/cms\/wp-json\/wp\/v2\/pages"}],"about":[{"href":"https:\/\/er-ig.de\/cms\/wp-json\/wp\/v2\/types\/page"}],"author":[{"embeddable":true,"href":"https:\/\/er-ig.de\/cms\/wp-json\/wp\/v2\/users\/1"}],"replies":[{"embeddable":true,"href":"https:\/\/er-ig.de\/cms\/wp-json\/wp\/v2\/comments?post=516"}],"version-history":[{"count":3,"href":"https:\/\/er-ig.de\/cms\/wp-json\/wp\/v2\/pages\/516\/revisions"}],"predecessor-version":[{"id":1643,"href":"https:\/\/er-ig.de\/cms\/wp-json\/wp\/v2\/pages\/516\/revisions\/1643"}],"wp:attachment":[{"href":"https:\/\/er-ig.de\/cms\/wp-json\/wp\/v2\/media?parent=516"}],"curies":[{"name":"wp","href":"https:\/\/api.w.org\/{rel}","templated":true}]}}