{"id":501,"date":"2023-11-18T17:10:38","date_gmt":"2023-11-18T16:10:38","guid":{"rendered":"http:\/\/localhost\/?page_id=501"},"modified":"2025-10-23T19:08:20","modified_gmt":"2025-10-23T17:08:20","slug":"kontakt","status":"publish","type":"page","link":"https:\/\/er-ig.de\/cms\/kontakt\/","title":{"rendered":"Kontakt"},"content":{"rendered":"\n<p>Unsere Arbeitstreffen sind jeden Dienstag um 18:00 Uhr in unserem Versammlungsraum sowie digital auf Discord. F\u00fcr einen Server-Invite, schreibt uns gerne eine E-Mail.<\/p>\n\n\n\n<h2 class=\"wp-block-heading\">Unsere Kontaktdaten:<\/h2>\n\n\n\n<p>ERIG e.V.<br>c\/o Institut f\u00fcr Raumfahrtsysteme<br>Technische Universit\u00e4t Braunschweig<br>Hermann-Blenk-Stra\u00dfe 23<br>D-38108 Braunschweig<\/p>\n\n\n\n<p>Tel.: +49 (0) 531 3919983<\/p>\n\n\n\n<p>E-Mail:&nbsp;<a href=\"mailto:kontakt@er-ig.de\">kontakt@er-ig.de<\/a><br>URL:&nbsp;<a href=\"https:\/\/www.er-ig.de\/\">www.er-ig.de<\/a><\/p>\n\n\n\n<p>Bei Problemen und Anfragen zur Webseite:<br><a href=\"mailto:webmaster@er-ig.de\">webmaster@er-ig.de<\/a><\/p>\n\n\n\n<h2 class=\"wp-block-heading\">Unser Vorstand:<\/h2>\n\n\n\n<p><a href=\"mailto:vorstand@er-ig.de\">vorstand@er-ig.de<\/a><\/p>\n\n\n\n<h3 class=\"wp-block-heading\">Sprecher<\/h3>\n\n\n\n<p>Eric Thies<br><a href=\"mailto:sprecher@er-ig.de\">sprecher@er-ig.de<\/a><\/p>\n\n\n\n<h3 class=\"wp-block-heading\">Schriftf\u00fchrer<\/h3>\n\n\n\n<p>Marcel Eckhard<br><a href=\"mailto:hanna.gottwald@er-ig.de\">schriftfuehrer@er-ig.de<\/a><\/p>\n\n\n\n<h3 class=\"wp-block-heading\">Kassenwart<\/h3>\n\n\n\n<p>Arne Oetken<br><a href=\"mailto:kassenwart@er-ig.de\">kassenwart@er-ig.de<\/a><\/p>\n","protected":false},"excerpt":{"rendered":"<p>Unsere Arbeitstreffen sind jeden Dienstag um 18:00 Uhr in unserem Versammlungsraum sowie digital auf Discord. F\u00fcr einen Server-Invite, schreibt uns gerne eine E-Mail. Unsere Kontaktdaten: ERIG e.V.c\/o Institut f\u00fcr RaumfahrtsystemeTechnische Universit\u00e4t BraunschweigHermann-Blenk-Stra\u00dfe 23D-38108 Braunschweig Tel.: +49 (0) 531 3919983 E-Mail:&nbsp;kontakt@er-ig.deURL:&nbsp;www.er-ig.de Bei Problemen und Anfragen zur Webseite:webmaster@er-ig.de Unser Vorstand: vorstand@er-ig.de Sprecher Eric Thiessprecher@er-ig.de Schriftf\u00fchrer Marcel Eckhardschriftfuehrer@er-ig.de [&hellip;]<\/p>\n","protected":false},"author":1,"featured_media":0,"parent":0,"menu_order":0,"comment_status":"closed","ping_status":"closed","template":"","meta":{"footnotes":""},"class_list":["post-501","page","type-page","status-publish","hentry"],"yoast_head":"<!-- This site is optimized with the Yoast SEO plugin v27.1.1 - https:\/\/yoast.com\/product\/yoast-seo-wordpress\/ -->\n<title>Kontakt &#8211; ERIG e.V.<\/title>\n<meta name=\"robots\" content=\"index, follow, max-snippet:-1, max-image-preview:large, max-video-preview:-1\" \/>\n<link rel=\"canonical\" href=\"https:\/\/er-ig.de\/cms\/kontakt\/\" \/>\n<meta property=\"og:locale\" content=\"de_DE\" \/>\n<meta property=\"og:type\" content=\"article\" \/>\n<meta property=\"og:title\" content=\"Kontakt &#8211; ERIG e.V.\" \/>\n<meta property=\"og:description\" content=\"Unsere Arbeitstreffen sind jeden Dienstag um 18:00 Uhr in unserem Versammlungsraum sowie digital auf Discord. F\u00fcr einen Server-Invite, schreibt uns gerne eine E-Mail. Unsere Kontaktdaten: ERIG e.V.c\/o Institut f\u00fcr RaumfahrtsystemeTechnische Universit\u00e4t BraunschweigHermann-Blenk-Stra\u00dfe 23D-38108 Braunschweig Tel.: +49 (0) 531 3919983 E-Mail:&nbsp;kontakt@er-ig.deURL:&nbsp;www.er-ig.de Bei Problemen und Anfragen zur Webseite:webmaster@er-ig.de Unser Vorstand: vorstand@er-ig.de Sprecher Eric Thiessprecher@er-ig.de Schriftf\u00fchrer Marcel Eckhardschriftfuehrer@er-ig.de [&hellip;]\" \/>\n<meta property=\"og:url\" content=\"https:\/\/er-ig.de\/cms\/kontakt\/\" \/>\n<meta property=\"og:site_name\" content=\"ERIG e.V.\" \/>\n<meta property=\"article:modified_time\" content=\"2025-10-23T17:08:20+00:00\" \/>\n<meta name=\"twitter:card\" content=\"summary_large_image\" \/>\n<script type=\"application\/ld+json\" class=\"yoast-schema-graph\">{\"@context\":\"https:\/\/schema.org\",\"@graph\":[{\"@type\":\"WebPage\",\"@id\":\"https:\/\/er-ig.de\/cms\/kontakt\/\",\"url\":\"https:\/\/er-ig.de\/cms\/kontakt\/\",\"name\":\"Kontakt &#8211; ERIG e.V.\",\"isPartOf\":{\"@id\":\"https:\/\/er-ig.de\/cms\/#website\"},\"datePublished\":\"2023-11-18T16:10:38+00:00\",\"dateModified\":\"2025-10-23T17:08:20+00:00\",\"inLanguage\":\"de\",\"potentialAction\":[{\"@type\":\"ReadAction\",\"target\":[\"https:\/\/er-ig.de\/cms\/kontakt\/\"]}]},{\"@type\":\"WebSite\",\"@id\":\"https:\/\/er-ig.de\/cms\/#website\",\"url\":\"https:\/\/er-ig.de\/cms\/\",\"name\":\"ERIG e.V.\",\"description\":\"\",\"publisher\":{\"@id\":\"https:\/\/er-ig.de\/cms\/#organization\"},\"potentialAction\":[{\"@type\":\"SearchAction\",\"target\":{\"@type\":\"EntryPoint\",\"urlTemplate\":\"https:\/\/er-ig.de\/cms\/?s={search_term_string}\"},\"query-input\":{\"@type\":\"PropertyValueSpecification\",\"valueRequired\":true,\"valueName\":\"search_term_string\"}}],\"inLanguage\":\"de\"},{\"@type\":\"Organization\",\"@id\":\"https:\/\/er-ig.de\/cms\/#organization\",\"name\":\"ERIG e.V.\",\"url\":\"https:\/\/er-ig.de\/cms\/\",\"logo\":{\"@type\":\"ImageObject\",\"inLanguage\":\"de\",\"@id\":\"https:\/\/er-ig.de\/cms\/#\/schema\/logo\/image\/\",\"url\":\"https:\/\/er-ig.de\/cms\/wp-content\/uploads\/2023\/11\/ERIG_Farben_RGB_01.png\",\"contentUrl\":\"https:\/\/er-ig.de\/cms\/wp-content\/uploads\/2023\/11\/ERIG_Farben_RGB_01.png\",\"width\":1995,\"height\":561,\"caption\":\"ERIG e.V.\"},\"image\":{\"@id\":\"https:\/\/er-ig.de\/cms\/#\/schema\/logo\/image\/\"}}]}<\/script>\n<!-- \/ Yoast SEO plugin. -->","yoast_head_json":{"title":"Kontakt &#8211; ERIG e.V.","robots":{"index":"index","follow":"follow","max-snippet":"max-snippet:-1","max-image-preview":"max-image-preview:large","max-video-preview":"max-video-preview:-1"},"canonical":"https:\/\/er-ig.de\/cms\/kontakt\/","og_locale":"de_DE","og_type":"article","og_title":"Kontakt &#8211; ERIG e.V.","og_description":"Unsere Arbeitstreffen sind jeden Dienstag um 18:00 Uhr in unserem Versammlungsraum sowie digital auf Discord. F\u00fcr einen Server-Invite, schreibt uns gerne eine E-Mail. Unsere Kontaktdaten: ERIG e.V.c\/o Institut f\u00fcr RaumfahrtsystemeTechnische Universit\u00e4t BraunschweigHermann-Blenk-Stra\u00dfe 23D-38108 Braunschweig Tel.: +49 (0) 531 3919983 E-Mail:&nbsp;kontakt@er-ig.deURL:&nbsp;www.er-ig.de Bei Problemen und Anfragen zur Webseite:webmaster@er-ig.de Unser Vorstand: vorstand@er-ig.de Sprecher Eric Thiessprecher@er-ig.de Schriftf\u00fchrer Marcel Eckhardschriftfuehrer@er-ig.de [&hellip;]","og_url":"https:\/\/er-ig.de\/cms\/kontakt\/","og_site_name":"ERIG e.V.","article_modified_time":"2025-10-23T17:08:20+00:00","twitter_card":"summary_large_image","schema":{"@context":"https:\/\/schema.org","@graph":[{"@type":"WebPage","@id":"https:\/\/er-ig.de\/cms\/kontakt\/","url":"https:\/\/er-ig.de\/cms\/kontakt\/","name":"Kontakt &#8211; ERIG e.V.","isPartOf":{"@id":"https:\/\/er-ig.de\/cms\/#website"},"datePublished":"2023-11-18T16:10:38+00:00","dateModified":"2025-10-23T17:08:20+00:00","inLanguage":"de","potentialAction":[{"@type":"ReadAction","target":["https:\/\/er-ig.de\/cms\/kontakt\/"]}]},{"@type":"WebSite","@id":"https:\/\/er-ig.de\/cms\/#website","url":"https:\/\/er-ig.de\/cms\/","name":"ERIG e.V.","description":"","publisher":{"@id":"https:\/\/er-ig.de\/cms\/#organization"},"potentialAction":[{"@type":"SearchAction","target":{"@type":"EntryPoint","urlTemplate":"https:\/\/er-ig.de\/cms\/?s={search_term_string}"},"query-input":{"@type":"PropertyValueSpecification","valueRequired":true,"valueName":"search_term_string"}}],"inLanguage":"de"},{"@type":"Organization","@id":"https:\/\/er-ig.de\/cms\/#organization","name":"ERIG e.V.","url":"https:\/\/er-ig.de\/cms\/","logo":{"@type":"ImageObject","inLanguage":"de","@id":"https:\/\/er-ig.de\/cms\/#\/schema\/logo\/image\/","url":"https:\/\/er-ig.de\/cms\/wp-content\/uploads\/2023\/11\/ERIG_Farben_RGB_01.png","contentUrl":"https:\/\/er-ig.de\/cms\/wp-content\/uploads\/2023\/11\/ERIG_Farben_RGB_01.png","width":1995,"height":561,"caption":"ERIG e.V."},"image":{"@id":"https:\/\/er-ig.de\/cms\/#\/schema\/logo\/image\/"}}]}},"_links":{"self":[{"href":"https:\/\/er-ig.de\/cms\/wp-json\/wp\/v2\/pages\/501","targetHints":{"allow":["GET"]}}],"collection":[{"href":"https:\/\/er-ig.de\/cms\/wp-json\/wp\/v2\/pages"}],"about":[{"href":"https:\/\/er-ig.de\/cms\/wp-json\/wp\/v2\/types\/page"}],"author":[{"embeddable":true,"href":"https:\/\/er-ig.de\/cms\/wp-json\/wp\/v2\/users\/1"}],"replies":[{"embeddable":true,"href":"https:\/\/er-ig.de\/cms\/wp-json\/wp\/v2\/comments?post=501"}],"version-history":[{"count":10,"href":"https:\/\/er-ig.de\/cms\/wp-json\/wp\/v2\/pages\/501\/revisions"}],"predecessor-version":[{"id":2229,"href":"https:\/\/er-ig.de\/cms\/wp-json\/wp\/v2\/pages\/501\/revisions\/2229"}],"wp:attachment":[{"href":"https:\/\/er-ig.de\/cms\/wp-json\/wp\/v2\/media?parent=501"}],"curies":[{"name":"wp","href":"https:\/\/api.w.org\/{rel}","templated":true}]}}