{"id":483,"date":"2023-11-18T16:35:17","date_gmt":"2023-11-18T15:35:17","guid":{"rendered":"http:\/\/localhost\/?page_id=483"},"modified":"2023-11-23T07:58:07","modified_gmt":"2023-11-23T06:58:07","slug":"ueber-uns","status":"publish","type":"page","link":"https:\/\/er-ig.de\/cms\/ueber-uns\/","title":{"rendered":"\u00dcber uns"},"content":{"rendered":"\n<p>Herzlich willkommen bei der ERIG! Wir sind eine <strong>studentische Vereinigung<\/strong> mit Sitz am Institut f\u00fcr Raumfahrtsysteme an der Technischen Universit\u00e4t Braunschweig, die im Jahr 1999 gegr\u00fcndet wurde. Unser Ziel ist die <strong>Bildungsf\u00f6rderung<\/strong> von Studierenden, Sch\u00fcler*innen sowie der interessierten \u00d6ffentlichkeit im Bereich der Raumfahrt.<\/p>\n\n\n\n<p>Dabei setzen wir die theoretischen Vorlesungsinhalten in unseren Projekten praktisch um und setzen uns auch f\u00fcr die pers\u00f6nliche Entwicklung unserer Mitglieder ein. Gleichzeitig sind wir als Verein eine Gemeinschaft von gleichgesinnten <strong>Raumfahrtbegeisterten<\/strong> und haben viel Freude an unserer Arbeit.<\/p>\n\n\n\n<p>Wir befassen uns in unterschiedlichen Projekten neben dem <strong>Entwurf und Bau von Experimentalraketen<\/strong> auch mit  <strong>H\u00f6henforschungsexperimenten<\/strong>, der Entwicklung von <strong>Kleinsatelliten<\/strong>, sowie mit der Entwicklung von autonomen <strong>Rover-Demonstratoren<\/strong> zur Erkundung fremder Planeten. Au\u00dferdem betreiben wir eine <strong>Bodenstation<\/strong> f\u00fcr den Empfang von Satellitendaten.<\/p>\n\n\n\n<p>Unsere <strong>Mitglieder<\/strong> sind gr\u00f6\u00dftenteils Studierende und Lehrende aller Studieng\u00e4nge und Semester. Obwohl viele von uns aus der Luft- und Raumfahrttechnik, der Elektrotechnik und dem Maschinenbau kommen, stehen wir f\u00fcr <strong>alle Fachrichtungen<\/strong> offen. So gibt es bei uns auch Studierende aus der Informatik, der Physik, sowie vielen weiteren Studieng\u00e4ngen. Grunds\u00e4tzlich kann man bei uns alles lernen und <strong>Vorkenntnisse sind nicht erforderlich<\/strong>. Zudem gibt es die M\u00f6glichkeit, sich beispielsweise durch Projektmanagement oder durch \u00d6ffentlichkeitsarbeit in die ERIG einzubringen.<\/p>\n\n\n\n<p>Unsere Arbeitsr\u00e4ume befinden sich im Keller des <strong>Instituts f\u00fcr Raumfahrtsysteme (IRaS) <\/strong>der TU Braunschweig am Forschungsflughafen Braunschweig. Dort verf\u00fcgen wir neben R\u00e4umlichkeiten f\u00fcr die Arbeitsgruppen auch \u00fcber einen Versammlungsraum, sowie eine Werkstatt und weitere Arbeitsr\u00e4ume.<\/p>\n\n\n\n<p>Wenn Du Interesse hast, bei uns mitzumachen, dann komm doch einfach mal <strong>Dienstags ab 18 Uhr <\/strong>zu unserem Arbeitstreffen vor Ort vorbei. Das ist unser w\u00f6chentliches Treffen, in dem wir vereinsweite Angelegenheiten besprechen. Du kannst auch online per Discord teilnehmen, aber wir empfehlen dir, pers\u00f6nlich vorbei zu kommen, damit wir dir direkt unsere R\u00e4umlichkeiten und Projekte zeigen k\u00f6nnen.<\/p>\n","protected":false},"excerpt":{"rendered":"<p>Herzlich willkommen bei der ERIG! Wir sind eine studentische Vereinigung mit Sitz am Institut f\u00fcr Raumfahrtsysteme an der Technischen Universit\u00e4t Braunschweig, die im Jahr 1999 gegr\u00fcndet wurde. Unser Ziel ist die Bildungsf\u00f6rderung von Studierenden, Sch\u00fcler*innen sowie der interessierten \u00d6ffentlichkeit im Bereich der Raumfahrt. Dabei setzen wir die theoretischen Vorlesungsinhalten in unseren Projekten praktisch um und [&hellip;]<\/p>\n","protected":false},"author":1,"featured_media":0,"parent":0,"menu_order":0,"comment_status":"closed","ping_status":"closed","template":"","meta":{"footnotes":""},"class_list":["post-483","page","type-page","status-publish","hentry"],"yoast_head":"<!-- This site is optimized with the Yoast SEO plugin v27.4 - https:\/\/yoast.com\/product\/yoast-seo-wordpress\/ -->\n<title>\u00dcber uns &#8211; ERIG e.V.<\/title>\n<meta name=\"robots\" content=\"index, follow, max-snippet:-1, max-image-preview:large, max-video-preview:-1\" \/>\n<link rel=\"canonical\" href=\"https:\/\/er-ig.de\/cms\/ueber-uns\/\" \/>\n<meta property=\"og:locale\" content=\"de_DE\" \/>\n<meta property=\"og:type\" content=\"article\" \/>\n<meta property=\"og:title\" content=\"\u00dcber uns &#8211; ERIG e.V.\" \/>\n<meta property=\"og:description\" content=\"Herzlich willkommen bei der ERIG! Wir sind eine studentische Vereinigung mit Sitz am Institut f\u00fcr Raumfahrtsysteme an der Technischen Universit\u00e4t Braunschweig, die im Jahr 1999 gegr\u00fcndet wurde. Unser Ziel ist die Bildungsf\u00f6rderung von Studierenden, Sch\u00fcler*innen sowie der interessierten \u00d6ffentlichkeit im Bereich der Raumfahrt. Dabei setzen wir die theoretischen Vorlesungsinhalten in unseren Projekten praktisch um und [&hellip;]\" \/>\n<meta property=\"og:url\" content=\"https:\/\/er-ig.de\/cms\/ueber-uns\/\" \/>\n<meta property=\"og:site_name\" content=\"ERIG e.V.\" \/>\n<meta property=\"article:modified_time\" content=\"2023-11-23T06:58:07+00:00\" \/>\n<meta name=\"twitter:card\" content=\"summary_large_image\" \/>\n<meta name=\"twitter:label1\" content=\"Gesch\u00e4tzte Lesezeit\" \/>\n\t<meta name=\"twitter:data1\" content=\"1\u00a0Minute\" \/>\n<script type=\"application\/ld+json\" class=\"yoast-schema-graph\">{\"@context\":\"https:\\\/\\\/schema.org\",\"@graph\":[{\"@type\":\"WebPage\",\"@id\":\"https:\\\/\\\/er-ig.de\\\/cms\\\/ueber-uns\\\/\",\"url\":\"https:\\\/\\\/er-ig.de\\\/cms\\\/ueber-uns\\\/\",\"name\":\"\u00dcber uns &#8211; ERIG e.V.\",\"isPartOf\":{\"@id\":\"https:\\\/\\\/er-ig.de\\\/cms\\\/#website\"},\"datePublished\":\"2023-11-18T15:35:17+00:00\",\"dateModified\":\"2023-11-23T06:58:07+00:00\",\"inLanguage\":\"de\",\"potentialAction\":[{\"@type\":\"ReadAction\",\"target\":[\"https:\\\/\\\/er-ig.de\\\/cms\\\/ueber-uns\\\/\"]}]},{\"@type\":\"WebSite\",\"@id\":\"https:\\\/\\\/er-ig.de\\\/cms\\\/#website\",\"url\":\"https:\\\/\\\/er-ig.de\\\/cms\\\/\",\"name\":\"ERIG e.V.\",\"description\":\"\",\"publisher\":{\"@id\":\"https:\\\/\\\/er-ig.de\\\/cms\\\/#organization\"},\"potentialAction\":[{\"@type\":\"SearchAction\",\"target\":{\"@type\":\"EntryPoint\",\"urlTemplate\":\"https:\\\/\\\/er-ig.de\\\/cms\\\/?s={search_term_string}\"},\"query-input\":{\"@type\":\"PropertyValueSpecification\",\"valueRequired\":true,\"valueName\":\"search_term_string\"}}],\"inLanguage\":\"de\"},{\"@type\":\"Organization\",\"@id\":\"https:\\\/\\\/er-ig.de\\\/cms\\\/#organization\",\"name\":\"ERIG e.V.\",\"url\":\"https:\\\/\\\/er-ig.de\\\/cms\\\/\",\"logo\":{\"@type\":\"ImageObject\",\"inLanguage\":\"de\",\"@id\":\"https:\\\/\\\/er-ig.de\\\/cms\\\/#\\\/schema\\\/logo\\\/image\\\/\",\"url\":\"https:\\\/\\\/er-ig.de\\\/cms\\\/wp-content\\\/uploads\\\/2023\\\/11\\\/ERIG_Farben_RGB_01.png\",\"contentUrl\":\"https:\\\/\\\/er-ig.de\\\/cms\\\/wp-content\\\/uploads\\\/2023\\\/11\\\/ERIG_Farben_RGB_01.png\",\"width\":1995,\"height\":561,\"caption\":\"ERIG e.V.\"},\"image\":{\"@id\":\"https:\\\/\\\/er-ig.de\\\/cms\\\/#\\\/schema\\\/logo\\\/image\\\/\"}}]}<\/script>\n<!-- \/ Yoast SEO plugin. -->","yoast_head_json":{"title":"\u00dcber uns &#8211; ERIG e.V.","robots":{"index":"index","follow":"follow","max-snippet":"max-snippet:-1","max-image-preview":"max-image-preview:large","max-video-preview":"max-video-preview:-1"},"canonical":"https:\/\/er-ig.de\/cms\/ueber-uns\/","og_locale":"de_DE","og_type":"article","og_title":"\u00dcber uns &#8211; ERIG e.V.","og_description":"Herzlich willkommen bei der ERIG! Wir sind eine studentische Vereinigung mit Sitz am Institut f\u00fcr Raumfahrtsysteme an der Technischen Universit\u00e4t Braunschweig, die im Jahr 1999 gegr\u00fcndet wurde. Unser Ziel ist die Bildungsf\u00f6rderung von Studierenden, Sch\u00fcler*innen sowie der interessierten \u00d6ffentlichkeit im Bereich der Raumfahrt. Dabei setzen wir die theoretischen Vorlesungsinhalten in unseren Projekten praktisch um und [&hellip;]","og_url":"https:\/\/er-ig.de\/cms\/ueber-uns\/","og_site_name":"ERIG e.V.","article_modified_time":"2023-11-23T06:58:07+00:00","twitter_card":"summary_large_image","twitter_misc":{"Gesch\u00e4tzte Lesezeit":"1\u00a0Minute"},"schema":{"@context":"https:\/\/schema.org","@graph":[{"@type":"WebPage","@id":"https:\/\/er-ig.de\/cms\/ueber-uns\/","url":"https:\/\/er-ig.de\/cms\/ueber-uns\/","name":"\u00dcber uns &#8211; ERIG e.V.","isPartOf":{"@id":"https:\/\/er-ig.de\/cms\/#website"},"datePublished":"2023-11-18T15:35:17+00:00","dateModified":"2023-11-23T06:58:07+00:00","inLanguage":"de","potentialAction":[{"@type":"ReadAction","target":["https:\/\/er-ig.de\/cms\/ueber-uns\/"]}]},{"@type":"WebSite","@id":"https:\/\/er-ig.de\/cms\/#website","url":"https:\/\/er-ig.de\/cms\/","name":"ERIG e.V.","description":"","publisher":{"@id":"https:\/\/er-ig.de\/cms\/#organization"},"potentialAction":[{"@type":"SearchAction","target":{"@type":"EntryPoint","urlTemplate":"https:\/\/er-ig.de\/cms\/?s={search_term_string}"},"query-input":{"@type":"PropertyValueSpecification","valueRequired":true,"valueName":"search_term_string"}}],"inLanguage":"de"},{"@type":"Organization","@id":"https:\/\/er-ig.de\/cms\/#organization","name":"ERIG e.V.","url":"https:\/\/er-ig.de\/cms\/","logo":{"@type":"ImageObject","inLanguage":"de","@id":"https:\/\/er-ig.de\/cms\/#\/schema\/logo\/image\/","url":"https:\/\/er-ig.de\/cms\/wp-content\/uploads\/2023\/11\/ERIG_Farben_RGB_01.png","contentUrl":"https:\/\/er-ig.de\/cms\/wp-content\/uploads\/2023\/11\/ERIG_Farben_RGB_01.png","width":1995,"height":561,"caption":"ERIG e.V."},"image":{"@id":"https:\/\/er-ig.de\/cms\/#\/schema\/logo\/image\/"}}]}},"_links":{"self":[{"href":"https:\/\/er-ig.de\/cms\/wp-json\/wp\/v2\/pages\/483","targetHints":{"allow":["GET"]}}],"collection":[{"href":"https:\/\/er-ig.de\/cms\/wp-json\/wp\/v2\/pages"}],"about":[{"href":"https:\/\/er-ig.de\/cms\/wp-json\/wp\/v2\/types\/page"}],"author":[{"embeddable":true,"href":"https:\/\/er-ig.de\/cms\/wp-json\/wp\/v2\/users\/1"}],"replies":[{"embeddable":true,"href":"https:\/\/er-ig.de\/cms\/wp-json\/wp\/v2\/comments?post=483"}],"version-history":[{"count":5,"href":"https:\/\/er-ig.de\/cms\/wp-json\/wp\/v2\/pages\/483\/revisions"}],"predecessor-version":[{"id":618,"href":"https:\/\/er-ig.de\/cms\/wp-json\/wp\/v2\/pages\/483\/revisions\/618"}],"wp:attachment":[{"href":"https:\/\/er-ig.de\/cms\/wp-json\/wp\/v2\/media?parent=483"}],"curies":[{"name":"wp","href":"https:\/\/api.w.org\/{rel}","templated":true}]}}