{"id":444,"date":"2023-11-18T01:06:24","date_gmt":"2023-11-18T00:06:24","guid":{"rendered":"http:\/\/localhost\/?page_id=444"},"modified":"2025-10-23T19:06:47","modified_gmt":"2025-10-23T17:06:47","slug":"impressum","status":"publish","type":"page","link":"https:\/\/er-ig.de\/cms\/impressum\/","title":{"rendered":"Impressum"},"content":{"rendered":"\n<h2 class=\"wp-block-heading\">Angaben gem\u00e4\u00df \u00a7 5 TMG:<\/h2>\n\n\n\n<p>ExperimentalRaumfahrt-InteressenGemeinschaft e.V.<br>c\/o Institut f\u00fcr Raumfahrtsysteme<br>Technische Universit\u00e4t Braunschweig<br>Hermann-Blenk-Stra\u00dfe 23<br>D-38108 Braunschweig<\/p>\n\n\n\n<p>E-Mail: <a href=\"mailto:kontakt@er-ig.de\">kontakt@er-ig.de<\/a><br>Tel.: +49 (0) 531 3919983<\/p>\n\n\n\n<p>Amtsgericht Braunschweig, Registernummer: VR 4264<br>Vorstand: Eric Thies, Marcel Eckhard, Arne Oetken<\/p>\n\n\n\n<p>Verantwortlich f\u00fcr redaktionelle Inhalte nach \u00a7 6 Abs. 2 MDStV ist der Vorstand.<\/p>\n","protected":false},"excerpt":{"rendered":"<p>Angaben gem\u00e4\u00df \u00a7 5 TMG: ExperimentalRaumfahrt-InteressenGemeinschaft e.V.c\/o Institut f\u00fcr RaumfahrtsystemeTechnische Universit\u00e4t BraunschweigHermann-Blenk-Stra\u00dfe 23D-38108 Braunschweig E-Mail: kontakt@er-ig.deTel.: +49 (0) 531 3919983 Amtsgericht Braunschweig, Registernummer: VR 4264Vorstand: Eric Thies, Marcel Eckhard, Arne Oetken Verantwortlich f\u00fcr redaktionelle Inhalte nach \u00a7 6 Abs. 2 MDStV ist der Vorstand.<\/p>\n","protected":false},"author":1,"featured_media":0,"parent":0,"menu_order":0,"comment_status":"closed","ping_status":"closed","template":"","meta":{"footnotes":""},"class_list":["post-444","page","type-page","status-publish","hentry"],"yoast_head":"<!-- This site is optimized with the Yoast SEO plugin v27.1.1 - https:\/\/yoast.com\/product\/yoast-seo-wordpress\/ -->\n<title>Impressum &#8211; ERIG e.V.<\/title>\n<meta name=\"robots\" content=\"index, follow, max-snippet:-1, max-image-preview:large, max-video-preview:-1\" \/>\n<link rel=\"canonical\" href=\"http:\/\/er-ig.de\/cms\/impressum\/\" \/>\n<meta property=\"og:locale\" content=\"de_DE\" \/>\n<meta property=\"og:type\" content=\"article\" \/>\n<meta property=\"og:title\" content=\"Impressum &#8211; ERIG e.V.\" \/>\n<meta property=\"og:description\" content=\"Angaben gem\u00e4\u00df \u00a7 5 TMG: ExperimentalRaumfahrt-InteressenGemeinschaft e.V.c\/o Institut f\u00fcr RaumfahrtsystemeTechnische Universit\u00e4t BraunschweigHermann-Blenk-Stra\u00dfe 23D-38108 Braunschweig E-Mail: kontakt@er-ig.deTel.: +49 (0) 531 3919983 Amtsgericht Braunschweig, Registernummer: VR 4264Vorstand: Eric Thies, Marcel Eckhard, Arne Oetken Verantwortlich f\u00fcr redaktionelle Inhalte nach \u00a7 6 Abs. 2 MDStV ist der Vorstand.\" \/>\n<meta property=\"og:url\" content=\"http:\/\/er-ig.de\/cms\/impressum\/\" \/>\n<meta property=\"og:site_name\" content=\"ERIG e.V.\" \/>\n<meta property=\"article:modified_time\" content=\"2025-10-23T17:06:47+00:00\" \/>\n<meta name=\"twitter:card\" content=\"summary_large_image\" \/>\n<script type=\"application\/ld+json\" class=\"yoast-schema-graph\">{\"@context\":\"https:\/\/schema.org\",\"@graph\":[{\"@type\":\"WebPage\",\"@id\":\"http:\/\/er-ig.de\/cms\/impressum\/\",\"url\":\"http:\/\/er-ig.de\/cms\/impressum\/\",\"name\":\"Impressum &#8211; ERIG e.V.\",\"isPartOf\":{\"@id\":\"http:\/\/er-ig.de\/cms\/#website\"},\"datePublished\":\"2023-11-18T00:06:24+00:00\",\"dateModified\":\"2025-10-23T17:06:47+00:00\",\"inLanguage\":\"de\",\"potentialAction\":[{\"@type\":\"ReadAction\",\"target\":[\"http:\/\/er-ig.de\/cms\/impressum\/\"]}]},{\"@type\":\"WebSite\",\"@id\":\"http:\/\/er-ig.de\/cms\/#website\",\"url\":\"http:\/\/er-ig.de\/cms\/\",\"name\":\"ERIG e.V.\",\"description\":\"\",\"publisher\":{\"@id\":\"http:\/\/er-ig.de\/cms\/#organization\"},\"potentialAction\":[{\"@type\":\"SearchAction\",\"target\":{\"@type\":\"EntryPoint\",\"urlTemplate\":\"http:\/\/er-ig.de\/cms\/?s={search_term_string}\"},\"query-input\":{\"@type\":\"PropertyValueSpecification\",\"valueRequired\":true,\"valueName\":\"search_term_string\"}}],\"inLanguage\":\"de\"},{\"@type\":\"Organization\",\"@id\":\"http:\/\/er-ig.de\/cms\/#organization\",\"name\":\"ERIG e.V.\",\"url\":\"http:\/\/er-ig.de\/cms\/\",\"logo\":{\"@type\":\"ImageObject\",\"inLanguage\":\"de\",\"@id\":\"http:\/\/er-ig.de\/cms\/#\/schema\/logo\/image\/\",\"url\":\"https:\/\/er-ig.de\/cms\/wp-content\/uploads\/2023\/11\/ERIG_Farben_RGB_01.png\",\"contentUrl\":\"https:\/\/er-ig.de\/cms\/wp-content\/uploads\/2023\/11\/ERIG_Farben_RGB_01.png\",\"width\":1995,\"height\":561,\"caption\":\"ERIG e.V.\"},\"image\":{\"@id\":\"http:\/\/er-ig.de\/cms\/#\/schema\/logo\/image\/\"}}]}<\/script>\n<!-- \/ Yoast SEO plugin. -->","yoast_head_json":{"title":"Impressum &#8211; ERIG e.V.","robots":{"index":"index","follow":"follow","max-snippet":"max-snippet:-1","max-image-preview":"max-image-preview:large","max-video-preview":"max-video-preview:-1"},"canonical":"http:\/\/er-ig.de\/cms\/impressum\/","og_locale":"de_DE","og_type":"article","og_title":"Impressum &#8211; ERIG e.V.","og_description":"Angaben gem\u00e4\u00df \u00a7 5 TMG: ExperimentalRaumfahrt-InteressenGemeinschaft e.V.c\/o Institut f\u00fcr RaumfahrtsystemeTechnische Universit\u00e4t BraunschweigHermann-Blenk-Stra\u00dfe 23D-38108 Braunschweig E-Mail: kontakt@er-ig.deTel.: +49 (0) 531 3919983 Amtsgericht Braunschweig, Registernummer: VR 4264Vorstand: Eric Thies, Marcel Eckhard, Arne Oetken Verantwortlich f\u00fcr redaktionelle Inhalte nach \u00a7 6 Abs. 2 MDStV ist der Vorstand.","og_url":"http:\/\/er-ig.de\/cms\/impressum\/","og_site_name":"ERIG e.V.","article_modified_time":"2025-10-23T17:06:47+00:00","twitter_card":"summary_large_image","schema":{"@context":"https:\/\/schema.org","@graph":[{"@type":"WebPage","@id":"http:\/\/er-ig.de\/cms\/impressum\/","url":"http:\/\/er-ig.de\/cms\/impressum\/","name":"Impressum &#8211; ERIG e.V.","isPartOf":{"@id":"http:\/\/er-ig.de\/cms\/#website"},"datePublished":"2023-11-18T00:06:24+00:00","dateModified":"2025-10-23T17:06:47+00:00","inLanguage":"de","potentialAction":[{"@type":"ReadAction","target":["http:\/\/er-ig.de\/cms\/impressum\/"]}]},{"@type":"WebSite","@id":"http:\/\/er-ig.de\/cms\/#website","url":"http:\/\/er-ig.de\/cms\/","name":"ERIG e.V.","description":"","publisher":{"@id":"http:\/\/er-ig.de\/cms\/#organization"},"potentialAction":[{"@type":"SearchAction","target":{"@type":"EntryPoint","urlTemplate":"http:\/\/er-ig.de\/cms\/?s={search_term_string}"},"query-input":{"@type":"PropertyValueSpecification","valueRequired":true,"valueName":"search_term_string"}}],"inLanguage":"de"},{"@type":"Organization","@id":"http:\/\/er-ig.de\/cms\/#organization","name":"ERIG e.V.","url":"http:\/\/er-ig.de\/cms\/","logo":{"@type":"ImageObject","inLanguage":"de","@id":"http:\/\/er-ig.de\/cms\/#\/schema\/logo\/image\/","url":"https:\/\/er-ig.de\/cms\/wp-content\/uploads\/2023\/11\/ERIG_Farben_RGB_01.png","contentUrl":"https:\/\/er-ig.de\/cms\/wp-content\/uploads\/2023\/11\/ERIG_Farben_RGB_01.png","width":1995,"height":561,"caption":"ERIG e.V."},"image":{"@id":"http:\/\/er-ig.de\/cms\/#\/schema\/logo\/image\/"}}]}},"_links":{"self":[{"href":"https:\/\/er-ig.de\/cms\/wp-json\/wp\/v2\/pages\/444","targetHints":{"allow":["GET"]}}],"collection":[{"href":"https:\/\/er-ig.de\/cms\/wp-json\/wp\/v2\/pages"}],"about":[{"href":"https:\/\/er-ig.de\/cms\/wp-json\/wp\/v2\/types\/page"}],"author":[{"embeddable":true,"href":"https:\/\/er-ig.de\/cms\/wp-json\/wp\/v2\/users\/1"}],"replies":[{"embeddable":true,"href":"https:\/\/er-ig.de\/cms\/wp-json\/wp\/v2\/comments?post=444"}],"version-history":[{"count":9,"href":"https:\/\/er-ig.de\/cms\/wp-json\/wp\/v2\/pages\/444\/revisions"}],"predecessor-version":[{"id":2227,"href":"https:\/\/er-ig.de\/cms\/wp-json\/wp\/v2\/pages\/444\/revisions\/2227"}],"wp:attachment":[{"href":"https:\/\/er-ig.de\/cms\/wp-json\/wp\/v2\/media?parent=444"}],"curies":[{"name":"wp","href":"https:\/\/api.w.org\/{rel}","templated":true}]}}