{"id":440,"date":"2023-11-18T01:06:35","date_gmt":"2023-11-18T00:06:35","guid":{"rendered":"http:\/\/localhost\/?page_id=440"},"modified":"2026-02-18T03:20:30","modified_gmt":"2026-02-18T02:20:30","slug":"satzung","status":"publish","type":"page","link":"https:\/\/er-ig.de\/cms\/satzung\/","title":{"rendered":"Satzung der ExperimentalRaumfahrt-InteressenGemeinschaft e.V."},"content":{"rendered":"\n<p>ge\u00e4ndert am 21.10.2025<\/p>\n\n\n\n<h2 class=\"wp-block-heading\">\u00a71 Name und Sitz<\/h2>\n\n\n\n<p>a) Der Verein tr\u00e4gt den Namen \u201cExperimentalRaumfahrt-InteressenGemeinschaft\u201d. Die Kurzform lautet<br>ERIG.<\/p>\n\n\n\n<p>b) Der Verein hat den Sitz in Braunschweig. Der Verein wurde am 31. August 1999 errichtet.<\/p>\n\n\n\n<p>c) Der Verein ist politisch und konfessionell neutral und bekennt sich zu den Grunds\u00e4tzen der Menschenrechte.<br>Der Verein stellt sich entgegen jeglicher Diskriminierung, insbesondere aufgrund von Geschlecht,<br>Alter, Herkunft, Hautfarbe, Nationalit\u00e4t, Religion, k\u00f6rperlicher oder geistiger Beeintr\u00e4chtigung, sexueller<br>Orientierung oder sozialer Stellung.<\/p>\n\n\n\n<p>d) Der Verein ist eine anerkannte studentisch-wissenschaftliche Vereinigung an der Technischen Universit\u00e4t<br>Braunschweig.<\/p>\n\n\n\n<p>e) Der Verein ist in das Vereinsregister beim Amtsgericht Braunschweig unter der Nr. VR 4264 eingetragen<br>und f\u00fchrt den Zusatz \u201ce.V.\u201d.<\/p>\n\n\n\n<h2 class=\"wp-block-heading\">\u00a72 Zweck<\/h2>\n\n\n\n<p>Der Verein verfolgt ausschlie\u00dflich und unmittelbar gemeinn\u00fctzige Zwecke im Sinne des Abschnittes \u201cSteuerbeg\u00fcnstigte<br>Zwecke\u201d der Abgabenordnung.<\/p>\n\n\n\n<p>a) Der Zweck des Vereins ist die F\u00f6rderung der Wissenschaft, Forschung und Bildung.<\/p>\n\n\n\n<p>b) Der Satzungszweck wird insbesondere verwirklicht durch:<\/p>\n\n\n\n<ul class=\"wp-block-list\">\n<li>F\u00f6rderung von raumfahrtbezogenen studentischen Projekten und der Entwicklung damit in Zusammenhang stehender Technologien an der TU Braunschweig.<\/li>\n\n\n\n<li>Zusammenarbeit mit Instituten aller Fachrichtungen der TU Braunschweig.<br>Kontaktpflege und Zusammenarbeit mit anderen gleichgesinnten Gruppen auf nationaler und<br>internationaler Ebene.<\/li>\n\n\n\n<li>Durchf\u00fchrung von Ausstellungen, Vortr\u00e4gen und \u00e4hnlichen \u00f6ffentlichen Veranstaltungen.<br>\u00d6ffentlichkeitsarbeit und Nachwuchswerbung.<\/li>\n\n\n\n<li>Aufbau von Kontakten mit der Industrie bzw. raumfahrttechnisch engagierten Vereinigungen.<br>Begleitung von studentischen Arbeiten sowie Organisation von studentischen Praktika.<\/li>\n\n\n\n<li>Vertretung der hochschul- und studienbezogenen Interessen von Studierenden und der Interessen<br>der TU Braunschweig im Rahmen der M\u00f6glichkeiten des Vereins.<\/li>\n<\/ul>\n\n\n\n<h2 class=\"wp-block-heading\">\u00a73 Mitgliedschaft<\/h2>\n\n\n\n<p><strong>Erwerb der Mitgliedschaft<\/strong><\/p>\n\n\n\n<p>a) Mitglied des Vereins kann jede nat\u00fcrliche und juristische Person werden.<\/p>\n\n\n\n<p>b) Es muss jedoch gew\u00e4hrleistet sein, dass die Mehrheit der stimmberechtigten Mitglieder immatrikulierte Studierende der TU Braunschweig sind.<\/p>\n\n\n\n<p>c) \u00dcber den Aufnahmevertrag f\u00fcr die stimmberechtigte Mitgliedschaft entscheidet die Vollversammlung.<\/p>\n\n\n\n<p><strong>Beendigung der Mitgliedschaft<\/strong><\/p>\n\n\n\n<p>a) Die Mitgliedschaft endet auf eigenen Wunsch, durch Ausschluss, der von der Vollversammlung mit<br>2\/3 Mehrheit ausgesprochen werden muss, oder durch Tod.<\/p>\n\n\n\n<p>b) Die Beendigung der Mitgliedschaft entbindet die Person nicht von den bis zu diesem Zeitpunkt<br>gegen\u00fcber dem Verein \u00fcbernommenen Verpflichtungen und Schulden.<\/p>\n\n\n\n<p><strong>Mitgliedsbeitr\u00e4ge und weiterf\u00fchrende Bestimmungen<\/strong><\/p>\n\n\n\n<p>a) Der Verein erhebt keine Mitgliedsbeitr\u00e4ge.<\/p>\n\n\n\n<p>b) Genauere Regelungen zu Beginn und Ende der Mitgliedschaft sowie zu den Arten der Mitgliedschaft sind in der Gesch\u00e4ftsordnung (GO) des Vereins verfasst.<\/p>\n\n\n\n<h2 class=\"wp-block-heading\">\u00a74 Organe<\/h2>\n\n\n\n<p>Organe des Vereins sind:<\/p>\n\n\n\n<p>a) Die Vollversammlung,<\/p>\n\n\n\n<p>b) das Arbeitstreffen,<\/p>\n\n\n\n<p>c) der Vorstand,<\/p>\n\n\n\n<p>d) die Arbeitsgruppen.<\/p>\n\n\n\n<h2 class=\"wp-block-heading\">\u00a75 Die Vollversammlung<\/h2>\n\n\n\n<p>a) Die Vollversammlung (VV) ist \u00f6ffentlich.<\/p>\n\n\n\n<p>b) Die Stimmberechtigung ist in der GO geregelt.<\/p>\n\n\n\n<p>c) Die VV wird von dem*der Sprecher*in einberufen. Die Einladung erfolgt schriftlich. Form und Frist sind in der GO geregelt.<\/p>\n\n\n\n<p>d) Die VV wird mindestens einmal im Semester einberufen.<\/p>\n\n\n\n<p>e) Die VV w\u00e4hlt den Vorstand, alle weiteren \u00c4mter und die Kassenpr\u00fcfer*innen.<\/p>\n\n\n\n<p>f) Sie nimmt den Bericht des*der Kassenwartes*Kassenwartin entgegen und entscheidet aufgrund der Kassenpr\u00fcfung \u00fcber seine*ihre Entlastung.<\/p>\n\n\n\n<p>g) Die VV sorgt daf\u00fcr, dass jedes Amt des erweiterten Vorstands nur maximal drei Semester in Folge von derselben Person besetzt wird.<\/p>\n\n\n\n<p>h) Die VV kann mit 3\/4 Mehrheit \u00c4nderungen der Satzung und mit 2\/3 Mehrheit \u00c4nderungen der GO beschlie\u00dfen. Rein redaktionelle \u00c4nderungen der Satzung und GO k\u00f6nnen vom Vorstand einstimmig vorgenommen und vom AT best\u00e4tigt werden. Diese \u00c4nderungen werden mit der n\u00e4chsten nicht redaktionellen \u00c4nderung der Satzung bzw. GO ver\u00f6ffentlicht.<\/p>\n\n\n\n<p>i) Die VV kann Arbeitsgruppen mit 2\/3 Mehrheit sowohl einrichten als auch aufl\u00f6sen und definiert deren Aufgaben. Jede Arbeitsgruppe ist verpflichtet, der VV auf Aufforderung einen Bericht \u00fcber ihre Arbeit bzw. Aktivit\u00e4ten zu erstatten.<\/p>\n\n\n\n<p>j) Die VV beschlie\u00dft mit 2\/3 Mehrheit die langfristige Planung der Aktivit\u00e4ten des Vereins sowie die Bereitstellung finanzieller Mittel f\u00fcr die einzelnen Projekte.<\/p>\n\n\n\n<p>k) \u00dcber den Verlauf der Vollversammlung ist ein Protokoll zu f\u00fchren, das vom Vorstand zu unterzeichnen ist.<\/p>\n\n\n\n<h2 class=\"wp-block-heading\">\u00a76 Beschlussf\u00e4higkeit der Vollversammlung<\/h2>\n\n\n\n<p>a) Die VV ist beschlussf\u00e4hig, wenn mindestens 50% der stimmberechtigten Mitglieder anwesend sind.<\/p>\n\n\n\n<p>b) Wenn bei einer VV die Beschlussf\u00e4higkeit nicht gegeben ist, muss eine au\u00dferordentliche VV einberufen werden.<\/p>\n\n\n\n<p>c) F\u00fcr eine au\u00dferordentliche VV kommt die Ziffer 6a nicht zur Anwendung. Die Mitglieder m\u00fcssen jedoch schriftlich benachrichtigt werden und \u00fcber den Verhandlungsgegenstand sowie den Ausschluss der Ziffer 6a informiert werden. Form und Frist der Einladung sind in der GO geregelt.<\/p>\n\n\n\n<h2 class=\"wp-block-heading\">\u00a77 Das Arbeitstreffen<\/h2>\n\n\n\n<p>a) Das Arbeitstreffen (AT) findet w\u00f6chentlich zu einem Zeitpunkt und an einem Ort statt, der allen Vereinsmitgliedern bekannt ist.<\/p>\n\n\n\n<p>b) Auf dem AT werden die kurzfristigen Aktivit\u00e4ten des Vereins sowie die einzelnen Ausgaben beschlossen. Jede Ausgabe muss nach den in der GO festgelegten Regelungen zuvor im Arbeitstreffen abgestimmt werden. Dabei muss ein Vorstandsmitglied anwesend sein.<\/p>\n\n\n\n<p>c) Das AT ist beschlussf\u00e4hig, wenn mindestens 1\/3 der aktiven Mitglieder und darunter aus jeder Arbeitsgruppe ein von dem*der AG-Leiter*in jeweils vor dem Treffen benannte*r Vertreter*in anwesend ist. Es m\u00fcssen dabei mindestens 50% der Mitglieder des erweiterten Vorstandes anwesend sein.<\/p>\n\n\n\n<p>d) Leiter*in des Arbeitstreffens ist der*die Sprecher*in oder der*die Stellvertreter*in.<\/p>\n\n\n\n<p>e) Es muss von jedem Arbeitstreffen ein Protokoll angefertigt werden, das allen Vereinsmitgliedern zug\u00e4nglich ist.<\/p>\n\n\n\n<h2 class=\"wp-block-heading\">\u00a78 Die Arbeitsgruppen<\/h2>\n\n\n\n<p>a) In den Arbeitsgruppen (AG) wird die Arbeit des Vereins geleistet.<\/p>\n\n\n\n<p>b) Die Einrichtung oder Aufl\u00f6sung einer AG sowie ihr Aufgabengebiet wird auf der VV beschlossen.<\/p>\n\n\n\n<p>c) Einer AG steht ein*e AG-Leiter*in vor, der*die die Arbeit und das Budget der AG koordiniert.<\/p>\n\n\n\n<h2 class=\"wp-block-heading\">\u00a79 Der Vorstand<\/h2>\n\n\n\n<p>a) Der Vorstand besteht aus Sprecher*in, Schriftf\u00fchrer*in und Kassenwart*in.<\/p>\n\n\n\n<p>b) Der Vorstand vertritt den Verein gerichtlich und au\u00dfergerichtlich. Jedes Vorstandsmitglied ist einzeln vertretungsberechtigt.<\/p>\n\n\n\n<p>c) Der erweiterte Vorstand umfasst zus\u00e4tzlich die Leiter*innen der Arbeitsgruppen.<\/p>\n\n\n\n<p>d) F\u00fcr gewisse Gesch\u00e4fte kann ein*e besondere*r Vertreter*in bestellt werden. Die Inhalte des Gesch\u00e4ftsbereiches und die verantwortliche Person werden auf der VV bestimmt.<\/p>\n\n\n\n<h2 class=\"wp-block-heading\">\u00a710 Finanzielle Bestimmungen<\/h2>\n\n\n\n<p>a) Der Verein ist selbstlos t\u00e4tig. Er verfolgt nicht in erster Linie eigenwirtschaftliche Zwecke.<\/p>\n\n\n\n<p>b) Der*Die von der VV gew\u00e4hlte Kassenwart*in f\u00fchrt die finanziellen Gesch\u00e4fte des Vereins.<\/p>\n\n\n\n<p>c) Ehrenamtlich t\u00e4tige Personen haben nur Anspruch auf Ersatz nachgewiesener Auslagen.<\/p>\n\n\n\n<p>d) F\u00fcr Ausgaben ist ein Beschluss des Arbeitstreffens entsprechend den Regelungen der GO erforderlich.<\/p>\n\n\n\n<p>e) Kassenwart*in und Sprecher*in haben Kontovollmacht.<\/p>\n\n\n\n<p>f) Kassenwart*in und Sprecher*in sind f\u00fcr pers\u00f6nliche Veruntreuungen haftbar, der Verein wird entlastet.<\/p>\n\n\n\n<p>g) Das Gesch\u00e4ftsjahr des Vereins ist das Kalenderjahr.<\/p>\n\n\n\n<p>h) Die Mittel des Vereins d\u00fcrfen nur f\u00fcr die satzungsgem\u00e4\u00dfen Zwecke verwendet werden. Die Mitglieder erhalten keine Zuwendungen aus Mitteln des Vereins.<\/p>\n\n\n\n<p>i) Es darf keine Person durch Ausgaben, die dem Zwecke der K\u00f6rperschaft fremd sind oder durch unverh\u00e4ltnism\u00e4\u00dfig hohe Verg\u00fctungen beg\u00fcnstigt werden.<\/p>\n\n\n\n<h2 class=\"wp-block-heading\">\u00a711 Aufl\u00f6sung des Vereins<\/h2>\n\n\n\n<p>a) Der Verein kann mit 3\/4-Mehrheit der VV aufgel\u00f6st werden. Die Aufl\u00f6sung des Vereins ist in der Einladung zur VV anzuk\u00fcndigen.<\/p>\n\n\n\n<p>b) Bei Aufl\u00f6sung des Vereins oder bei Wegfall steuerbeg\u00fcnstigter Zwecke f\u00e4llt das Verm\u00f6gen des Vereins an den Braunschweigischen Hochschulbund e.V. (BHB) zwecks Verwendung f\u00fcr Unterst\u00fctzung einer studentischen Vereinigung, die den Zielen des Vereins nahe steht.<\/p>\n\n\n\n<h2 class=\"wp-block-heading\">\u00a712 Schlussbestimmungen<\/h2>\n\n\n\n<p>a) gestrichen<\/p>\n\n\n\n<p>b) Weitergehende Bestimmungen sind in der Gesch\u00e4ftsordnung (GO) geregelt. Der Inhalt der GO darf nicht der Satzung widersprechen.<\/p>\n","protected":false},"excerpt":{"rendered":"<p>ge\u00e4ndert am 21.10.2025 \u00a71 Name und Sitz a) Der Verein tr\u00e4gt den Namen \u201cExperimentalRaumfahrt-InteressenGemeinschaft\u201d. Die Kurzform lautetERIG. b) Der Verein hat den Sitz in Braunschweig. Der Verein wurde am 31. August 1999 errichtet. c) Der Verein ist politisch und konfessionell neutral und bekennt sich zu den Grunds\u00e4tzen der Menschenrechte.Der Verein stellt sich entgegen jeglicher Diskriminierung, [&hellip;]<\/p>\n","protected":false},"author":1,"featured_media":0,"parent":0,"menu_order":0,"comment_status":"closed","ping_status":"closed","template":"","meta":{"footnotes":""},"class_list":["post-440","page","type-page","status-publish","hentry"],"yoast_head":"<!-- This site is optimized with the Yoast SEO plugin v27.1.1 - https:\/\/yoast.com\/product\/yoast-seo-wordpress\/ -->\n<title>Satzung der ExperimentalRaumfahrt-InteressenGemeinschaft e.V. &#8211; ERIG e.V.<\/title>\n<meta name=\"robots\" content=\"index, follow, max-snippet:-1, max-image-preview:large, max-video-preview:-1\" \/>\n<link rel=\"canonical\" href=\"https:\/\/er-ig.de\/cms\/satzung\/\" \/>\n<meta property=\"og:locale\" content=\"de_DE\" \/>\n<meta property=\"og:type\" content=\"article\" \/>\n<meta property=\"og:title\" content=\"Satzung der ExperimentalRaumfahrt-InteressenGemeinschaft e.V. &#8211; ERIG e.V.\" \/>\n<meta property=\"og:description\" content=\"ge\u00e4ndert am 21.10.2025 \u00a71 Name und Sitz a) Der Verein tr\u00e4gt den Namen \u201cExperimentalRaumfahrt-InteressenGemeinschaft\u201d. Die Kurzform lautetERIG. b) Der Verein hat den Sitz in Braunschweig. Der Verein wurde am 31. August 1999 errichtet. c) Der Verein ist politisch und konfessionell neutral und bekennt sich zu den Grunds\u00e4tzen der Menschenrechte.Der Verein stellt sich entgegen jeglicher Diskriminierung, [&hellip;]\" \/>\n<meta property=\"og:url\" content=\"https:\/\/er-ig.de\/cms\/satzung\/\" \/>\n<meta property=\"og:site_name\" content=\"ERIG e.V.\" \/>\n<meta property=\"article:modified_time\" content=\"2026-02-18T02:20:30+00:00\" \/>\n<meta name=\"twitter:card\" content=\"summary_large_image\" \/>\n<meta name=\"twitter:label1\" content=\"Gesch\u00e4tzte Lesezeit\" \/>\n\t<meta name=\"twitter:data1\" content=\"7\u00a0Minuten\" \/>\n<script type=\"application\/ld+json\" class=\"yoast-schema-graph\">{\"@context\":\"https:\/\/schema.org\",\"@graph\":[{\"@type\":\"WebPage\",\"@id\":\"https:\/\/er-ig.de\/cms\/satzung\/\",\"url\":\"https:\/\/er-ig.de\/cms\/satzung\/\",\"name\":\"Satzung der ExperimentalRaumfahrt-InteressenGemeinschaft e.V. &#8211; ERIG e.V.\",\"isPartOf\":{\"@id\":\"https:\/\/er-ig.de\/cms\/#website\"},\"datePublished\":\"2023-11-18T00:06:35+00:00\",\"dateModified\":\"2026-02-18T02:20:30+00:00\",\"inLanguage\":\"de\",\"potentialAction\":[{\"@type\":\"ReadAction\",\"target\":[\"https:\/\/er-ig.de\/cms\/satzung\/\"]}]},{\"@type\":\"WebSite\",\"@id\":\"https:\/\/er-ig.de\/cms\/#website\",\"url\":\"https:\/\/er-ig.de\/cms\/\",\"name\":\"ERIG e.V.\",\"description\":\"\",\"publisher\":{\"@id\":\"https:\/\/er-ig.de\/cms\/#organization\"},\"potentialAction\":[{\"@type\":\"SearchAction\",\"target\":{\"@type\":\"EntryPoint\",\"urlTemplate\":\"https:\/\/er-ig.de\/cms\/?s={search_term_string}\"},\"query-input\":{\"@type\":\"PropertyValueSpecification\",\"valueRequired\":true,\"valueName\":\"search_term_string\"}}],\"inLanguage\":\"de\"},{\"@type\":\"Organization\",\"@id\":\"https:\/\/er-ig.de\/cms\/#organization\",\"name\":\"ERIG e.V.\",\"url\":\"https:\/\/er-ig.de\/cms\/\",\"logo\":{\"@type\":\"ImageObject\",\"inLanguage\":\"de\",\"@id\":\"https:\/\/er-ig.de\/cms\/#\/schema\/logo\/image\/\",\"url\":\"https:\/\/er-ig.de\/cms\/wp-content\/uploads\/2023\/11\/ERIG_Farben_RGB_01.png\",\"contentUrl\":\"https:\/\/er-ig.de\/cms\/wp-content\/uploads\/2023\/11\/ERIG_Farben_RGB_01.png\",\"width\":1995,\"height\":561,\"caption\":\"ERIG e.V.\"},\"image\":{\"@id\":\"https:\/\/er-ig.de\/cms\/#\/schema\/logo\/image\/\"}}]}<\/script>\n<!-- \/ Yoast SEO plugin. -->","yoast_head_json":{"title":"Satzung der ExperimentalRaumfahrt-InteressenGemeinschaft e.V. &#8211; ERIG e.V.","robots":{"index":"index","follow":"follow","max-snippet":"max-snippet:-1","max-image-preview":"max-image-preview:large","max-video-preview":"max-video-preview:-1"},"canonical":"https:\/\/er-ig.de\/cms\/satzung\/","og_locale":"de_DE","og_type":"article","og_title":"Satzung der ExperimentalRaumfahrt-InteressenGemeinschaft e.V. &#8211; ERIG e.V.","og_description":"ge\u00e4ndert am 21.10.2025 \u00a71 Name und Sitz a) Der Verein tr\u00e4gt den Namen \u201cExperimentalRaumfahrt-InteressenGemeinschaft\u201d. Die Kurzform lautetERIG. b) Der Verein hat den Sitz in Braunschweig. Der Verein wurde am 31. August 1999 errichtet. c) Der Verein ist politisch und konfessionell neutral und bekennt sich zu den Grunds\u00e4tzen der Menschenrechte.Der Verein stellt sich entgegen jeglicher Diskriminierung, [&hellip;]","og_url":"https:\/\/er-ig.de\/cms\/satzung\/","og_site_name":"ERIG e.V.","article_modified_time":"2026-02-18T02:20:30+00:00","twitter_card":"summary_large_image","twitter_misc":{"Gesch\u00e4tzte Lesezeit":"7\u00a0Minuten"},"schema":{"@context":"https:\/\/schema.org","@graph":[{"@type":"WebPage","@id":"https:\/\/er-ig.de\/cms\/satzung\/","url":"https:\/\/er-ig.de\/cms\/satzung\/","name":"Satzung der ExperimentalRaumfahrt-InteressenGemeinschaft e.V. &#8211; ERIG e.V.","isPartOf":{"@id":"https:\/\/er-ig.de\/cms\/#website"},"datePublished":"2023-11-18T00:06:35+00:00","dateModified":"2026-02-18T02:20:30+00:00","inLanguage":"de","potentialAction":[{"@type":"ReadAction","target":["https:\/\/er-ig.de\/cms\/satzung\/"]}]},{"@type":"WebSite","@id":"https:\/\/er-ig.de\/cms\/#website","url":"https:\/\/er-ig.de\/cms\/","name":"ERIG e.V.","description":"","publisher":{"@id":"https:\/\/er-ig.de\/cms\/#organization"},"potentialAction":[{"@type":"SearchAction","target":{"@type":"EntryPoint","urlTemplate":"https:\/\/er-ig.de\/cms\/?s={search_term_string}"},"query-input":{"@type":"PropertyValueSpecification","valueRequired":true,"valueName":"search_term_string"}}],"inLanguage":"de"},{"@type":"Organization","@id":"https:\/\/er-ig.de\/cms\/#organization","name":"ERIG e.V.","url":"https:\/\/er-ig.de\/cms\/","logo":{"@type":"ImageObject","inLanguage":"de","@id":"https:\/\/er-ig.de\/cms\/#\/schema\/logo\/image\/","url":"https:\/\/er-ig.de\/cms\/wp-content\/uploads\/2023\/11\/ERIG_Farben_RGB_01.png","contentUrl":"https:\/\/er-ig.de\/cms\/wp-content\/uploads\/2023\/11\/ERIG_Farben_RGB_01.png","width":1995,"height":561,"caption":"ERIG e.V."},"image":{"@id":"https:\/\/er-ig.de\/cms\/#\/schema\/logo\/image\/"}}]}},"_links":{"self":[{"href":"https:\/\/er-ig.de\/cms\/wp-json\/wp\/v2\/pages\/440","targetHints":{"allow":["GET"]}}],"collection":[{"href":"https:\/\/er-ig.de\/cms\/wp-json\/wp\/v2\/pages"}],"about":[{"href":"https:\/\/er-ig.de\/cms\/wp-json\/wp\/v2\/types\/page"}],"author":[{"embeddable":true,"href":"https:\/\/er-ig.de\/cms\/wp-json\/wp\/v2\/users\/1"}],"replies":[{"embeddable":true,"href":"https:\/\/er-ig.de\/cms\/wp-json\/wp\/v2\/comments?post=440"}],"version-history":[{"count":5,"href":"https:\/\/er-ig.de\/cms\/wp-json\/wp\/v2\/pages\/440\/revisions"}],"predecessor-version":[{"id":2359,"href":"https:\/\/er-ig.de\/cms\/wp-json\/wp\/v2\/pages\/440\/revisions\/2359"}],"wp:attachment":[{"href":"https:\/\/er-ig.de\/cms\/wp-json\/wp\/v2\/media?parent=440"}],"curies":[{"name":"wp","href":"https:\/\/api.w.org\/{rel}","templated":true}]}}