{"id":437,"date":"2023-11-18T01:04:59","date_gmt":"2023-11-18T00:04:59","guid":{"rendered":"http:\/\/localhost\/?page_id=437"},"modified":"2025-03-10T18:04:23","modified_gmt":"2025-03-10T17:04:23","slug":"ag-hoehenforschung","status":"publish","type":"page","link":"https:\/\/er-ig.de\/cms\/ag-hoehenforschung\/","title":{"rendered":"AG H\u00f6henforschung"},"content":{"rendered":"\n<p>Die Arbeitsgruppe H\u00f6henforschung besch\u00e4ftigt sich mit unterschiedlichen Experimenten, die im Weltraum Anwendung finden k\u00f6nnen. Die AG gliedert sich f\u00fcr ihre Arbeit derzeit in drei Systemgruppen:<\/p>\n\n\n\n<ul class=\"wp-block-list\">\n<li><a href=\"https:\/\/er-ig.de\/cms\/sg-kleinsatelliten\/\" data-type=\"page\" data-id=\"568\">SG Kleinsatelliten<\/a><\/li>\n\n\n\n<li><a href=\"\/cms\/sg-hier\">SG HIER (H\u00f6hen\u00adforschung im erdnahen Raum)<\/a><\/li>\n\n\n\n<li><a href=\"\/cms\/sg-rover\">SG Rover<\/a><\/li>\n<\/ul>\n\n\n\n<figure data-wp-context=\"{&quot;imageId&quot;:&quot;69d667db2c03e&quot;}\" data-wp-interactive=\"core\/image\" data-wp-key=\"69d667db2c03e\" class=\"wp-block-image alignleft size-full is-resized has-custom-border wp-lightbox-container\"><img loading=\"lazy\" decoding=\"async\" width=\"2560\" height=\"1707\" data-wp-class--hide=\"state.isContentHidden\" data-wp-class--show=\"state.isContentVisible\" data-wp-init=\"callbacks.setButtonStyles\" data-wp-on--click=\"actions.showLightbox\" data-wp-on--load=\"callbacks.setButtonStyles\" data-wp-on-window--resize=\"callbacks.setButtonStyles\" src=\"https:\/\/er-ig.de\/cms\/wp-content\/uploads\/2025\/03\/20240711_162520-edited-scaled.jpg\" alt=\"\" class=\"wp-image-1638\" style=\"border-radius:10px;width:447px;height:auto\" srcset=\"https:\/\/er-ig.de\/cms\/wp-content\/uploads\/2025\/03\/20240711_162520-edited-scaled.jpg 2560w, https:\/\/er-ig.de\/cms\/wp-content\/uploads\/2025\/03\/20240711_162520-edited-300x200.jpg 300w, https:\/\/er-ig.de\/cms\/wp-content\/uploads\/2025\/03\/20240711_162520-edited-1024x683.jpg 1024w, https:\/\/er-ig.de\/cms\/wp-content\/uploads\/2025\/03\/20240711_162520-edited-768x512.jpg 768w, https:\/\/er-ig.de\/cms\/wp-content\/uploads\/2025\/03\/20240711_162520-edited-1536x1024.jpg 1536w, https:\/\/er-ig.de\/cms\/wp-content\/uploads\/2025\/03\/20240711_162520-edited-2048x1366.jpg 2048w\" sizes=\"auto, (max-width: 2560px) 100vw, 2560px\" \/><button\n\t\t\tclass=\"lightbox-trigger\"\n\t\t\ttype=\"button\"\n\t\t\taria-haspopup=\"dialog\"\n\t\t\taria-label=\"Vergr\u00f6\u00dfern\"\n\t\t\tdata-wp-init=\"callbacks.initTriggerButton\"\n\t\t\tdata-wp-on--click=\"actions.showLightbox\"\n\t\t\tdata-wp-style--right=\"state.imageButtonRight\"\n\t\t\tdata-wp-style--top=\"state.imageButtonTop\"\n\t\t>\n\t\t\t<svg xmlns=\"http:\/\/www.w3.org\/2000\/svg\" width=\"12\" height=\"12\" fill=\"none\" viewBox=\"0 0 12 12\">\n\t\t\t\t<path fill=\"#fff\" d=\"M2 0a2 2 0 0 0-2 2v2h1.5V2a.5.5 0 0 1 .5-.5h2V0H2Zm2 10.5H2a.5.5 0 0 1-.5-.5V8H0v2a2 2 0 0 0 2 2h2v-1.5ZM8 12v-1.5h2a.5.5 0 0 0 .5-.5V8H12v2a2 2 0 0 1-2 2H8Zm2-12a2 2 0 0 1 2 2v2h-1.5V2a.5.5 0 0 0-.5-.5H8V0h2Z\" \/>\n\t\t\t<\/svg>\n\t\t<\/button><figcaption class=\"wp-element-caption\"><em>Der Tech-Demonstrator aus dem Projekt iLOOP<\/em> <em>vor der Vakuumkammer<\/em><\/figcaption><\/figure>\n\n\n\n<h2 class=\"wp-block-heading\">SG Kleinsatelliten<\/h2>\n\n\n\n<p>Die Systemgruppe Kleinsatelliten befasst sich mit der Entwicklung von&nbsp;<strong>Satellitentechnologie<\/strong>&nbsp;f\u00fcr Forschungsmissionen. Ihr Ziel ist es, Kompetenzen in&nbsp;<strong>Entwicklung, Fertigung und Betrieb von Kleinsatelliten<\/strong>&nbsp;sowie insbesondere deren wissenschaftlichen Nutzlasten aufzubauen und dauerhaft in der ERIG zu behalten. Aktuell besch\u00e4ftigt sich die SG mit dem Forschungsprojekt iLOOP, das in Zusammenarbeit mit dem IRAS durchgef\u00fchrt wird.<\/p>\n\n\n\n<h2 class=\"wp-block-heading\">SG HIER (H\u00f6henforschung im erdnahen Raum)<\/h2>\n\n\n\n<figure data-wp-context=\"{&quot;imageId&quot;:&quot;69d667db2c3bb&quot;}\" data-wp-interactive=\"core\/image\" data-wp-key=\"69d667db2c3bb\" class=\"wp-block-image alignright size-full is-resized has-custom-border wp-lightbox-container\"><img loading=\"lazy\" decoding=\"async\" width=\"2560\" height=\"1709\" data-wp-class--hide=\"state.isContentHidden\" data-wp-class--show=\"state.isContentVisible\" data-wp-init=\"callbacks.setButtonStyles\" data-wp-on--click=\"actions.showLightbox\" data-wp-on--load=\"callbacks.setButtonStyles\" data-wp-on-window--resize=\"callbacks.setButtonStyles\" src=\"https:\/\/er-ig.de\/cms\/wp-content\/uploads\/2024\/03\/DSC_6517_1-scaled.jpg\" alt=\"\" class=\"wp-image-1034\" style=\"border-radius:10px;width:439px;height:auto\" srcset=\"https:\/\/er-ig.de\/cms\/wp-content\/uploads\/2024\/03\/DSC_6517_1-scaled.jpg 2560w, https:\/\/er-ig.de\/cms\/wp-content\/uploads\/2024\/03\/DSC_6517_1-300x200.jpg 300w, https:\/\/er-ig.de\/cms\/wp-content\/uploads\/2024\/03\/DSC_6517_1-1024x684.jpg 1024w, https:\/\/er-ig.de\/cms\/wp-content\/uploads\/2024\/03\/DSC_6517_1-768x513.jpg 768w, https:\/\/er-ig.de\/cms\/wp-content\/uploads\/2024\/03\/DSC_6517_1-1536x1026.jpg 1536w, https:\/\/er-ig.de\/cms\/wp-content\/uploads\/2024\/03\/DSC_6517_1-2048x1368.jpg 2048w\" sizes=\"auto, (max-width: 2560px) 100vw, 2560px\" \/><button\n\t\t\tclass=\"lightbox-trigger\"\n\t\t\ttype=\"button\"\n\t\t\taria-haspopup=\"dialog\"\n\t\t\taria-label=\"Vergr\u00f6\u00dfern\"\n\t\t\tdata-wp-init=\"callbacks.initTriggerButton\"\n\t\t\tdata-wp-on--click=\"actions.showLightbox\"\n\t\t\tdata-wp-style--right=\"state.imageButtonRight\"\n\t\t\tdata-wp-style--top=\"state.imageButtonTop\"\n\t\t>\n\t\t\t<svg xmlns=\"http:\/\/www.w3.org\/2000\/svg\" width=\"12\" height=\"12\" fill=\"none\" viewBox=\"0 0 12 12\">\n\t\t\t\t<path fill=\"#fff\" d=\"M2 0a2 2 0 0 0-2 2v2h1.5V2a.5.5 0 0 1 .5-.5h2V0H2Zm2 10.5H2a.5.5 0 0 1-.5-.5V8H0v2a2 2 0 0 0 2 2h2v-1.5ZM8 12v-1.5h2a.5.5 0 0 0 .5-.5V8H12v2a2 2 0 0 1-2 2H8Zm2-12a2 2 0 0 1 2 2v2h-1.5V2a.5.5 0 0 0-.5-.5H8V0h2Z\" \/>\n\t\t\t<\/svg>\n\t\t<\/button><figcaption class=\"wp-element-caption\"><em>Flughardware des REXUS-Experiments CREATE, das im M\u00e4rz 2024 gestartet wurde<\/em><\/figcaption><\/figure>\n\n\n\n<p>Die SG HIER (H\u00f6henforschung im erdnahen Raum) nimmt seit einigen Jahren am <strong>REXUS\/BEXUS Programm<\/strong> des DLR teil. Vergangene Projekte waren <strong><a href=\"https:\/\/er-ig.de\/cms\/grab\/\" data-type=\"page\" data-id=\"529\">GRAB<\/a>, <a href=\"https:\/\/er-ig.de\/cms\/elvis\/\" data-type=\"page\" data-id=\"536\">ELVIS<\/a> <\/strong>und <strong><a href=\"https:\/\/er-ig.de\/cms\/create\/\" data-type=\"page\" data-id=\"521\">CREATE<\/a><\/strong>. Beim derzeitigen Zyklus nimmt die SG mit <a href=\"https:\/\/er-ig.de\/cms\/martini\/\" data-type=\"page\" data-id=\"1574\">MARTINI<\/a> teil, das sich mit der Vermischung von Resinen in der Mikrogravitation befasst.<\/p>\n\n\n\n<p>Ebenso werden in dieser SG hin und wieder Wetterballone mit eigener Payload gestartet. Dabei wird die Payload komplett selber designt und je nach Ziel angepasst. So werden z. B. atmosph\u00e4rische Daten wie Temperatur und Druck untersucht, oder geschaut wie sich Luftkeime bei niedrigerem Druck und Sauerstoffgehalt verhalten. Au\u00dferdem organisiert die SG Starts von Fesselballonen, wo aus gr\u00f6\u00dferen H\u00f6hen Experimente abgeworfen werden k\u00f6nnen.<\/p>\n\n\n\n<figure data-wp-context=\"{&quot;imageId&quot;:&quot;69d667db2c684&quot;}\" data-wp-interactive=\"core\/image\" data-wp-key=\"69d667db2c684\" class=\"wp-block-image alignleft size-full is-resized has-custom-border wp-lightbox-container\"><img loading=\"lazy\" decoding=\"async\" width=\"2560\" height=\"1708\" data-wp-class--hide=\"state.isContentHidden\" data-wp-class--show=\"state.isContentVisible\" data-wp-init=\"callbacks.setButtonStyles\" data-wp-on--click=\"actions.showLightbox\" data-wp-on--load=\"callbacks.setButtonStyles\" data-wp-on-window--resize=\"callbacks.setButtonStyles\" src=\"https:\/\/er-ig.de\/cms\/wp-content\/uploads\/2024\/01\/DSC_3864-scaled.jpg\" alt=\"\" class=\"wp-image-1005\" style=\"border-radius:10px;object-fit:cover;width:423px;height:auto\" srcset=\"https:\/\/er-ig.de\/cms\/wp-content\/uploads\/2024\/01\/DSC_3864-scaled.jpg 2560w, https:\/\/er-ig.de\/cms\/wp-content\/uploads\/2024\/01\/DSC_3864-300x200.jpg 300w, https:\/\/er-ig.de\/cms\/wp-content\/uploads\/2024\/01\/DSC_3864-1024x683.jpg 1024w, https:\/\/er-ig.de\/cms\/wp-content\/uploads\/2024\/01\/DSC_3864-768x512.jpg 768w, https:\/\/er-ig.de\/cms\/wp-content\/uploads\/2024\/01\/DSC_3864-1536x1025.jpg 1536w, https:\/\/er-ig.de\/cms\/wp-content\/uploads\/2024\/01\/DSC_3864-2048x1366.jpg 2048w\" sizes=\"auto, (max-width: 2560px) 100vw, 2560px\" \/><button\n\t\t\tclass=\"lightbox-trigger\"\n\t\t\ttype=\"button\"\n\t\t\taria-haspopup=\"dialog\"\n\t\t\taria-label=\"Vergr\u00f6\u00dfern\"\n\t\t\tdata-wp-init=\"callbacks.initTriggerButton\"\n\t\t\tdata-wp-on--click=\"actions.showLightbox\"\n\t\t\tdata-wp-style--right=\"state.imageButtonRight\"\n\t\t\tdata-wp-style--top=\"state.imageButtonTop\"\n\t\t>\n\t\t\t<svg xmlns=\"http:\/\/www.w3.org\/2000\/svg\" width=\"12\" height=\"12\" fill=\"none\" viewBox=\"0 0 12 12\">\n\t\t\t\t<path fill=\"#fff\" d=\"M2 0a2 2 0 0 0-2 2v2h1.5V2a.5.5 0 0 1 .5-.5h2V0H2Zm2 10.5H2a.5.5 0 0 1-.5-.5V8H0v2a2 2 0 0 0 2 2h2v-1.5ZM8 12v-1.5h2a.5.5 0 0 0 .5-.5V8H12v2a2 2 0 0 1-2 2H8Zm2-12a2 2 0 0 1 2 2v2h-1.5V2a.5.5 0 0 0-.5-.5H8V0h2Z\" \/>\n\t\t\t<\/svg>\n\t\t<\/button><figcaption class=\"wp-element-caption\"><em>Mars-Rover-Demonstrator ORTHOS auf dem Mars Yard bei der European Rover Challenge 2023<\/em><\/figcaption><\/figure>\n\n\n\n<h2 class=\"wp-block-heading\">SG Rover<\/h2>\n\n\n\n<p>Die SG nimmt regelm\u00e4\u00dfig erfolgreich an der European Rover Challenge in Polen teil. Daf\u00fcr wird ein Marsrover von Grund auf designt, entwickelt, gebaut und getestet. Dabei steht nicht nur die Struktur des Rovers im Vordergrund, sondern auch die Softwareentwicklung. Beispielsweise soll der Rover in der Lage sein, eine sogenannte Science Task zu erf\u00fcllen. Dabei soll der Rover eine Probe des simulierten Marsbodens aufsammeln und untersuchen, ob in ihr Lebensspuren im Form von ATP nachgewiesen werden k\u00f6nnen.<\/p>\n","protected":false},"excerpt":{"rendered":"<p>Die Arbeitsgruppe H\u00f6henforschung besch\u00e4ftigt sich mit unterschiedlichen Experimenten, die im Weltraum Anwendung finden k\u00f6nnen. Die AG gliedert sich f\u00fcr ihre Arbeit derzeit in drei Systemgruppen: SG Kleinsatelliten Die Systemgruppe Kleinsatelliten befasst sich mit der Entwicklung von&nbsp;Satellitentechnologie&nbsp;f\u00fcr Forschungsmissionen. Ihr Ziel ist es, Kompetenzen in&nbsp;Entwicklung, Fertigung und Betrieb von Kleinsatelliten&nbsp;sowie insbesondere deren wissenschaftlichen Nutzlasten aufzubauen und dauerhaft [&hellip;]<\/p>\n","protected":false},"author":1,"featured_media":0,"parent":0,"menu_order":0,"comment_status":"closed","ping_status":"closed","template":"","meta":{"footnotes":""},"class_list":["post-437","page","type-page","status-publish","hentry"],"yoast_head":"<!-- This site is optimized with the Yoast SEO plugin v27.1.1 - https:\/\/yoast.com\/product\/yoast-seo-wordpress\/ -->\n<title>AG H\u00f6henforschung &#8211; ERIG e.V.<\/title>\n<meta name=\"robots\" content=\"index, follow, max-snippet:-1, max-image-preview:large, max-video-preview:-1\" \/>\n<link rel=\"canonical\" href=\"http:\/\/er-ig.de\/cms\/ag-hoehenforschung\/\" \/>\n<meta property=\"og:locale\" content=\"de_DE\" \/>\n<meta property=\"og:type\" content=\"article\" \/>\n<meta property=\"og:title\" content=\"AG H\u00f6henforschung &#8211; ERIG e.V.\" \/>\n<meta property=\"og:description\" content=\"Die Arbeitsgruppe H\u00f6henforschung besch\u00e4ftigt sich mit unterschiedlichen Experimenten, die im Weltraum Anwendung finden k\u00f6nnen. Die AG gliedert sich f\u00fcr ihre Arbeit derzeit in drei Systemgruppen: SG Kleinsatelliten Die Systemgruppe Kleinsatelliten befasst sich mit der Entwicklung von&nbsp;Satellitentechnologie&nbsp;f\u00fcr Forschungsmissionen. Ihr Ziel ist es, Kompetenzen in&nbsp;Entwicklung, Fertigung und Betrieb von Kleinsatelliten&nbsp;sowie insbesondere deren wissenschaftlichen Nutzlasten aufzubauen und dauerhaft [&hellip;]\" \/>\n<meta property=\"og:url\" content=\"http:\/\/er-ig.de\/cms\/ag-hoehenforschung\/\" \/>\n<meta property=\"og:site_name\" content=\"ERIG e.V.\" \/>\n<meta property=\"article:modified_time\" content=\"2025-03-10T17:04:23+00:00\" \/>\n<meta property=\"og:image\" content=\"https:\/\/er-ig.de\/cms\/wp-content\/uploads\/2025\/03\/20240711_162520-edited-scaled.jpg\" \/>\n<meta name=\"twitter:card\" content=\"summary_large_image\" \/>\n<meta name=\"twitter:label1\" content=\"Gesch\u00e4tzte Lesezeit\" \/>\n\t<meta name=\"twitter:data1\" content=\"2\u00a0Minuten\" \/>\n<script type=\"application\/ld+json\" class=\"yoast-schema-graph\">{\"@context\":\"https:\/\/schema.org\",\"@graph\":[{\"@type\":\"WebPage\",\"@id\":\"http:\/\/er-ig.de\/cms\/ag-hoehenforschung\/\",\"url\":\"http:\/\/er-ig.de\/cms\/ag-hoehenforschung\/\",\"name\":\"AG H\u00f6henforschung &#8211; ERIG e.V.\",\"isPartOf\":{\"@id\":\"https:\/\/er-ig.de\/cms\/#website\"},\"primaryImageOfPage\":{\"@id\":\"http:\/\/er-ig.de\/cms\/ag-hoehenforschung\/#primaryimage\"},\"image\":{\"@id\":\"http:\/\/er-ig.de\/cms\/ag-hoehenforschung\/#primaryimage\"},\"thumbnailUrl\":\"https:\/\/er-ig.de\/cms\/wp-content\/uploads\/2025\/03\/20240711_162520-edited-scaled.jpg\",\"datePublished\":\"2023-11-18T00:04:59+00:00\",\"dateModified\":\"2025-03-10T17:04:23+00:00\",\"inLanguage\":\"de\",\"potentialAction\":[{\"@type\":\"ReadAction\",\"target\":[\"http:\/\/er-ig.de\/cms\/ag-hoehenforschung\/\"]}]},{\"@type\":\"ImageObject\",\"inLanguage\":\"de\",\"@id\":\"http:\/\/er-ig.de\/cms\/ag-hoehenforschung\/#primaryimage\",\"url\":\"https:\/\/er-ig.de\/cms\/wp-content\/uploads\/2025\/03\/20240711_162520-edited-scaled.jpg\",\"contentUrl\":\"https:\/\/er-ig.de\/cms\/wp-content\/uploads\/2025\/03\/20240711_162520-edited-scaled.jpg\",\"width\":2560,\"height\":1707},{\"@type\":\"WebSite\",\"@id\":\"https:\/\/er-ig.de\/cms\/#website\",\"url\":\"https:\/\/er-ig.de\/cms\/\",\"name\":\"ERIG e.V.\",\"description\":\"\",\"publisher\":{\"@id\":\"https:\/\/er-ig.de\/cms\/#organization\"},\"potentialAction\":[{\"@type\":\"SearchAction\",\"target\":{\"@type\":\"EntryPoint\",\"urlTemplate\":\"https:\/\/er-ig.de\/cms\/?s={search_term_string}\"},\"query-input\":{\"@type\":\"PropertyValueSpecification\",\"valueRequired\":true,\"valueName\":\"search_term_string\"}}],\"inLanguage\":\"de\"},{\"@type\":\"Organization\",\"@id\":\"https:\/\/er-ig.de\/cms\/#organization\",\"name\":\"ERIG e.V.\",\"url\":\"https:\/\/er-ig.de\/cms\/\",\"logo\":{\"@type\":\"ImageObject\",\"inLanguage\":\"de\",\"@id\":\"https:\/\/er-ig.de\/cms\/#\/schema\/logo\/image\/\",\"url\":\"https:\/\/er-ig.de\/cms\/wp-content\/uploads\/2023\/11\/ERIG_Farben_RGB_01.png\",\"contentUrl\":\"https:\/\/er-ig.de\/cms\/wp-content\/uploads\/2023\/11\/ERIG_Farben_RGB_01.png\",\"width\":1995,\"height\":561,\"caption\":\"ERIG e.V.\"},\"image\":{\"@id\":\"https:\/\/er-ig.de\/cms\/#\/schema\/logo\/image\/\"}}]}<\/script>\n<!-- \/ Yoast SEO plugin. -->","yoast_head_json":{"title":"AG H\u00f6henforschung &#8211; ERIG e.V.","robots":{"index":"index","follow":"follow","max-snippet":"max-snippet:-1","max-image-preview":"max-image-preview:large","max-video-preview":"max-video-preview:-1"},"canonical":"http:\/\/er-ig.de\/cms\/ag-hoehenforschung\/","og_locale":"de_DE","og_type":"article","og_title":"AG H\u00f6henforschung &#8211; ERIG e.V.","og_description":"Die Arbeitsgruppe H\u00f6henforschung besch\u00e4ftigt sich mit unterschiedlichen Experimenten, die im Weltraum Anwendung finden k\u00f6nnen. Die AG gliedert sich f\u00fcr ihre Arbeit derzeit in drei Systemgruppen: SG Kleinsatelliten Die Systemgruppe Kleinsatelliten befasst sich mit der Entwicklung von&nbsp;Satellitentechnologie&nbsp;f\u00fcr Forschungsmissionen. Ihr Ziel ist es, Kompetenzen in&nbsp;Entwicklung, Fertigung und Betrieb von Kleinsatelliten&nbsp;sowie insbesondere deren wissenschaftlichen Nutzlasten aufzubauen und dauerhaft [&hellip;]","og_url":"http:\/\/er-ig.de\/cms\/ag-hoehenforschung\/","og_site_name":"ERIG e.V.","article_modified_time":"2025-03-10T17:04:23+00:00","og_image":[{"url":"https:\/\/er-ig.de\/cms\/wp-content\/uploads\/2025\/03\/20240711_162520-edited-scaled.jpg","type":"","width":"","height":""}],"twitter_card":"summary_large_image","twitter_misc":{"Gesch\u00e4tzte Lesezeit":"2\u00a0Minuten"},"schema":{"@context":"https:\/\/schema.org","@graph":[{"@type":"WebPage","@id":"http:\/\/er-ig.de\/cms\/ag-hoehenforschung\/","url":"http:\/\/er-ig.de\/cms\/ag-hoehenforschung\/","name":"AG H\u00f6henforschung &#8211; ERIG e.V.","isPartOf":{"@id":"https:\/\/er-ig.de\/cms\/#website"},"primaryImageOfPage":{"@id":"http:\/\/er-ig.de\/cms\/ag-hoehenforschung\/#primaryimage"},"image":{"@id":"http:\/\/er-ig.de\/cms\/ag-hoehenforschung\/#primaryimage"},"thumbnailUrl":"https:\/\/er-ig.de\/cms\/wp-content\/uploads\/2025\/03\/20240711_162520-edited-scaled.jpg","datePublished":"2023-11-18T00:04:59+00:00","dateModified":"2025-03-10T17:04:23+00:00","inLanguage":"de","potentialAction":[{"@type":"ReadAction","target":["http:\/\/er-ig.de\/cms\/ag-hoehenforschung\/"]}]},{"@type":"ImageObject","inLanguage":"de","@id":"http:\/\/er-ig.de\/cms\/ag-hoehenforschung\/#primaryimage","url":"https:\/\/er-ig.de\/cms\/wp-content\/uploads\/2025\/03\/20240711_162520-edited-scaled.jpg","contentUrl":"https:\/\/er-ig.de\/cms\/wp-content\/uploads\/2025\/03\/20240711_162520-edited-scaled.jpg","width":2560,"height":1707},{"@type":"WebSite","@id":"https:\/\/er-ig.de\/cms\/#website","url":"https:\/\/er-ig.de\/cms\/","name":"ERIG e.V.","description":"","publisher":{"@id":"https:\/\/er-ig.de\/cms\/#organization"},"potentialAction":[{"@type":"SearchAction","target":{"@type":"EntryPoint","urlTemplate":"https:\/\/er-ig.de\/cms\/?s={search_term_string}"},"query-input":{"@type":"PropertyValueSpecification","valueRequired":true,"valueName":"search_term_string"}}],"inLanguage":"de"},{"@type":"Organization","@id":"https:\/\/er-ig.de\/cms\/#organization","name":"ERIG e.V.","url":"https:\/\/er-ig.de\/cms\/","logo":{"@type":"ImageObject","inLanguage":"de","@id":"https:\/\/er-ig.de\/cms\/#\/schema\/logo\/image\/","url":"https:\/\/er-ig.de\/cms\/wp-content\/uploads\/2023\/11\/ERIG_Farben_RGB_01.png","contentUrl":"https:\/\/er-ig.de\/cms\/wp-content\/uploads\/2023\/11\/ERIG_Farben_RGB_01.png","width":1995,"height":561,"caption":"ERIG e.V."},"image":{"@id":"https:\/\/er-ig.de\/cms\/#\/schema\/logo\/image\/"}}]}},"_links":{"self":[{"href":"https:\/\/er-ig.de\/cms\/wp-json\/wp\/v2\/pages\/437","targetHints":{"allow":["GET"]}}],"collection":[{"href":"https:\/\/er-ig.de\/cms\/wp-json\/wp\/v2\/pages"}],"about":[{"href":"https:\/\/er-ig.de\/cms\/wp-json\/wp\/v2\/types\/page"}],"author":[{"embeddable":true,"href":"https:\/\/er-ig.de\/cms\/wp-json\/wp\/v2\/users\/1"}],"replies":[{"embeddable":true,"href":"https:\/\/er-ig.de\/cms\/wp-json\/wp\/v2\/comments?post=437"}],"version-history":[{"count":16,"href":"https:\/\/er-ig.de\/cms\/wp-json\/wp\/v2\/pages\/437\/revisions"}],"predecessor-version":[{"id":1639,"href":"https:\/\/er-ig.de\/cms\/wp-json\/wp\/v2\/pages\/437\/revisions\/1639"}],"wp:attachment":[{"href":"https:\/\/er-ig.de\/cms\/wp-json\/wp\/v2\/media?parent=437"}],"curies":[{"name":"wp","href":"https:\/\/api.w.org\/{rel}","templated":true}]}}