{"id":422,"date":"2023-11-17T19:40:14","date_gmt":"2023-11-17T18:40:14","guid":{"rendered":"http:\/\/localhost\/?page_id=422"},"modified":"2026-01-27T19:18:58","modified_gmt":"2026-01-27T18:18:58","slug":"ag-experimentalraketen","status":"publish","type":"page","link":"https:\/\/er-ig.de\/cms\/ag-experimentalraketen\/","title":{"rendered":"AG Experimentalraketen"},"content":{"rendered":"\n<figure data-wp-context=\"{&quot;imageId&quot;:&quot;69da8f2be224d&quot;}\" data-wp-interactive=\"core\/image\" data-wp-key=\"69da8f2be224d\" class=\"wp-block-image size-full has-custom-border wp-lightbox-container\"><img loading=\"lazy\" decoding=\"async\" width=\"2560\" height=\"1707\" data-wp-class--hide=\"state.isContentHidden\" data-wp-class--show=\"state.isContentVisible\" data-wp-init=\"callbacks.setButtonStyles\" data-wp-on--click=\"actions.showLightbox\" data-wp-on--load=\"callbacks.setButtonStyles\" data-wp-on-window--resize=\"callbacks.setButtonStyles\" src=\"https:\/\/er-ig.de\/cms\/wp-content\/uploads\/2026\/01\/D86A0124-scaled.jpg\" alt=\"\" class=\"wp-image-2320\" style=\"border-radius:10px\" srcset=\"https:\/\/er-ig.de\/cms\/wp-content\/uploads\/2026\/01\/D86A0124-scaled.jpg 2560w, https:\/\/er-ig.de\/cms\/wp-content\/uploads\/2026\/01\/D86A0124-300x200.jpg 300w, https:\/\/er-ig.de\/cms\/wp-content\/uploads\/2026\/01\/D86A0124-1024x683.jpg 1024w, https:\/\/er-ig.de\/cms\/wp-content\/uploads\/2026\/01\/D86A0124-768x512.jpg 768w, https:\/\/er-ig.de\/cms\/wp-content\/uploads\/2026\/01\/D86A0124-1536x1024.jpg 1536w, https:\/\/er-ig.de\/cms\/wp-content\/uploads\/2026\/01\/D86A0124-2048x1365.jpg 2048w\" sizes=\"auto, (max-width: 2560px) 100vw, 2560px\" \/><button\n\t\t\tclass=\"lightbox-trigger\"\n\t\t\ttype=\"button\"\n\t\t\taria-haspopup=\"dialog\"\n\t\t\taria-label=\"Vergr\u00f6\u00dfern\"\n\t\t\tdata-wp-init=\"callbacks.initTriggerButton\"\n\t\t\tdata-wp-on--click=\"actions.showLightbox\"\n\t\t\tdata-wp-style--right=\"state.imageButtonRight\"\n\t\t\tdata-wp-style--top=\"state.imageButtonTop\"\n\t\t>\n\t\t\t<svg xmlns=\"http:\/\/www.w3.org\/2000\/svg\" width=\"12\" height=\"12\" fill=\"none\" viewBox=\"0 0 12 12\">\n\t\t\t\t<path fill=\"#fff\" d=\"M2 0a2 2 0 0 0-2 2v2h1.5V2a.5.5 0 0 1 .5-.5h2V0H2Zm2 10.5H2a.5.5 0 0 1-.5-.5V8H0v2a2 2 0 0 0 2 2h2v-1.5ZM8 12v-1.5h2a.5.5 0 0 0 .5-.5V8H12v2a2 2 0 0 1-2 2H8Zm2-12a2 2 0 0 1 2 2v2h-1.5V2a.5.5 0 0 0-.5-.5H8V0h2Z\" \/>\n\t\t\t<\/svg>\n\t\t<\/button><figcaption class=\"wp-element-caption\">Mitglieder der AG Experimentalraketen und G\u00e4ste beim Starttag in Sachsen-Anhalt, 24.01.2026<\/figcaption><\/figure>\n\n\n\n<p>Die Arbeitsgruppe Experimentalraketen besch\u00e4ftigt sich mit dem Design, Bau und Start von Raketen. Alle unsere Raketen fliegen ballistisch und sind mit einem Fallschirmsystem zur Bergung ausgestattet. Die Gr\u00f6\u00dfe reicht dabei von kleinen Baus\u00e4tzen bis mehrere Meter gro\u00dfe Experimentalraketen mit einigen Kilometern Flugh\u00f6he.<\/p>\n\n\n\n<p>Eingeschlossen bei dem Bau von Experimentalraketen ist ebenfalls die Entwicklung von eigenen Antrieben und Wissenschaftlichen Nutzlasten (Payloads).<\/p>\n\n\n\n<p>Zus\u00e4tzlich zu der Umsetzung unserer Projekte innerhalb der AG geh\u00f6ren auch die Durchf\u00fchrung von <a href=\"https:\/\/er-ig.de\/cms\/schuelerworkshops\/\">Workshops<\/a> und <a href=\"https:\/\/er-ig.de\/cms\/lehre\/\">Lehrg\u00e4ngen<\/a>. Dazu z\u00e4hlen unter anderem der P2-Schein nach \u00a727 SprengG sowie der regelm\u00e4\u00dfig stattfinde Sch\u00fclerworkshop \u201eMehr Schub, Scotty!\u201c mit Schulen aus der Region.<\/p>\n\n\n\n<figure class=\"wp-block-image alignright size-large is-resized has-custom-border\"><img loading=\"lazy\" decoding=\"async\" width=\"1024\" height=\"683\" src=\"https:\/\/er-ig.de\/cms\/wp-content\/uploads\/2024\/02\/20240203-ERIG-Starttag-46-1024x683.jpg\" alt=\"\" class=\"wp-image-1017\" style=\"border-radius:10px;width:369px;height:auto\" srcset=\"https:\/\/er-ig.de\/cms\/wp-content\/uploads\/2024\/02\/20240203-ERIG-Starttag-46-1024x683.jpg 1024w, https:\/\/er-ig.de\/cms\/wp-content\/uploads\/2024\/02\/20240203-ERIG-Starttag-46-300x200.jpg 300w, https:\/\/er-ig.de\/cms\/wp-content\/uploads\/2024\/02\/20240203-ERIG-Starttag-46-768x512.jpg 768w, https:\/\/er-ig.de\/cms\/wp-content\/uploads\/2024\/02\/20240203-ERIG-Starttag-46-1536x1024.jpg 1536w, https:\/\/er-ig.de\/cms\/wp-content\/uploads\/2024\/02\/20240203-ERIG-Starttag-46-2048x1365.jpg 2048w\" sizes=\"auto, (max-width: 1024px) 100vw, 1024px\" \/><\/figure>\n\n\n\n<h2 class=\"wp-block-heading\">Struktur<\/h2>\n\n\n\n<p>Die Arbeitsgruppe Experimentalraketen besteht aus mehreren <a href=\"https:\/\/er-ig.de\/cms\/ag-experimentalraketen-systemgruppen\/\">Systemgruppen<\/a> (SGs), jede spezialisiert auf einen Aufgabenbereich.<\/p>\n\n\n\n<p>Die SGs arbeiten gr\u00f6\u00dftenteils selbst\u00e4ndig an ihrem Subsystemen oder Projekten und koordinieren sich mit anderen SGs nach Bedarf. Jede SG hat einen Leiter und meist w\u00f6chentliche Meetings, die gleichzeitig auch gute Anlaufstellen f\u00fcr neue Mitglieder sind.<\/p>\n\n\n\n<div aria-hidden=\"true\" class=\"wp-block-spacer\"><\/div>\n\n\n\n<figure class=\"wp-block-image alignleft size-large is-resized has-custom-border\"><img loading=\"lazy\" decoding=\"async\" width=\"1024\" height=\"680\" src=\"https:\/\/er-ig.de\/cms\/wp-content\/uploads\/2023\/11\/Brenntest-HYDRA-1024x680.jpg\" alt=\"\" class=\"wp-image-425\" style=\"border-radius:10px;width:369px;height:auto\" srcset=\"https:\/\/er-ig.de\/cms\/wp-content\/uploads\/2023\/11\/Brenntest-HYDRA-1024x680.jpg 1024w, https:\/\/er-ig.de\/cms\/wp-content\/uploads\/2023\/11\/Brenntest-HYDRA-300x199.jpg 300w, https:\/\/er-ig.de\/cms\/wp-content\/uploads\/2023\/11\/Brenntest-HYDRA-768x510.jpg 768w, https:\/\/er-ig.de\/cms\/wp-content\/uploads\/2023\/11\/Brenntest-HYDRA.jpg 1386w\" sizes=\"auto, (max-width: 1024px) 100vw, 1024px\" \/><\/figure>\n\n\n\n<h2 class=\"wp-block-heading\">Programme<\/h2>\n\n\n\n<p>Die Arbeitsgruppe Experimentalraketen hat bereits viele <a href=\"https:\/\/er-ig.de\/cms\/ag-experimentalraketen-programme\/\">Programme<\/a> abgeschlossen.<\/p>\n\n\n\n<p>In einem Programm finden sich meist mindestens ein Raketenprojekt und ein Antriebsprojekt, wobei das Antriebsprojekt <a href=\"https:\/\/er-ig.de\/cms\/hydra\/\">HYDRA<\/a> bereits seit Jahren \u00fcber Programme hinweg weiter entwickelt wird.<\/p>\n\n\n\n<div aria-hidden=\"true\" class=\"wp-block-spacer\"><\/div>\n\n\n\n<figure class=\"wp-block-image alignright size-large is-resized has-custom-border\"><img loading=\"lazy\" decoding=\"async\" width=\"718\" height=\"1024\" src=\"https:\/\/er-ig.de\/cms\/wp-content\/uploads\/2024\/02\/20240203-ERIG-Starttag-31-718x1024.jpg\" alt=\"\" class=\"wp-image-1022\" style=\"border-radius:10px;width:341px;height:auto\" srcset=\"https:\/\/er-ig.de\/cms\/wp-content\/uploads\/2024\/02\/20240203-ERIG-Starttag-31-718x1024.jpg 718w, https:\/\/er-ig.de\/cms\/wp-content\/uploads\/2024\/02\/20240203-ERIG-Starttag-31-210x300.jpg 210w, https:\/\/er-ig.de\/cms\/wp-content\/uploads\/2024\/02\/20240203-ERIG-Starttag-31-768x1095.jpg 768w, https:\/\/er-ig.de\/cms\/wp-content\/uploads\/2024\/02\/20240203-ERIG-Starttag-31-1078x1536.jpg 1078w, https:\/\/er-ig.de\/cms\/wp-content\/uploads\/2024\/02\/20240203-ERIG-Starttag-31-1437x2048.jpg 1437w, https:\/\/er-ig.de\/cms\/wp-content\/uploads\/2024\/02\/20240203-ERIG-Starttag-31-scaled.jpg 1796w\" sizes=\"auto, (max-width: 718px) 100vw, 718px\" \/><\/figure>\n\n\n\n<h2 class=\"wp-block-heading\">Starttage<\/h2>\n\n\n\n<p>Die Arbeitsgruppe Experimentalraketen f\u00fchrt regelm\u00e4\u00dfige Starttage durch, bei denen sowohl die vom Verein entwickelten Raketen, als auch privat gebaute Raketen gestartet werden.<\/p>\n\n\n\n<p>F\u00fcr Starttage mit ausgenommen gro\u00dfer Zielh\u00f6he werden auch Reisen ins Ausland vorgenommen.<\/p>\n\n\n\n<h2 class=\"wp-block-heading\">Sponsoring<\/h2>\n\n\n\n<p>Die Arbeitsgruppenleitung sucht zusammen mit der Arbeitsgruppe Presse und \u00d6ffentlichkeit kontinuierlich nach Sponsorings f\u00fcr die Finanzierung der Raketen.<\/p>\n\n\n\n<p>Bei Interesse E-Mails bitte an: <a href=\"mailto:ag.experimentalraketen@er-ig.de\">ag.experimentalraketen@er-ig.de<\/a><\/p>\n","protected":false},"excerpt":{"rendered":"<p>Die Arbeitsgruppe Experimentalraketen besch\u00e4ftigt sich mit dem Design, Bau und Start von Raketen. Alle unsere Raketen fliegen ballistisch und sind mit einem Fallschirmsystem zur Bergung ausgestattet. Die Gr\u00f6\u00dfe reicht dabei von kleinen Baus\u00e4tzen bis mehrere Meter gro\u00dfe Experimentalraketen mit einigen Kilometern Flugh\u00f6he. Eingeschlossen bei dem Bau von Experimentalraketen ist ebenfalls die Entwicklung von eigenen Antrieben [&hellip;]<\/p>\n","protected":false},"author":1,"featured_media":0,"parent":0,"menu_order":0,"comment_status":"closed","ping_status":"closed","template":"","meta":{"footnotes":""},"class_list":["post-422","page","type-page","status-publish","hentry"],"yoast_head":"<!-- This site is optimized with the Yoast SEO plugin v27.1.1 - https:\/\/yoast.com\/product\/yoast-seo-wordpress\/ -->\n<title>AG Experimentalraketen &#8211; ERIG e.V.<\/title>\n<meta name=\"robots\" content=\"index, follow, max-snippet:-1, max-image-preview:large, max-video-preview:-1\" \/>\n<link rel=\"canonical\" href=\"https:\/\/er-ig.de\/cms\/ag-experimentalraketen\/\" \/>\n<meta property=\"og:locale\" content=\"de_DE\" \/>\n<meta property=\"og:type\" content=\"article\" \/>\n<meta property=\"og:title\" content=\"AG Experimentalraketen &#8211; ERIG e.V.\" \/>\n<meta property=\"og:description\" content=\"Die Arbeitsgruppe Experimentalraketen besch\u00e4ftigt sich mit dem Design, Bau und Start von Raketen. Alle unsere Raketen fliegen ballistisch und sind mit einem Fallschirmsystem zur Bergung ausgestattet. Die Gr\u00f6\u00dfe reicht dabei von kleinen Baus\u00e4tzen bis mehrere Meter gro\u00dfe Experimentalraketen mit einigen Kilometern Flugh\u00f6he. Eingeschlossen bei dem Bau von Experimentalraketen ist ebenfalls die Entwicklung von eigenen Antrieben [&hellip;]\" \/>\n<meta property=\"og:url\" content=\"https:\/\/er-ig.de\/cms\/ag-experimentalraketen\/\" \/>\n<meta property=\"og:site_name\" content=\"ERIG e.V.\" \/>\n<meta property=\"article:modified_time\" content=\"2026-01-27T18:18:58+00:00\" \/>\n<meta property=\"og:image\" content=\"https:\/\/er-ig.de\/cms\/wp-content\/uploads\/2026\/01\/D86A0124-scaled.jpg\" \/>\n<meta name=\"twitter:card\" content=\"summary_large_image\" \/>\n<meta name=\"twitter:label1\" content=\"Gesch\u00e4tzte Lesezeit\" \/>\n\t<meta name=\"twitter:data1\" content=\"3\u00a0Minuten\" \/>\n<script type=\"application\/ld+json\" class=\"yoast-schema-graph\">{\"@context\":\"https:\/\/schema.org\",\"@graph\":[{\"@type\":\"WebPage\",\"@id\":\"https:\/\/er-ig.de\/cms\/ag-experimentalraketen\/\",\"url\":\"https:\/\/er-ig.de\/cms\/ag-experimentalraketen\/\",\"name\":\"AG Experimentalraketen &#8211; ERIG e.V.\",\"isPartOf\":{\"@id\":\"https:\/\/er-ig.de\/cms\/#website\"},\"primaryImageOfPage\":{\"@id\":\"https:\/\/er-ig.de\/cms\/ag-experimentalraketen\/#primaryimage\"},\"image\":{\"@id\":\"https:\/\/er-ig.de\/cms\/ag-experimentalraketen\/#primaryimage\"},\"thumbnailUrl\":\"https:\/\/er-ig.de\/cms\/wp-content\/uploads\/2026\/01\/D86A0124-scaled.jpg\",\"datePublished\":\"2023-11-17T18:40:14+00:00\",\"dateModified\":\"2026-01-27T18:18:58+00:00\",\"inLanguage\":\"de\",\"potentialAction\":[{\"@type\":\"ReadAction\",\"target\":[\"https:\/\/er-ig.de\/cms\/ag-experimentalraketen\/\"]}]},{\"@type\":\"ImageObject\",\"inLanguage\":\"de\",\"@id\":\"https:\/\/er-ig.de\/cms\/ag-experimentalraketen\/#primaryimage\",\"url\":\"https:\/\/er-ig.de\/cms\/wp-content\/uploads\/2026\/01\/D86A0124-scaled.jpg\",\"contentUrl\":\"https:\/\/er-ig.de\/cms\/wp-content\/uploads\/2026\/01\/D86A0124-scaled.jpg\",\"width\":2560,\"height\":1707},{\"@type\":\"WebSite\",\"@id\":\"https:\/\/er-ig.de\/cms\/#website\",\"url\":\"https:\/\/er-ig.de\/cms\/\",\"name\":\"ERIG e.V.\",\"description\":\"\",\"publisher\":{\"@id\":\"https:\/\/er-ig.de\/cms\/#organization\"},\"potentialAction\":[{\"@type\":\"SearchAction\",\"target\":{\"@type\":\"EntryPoint\",\"urlTemplate\":\"https:\/\/er-ig.de\/cms\/?s={search_term_string}\"},\"query-input\":{\"@type\":\"PropertyValueSpecification\",\"valueRequired\":true,\"valueName\":\"search_term_string\"}}],\"inLanguage\":\"de\"},{\"@type\":\"Organization\",\"@id\":\"https:\/\/er-ig.de\/cms\/#organization\",\"name\":\"ERIG e.V.\",\"url\":\"https:\/\/er-ig.de\/cms\/\",\"logo\":{\"@type\":\"ImageObject\",\"inLanguage\":\"de\",\"@id\":\"https:\/\/er-ig.de\/cms\/#\/schema\/logo\/image\/\",\"url\":\"https:\/\/er-ig.de\/cms\/wp-content\/uploads\/2023\/11\/ERIG_Farben_RGB_01.png\",\"contentUrl\":\"https:\/\/er-ig.de\/cms\/wp-content\/uploads\/2023\/11\/ERIG_Farben_RGB_01.png\",\"width\":1995,\"height\":561,\"caption\":\"ERIG e.V.\"},\"image\":{\"@id\":\"https:\/\/er-ig.de\/cms\/#\/schema\/logo\/image\/\"}}]}<\/script>\n<!-- \/ Yoast SEO plugin. -->","yoast_head_json":{"title":"AG Experimentalraketen &#8211; ERIG e.V.","robots":{"index":"index","follow":"follow","max-snippet":"max-snippet:-1","max-image-preview":"max-image-preview:large","max-video-preview":"max-video-preview:-1"},"canonical":"https:\/\/er-ig.de\/cms\/ag-experimentalraketen\/","og_locale":"de_DE","og_type":"article","og_title":"AG Experimentalraketen &#8211; ERIG e.V.","og_description":"Die Arbeitsgruppe Experimentalraketen besch\u00e4ftigt sich mit dem Design, Bau und Start von Raketen. Alle unsere Raketen fliegen ballistisch und sind mit einem Fallschirmsystem zur Bergung ausgestattet. Die Gr\u00f6\u00dfe reicht dabei von kleinen Baus\u00e4tzen bis mehrere Meter gro\u00dfe Experimentalraketen mit einigen Kilometern Flugh\u00f6he. Eingeschlossen bei dem Bau von Experimentalraketen ist ebenfalls die Entwicklung von eigenen Antrieben [&hellip;]","og_url":"https:\/\/er-ig.de\/cms\/ag-experimentalraketen\/","og_site_name":"ERIG e.V.","article_modified_time":"2026-01-27T18:18:58+00:00","og_image":[{"url":"https:\/\/er-ig.de\/cms\/wp-content\/uploads\/2026\/01\/D86A0124-scaled.jpg","type":"","width":"","height":""}],"twitter_card":"summary_large_image","twitter_misc":{"Gesch\u00e4tzte Lesezeit":"3\u00a0Minuten"},"schema":{"@context":"https:\/\/schema.org","@graph":[{"@type":"WebPage","@id":"https:\/\/er-ig.de\/cms\/ag-experimentalraketen\/","url":"https:\/\/er-ig.de\/cms\/ag-experimentalraketen\/","name":"AG Experimentalraketen &#8211; ERIG e.V.","isPartOf":{"@id":"https:\/\/er-ig.de\/cms\/#website"},"primaryImageOfPage":{"@id":"https:\/\/er-ig.de\/cms\/ag-experimentalraketen\/#primaryimage"},"image":{"@id":"https:\/\/er-ig.de\/cms\/ag-experimentalraketen\/#primaryimage"},"thumbnailUrl":"https:\/\/er-ig.de\/cms\/wp-content\/uploads\/2026\/01\/D86A0124-scaled.jpg","datePublished":"2023-11-17T18:40:14+00:00","dateModified":"2026-01-27T18:18:58+00:00","inLanguage":"de","potentialAction":[{"@type":"ReadAction","target":["https:\/\/er-ig.de\/cms\/ag-experimentalraketen\/"]}]},{"@type":"ImageObject","inLanguage":"de","@id":"https:\/\/er-ig.de\/cms\/ag-experimentalraketen\/#primaryimage","url":"https:\/\/er-ig.de\/cms\/wp-content\/uploads\/2026\/01\/D86A0124-scaled.jpg","contentUrl":"https:\/\/er-ig.de\/cms\/wp-content\/uploads\/2026\/01\/D86A0124-scaled.jpg","width":2560,"height":1707},{"@type":"WebSite","@id":"https:\/\/er-ig.de\/cms\/#website","url":"https:\/\/er-ig.de\/cms\/","name":"ERIG e.V.","description":"","publisher":{"@id":"https:\/\/er-ig.de\/cms\/#organization"},"potentialAction":[{"@type":"SearchAction","target":{"@type":"EntryPoint","urlTemplate":"https:\/\/er-ig.de\/cms\/?s={search_term_string}"},"query-input":{"@type":"PropertyValueSpecification","valueRequired":true,"valueName":"search_term_string"}}],"inLanguage":"de"},{"@type":"Organization","@id":"https:\/\/er-ig.de\/cms\/#organization","name":"ERIG e.V.","url":"https:\/\/er-ig.de\/cms\/","logo":{"@type":"ImageObject","inLanguage":"de","@id":"https:\/\/er-ig.de\/cms\/#\/schema\/logo\/image\/","url":"https:\/\/er-ig.de\/cms\/wp-content\/uploads\/2023\/11\/ERIG_Farben_RGB_01.png","contentUrl":"https:\/\/er-ig.de\/cms\/wp-content\/uploads\/2023\/11\/ERIG_Farben_RGB_01.png","width":1995,"height":561,"caption":"ERIG e.V."},"image":{"@id":"https:\/\/er-ig.de\/cms\/#\/schema\/logo\/image\/"}}]}},"_links":{"self":[{"href":"https:\/\/er-ig.de\/cms\/wp-json\/wp\/v2\/pages\/422","targetHints":{"allow":["GET"]}}],"collection":[{"href":"https:\/\/er-ig.de\/cms\/wp-json\/wp\/v2\/pages"}],"about":[{"href":"https:\/\/er-ig.de\/cms\/wp-json\/wp\/v2\/types\/page"}],"author":[{"embeddable":true,"href":"https:\/\/er-ig.de\/cms\/wp-json\/wp\/v2\/users\/1"}],"replies":[{"embeddable":true,"href":"https:\/\/er-ig.de\/cms\/wp-json\/wp\/v2\/comments?post=422"}],"version-history":[{"count":26,"href":"https:\/\/er-ig.de\/cms\/wp-json\/wp\/v2\/pages\/422\/revisions"}],"predecessor-version":[{"id":2322,"href":"https:\/\/er-ig.de\/cms\/wp-json\/wp\/v2\/pages\/422\/revisions\/2322"}],"wp:attachment":[{"href":"https:\/\/er-ig.de\/cms\/wp-json\/wp\/v2\/media?parent=422"}],"curies":[{"name":"wp","href":"https:\/\/api.w.org\/{rel}","templated":true}]}}