{"id":198,"date":"2023-11-16T01:36:23","date_gmt":"2023-11-16T00:36:23","guid":{"rendered":"http:\/\/localhost\/?page_id=198"},"modified":"2023-11-16T01:36:23","modified_gmt":"2023-11-16T00:36:23","slug":"lehre","status":"publish","type":"page","link":"https:\/\/er-ig.de\/cms\/lehre\/","title":{"rendered":"Lehre"},"content":{"rendered":"\n<p>Nat\u00fcrlich wollen wir nicht nur die Ergebnisse unserer Arbeit pr\u00e4sentieren, sondern auch die Hintergr\u00fcnde darstellen und so potentiellen neuen Raumfahrtkonstrukteuren die Grundlagen der Raketen- und Satellitentechnik vermitteln.<\/p>\n\n\n\n<p>Auf dieser Seite befinden sich die Beschreibungen der von der ERIG regelm\u00e4\u00dfig durchgef\u00fchrten Lehrveranstaltungen. Diese werden nicht nur den Studenten der TU Braunschweig angeboten, wie dies beim Raumfahrtlabor der Fall ist. Auch Sch\u00fcler, Freunde von ERIG-Mitgliedern oder andere Interessierte k\u00f6nnen an diesen Raketenbau-Workshops teilnehmen.<\/p>\n\n\n\n<p>Wem aber der Weg zu uns zu weit ist oder lieber zu Hause etwas \u00fcber die theoretischen Hintergr\u00fcnde und Regeln des Raketenbaus erfahren m\u00f6chte, ist auf der Grundlagen-Seite genau richtig. Hier gibt es neben den Gleichungen zur Berechnung der Flugstabilit\u00e4t oder der Flugleistungen auch Wissenswertes zu den Antrieben, einige nette Regeln wie Murphy`s Gesetz f\u00fcr Raketenbauer oder aber auch das ERIG-Skript zum Download.<\/p>\n","protected":false},"excerpt":{"rendered":"<p>Nat\u00fcrlich wollen wir nicht nur die Ergebnisse unserer Arbeit pr\u00e4sentieren, sondern auch die Hintergr\u00fcnde darstellen und so potentiellen neuen Raumfahrtkonstrukteuren die Grundlagen der Raketen- und Satellitentechnik vermitteln. Auf dieser Seite befinden sich die Beschreibungen der von der ERIG regelm\u00e4\u00dfig durchgef\u00fchrten Lehrveranstaltungen. Diese werden nicht nur den Studenten der TU Braunschweig angeboten, wie dies beim Raumfahrtlabor [&hellip;]<\/p>\n","protected":false},"author":1,"featured_media":0,"parent":0,"menu_order":0,"comment_status":"closed","ping_status":"closed","template":"","meta":{"footnotes":""},"class_list":["post-198","page","type-page","status-publish","hentry"],"yoast_head":"<!-- This site is optimized with the Yoast SEO plugin v27.1.1 - https:\/\/yoast.com\/product\/yoast-seo-wordpress\/ -->\n<title>Lehre &#8211; ERIG e.V.<\/title>\n<meta name=\"robots\" content=\"index, follow, max-snippet:-1, max-image-preview:large, max-video-preview:-1\" \/>\n<link rel=\"canonical\" href=\"https:\/\/er-ig.de\/cms\/lehre\/\" \/>\n<meta property=\"og:locale\" content=\"de_DE\" \/>\n<meta property=\"og:type\" content=\"article\" \/>\n<meta property=\"og:title\" content=\"Lehre &#8211; ERIG e.V.\" \/>\n<meta property=\"og:description\" content=\"Nat\u00fcrlich wollen wir nicht nur die Ergebnisse unserer Arbeit pr\u00e4sentieren, sondern auch die Hintergr\u00fcnde darstellen und so potentiellen neuen Raumfahrtkonstrukteuren die Grundlagen der Raketen- und Satellitentechnik vermitteln. Auf dieser Seite befinden sich die Beschreibungen der von der ERIG regelm\u00e4\u00dfig durchgef\u00fchrten Lehrveranstaltungen. Diese werden nicht nur den Studenten der TU Braunschweig angeboten, wie dies beim Raumfahrtlabor [&hellip;]\" \/>\n<meta property=\"og:url\" content=\"https:\/\/er-ig.de\/cms\/lehre\/\" \/>\n<meta property=\"og:site_name\" content=\"ERIG e.V.\" \/>\n<meta name=\"twitter:card\" content=\"summary_large_image\" \/>\n<meta name=\"twitter:label1\" content=\"Gesch\u00e4tzte Lesezeit\" \/>\n\t<meta name=\"twitter:data1\" content=\"1\u00a0Minute\" \/>\n<script type=\"application\/ld+json\" class=\"yoast-schema-graph\">{\"@context\":\"https:\/\/schema.org\",\"@graph\":[{\"@type\":\"WebPage\",\"@id\":\"https:\/\/er-ig.de\/cms\/lehre\/\",\"url\":\"https:\/\/er-ig.de\/cms\/lehre\/\",\"name\":\"Lehre &#8211; ERIG e.V.\",\"isPartOf\":{\"@id\":\"https:\/\/er-ig.de\/cms\/#website\"},\"datePublished\":\"2023-11-16T00:36:23+00:00\",\"inLanguage\":\"de\",\"potentialAction\":[{\"@type\":\"ReadAction\",\"target\":[\"https:\/\/er-ig.de\/cms\/lehre\/\"]}]},{\"@type\":\"WebSite\",\"@id\":\"https:\/\/er-ig.de\/cms\/#website\",\"url\":\"https:\/\/er-ig.de\/cms\/\",\"name\":\"ERIG e.V.\",\"description\":\"\",\"publisher\":{\"@id\":\"https:\/\/er-ig.de\/cms\/#organization\"},\"potentialAction\":[{\"@type\":\"SearchAction\",\"target\":{\"@type\":\"EntryPoint\",\"urlTemplate\":\"https:\/\/er-ig.de\/cms\/?s={search_term_string}\"},\"query-input\":{\"@type\":\"PropertyValueSpecification\",\"valueRequired\":true,\"valueName\":\"search_term_string\"}}],\"inLanguage\":\"de\"},{\"@type\":\"Organization\",\"@id\":\"https:\/\/er-ig.de\/cms\/#organization\",\"name\":\"ERIG e.V.\",\"url\":\"https:\/\/er-ig.de\/cms\/\",\"logo\":{\"@type\":\"ImageObject\",\"inLanguage\":\"de\",\"@id\":\"https:\/\/er-ig.de\/cms\/#\/schema\/logo\/image\/\",\"url\":\"https:\/\/er-ig.de\/cms\/wp-content\/uploads\/2023\/11\/ERIG_Farben_RGB_01.png\",\"contentUrl\":\"https:\/\/er-ig.de\/cms\/wp-content\/uploads\/2023\/11\/ERIG_Farben_RGB_01.png\",\"width\":1995,\"height\":561,\"caption\":\"ERIG e.V.\"},\"image\":{\"@id\":\"https:\/\/er-ig.de\/cms\/#\/schema\/logo\/image\/\"}}]}<\/script>\n<!-- \/ Yoast SEO plugin. -->","yoast_head_json":{"title":"Lehre &#8211; ERIG e.V.","robots":{"index":"index","follow":"follow","max-snippet":"max-snippet:-1","max-image-preview":"max-image-preview:large","max-video-preview":"max-video-preview:-1"},"canonical":"https:\/\/er-ig.de\/cms\/lehre\/","og_locale":"de_DE","og_type":"article","og_title":"Lehre &#8211; ERIG e.V.","og_description":"Nat\u00fcrlich wollen wir nicht nur die Ergebnisse unserer Arbeit pr\u00e4sentieren, sondern auch die Hintergr\u00fcnde darstellen und so potentiellen neuen Raumfahrtkonstrukteuren die Grundlagen der Raketen- und Satellitentechnik vermitteln. Auf dieser Seite befinden sich die Beschreibungen der von der ERIG regelm\u00e4\u00dfig durchgef\u00fchrten Lehrveranstaltungen. Diese werden nicht nur den Studenten der TU Braunschweig angeboten, wie dies beim Raumfahrtlabor [&hellip;]","og_url":"https:\/\/er-ig.de\/cms\/lehre\/","og_site_name":"ERIG e.V.","twitter_card":"summary_large_image","twitter_misc":{"Gesch\u00e4tzte Lesezeit":"1\u00a0Minute"},"schema":{"@context":"https:\/\/schema.org","@graph":[{"@type":"WebPage","@id":"https:\/\/er-ig.de\/cms\/lehre\/","url":"https:\/\/er-ig.de\/cms\/lehre\/","name":"Lehre &#8211; ERIG e.V.","isPartOf":{"@id":"https:\/\/er-ig.de\/cms\/#website"},"datePublished":"2023-11-16T00:36:23+00:00","inLanguage":"de","potentialAction":[{"@type":"ReadAction","target":["https:\/\/er-ig.de\/cms\/lehre\/"]}]},{"@type":"WebSite","@id":"https:\/\/er-ig.de\/cms\/#website","url":"https:\/\/er-ig.de\/cms\/","name":"ERIG e.V.","description":"","publisher":{"@id":"https:\/\/er-ig.de\/cms\/#organization"},"potentialAction":[{"@type":"SearchAction","target":{"@type":"EntryPoint","urlTemplate":"https:\/\/er-ig.de\/cms\/?s={search_term_string}"},"query-input":{"@type":"PropertyValueSpecification","valueRequired":true,"valueName":"search_term_string"}}],"inLanguage":"de"},{"@type":"Organization","@id":"https:\/\/er-ig.de\/cms\/#organization","name":"ERIG e.V.","url":"https:\/\/er-ig.de\/cms\/","logo":{"@type":"ImageObject","inLanguage":"de","@id":"https:\/\/er-ig.de\/cms\/#\/schema\/logo\/image\/","url":"https:\/\/er-ig.de\/cms\/wp-content\/uploads\/2023\/11\/ERIG_Farben_RGB_01.png","contentUrl":"https:\/\/er-ig.de\/cms\/wp-content\/uploads\/2023\/11\/ERIG_Farben_RGB_01.png","width":1995,"height":561,"caption":"ERIG e.V."},"image":{"@id":"https:\/\/er-ig.de\/cms\/#\/schema\/logo\/image\/"}}]}},"_links":{"self":[{"href":"https:\/\/er-ig.de\/cms\/wp-json\/wp\/v2\/pages\/198","targetHints":{"allow":["GET"]}}],"collection":[{"href":"https:\/\/er-ig.de\/cms\/wp-json\/wp\/v2\/pages"}],"about":[{"href":"https:\/\/er-ig.de\/cms\/wp-json\/wp\/v2\/types\/page"}],"author":[{"embeddable":true,"href":"https:\/\/er-ig.de\/cms\/wp-json\/wp\/v2\/users\/1"}],"replies":[{"embeddable":true,"href":"https:\/\/er-ig.de\/cms\/wp-json\/wp\/v2\/comments?post=198"}],"version-history":[{"count":1,"href":"https:\/\/er-ig.de\/cms\/wp-json\/wp\/v2\/pages\/198\/revisions"}],"predecessor-version":[{"id":199,"href":"https:\/\/er-ig.de\/cms\/wp-json\/wp\/v2\/pages\/198\/revisions\/199"}],"wp:attachment":[{"href":"https:\/\/er-ig.de\/cms\/wp-json\/wp\/v2\/media?parent=198"}],"curies":[{"name":"wp","href":"https:\/\/api.w.org\/{rel}","templated":true}]}}