{"id":1865,"date":"2025-05-06T10:50:19","date_gmt":"2025-05-06T08:50:19","guid":{"rendered":"https:\/\/er-ig.de\/cms\/?page_id=1865"},"modified":"2026-03-17T14:45:16","modified_gmt":"2026-03-17T13:45:16","slug":"ag-hoehenforschung-payloads","status":"publish","type":"page","link":"https:\/\/er-ig.de\/cms\/ag-hoehenforschung-payloads\/","title":{"rendered":"AG H\u00f6henforschung Payloads"},"content":{"rendered":"\n<p>Die <a href=\"https:\/\/er-ig.de\/cms\/ag-hoehenforschung\/\">AG H\u00f6henforschung<\/a> hat durch die <a href=\"https:\/\/er-ig.de\/cms\/sg-hier\/\">SG HIER<\/a> (H\u00f6henforschung Im Erdnahen Raum) an Zahlreichen <a href=\"https:\/\/www.dlr.de\/de\/karriere-und-nachwuchs\/angebote-fuer-studierende\/das-deutsch-schwedische-studentenprogramm-rexus-bexus\">REXUS\/BEXUS<\/a> Fl\u00fcgen teilgenommen.<\/p>\n\n\n\n<p>REXUS\/BEXUS (<strong>R<\/strong>aketen- und <strong>B<\/strong>allon-<strong>EX<\/strong>perimente f\u00fcr <strong>U<\/strong>niversit\u00e4ts-<strong>S<\/strong>tudenten) ist ein Programm des&nbsp;<a href=\"https:\/\/www.dlr.de\/DE\/Home\/home_node.html\">DLR<\/a>,&nbsp;<a href=\"https:\/\/www.zarm.uni-bremen.de\/de.html\">ZARM<\/a>,&nbsp;<a href=\"https:\/\/sscspace.com\/\">SSC<\/a>,&nbsp;<a href=\"https:\/\/www.rymdstyrelsen.se\/en\/\">SNSA<\/a>&nbsp;und&nbsp;<a href=\"https:\/\/www.esa.int\/\">ESA<\/a>, das es Studenten unter anderem erlaubt wissenschaftliche Payloads auf leistungsf\u00e4higen Experimentalraketen zu starten.<\/p>\n\n\n\n<p>Folgend ist eine Auflistung aller Payload-Programme der ERIG e.V. und der Fl\u00fcge auf denen sie eingesetzt worden.<\/p>\n\n\n\n<figure class=\"wp-block-image alignright size-large is-resized\"><img loading=\"lazy\" decoding=\"async\" width=\"1012\" height=\"1024\" src=\"https:\/\/er-ig.de\/cms\/wp-content\/uploads\/2025\/05\/Patch_martini_C-1012x1024.png\" alt=\"\" class=\"wp-image-2151\" style=\"width:300px\" srcset=\"https:\/\/er-ig.de\/cms\/wp-content\/uploads\/2025\/05\/Patch_martini_C-1012x1024.png 1012w, https:\/\/er-ig.de\/cms\/wp-content\/uploads\/2025\/05\/Patch_martini_C-297x300.png 297w, https:\/\/er-ig.de\/cms\/wp-content\/uploads\/2025\/05\/Patch_martini_C-768x777.png 768w, https:\/\/er-ig.de\/cms\/wp-content\/uploads\/2025\/05\/Patch_martini_C-1518x1536.png 1518w, https:\/\/er-ig.de\/cms\/wp-content\/uploads\/2025\/05\/Patch_martini_C.png 1966w\" sizes=\"auto, (max-width: 1012px) 100vw, 1012px\" \/><\/figure>\n\n\n\n<h2 class=\"wp-block-heading\">MARTINI<\/h2>\n\n\n\n<p><em><strong>Status: Beendet (2026)<\/strong><\/em><\/p>\n\n\n\n<p><strong><em>Flug: REXUS 35 (M\u00e4rz 2026)<\/em><\/strong><\/p>\n\n\n\n<p><a href=\"https:\/\/er-ig.de\/cms\/martini\/\">MARTINI<\/a> (<em>Material Analysis of Resin Testing in Null-Gravity Interactions<\/em>) ist eine wissenschaftliche Payload zur Untersuchung der Mischeigenschaften von Resinen in Mikrogravitation.<\/p>\n\n\n\n<div style=\"height:50px\" aria-hidden=\"true\" class=\"wp-block-spacer\"><\/div>\n\n\n\n<figure class=\"wp-block-image alignright size-full is-resized\"><img loading=\"lazy\" decoding=\"async\" width=\"300\" height=\"300\" src=\"https:\/\/er-ig.de\/cms\/wp-content\/uploads\/2023\/11\/89c5b87cc813deb77a6a6a9b22178212ea9553d8-createtransparentsquare.png\" alt=\"\" class=\"wp-image-114\" style=\"width:300px\" srcset=\"https:\/\/er-ig.de\/cms\/wp-content\/uploads\/2023\/11\/89c5b87cc813deb77a6a6a9b22178212ea9553d8-createtransparentsquare.png 300w, https:\/\/er-ig.de\/cms\/wp-content\/uploads\/2023\/11\/89c5b87cc813deb77a6a6a9b22178212ea9553d8-createtransparentsquare-150x150.png 150w\" sizes=\"auto, (max-width: 300px) 100vw, 300px\" \/><\/figure>\n\n\n\n<h2 class=\"wp-block-heading\">CREATE<\/h2>\n\n\n\n<p><strong><em>Status: Beendet (2024)<\/em><\/strong><\/p>\n\n\n\n<p><strong><em>Flug: REXUS 31 (M\u00e4rz 2024)<\/em><\/strong><\/p>\n\n\n\n<p><a href=\"https:\/\/er-ig.de\/cms\/create\/\">CREATE<\/a> (<em>Carbon Reinforced Additive manufacturing Technology Experiment<\/em>) ist eine wissentschaftliche Payload zur Untersuchung der Materialeigenschaften von Carbon Verst\u00e4rkten 3D-Druck Filamenten in Mikrogravitation.<\/p>\n\n\n\n<div style=\"height:50px\" aria-hidden=\"true\" class=\"wp-block-spacer\"><\/div>\n\n\n\n<figure class=\"wp-block-image alignright size-full is-resized\"><img loading=\"lazy\" decoding=\"async\" width=\"200\" height=\"200\" src=\"https:\/\/er-ig.de\/cms\/wp-content\/uploads\/2023\/11\/c564da883338d67fccfcf738bf01b1472b2eb214-elvispatch.png\" alt=\"\" class=\"wp-image-543\" style=\"width:300px\" srcset=\"https:\/\/er-ig.de\/cms\/wp-content\/uploads\/2023\/11\/c564da883338d67fccfcf738bf01b1472b2eb214-elvispatch.png 200w, https:\/\/er-ig.de\/cms\/wp-content\/uploads\/2023\/11\/c564da883338d67fccfcf738bf01b1472b2eb214-elvispatch-150x150.png 150w\" sizes=\"auto, (max-width: 200px) 100vw, 200px\" \/><\/figure>\n\n\n\n<h2 class=\"wp-block-heading\">ELVIS<\/h2>\n\n\n\n<p><em><strong>Status: Beendet (2019)<\/strong><\/em><\/p>\n\n\n\n<p><em><strong>Flug: REXUS 26 (M\u00e4rz 2019)<\/strong><\/em><\/p>\n\n\n\n<p><a href=\"https:\/\/er-ig.de\/cms\/elvis\/\">ELVIS<\/a> (<em>Exploration of Low-Velocity collisions In Saturn\u2019s Rings<\/em>) ist eine wissenschaftliche Payload zur Untersuchung von Partikelkollisionen in Mikrogravitation.<\/p>\n\n\n\n<p>ELVIS wurde zusammen in Kooperation mit Studierenden des Instituts f\u00fcr Geophysik und extraterrestrische Physik (IGeP) der TU Braunschweig entwickelt und ausgewertet.<\/p>\n\n\n\n<div style=\"height:50px\" aria-hidden=\"true\" class=\"wp-block-spacer\"><\/div>\n\n\n\n<figure class=\"wp-block-image alignright size-full is-resized\"><img loading=\"lazy\" decoding=\"async\" width=\"200\" height=\"200\" src=\"https:\/\/er-ig.de\/cms\/wp-content\/uploads\/2023\/11\/570e229fc17c97831ac942f790fbbf522a4e78d8-rexus-patch-mindermann-v3-extern.png\" alt=\"\" class=\"wp-image-530\" style=\"width:300px\" srcset=\"https:\/\/er-ig.de\/cms\/wp-content\/uploads\/2023\/11\/570e229fc17c97831ac942f790fbbf522a4e78d8-rexus-patch-mindermann-v3-extern.png 200w, https:\/\/er-ig.de\/cms\/wp-content\/uploads\/2023\/11\/570e229fc17c97831ac942f790fbbf522a4e78d8-rexus-patch-mindermann-v3-extern-150x150.png 150w\" sizes=\"auto, (max-width: 200px) 100vw, 200px\" \/><\/figure>\n\n\n\n<h2 class=\"wp-block-heading\">GRAB<\/h2>\n\n\n\n<p><strong><em>Status: Beendet (2017)<\/em><\/strong><\/p>\n\n\n\n<p><em><strong>Flug: REXUS 22 (M\u00e4rz 2017)<\/strong><\/em><\/p>\n\n\n\n<p><a href=\"https:\/\/er-ig.de\/cms\/grab\/\">GRAB<\/a> (<em>Gecko Related Adhesive testBundles<\/em>) ist eine wissenschaftliche Payload zur Untersuchung von &#8222;Gecko Materialien&#8220; in Mikrogravitation und deren Hafteigenschaften.<\/p>\n","protected":false},"excerpt":{"rendered":"<p>Die AG H\u00f6henforschung hat durch die SG HIER (H\u00f6henforschung Im Erdnahen Raum) an Zahlreichen REXUS\/BEXUS Fl\u00fcgen teilgenommen. REXUS\/BEXUS (Raketen- und Ballon-EXperimente f\u00fcr Universit\u00e4ts-Studenten) ist ein Programm des&nbsp;DLR,&nbsp;ZARM,&nbsp;SSC,&nbsp;SNSA&nbsp;und&nbsp;ESA, das es Studenten unter anderem erlaubt wissenschaftliche Payloads auf leistungsf\u00e4higen Experimentalraketen zu starten. Folgend ist eine Auflistung aller Payload-Programme der ERIG e.V. und der Fl\u00fcge auf denen sie [&hellip;]<\/p>\n","protected":false},"author":6,"featured_media":0,"parent":0,"menu_order":0,"comment_status":"closed","ping_status":"closed","template":"","meta":{"footnotes":""},"class_list":["post-1865","page","type-page","status-publish","hentry"],"yoast_head":"<!-- This site is optimized with the Yoast SEO plugin v27.4 - https:\/\/yoast.com\/product\/yoast-seo-wordpress\/ -->\n<title>AG H\u00f6henforschung Payloads &#8211; ERIG e.V.<\/title>\n<meta name=\"robots\" content=\"index, follow, max-snippet:-1, max-image-preview:large, max-video-preview:-1\" \/>\n<link rel=\"canonical\" href=\"https:\/\/er-ig.de\/cms\/ag-hoehenforschung-payloads\/\" \/>\n<meta property=\"og:locale\" content=\"de_DE\" \/>\n<meta property=\"og:type\" content=\"article\" \/>\n<meta property=\"og:title\" content=\"AG H\u00f6henforschung Payloads &#8211; ERIG e.V.\" \/>\n<meta property=\"og:description\" content=\"Die AG H\u00f6henforschung hat durch die SG HIER (H\u00f6henforschung Im Erdnahen Raum) an Zahlreichen REXUS\/BEXUS Fl\u00fcgen teilgenommen. REXUS\/BEXUS (Raketen- und Ballon-EXperimente f\u00fcr Universit\u00e4ts-Studenten) ist ein Programm des&nbsp;DLR,&nbsp;ZARM,&nbsp;SSC,&nbsp;SNSA&nbsp;und&nbsp;ESA, das es Studenten unter anderem erlaubt wissenschaftliche Payloads auf leistungsf\u00e4higen Experimentalraketen zu starten. Folgend ist eine Auflistung aller Payload-Programme der ERIG e.V. und der Fl\u00fcge auf denen sie [&hellip;]\" \/>\n<meta property=\"og:url\" content=\"https:\/\/er-ig.de\/cms\/ag-hoehenforschung-payloads\/\" \/>\n<meta property=\"og:site_name\" content=\"ERIG e.V.\" \/>\n<meta property=\"article:modified_time\" content=\"2026-03-17T13:45:16+00:00\" \/>\n<meta property=\"og:image\" content=\"https:\/\/er-ig.de\/cms\/wp-content\/uploads\/2025\/05\/Patch_martini_C-1012x1024.png\" \/>\n<meta name=\"twitter:card\" content=\"summary_large_image\" \/>\n<meta name=\"twitter:label1\" content=\"Gesch\u00e4tzte Lesezeit\" \/>\n\t<meta name=\"twitter:data1\" content=\"2\u00a0Minuten\" \/>\n<script type=\"application\/ld+json\" class=\"yoast-schema-graph\">{\"@context\":\"https:\\\/\\\/schema.org\",\"@graph\":[{\"@type\":\"WebPage\",\"@id\":\"https:\\\/\\\/er-ig.de\\\/cms\\\/ag-hoehenforschung-payloads\\\/\",\"url\":\"https:\\\/\\\/er-ig.de\\\/cms\\\/ag-hoehenforschung-payloads\\\/\",\"name\":\"AG H\u00f6henforschung Payloads &#8211; ERIG e.V.\",\"isPartOf\":{\"@id\":\"https:\\\/\\\/er-ig.de\\\/cms\\\/#website\"},\"primaryImageOfPage\":{\"@id\":\"https:\\\/\\\/er-ig.de\\\/cms\\\/ag-hoehenforschung-payloads\\\/#primaryimage\"},\"image\":{\"@id\":\"https:\\\/\\\/er-ig.de\\\/cms\\\/ag-hoehenforschung-payloads\\\/#primaryimage\"},\"thumbnailUrl\":\"https:\\\/\\\/er-ig.de\\\/cms\\\/wp-content\\\/uploads\\\/2025\\\/05\\\/Patch_martini_C-1012x1024.png\",\"datePublished\":\"2025-05-06T08:50:19+00:00\",\"dateModified\":\"2026-03-17T13:45:16+00:00\",\"inLanguage\":\"de\",\"potentialAction\":[{\"@type\":\"ReadAction\",\"target\":[\"https:\\\/\\\/er-ig.de\\\/cms\\\/ag-hoehenforschung-payloads\\\/\"]}]},{\"@type\":\"ImageObject\",\"inLanguage\":\"de\",\"@id\":\"https:\\\/\\\/er-ig.de\\\/cms\\\/ag-hoehenforschung-payloads\\\/#primaryimage\",\"url\":\"https:\\\/\\\/er-ig.de\\\/cms\\\/wp-content\\\/uploads\\\/2025\\\/05\\\/Patch_martini_C.png\",\"contentUrl\":\"https:\\\/\\\/er-ig.de\\\/cms\\\/wp-content\\\/uploads\\\/2025\\\/05\\\/Patch_martini_C.png\",\"width\":1966,\"height\":1989},{\"@type\":\"WebSite\",\"@id\":\"https:\\\/\\\/er-ig.de\\\/cms\\\/#website\",\"url\":\"https:\\\/\\\/er-ig.de\\\/cms\\\/\",\"name\":\"ERIG e.V.\",\"description\":\"\",\"publisher\":{\"@id\":\"https:\\\/\\\/er-ig.de\\\/cms\\\/#organization\"},\"potentialAction\":[{\"@type\":\"SearchAction\",\"target\":{\"@type\":\"EntryPoint\",\"urlTemplate\":\"https:\\\/\\\/er-ig.de\\\/cms\\\/?s={search_term_string}\"},\"query-input\":{\"@type\":\"PropertyValueSpecification\",\"valueRequired\":true,\"valueName\":\"search_term_string\"}}],\"inLanguage\":\"de\"},{\"@type\":\"Organization\",\"@id\":\"https:\\\/\\\/er-ig.de\\\/cms\\\/#organization\",\"name\":\"ERIG e.V.\",\"url\":\"https:\\\/\\\/er-ig.de\\\/cms\\\/\",\"logo\":{\"@type\":\"ImageObject\",\"inLanguage\":\"de\",\"@id\":\"https:\\\/\\\/er-ig.de\\\/cms\\\/#\\\/schema\\\/logo\\\/image\\\/\",\"url\":\"https:\\\/\\\/er-ig.de\\\/cms\\\/wp-content\\\/uploads\\\/2023\\\/11\\\/ERIG_Farben_RGB_01.png\",\"contentUrl\":\"https:\\\/\\\/er-ig.de\\\/cms\\\/wp-content\\\/uploads\\\/2023\\\/11\\\/ERIG_Farben_RGB_01.png\",\"width\":1995,\"height\":561,\"caption\":\"ERIG e.V.\"},\"image\":{\"@id\":\"https:\\\/\\\/er-ig.de\\\/cms\\\/#\\\/schema\\\/logo\\\/image\\\/\"}}]}<\/script>\n<!-- \/ Yoast SEO plugin. -->","yoast_head_json":{"title":"AG H\u00f6henforschung Payloads &#8211; ERIG e.V.","robots":{"index":"index","follow":"follow","max-snippet":"max-snippet:-1","max-image-preview":"max-image-preview:large","max-video-preview":"max-video-preview:-1"},"canonical":"https:\/\/er-ig.de\/cms\/ag-hoehenforschung-payloads\/","og_locale":"de_DE","og_type":"article","og_title":"AG H\u00f6henforschung Payloads &#8211; ERIG e.V.","og_description":"Die AG H\u00f6henforschung hat durch die SG HIER (H\u00f6henforschung Im Erdnahen Raum) an Zahlreichen REXUS\/BEXUS Fl\u00fcgen teilgenommen. REXUS\/BEXUS (Raketen- und Ballon-EXperimente f\u00fcr Universit\u00e4ts-Studenten) ist ein Programm des&nbsp;DLR,&nbsp;ZARM,&nbsp;SSC,&nbsp;SNSA&nbsp;und&nbsp;ESA, das es Studenten unter anderem erlaubt wissenschaftliche Payloads auf leistungsf\u00e4higen Experimentalraketen zu starten. Folgend ist eine Auflistung aller Payload-Programme der ERIG e.V. und der Fl\u00fcge auf denen sie [&hellip;]","og_url":"https:\/\/er-ig.de\/cms\/ag-hoehenforschung-payloads\/","og_site_name":"ERIG e.V.","article_modified_time":"2026-03-17T13:45:16+00:00","og_image":[{"url":"https:\/\/er-ig.de\/cms\/wp-content\/uploads\/2025\/05\/Patch_martini_C-1012x1024.png","type":"","width":"","height":""}],"twitter_card":"summary_large_image","twitter_misc":{"Gesch\u00e4tzte Lesezeit":"2\u00a0Minuten"},"schema":{"@context":"https:\/\/schema.org","@graph":[{"@type":"WebPage","@id":"https:\/\/er-ig.de\/cms\/ag-hoehenforschung-payloads\/","url":"https:\/\/er-ig.de\/cms\/ag-hoehenforschung-payloads\/","name":"AG H\u00f6henforschung Payloads &#8211; ERIG e.V.","isPartOf":{"@id":"https:\/\/er-ig.de\/cms\/#website"},"primaryImageOfPage":{"@id":"https:\/\/er-ig.de\/cms\/ag-hoehenforschung-payloads\/#primaryimage"},"image":{"@id":"https:\/\/er-ig.de\/cms\/ag-hoehenforschung-payloads\/#primaryimage"},"thumbnailUrl":"https:\/\/er-ig.de\/cms\/wp-content\/uploads\/2025\/05\/Patch_martini_C-1012x1024.png","datePublished":"2025-05-06T08:50:19+00:00","dateModified":"2026-03-17T13:45:16+00:00","inLanguage":"de","potentialAction":[{"@type":"ReadAction","target":["https:\/\/er-ig.de\/cms\/ag-hoehenforschung-payloads\/"]}]},{"@type":"ImageObject","inLanguage":"de","@id":"https:\/\/er-ig.de\/cms\/ag-hoehenforschung-payloads\/#primaryimage","url":"https:\/\/er-ig.de\/cms\/wp-content\/uploads\/2025\/05\/Patch_martini_C.png","contentUrl":"https:\/\/er-ig.de\/cms\/wp-content\/uploads\/2025\/05\/Patch_martini_C.png","width":1966,"height":1989},{"@type":"WebSite","@id":"https:\/\/er-ig.de\/cms\/#website","url":"https:\/\/er-ig.de\/cms\/","name":"ERIG e.V.","description":"","publisher":{"@id":"https:\/\/er-ig.de\/cms\/#organization"},"potentialAction":[{"@type":"SearchAction","target":{"@type":"EntryPoint","urlTemplate":"https:\/\/er-ig.de\/cms\/?s={search_term_string}"},"query-input":{"@type":"PropertyValueSpecification","valueRequired":true,"valueName":"search_term_string"}}],"inLanguage":"de"},{"@type":"Organization","@id":"https:\/\/er-ig.de\/cms\/#organization","name":"ERIG e.V.","url":"https:\/\/er-ig.de\/cms\/","logo":{"@type":"ImageObject","inLanguage":"de","@id":"https:\/\/er-ig.de\/cms\/#\/schema\/logo\/image\/","url":"https:\/\/er-ig.de\/cms\/wp-content\/uploads\/2023\/11\/ERIG_Farben_RGB_01.png","contentUrl":"https:\/\/er-ig.de\/cms\/wp-content\/uploads\/2023\/11\/ERIG_Farben_RGB_01.png","width":1995,"height":561,"caption":"ERIG e.V."},"image":{"@id":"https:\/\/er-ig.de\/cms\/#\/schema\/logo\/image\/"}}]}},"_links":{"self":[{"href":"https:\/\/er-ig.de\/cms\/wp-json\/wp\/v2\/pages\/1865","targetHints":{"allow":["GET"]}}],"collection":[{"href":"https:\/\/er-ig.de\/cms\/wp-json\/wp\/v2\/pages"}],"about":[{"href":"https:\/\/er-ig.de\/cms\/wp-json\/wp\/v2\/types\/page"}],"author":[{"embeddable":true,"href":"https:\/\/er-ig.de\/cms\/wp-json\/wp\/v2\/users\/6"}],"replies":[{"embeddable":true,"href":"https:\/\/er-ig.de\/cms\/wp-json\/wp\/v2\/comments?post=1865"}],"version-history":[{"count":5,"href":"https:\/\/er-ig.de\/cms\/wp-json\/wp\/v2\/pages\/1865\/revisions"}],"predecessor-version":[{"id":2404,"href":"https:\/\/er-ig.de\/cms\/wp-json\/wp\/v2\/pages\/1865\/revisions\/2404"}],"wp:attachment":[{"href":"https:\/\/er-ig.de\/cms\/wp-json\/wp\/v2\/media?parent=1865"}],"curies":[{"name":"wp","href":"https:\/\/api.w.org\/{rel}","templated":true}]}}