{"id":1854,"date":"2025-05-06T10:10:57","date_gmt":"2025-05-06T08:10:57","guid":{"rendered":"https:\/\/er-ig.de\/cms\/?page_id=1854"},"modified":"2025-07-05T22:42:20","modified_gmt":"2025-07-05T20:42:20","slug":"ag-hoehenforschung-rover","status":"publish","type":"page","link":"https:\/\/er-ig.de\/cms\/ag-hoehenforschung-rover\/","title":{"rendered":"AG H\u00f6henforschung Rover"},"content":{"rendered":"\n<p>Die <a href=\"https:\/\/er-ig.de\/cms\/ag-hoehenforschung\/\">AG H\u00f6henforschung<\/a> hat durch die <a href=\"https:\/\/er-ig.de\/cms\/sg-rover\/\">SG Rover<\/a> mehrere Roboter zur Fernerkundung in verschiedenen Programmen entwickelt.<\/p>\n\n\n\n<p>Ein Programm besteht mehreren Programmen f\u00fcr das Chassis, Kommunikation, Roboterarm, Navigation, etc.<\/p>\n\n\n\n<p>Folgend ist eine Auflistung aller Rover-Programme der ERIG e.V. und der daraus hervorgebrachten Fahrzeuge oder Support Equipment.<\/p>\n\n\n\n<figure data-wp-context=\"{&quot;imageId&quot;:&quot;69da8ffcbd45f&quot;}\" data-wp-interactive=\"core\/image\" data-wp-key=\"69da8ffcbd45f\" class=\"wp-block-image alignright size-full is-resized has-custom-border wp-lightbox-container\"><img loading=\"lazy\" decoding=\"async\" width=\"2000\" height=\"1902\" data-wp-class--hide=\"state.isContentHidden\" data-wp-class--show=\"state.isContentVisible\" data-wp-init=\"callbacks.setButtonStyles\" data-wp-on--click=\"actions.showLightbox\" data-wp-on--load=\"callbacks.setButtonStyles\" data-wp-on-window--resize=\"callbacks.setButtonStyles\" src=\"https:\/\/er-ig.de\/cms\/wp-content\/uploads\/2025\/03\/KERBEROS_Patch.png\" alt=\"\" class=\"wp-image-1600\" style=\"border-radius:10px;width:300px\" srcset=\"https:\/\/er-ig.de\/cms\/wp-content\/uploads\/2025\/03\/KERBEROS_Patch.png 2000w, https:\/\/er-ig.de\/cms\/wp-content\/uploads\/2025\/03\/KERBEROS_Patch-300x285.png 300w, https:\/\/er-ig.de\/cms\/wp-content\/uploads\/2025\/03\/KERBEROS_Patch-1024x974.png 1024w, https:\/\/er-ig.de\/cms\/wp-content\/uploads\/2025\/03\/KERBEROS_Patch-768x730.png 768w, https:\/\/er-ig.de\/cms\/wp-content\/uploads\/2025\/03\/KERBEROS_Patch-1536x1461.png 1536w\" sizes=\"auto, (max-width: 2000px) 100vw, 2000px\" \/><button\n\t\t\tclass=\"lightbox-trigger\"\n\t\t\ttype=\"button\"\n\t\t\taria-haspopup=\"dialog\"\n\t\t\taria-label=\"Vergr\u00f6\u00dfern\"\n\t\t\tdata-wp-init=\"callbacks.initTriggerButton\"\n\t\t\tdata-wp-on--click=\"actions.showLightbox\"\n\t\t\tdata-wp-style--right=\"state.imageButtonRight\"\n\t\t\tdata-wp-style--top=\"state.imageButtonTop\"\n\t\t>\n\t\t\t<svg xmlns=\"http:\/\/www.w3.org\/2000\/svg\" width=\"12\" height=\"12\" fill=\"none\" viewBox=\"0 0 12 12\">\n\t\t\t\t<path fill=\"#fff\" d=\"M2 0a2 2 0 0 0-2 2v2h1.5V2a.5.5 0 0 1 .5-.5h2V0H2Zm2 10.5H2a.5.5 0 0 1-.5-.5V8H0v2a2 2 0 0 0 2 2h2v-1.5ZM8 12v-1.5h2a.5.5 0 0 0 .5-.5V8H12v2a2 2 0 0 1-2 2H8Zm2-12a2 2 0 0 1 2 2v2h-1.5V2a.5.5 0 0 0-.5-.5H8V0h2Z\" \/>\n\t\t\t<\/svg>\n\t\t<\/button><\/figure>\n\n\n\n<h2 class=\"wp-block-heading\">KERBEROS<\/h2>\n\n\n\n<p><strong><em>Status: Aktiv<\/em><\/strong><\/p>\n\n\n\n<p>KERBEROS ist ein direkter Nachfolger von ORTHOS basierend auf einem neuen, verbesserten Chassis mit vergr\u00f6\u00dferter Payload Kapazit\u00e4t.<\/p>\n\n\n\n<p>KERBEROS wird in Kooperation mit <a href=\"https:\/\/akamav.de\/\">AKAMAV<\/a> und der <a href=\"https:\/\/www.drillbotics.tu-clausthal.de\/\">TUC Drillbotics\u00ae<\/a> entwickelt, welche zur Payload des Rovers beitragen.<\/p>\n\n\n\n<div style=\"height:25px\" aria-hidden=\"true\" class=\"wp-block-spacer\"><\/div>\n\n\n\n<figure data-wp-context=\"{&quot;imageId&quot;:&quot;69da8ffcbd81c&quot;}\" data-wp-interactive=\"core\/image\" data-wp-key=\"69da8ffcbd81c\" class=\"wp-block-image alignleft size-full is-resized has-custom-border wp-lightbox-container\"><img loading=\"lazy\" decoding=\"async\" width=\"2000\" height=\"1902\" data-wp-class--hide=\"state.isContentHidden\" data-wp-class--show=\"state.isContentVisible\" data-wp-init=\"callbacks.setButtonStyles\" data-wp-on--click=\"actions.showLightbox\" data-wp-on--load=\"callbacks.setButtonStyles\" data-wp-on-window--resize=\"callbacks.setButtonStyles\" src=\"https:\/\/er-ig.de\/cms\/wp-content\/uploads\/2025\/03\/ARGO_Patch-1.png\" alt=\"\" class=\"wp-image-1623\" style=\"border-radius:10px;width:300px\" srcset=\"https:\/\/er-ig.de\/cms\/wp-content\/uploads\/2025\/03\/ARGO_Patch-1.png 2000w, https:\/\/er-ig.de\/cms\/wp-content\/uploads\/2025\/03\/ARGO_Patch-1-300x285.png 300w, https:\/\/er-ig.de\/cms\/wp-content\/uploads\/2025\/03\/ARGO_Patch-1-1024x974.png 1024w, https:\/\/er-ig.de\/cms\/wp-content\/uploads\/2025\/03\/ARGO_Patch-1-768x730.png 768w, https:\/\/er-ig.de\/cms\/wp-content\/uploads\/2025\/03\/ARGO_Patch-1-1536x1461.png 1536w\" sizes=\"auto, (max-width: 2000px) 100vw, 2000px\" \/><button\n\t\t\tclass=\"lightbox-trigger\"\n\t\t\ttype=\"button\"\n\t\t\taria-haspopup=\"dialog\"\n\t\t\taria-label=\"Vergr\u00f6\u00dfern\"\n\t\t\tdata-wp-init=\"callbacks.initTriggerButton\"\n\t\t\tdata-wp-on--click=\"actions.showLightbox\"\n\t\t\tdata-wp-style--right=\"state.imageButtonRight\"\n\t\t\tdata-wp-style--top=\"state.imageButtonTop\"\n\t\t>\n\t\t\t<svg xmlns=\"http:\/\/www.w3.org\/2000\/svg\" width=\"12\" height=\"12\" fill=\"none\" viewBox=\"0 0 12 12\">\n\t\t\t\t<path fill=\"#fff\" d=\"M2 0a2 2 0 0 0-2 2v2h1.5V2a.5.5 0 0 1 .5-.5h2V0H2Zm2 10.5H2a.5.5 0 0 1-.5-.5V8H0v2a2 2 0 0 0 2 2h2v-1.5ZM8 12v-1.5h2a.5.5 0 0 0 .5-.5V8H12v2a2 2 0 0 1-2 2H8Zm2-12a2 2 0 0 1 2 2v2h-1.5V2a.5.5 0 0 0-.5-.5H8V0h2Z\" \/>\n\t\t\t<\/svg>\n\t\t<\/button><\/figure>\n\n\n\n<h3 class=\"wp-block-heading\">ARGO (Equipment)<\/h3>\n\n\n\n<p><strong><em>Status: Aktiv<\/em><\/strong><\/p>\n\n\n\n<p>ARGO (<em>Advanced Rover Guidance Outpost<\/em>) ist eine dedizierte Ground Station f\u00fcr die Betreuung und Operation von Rovern im Feld.<\/p>\n\n\n\n<p>Es ist ausgestattet mit gro\u00dfen Monitoren und Laptop-Docks, um das \u00dcberwachen und Verwalten eines Rovers w\u00e4hrend Wettbewerben und sonstiger Nutzung zu vereinfachen.<\/p>\n\n\n\n<div style=\"height:50px\" aria-hidden=\"true\" class=\"wp-block-spacer\"><\/div>\n\n\n\n<figure data-wp-context=\"{&quot;imageId&quot;:&quot;69da8ffcbdb75&quot;}\" data-wp-interactive=\"core\/image\" data-wp-key=\"69da8ffcbdb75\" class=\"wp-block-image alignright size-full is-resized has-custom-border wp-lightbox-container\"><img loading=\"lazy\" decoding=\"async\" width=\"300\" height=\"300\" data-wp-class--hide=\"state.isContentHidden\" data-wp-class--show=\"state.isContentVisible\" data-wp-init=\"callbacks.setButtonStyles\" data-wp-on--click=\"actions.showLightbox\" data-wp-on--load=\"callbacks.setButtonStyles\" data-wp-on-window--resize=\"callbacks.setButtonStyles\" src=\"https:\/\/er-ig.de\/cms\/wp-content\/uploads\/2023\/11\/16e294fb516a6585b5b807835e8b49eed9952f7c-orthospatch.png\" alt=\"\" class=\"wp-image-113\" style=\"border-radius:10px;width:300px\" srcset=\"https:\/\/er-ig.de\/cms\/wp-content\/uploads\/2023\/11\/16e294fb516a6585b5b807835e8b49eed9952f7c-orthospatch.png 300w, https:\/\/er-ig.de\/cms\/wp-content\/uploads\/2023\/11\/16e294fb516a6585b5b807835e8b49eed9952f7c-orthospatch-150x150.png 150w\" sizes=\"auto, (max-width: 300px) 100vw, 300px\" \/><button\n\t\t\tclass=\"lightbox-trigger\"\n\t\t\ttype=\"button\"\n\t\t\taria-haspopup=\"dialog\"\n\t\t\taria-label=\"Vergr\u00f6\u00dfern\"\n\t\t\tdata-wp-init=\"callbacks.initTriggerButton\"\n\t\t\tdata-wp-on--click=\"actions.showLightbox\"\n\t\t\tdata-wp-style--right=\"state.imageButtonRight\"\n\t\t\tdata-wp-style--top=\"state.imageButtonTop\"\n\t\t>\n\t\t\t<svg xmlns=\"http:\/\/www.w3.org\/2000\/svg\" width=\"12\" height=\"12\" fill=\"none\" viewBox=\"0 0 12 12\">\n\t\t\t\t<path fill=\"#fff\" d=\"M2 0a2 2 0 0 0-2 2v2h1.5V2a.5.5 0 0 1 .5-.5h2V0H2Zm2 10.5H2a.5.5 0 0 1-.5-.5V8H0v2a2 2 0 0 0 2 2h2v-1.5ZM8 12v-1.5h2a.5.5 0 0 0 .5-.5V8H12v2a2 2 0 0 1-2 2H8Zm2-12a2 2 0 0 1 2 2v2h-1.5V2a.5.5 0 0 0-.5-.5H8V0h2Z\" \/>\n\t\t\t<\/svg>\n\t\t<\/button><\/figure>\n\n\n\n<h2 class=\"wp-block-heading\">ORTHOS<\/h2>\n\n\n\n<p><strong><em>Status: Retiring<\/em><\/strong><\/p>\n\n\n\n<p>ORTHOS ist eine semiautonome Fernerkundungseinheit, entwickelt \u00fcber einen langen Zeitraum. ORTHOS nahm erfolgreich an mehreren Wettbewerben und Events teil und seine Technik wurde iterativ verfeinert und erweitert.<\/p>\n\n\n\n<p>ORTHOS wurde in sp\u00e4teren Phasen mit einer Drone der <a href=\"https:\/\/akamav.de\/\">AKAMAV<\/a> ausgestattet.<\/p>\n","protected":false},"excerpt":{"rendered":"<p>Die AG H\u00f6henforschung hat durch die SG Rover mehrere Roboter zur Fernerkundung in verschiedenen Programmen entwickelt. Ein Programm besteht mehreren Programmen f\u00fcr das Chassis, Kommunikation, Roboterarm, Navigation, etc. Folgend ist eine Auflistung aller Rover-Programme der ERIG e.V. und der daraus hervorgebrachten Fahrzeuge oder Support Equipment. KERBEROS Status: Aktiv KERBEROS ist ein direkter Nachfolger von ORTHOS [&hellip;]<\/p>\n","protected":false},"author":6,"featured_media":0,"parent":0,"menu_order":0,"comment_status":"closed","ping_status":"closed","template":"","meta":{"footnotes":""},"class_list":["post-1854","page","type-page","status-publish","hentry"],"yoast_head":"<!-- This site is optimized with the Yoast SEO plugin v27.1.1 - https:\/\/yoast.com\/product\/yoast-seo-wordpress\/ -->\n<title>AG H\u00f6henforschung Rover &#8211; ERIG e.V.<\/title>\n<meta name=\"robots\" content=\"index, follow, max-snippet:-1, max-image-preview:large, max-video-preview:-1\" \/>\n<link rel=\"canonical\" href=\"https:\/\/er-ig.de\/cms\/ag-hoehenforschung-rover\/\" \/>\n<meta property=\"og:locale\" content=\"de_DE\" \/>\n<meta property=\"og:type\" content=\"article\" \/>\n<meta property=\"og:title\" content=\"AG H\u00f6henforschung Rover &#8211; ERIG e.V.\" \/>\n<meta property=\"og:description\" content=\"Die AG H\u00f6henforschung hat durch die SG Rover mehrere Roboter zur Fernerkundung in verschiedenen Programmen entwickelt. Ein Programm besteht mehreren Programmen f\u00fcr das Chassis, Kommunikation, Roboterarm, Navigation, etc. Folgend ist eine Auflistung aller Rover-Programme der ERIG e.V. und der daraus hervorgebrachten Fahrzeuge oder Support Equipment. KERBEROS Status: Aktiv KERBEROS ist ein direkter Nachfolger von ORTHOS [&hellip;]\" \/>\n<meta property=\"og:url\" content=\"https:\/\/er-ig.de\/cms\/ag-hoehenforschung-rover\/\" \/>\n<meta property=\"og:site_name\" content=\"ERIG e.V.\" \/>\n<meta property=\"article:modified_time\" content=\"2025-07-05T20:42:20+00:00\" \/>\n<meta property=\"og:image\" content=\"https:\/\/er-ig.de\/cms\/wp-content\/uploads\/2025\/03\/KERBEROS_Patch.png\" \/>\n<meta name=\"twitter:card\" content=\"summary_large_image\" \/>\n<meta name=\"twitter:label1\" content=\"Gesch\u00e4tzte Lesezeit\" \/>\n\t<meta name=\"twitter:data1\" content=\"2\u00a0Minuten\" \/>\n<script type=\"application\/ld+json\" class=\"yoast-schema-graph\">{\"@context\":\"https:\/\/schema.org\",\"@graph\":[{\"@type\":\"WebPage\",\"@id\":\"https:\/\/er-ig.de\/cms\/ag-hoehenforschung-rover\/\",\"url\":\"https:\/\/er-ig.de\/cms\/ag-hoehenforschung-rover\/\",\"name\":\"AG H\u00f6henforschung Rover &#8211; ERIG e.V.\",\"isPartOf\":{\"@id\":\"https:\/\/er-ig.de\/cms\/#website\"},\"primaryImageOfPage\":{\"@id\":\"https:\/\/er-ig.de\/cms\/ag-hoehenforschung-rover\/#primaryimage\"},\"image\":{\"@id\":\"https:\/\/er-ig.de\/cms\/ag-hoehenforschung-rover\/#primaryimage\"},\"thumbnailUrl\":\"https:\/\/er-ig.de\/cms\/wp-content\/uploads\/2025\/03\/KERBEROS_Patch.png\",\"datePublished\":\"2025-05-06T08:10:57+00:00\",\"dateModified\":\"2025-07-05T20:42:20+00:00\",\"inLanguage\":\"de\",\"potentialAction\":[{\"@type\":\"ReadAction\",\"target\":[\"https:\/\/er-ig.de\/cms\/ag-hoehenforschung-rover\/\"]}]},{\"@type\":\"ImageObject\",\"inLanguage\":\"de\",\"@id\":\"https:\/\/er-ig.de\/cms\/ag-hoehenforschung-rover\/#primaryimage\",\"url\":\"https:\/\/er-ig.de\/cms\/wp-content\/uploads\/2025\/03\/KERBEROS_Patch.png\",\"contentUrl\":\"https:\/\/er-ig.de\/cms\/wp-content\/uploads\/2025\/03\/KERBEROS_Patch.png\",\"width\":2000,\"height\":1902},{\"@type\":\"WebSite\",\"@id\":\"https:\/\/er-ig.de\/cms\/#website\",\"url\":\"https:\/\/er-ig.de\/cms\/\",\"name\":\"ERIG e.V.\",\"description\":\"\",\"publisher\":{\"@id\":\"https:\/\/er-ig.de\/cms\/#organization\"},\"potentialAction\":[{\"@type\":\"SearchAction\",\"target\":{\"@type\":\"EntryPoint\",\"urlTemplate\":\"https:\/\/er-ig.de\/cms\/?s={search_term_string}\"},\"query-input\":{\"@type\":\"PropertyValueSpecification\",\"valueRequired\":true,\"valueName\":\"search_term_string\"}}],\"inLanguage\":\"de\"},{\"@type\":\"Organization\",\"@id\":\"https:\/\/er-ig.de\/cms\/#organization\",\"name\":\"ERIG e.V.\",\"url\":\"https:\/\/er-ig.de\/cms\/\",\"logo\":{\"@type\":\"ImageObject\",\"inLanguage\":\"de\",\"@id\":\"https:\/\/er-ig.de\/cms\/#\/schema\/logo\/image\/\",\"url\":\"https:\/\/er-ig.de\/cms\/wp-content\/uploads\/2023\/11\/ERIG_Farben_RGB_01.png\",\"contentUrl\":\"https:\/\/er-ig.de\/cms\/wp-content\/uploads\/2023\/11\/ERIG_Farben_RGB_01.png\",\"width\":1995,\"height\":561,\"caption\":\"ERIG e.V.\"},\"image\":{\"@id\":\"https:\/\/er-ig.de\/cms\/#\/schema\/logo\/image\/\"}}]}<\/script>\n<!-- \/ Yoast SEO plugin. -->","yoast_head_json":{"title":"AG H\u00f6henforschung Rover &#8211; ERIG e.V.","robots":{"index":"index","follow":"follow","max-snippet":"max-snippet:-1","max-image-preview":"max-image-preview:large","max-video-preview":"max-video-preview:-1"},"canonical":"https:\/\/er-ig.de\/cms\/ag-hoehenforschung-rover\/","og_locale":"de_DE","og_type":"article","og_title":"AG H\u00f6henforschung Rover &#8211; ERIG e.V.","og_description":"Die AG H\u00f6henforschung hat durch die SG Rover mehrere Roboter zur Fernerkundung in verschiedenen Programmen entwickelt. Ein Programm besteht mehreren Programmen f\u00fcr das Chassis, Kommunikation, Roboterarm, Navigation, etc. Folgend ist eine Auflistung aller Rover-Programme der ERIG e.V. und der daraus hervorgebrachten Fahrzeuge oder Support Equipment. KERBEROS Status: Aktiv KERBEROS ist ein direkter Nachfolger von ORTHOS [&hellip;]","og_url":"https:\/\/er-ig.de\/cms\/ag-hoehenforschung-rover\/","og_site_name":"ERIG e.V.","article_modified_time":"2025-07-05T20:42:20+00:00","og_image":[{"url":"https:\/\/er-ig.de\/cms\/wp-content\/uploads\/2025\/03\/KERBEROS_Patch.png","type":"","width":"","height":""}],"twitter_card":"summary_large_image","twitter_misc":{"Gesch\u00e4tzte Lesezeit":"2\u00a0Minuten"},"schema":{"@context":"https:\/\/schema.org","@graph":[{"@type":"WebPage","@id":"https:\/\/er-ig.de\/cms\/ag-hoehenforschung-rover\/","url":"https:\/\/er-ig.de\/cms\/ag-hoehenforschung-rover\/","name":"AG H\u00f6henforschung Rover &#8211; ERIG e.V.","isPartOf":{"@id":"https:\/\/er-ig.de\/cms\/#website"},"primaryImageOfPage":{"@id":"https:\/\/er-ig.de\/cms\/ag-hoehenforschung-rover\/#primaryimage"},"image":{"@id":"https:\/\/er-ig.de\/cms\/ag-hoehenforschung-rover\/#primaryimage"},"thumbnailUrl":"https:\/\/er-ig.de\/cms\/wp-content\/uploads\/2025\/03\/KERBEROS_Patch.png","datePublished":"2025-05-06T08:10:57+00:00","dateModified":"2025-07-05T20:42:20+00:00","inLanguage":"de","potentialAction":[{"@type":"ReadAction","target":["https:\/\/er-ig.de\/cms\/ag-hoehenforschung-rover\/"]}]},{"@type":"ImageObject","inLanguage":"de","@id":"https:\/\/er-ig.de\/cms\/ag-hoehenforschung-rover\/#primaryimage","url":"https:\/\/er-ig.de\/cms\/wp-content\/uploads\/2025\/03\/KERBEROS_Patch.png","contentUrl":"https:\/\/er-ig.de\/cms\/wp-content\/uploads\/2025\/03\/KERBEROS_Patch.png","width":2000,"height":1902},{"@type":"WebSite","@id":"https:\/\/er-ig.de\/cms\/#website","url":"https:\/\/er-ig.de\/cms\/","name":"ERIG e.V.","description":"","publisher":{"@id":"https:\/\/er-ig.de\/cms\/#organization"},"potentialAction":[{"@type":"SearchAction","target":{"@type":"EntryPoint","urlTemplate":"https:\/\/er-ig.de\/cms\/?s={search_term_string}"},"query-input":{"@type":"PropertyValueSpecification","valueRequired":true,"valueName":"search_term_string"}}],"inLanguage":"de"},{"@type":"Organization","@id":"https:\/\/er-ig.de\/cms\/#organization","name":"ERIG e.V.","url":"https:\/\/er-ig.de\/cms\/","logo":{"@type":"ImageObject","inLanguage":"de","@id":"https:\/\/er-ig.de\/cms\/#\/schema\/logo\/image\/","url":"https:\/\/er-ig.de\/cms\/wp-content\/uploads\/2023\/11\/ERIG_Farben_RGB_01.png","contentUrl":"https:\/\/er-ig.de\/cms\/wp-content\/uploads\/2023\/11\/ERIG_Farben_RGB_01.png","width":1995,"height":561,"caption":"ERIG e.V."},"image":{"@id":"https:\/\/er-ig.de\/cms\/#\/schema\/logo\/image\/"}}]}},"_links":{"self":[{"href":"https:\/\/er-ig.de\/cms\/wp-json\/wp\/v2\/pages\/1854","targetHints":{"allow":["GET"]}}],"collection":[{"href":"https:\/\/er-ig.de\/cms\/wp-json\/wp\/v2\/pages"}],"about":[{"href":"https:\/\/er-ig.de\/cms\/wp-json\/wp\/v2\/types\/page"}],"author":[{"embeddable":true,"href":"https:\/\/er-ig.de\/cms\/wp-json\/wp\/v2\/users\/6"}],"replies":[{"embeddable":true,"href":"https:\/\/er-ig.de\/cms\/wp-json\/wp\/v2\/comments?post=1854"}],"version-history":[{"count":7,"href":"https:\/\/er-ig.de\/cms\/wp-json\/wp\/v2\/pages\/1854\/revisions"}],"predecessor-version":[{"id":2149,"href":"https:\/\/er-ig.de\/cms\/wp-json\/wp\/v2\/pages\/1854\/revisions\/2149"}],"wp:attachment":[{"href":"https:\/\/er-ig.de\/cms\/wp-json\/wp\/v2\/media?parent=1854"}],"curies":[{"name":"wp","href":"https:\/\/api.w.org\/{rel}","templated":true}]}}