{"id":1850,"date":"2025-05-06T09:47:57","date_gmt":"2025-05-06T07:47:57","guid":{"rendered":"https:\/\/er-ig.de\/cms\/?page_id=1850"},"modified":"2025-05-06T09:50:56","modified_gmt":"2025-05-06T07:50:56","slug":"ag-hoehenforschung-systemgruppen","status":"publish","type":"page","link":"https:\/\/er-ig.de\/cms\/ag-hoehenforschung-systemgruppen\/","title":{"rendered":"AG H\u00f6henforschung Systemgruppen"},"content":{"rendered":"\n<p>Die <a href=\"https:\/\/er-ig.de\/cms\/ag-hoehenforschung\/\">AG H\u00f6henforschung<\/a> besteht aus mehreren Systemgruppen, welche je in unterschiedlichen Themenbereichen der H\u00f6henforschung aktiv sind.<\/p>\n\n\n\n<ul class=\"wp-block-list\">\n<li><a href=\"https:\/\/er-ig.de\/cms\/sg-rover\/\">SG Rover<\/a> entwickelt autonome Fernerkundungssysteme.<\/li>\n\n\n\n<li><a href=\"https:\/\/er-ig.de\/cms\/sg-hier\/\">SG HIER<\/a> (H\u00f6henforschung Im Erdnahen Raum) befasst sich mit der Planung, Design und Bau von Experimenten f\u00fcr Ballons oder Experimentalraketen.<\/li>\n\n\n\n<li><a href=\"https:\/\/er-ig.de\/cms\/sg-kleinsatelliten\/\">SG Kleinsatelliten<\/a> entwickelt kleinere Satelliten f\u00fcr verschiedene wissenschaftliche Zwecke. <\/li>\n<\/ul>\n","protected":false},"excerpt":{"rendered":"<p>Die AG H\u00f6henforschung besteht aus mehreren Systemgruppen, welche je in unterschiedlichen Themenbereichen der H\u00f6henforschung aktiv sind.<\/p>\n","protected":false},"author":6,"featured_media":0,"parent":0,"menu_order":0,"comment_status":"closed","ping_status":"closed","template":"","meta":{"footnotes":""},"class_list":["post-1850","page","type-page","status-publish","hentry"],"yoast_head":"<!-- This site is optimized with the Yoast SEO plugin v27.1.1 - https:\/\/yoast.com\/product\/yoast-seo-wordpress\/ -->\n<title>AG H\u00f6henforschung Systemgruppen &#8211; ERIG e.V.<\/title>\n<meta name=\"robots\" content=\"index, follow, max-snippet:-1, max-image-preview:large, max-video-preview:-1\" \/>\n<link rel=\"canonical\" href=\"https:\/\/er-ig.de\/cms\/ag-hoehenforschung-systemgruppen\/\" \/>\n<meta property=\"og:locale\" content=\"de_DE\" \/>\n<meta property=\"og:type\" content=\"article\" \/>\n<meta property=\"og:title\" content=\"AG H\u00f6henforschung Systemgruppen &#8211; ERIG e.V.\" \/>\n<meta property=\"og:description\" content=\"Die AG H\u00f6henforschung besteht aus mehreren Systemgruppen, welche je in unterschiedlichen Themenbereichen der H\u00f6henforschung aktiv sind.\" \/>\n<meta property=\"og:url\" content=\"https:\/\/er-ig.de\/cms\/ag-hoehenforschung-systemgruppen\/\" \/>\n<meta property=\"og:site_name\" content=\"ERIG e.V.\" \/>\n<meta property=\"article:modified_time\" content=\"2025-05-06T07:50:56+00:00\" \/>\n<meta name=\"twitter:card\" content=\"summary_large_image\" \/>\n<meta name=\"twitter:label1\" content=\"Gesch\u00e4tzte Lesezeit\" \/>\n\t<meta name=\"twitter:data1\" content=\"1\u00a0Minute\" \/>\n<script type=\"application\/ld+json\" class=\"yoast-schema-graph\">{\"@context\":\"https:\/\/schema.org\",\"@graph\":[{\"@type\":\"WebPage\",\"@id\":\"https:\/\/er-ig.de\/cms\/ag-hoehenforschung-systemgruppen\/\",\"url\":\"https:\/\/er-ig.de\/cms\/ag-hoehenforschung-systemgruppen\/\",\"name\":\"AG H\u00f6henforschung Systemgruppen &#8211; ERIG e.V.\",\"isPartOf\":{\"@id\":\"https:\/\/er-ig.de\/cms\/#website\"},\"datePublished\":\"2025-05-06T07:47:57+00:00\",\"dateModified\":\"2025-05-06T07:50:56+00:00\",\"inLanguage\":\"de\",\"potentialAction\":[{\"@type\":\"ReadAction\",\"target\":[\"https:\/\/er-ig.de\/cms\/ag-hoehenforschung-systemgruppen\/\"]}]},{\"@type\":\"WebSite\",\"@id\":\"https:\/\/er-ig.de\/cms\/#website\",\"url\":\"https:\/\/er-ig.de\/cms\/\",\"name\":\"ERIG e.V.\",\"description\":\"\",\"publisher\":{\"@id\":\"https:\/\/er-ig.de\/cms\/#organization\"},\"potentialAction\":[{\"@type\":\"SearchAction\",\"target\":{\"@type\":\"EntryPoint\",\"urlTemplate\":\"https:\/\/er-ig.de\/cms\/?s={search_term_string}\"},\"query-input\":{\"@type\":\"PropertyValueSpecification\",\"valueRequired\":true,\"valueName\":\"search_term_string\"}}],\"inLanguage\":\"de\"},{\"@type\":\"Organization\",\"@id\":\"https:\/\/er-ig.de\/cms\/#organization\",\"name\":\"ERIG e.V.\",\"url\":\"https:\/\/er-ig.de\/cms\/\",\"logo\":{\"@type\":\"ImageObject\",\"inLanguage\":\"de\",\"@id\":\"https:\/\/er-ig.de\/cms\/#\/schema\/logo\/image\/\",\"url\":\"https:\/\/er-ig.de\/cms\/wp-content\/uploads\/2023\/11\/ERIG_Farben_RGB_01.png\",\"contentUrl\":\"https:\/\/er-ig.de\/cms\/wp-content\/uploads\/2023\/11\/ERIG_Farben_RGB_01.png\",\"width\":1995,\"height\":561,\"caption\":\"ERIG e.V.\"},\"image\":{\"@id\":\"https:\/\/er-ig.de\/cms\/#\/schema\/logo\/image\/\"}}]}<\/script>\n<!-- \/ Yoast SEO plugin. -->","yoast_head_json":{"title":"AG H\u00f6henforschung Systemgruppen &#8211; ERIG e.V.","robots":{"index":"index","follow":"follow","max-snippet":"max-snippet:-1","max-image-preview":"max-image-preview:large","max-video-preview":"max-video-preview:-1"},"canonical":"https:\/\/er-ig.de\/cms\/ag-hoehenforschung-systemgruppen\/","og_locale":"de_DE","og_type":"article","og_title":"AG H\u00f6henforschung Systemgruppen &#8211; ERIG e.V.","og_description":"Die AG H\u00f6henforschung besteht aus mehreren Systemgruppen, welche je in unterschiedlichen Themenbereichen der H\u00f6henforschung aktiv sind.","og_url":"https:\/\/er-ig.de\/cms\/ag-hoehenforschung-systemgruppen\/","og_site_name":"ERIG e.V.","article_modified_time":"2025-05-06T07:50:56+00:00","twitter_card":"summary_large_image","twitter_misc":{"Gesch\u00e4tzte Lesezeit":"1\u00a0Minute"},"schema":{"@context":"https:\/\/schema.org","@graph":[{"@type":"WebPage","@id":"https:\/\/er-ig.de\/cms\/ag-hoehenforschung-systemgruppen\/","url":"https:\/\/er-ig.de\/cms\/ag-hoehenforschung-systemgruppen\/","name":"AG H\u00f6henforschung Systemgruppen &#8211; ERIG e.V.","isPartOf":{"@id":"https:\/\/er-ig.de\/cms\/#website"},"datePublished":"2025-05-06T07:47:57+00:00","dateModified":"2025-05-06T07:50:56+00:00","inLanguage":"de","potentialAction":[{"@type":"ReadAction","target":["https:\/\/er-ig.de\/cms\/ag-hoehenforschung-systemgruppen\/"]}]},{"@type":"WebSite","@id":"https:\/\/er-ig.de\/cms\/#website","url":"https:\/\/er-ig.de\/cms\/","name":"ERIG e.V.","description":"","publisher":{"@id":"https:\/\/er-ig.de\/cms\/#organization"},"potentialAction":[{"@type":"SearchAction","target":{"@type":"EntryPoint","urlTemplate":"https:\/\/er-ig.de\/cms\/?s={search_term_string}"},"query-input":{"@type":"PropertyValueSpecification","valueRequired":true,"valueName":"search_term_string"}}],"inLanguage":"de"},{"@type":"Organization","@id":"https:\/\/er-ig.de\/cms\/#organization","name":"ERIG e.V.","url":"https:\/\/er-ig.de\/cms\/","logo":{"@type":"ImageObject","inLanguage":"de","@id":"https:\/\/er-ig.de\/cms\/#\/schema\/logo\/image\/","url":"https:\/\/er-ig.de\/cms\/wp-content\/uploads\/2023\/11\/ERIG_Farben_RGB_01.png","contentUrl":"https:\/\/er-ig.de\/cms\/wp-content\/uploads\/2023\/11\/ERIG_Farben_RGB_01.png","width":1995,"height":561,"caption":"ERIG e.V."},"image":{"@id":"https:\/\/er-ig.de\/cms\/#\/schema\/logo\/image\/"}}]}},"_links":{"self":[{"href":"https:\/\/er-ig.de\/cms\/wp-json\/wp\/v2\/pages\/1850","targetHints":{"allow":["GET"]}}],"collection":[{"href":"https:\/\/er-ig.de\/cms\/wp-json\/wp\/v2\/pages"}],"about":[{"href":"https:\/\/er-ig.de\/cms\/wp-json\/wp\/v2\/types\/page"}],"author":[{"embeddable":true,"href":"https:\/\/er-ig.de\/cms\/wp-json\/wp\/v2\/users\/6"}],"replies":[{"embeddable":true,"href":"https:\/\/er-ig.de\/cms\/wp-json\/wp\/v2\/comments?post=1850"}],"version-history":[{"count":2,"href":"https:\/\/er-ig.de\/cms\/wp-json\/wp\/v2\/pages\/1850\/revisions"}],"predecessor-version":[{"id":1853,"href":"https:\/\/er-ig.de\/cms\/wp-json\/wp\/v2\/pages\/1850\/revisions\/1853"}],"wp:attachment":[{"href":"https:\/\/er-ig.de\/cms\/wp-json\/wp\/v2\/media?parent=1850"}],"curies":[{"name":"wp","href":"https:\/\/api.w.org\/{rel}","templated":true}]}}