{"id":1847,"date":"2025-05-06T09:42:56","date_gmt":"2025-05-06T07:42:56","guid":{"rendered":"https:\/\/er-ig.de\/cms\/?page_id=1847"},"modified":"2025-06-15T16:45:54","modified_gmt":"2025-06-15T14:45:54","slug":"ag-experimentalraketen-systemgruppen","status":"publish","type":"page","link":"https:\/\/er-ig.de\/cms\/ag-experimentalraketen-systemgruppen\/","title":{"rendered":"AG Experimentalraketen Systemgruppen"},"content":{"rendered":"\n<p>Die <a href=\"https:\/\/er-ig.de\/cms\/ag-experimentalraketen\/\">AG Experimentalraketen<\/a> besteht aus mehreren Systemgruppen, welche je eine Teilbereich des Raketenbaus und Raketenbetriebs abdecken.<\/p>\n\n\n\n<ul class=\"wp-block-list\">\n<li><a href=\"https:\/\/er-ig.de\/cms\/sg-antriebe\/\">SG Antriebe<\/a> verwaltet unsere Antriebe und entwickelt und baut Triebwerke f\u00fcr unsere Experimentalraketen.<\/li>\n\n\n\n<li><a href=\"https:\/\/er-ig.de\/cms\/sg-elektronik\/\">SG Elektronik<\/a> entwickelt und baut die Avionik unserer Experimentalraketen, inklusive selbstdesignter Flugcomputer und GSE.<\/li>\n\n\n\n<li><a href=\"https:\/\/er-ig.de\/cms\/sg-lab\/\">SG LAB<\/a> entwickelt Testst\u00e4nde und sonstige Unterst\u00fctzungstechnologien f\u00fcr unsere Antriebstechnologien.<\/li>\n\n\n\n<li><a href=\"https:\/\/er-ig.de\/cms\/sg-payload\/\">SG Payload<\/a> entwickelt Payloads oder verwaltet die Entwicklung von Payloads durch Kooperationspartner.<\/li>\n\n\n\n<li><a href=\"https:\/\/er-ig.de\/cms\/sg-raketensysteme\/\">SG Raketensysteme<\/a> entwickelt, produziert und testet die Strukturen und mechanische Systeme unserer Experimentalraketen.<\/li>\n\n\n\n<li><a href=\"https:\/\/er-ig.de\/cms\/sg-simulation\/\">SG Simulation<\/a> simuliert unsere Experimentalraketen um die Sicherheit unserer Raketen zu gew\u00e4hrleisten.<\/li>\n<\/ul>\n","protected":false},"excerpt":{"rendered":"<p>Die AG Experimentalraketen besteht aus mehreren Systemgruppen, welche je eine Teilbereich des Raketenbaus und Raketenbetriebs abdecken.<\/p>\n","protected":false},"author":6,"featured_media":0,"parent":0,"menu_order":0,"comment_status":"closed","ping_status":"closed","template":"","meta":{"footnotes":""},"class_list":["post-1847","page","type-page","status-publish","hentry"],"yoast_head":"<!-- This site is optimized with the Yoast SEO plugin v27.4 - https:\/\/yoast.com\/product\/yoast-seo-wordpress\/ -->\n<title>AG Experimentalraketen Systemgruppen &#8211; ERIG e.V.<\/title>\n<meta name=\"robots\" content=\"index, follow, max-snippet:-1, max-image-preview:large, max-video-preview:-1\" \/>\n<link rel=\"canonical\" href=\"https:\/\/er-ig.de\/cms\/ag-experimentalraketen-systemgruppen\/\" \/>\n<meta property=\"og:locale\" content=\"de_DE\" \/>\n<meta property=\"og:type\" content=\"article\" \/>\n<meta property=\"og:title\" content=\"AG Experimentalraketen Systemgruppen &#8211; ERIG e.V.\" \/>\n<meta property=\"og:description\" content=\"Die AG Experimentalraketen besteht aus mehreren Systemgruppen, welche je eine Teilbereich des Raketenbaus und Raketenbetriebs abdecken.\" \/>\n<meta property=\"og:url\" content=\"https:\/\/er-ig.de\/cms\/ag-experimentalraketen-systemgruppen\/\" \/>\n<meta property=\"og:site_name\" content=\"ERIG e.V.\" \/>\n<meta property=\"article:modified_time\" content=\"2025-06-15T14:45:54+00:00\" \/>\n<meta name=\"twitter:card\" content=\"summary_large_image\" \/>\n<meta name=\"twitter:label1\" content=\"Gesch\u00e4tzte Lesezeit\" \/>\n\t<meta name=\"twitter:data1\" content=\"1\u00a0Minute\" \/>\n<script type=\"application\/ld+json\" class=\"yoast-schema-graph\">{\"@context\":\"https:\\\/\\\/schema.org\",\"@graph\":[{\"@type\":\"WebPage\",\"@id\":\"https:\\\/\\\/er-ig.de\\\/cms\\\/ag-experimentalraketen-systemgruppen\\\/\",\"url\":\"https:\\\/\\\/er-ig.de\\\/cms\\\/ag-experimentalraketen-systemgruppen\\\/\",\"name\":\"AG Experimentalraketen Systemgruppen &#8211; ERIG e.V.\",\"isPartOf\":{\"@id\":\"https:\\\/\\\/er-ig.de\\\/cms\\\/#website\"},\"datePublished\":\"2025-05-06T07:42:56+00:00\",\"dateModified\":\"2025-06-15T14:45:54+00:00\",\"inLanguage\":\"de\",\"potentialAction\":[{\"@type\":\"ReadAction\",\"target\":[\"https:\\\/\\\/er-ig.de\\\/cms\\\/ag-experimentalraketen-systemgruppen\\\/\"]}]},{\"@type\":\"WebSite\",\"@id\":\"https:\\\/\\\/er-ig.de\\\/cms\\\/#website\",\"url\":\"https:\\\/\\\/er-ig.de\\\/cms\\\/\",\"name\":\"ERIG e.V.\",\"description\":\"\",\"publisher\":{\"@id\":\"https:\\\/\\\/er-ig.de\\\/cms\\\/#organization\"},\"potentialAction\":[{\"@type\":\"SearchAction\",\"target\":{\"@type\":\"EntryPoint\",\"urlTemplate\":\"https:\\\/\\\/er-ig.de\\\/cms\\\/?s={search_term_string}\"},\"query-input\":{\"@type\":\"PropertyValueSpecification\",\"valueRequired\":true,\"valueName\":\"search_term_string\"}}],\"inLanguage\":\"de\"},{\"@type\":\"Organization\",\"@id\":\"https:\\\/\\\/er-ig.de\\\/cms\\\/#organization\",\"name\":\"ERIG e.V.\",\"url\":\"https:\\\/\\\/er-ig.de\\\/cms\\\/\",\"logo\":{\"@type\":\"ImageObject\",\"inLanguage\":\"de\",\"@id\":\"https:\\\/\\\/er-ig.de\\\/cms\\\/#\\\/schema\\\/logo\\\/image\\\/\",\"url\":\"https:\\\/\\\/er-ig.de\\\/cms\\\/wp-content\\\/uploads\\\/2023\\\/11\\\/ERIG_Farben_RGB_01.png\",\"contentUrl\":\"https:\\\/\\\/er-ig.de\\\/cms\\\/wp-content\\\/uploads\\\/2023\\\/11\\\/ERIG_Farben_RGB_01.png\",\"width\":1995,\"height\":561,\"caption\":\"ERIG e.V.\"},\"image\":{\"@id\":\"https:\\\/\\\/er-ig.de\\\/cms\\\/#\\\/schema\\\/logo\\\/image\\\/\"}}]}<\/script>\n<!-- \/ Yoast SEO plugin. -->","yoast_head_json":{"title":"AG Experimentalraketen Systemgruppen &#8211; ERIG e.V.","robots":{"index":"index","follow":"follow","max-snippet":"max-snippet:-1","max-image-preview":"max-image-preview:large","max-video-preview":"max-video-preview:-1"},"canonical":"https:\/\/er-ig.de\/cms\/ag-experimentalraketen-systemgruppen\/","og_locale":"de_DE","og_type":"article","og_title":"AG Experimentalraketen Systemgruppen &#8211; ERIG e.V.","og_description":"Die AG Experimentalraketen besteht aus mehreren Systemgruppen, welche je eine Teilbereich des Raketenbaus und Raketenbetriebs abdecken.","og_url":"https:\/\/er-ig.de\/cms\/ag-experimentalraketen-systemgruppen\/","og_site_name":"ERIG e.V.","article_modified_time":"2025-06-15T14:45:54+00:00","twitter_card":"summary_large_image","twitter_misc":{"Gesch\u00e4tzte Lesezeit":"1\u00a0Minute"},"schema":{"@context":"https:\/\/schema.org","@graph":[{"@type":"WebPage","@id":"https:\/\/er-ig.de\/cms\/ag-experimentalraketen-systemgruppen\/","url":"https:\/\/er-ig.de\/cms\/ag-experimentalraketen-systemgruppen\/","name":"AG Experimentalraketen Systemgruppen &#8211; ERIG e.V.","isPartOf":{"@id":"https:\/\/er-ig.de\/cms\/#website"},"datePublished":"2025-05-06T07:42:56+00:00","dateModified":"2025-06-15T14:45:54+00:00","inLanguage":"de","potentialAction":[{"@type":"ReadAction","target":["https:\/\/er-ig.de\/cms\/ag-experimentalraketen-systemgruppen\/"]}]},{"@type":"WebSite","@id":"https:\/\/er-ig.de\/cms\/#website","url":"https:\/\/er-ig.de\/cms\/","name":"ERIG e.V.","description":"","publisher":{"@id":"https:\/\/er-ig.de\/cms\/#organization"},"potentialAction":[{"@type":"SearchAction","target":{"@type":"EntryPoint","urlTemplate":"https:\/\/er-ig.de\/cms\/?s={search_term_string}"},"query-input":{"@type":"PropertyValueSpecification","valueRequired":true,"valueName":"search_term_string"}}],"inLanguage":"de"},{"@type":"Organization","@id":"https:\/\/er-ig.de\/cms\/#organization","name":"ERIG e.V.","url":"https:\/\/er-ig.de\/cms\/","logo":{"@type":"ImageObject","inLanguage":"de","@id":"https:\/\/er-ig.de\/cms\/#\/schema\/logo\/image\/","url":"https:\/\/er-ig.de\/cms\/wp-content\/uploads\/2023\/11\/ERIG_Farben_RGB_01.png","contentUrl":"https:\/\/er-ig.de\/cms\/wp-content\/uploads\/2023\/11\/ERIG_Farben_RGB_01.png","width":1995,"height":561,"caption":"ERIG e.V."},"image":{"@id":"https:\/\/er-ig.de\/cms\/#\/schema\/logo\/image\/"}}]}},"_links":{"self":[{"href":"https:\/\/er-ig.de\/cms\/wp-json\/wp\/v2\/pages\/1847","targetHints":{"allow":["GET"]}}],"collection":[{"href":"https:\/\/er-ig.de\/cms\/wp-json\/wp\/v2\/pages"}],"about":[{"href":"https:\/\/er-ig.de\/cms\/wp-json\/wp\/v2\/types\/page"}],"author":[{"embeddable":true,"href":"https:\/\/er-ig.de\/cms\/wp-json\/wp\/v2\/users\/6"}],"replies":[{"embeddable":true,"href":"https:\/\/er-ig.de\/cms\/wp-json\/wp\/v2\/comments?post=1847"}],"version-history":[{"count":2,"href":"https:\/\/er-ig.de\/cms\/wp-json\/wp\/v2\/pages\/1847\/revisions"}],"predecessor-version":[{"id":2000,"href":"https:\/\/er-ig.de\/cms\/wp-json\/wp\/v2\/pages\/1847\/revisions\/2000"}],"wp:attachment":[{"href":"https:\/\/er-ig.de\/cms\/wp-json\/wp\/v2\/media?parent=1847"}],"curies":[{"name":"wp","href":"https:\/\/api.w.org\/{rel}","templated":true}]}}