{"id":1736,"date":"2025-05-05T16:56:11","date_gmt":"2025-05-05T14:56:11","guid":{"rendered":"https:\/\/er-ig.de\/cms\/?page_id=1736"},"modified":"2025-08-24T19:58:59","modified_gmt":"2025-08-24T17:58:59","slug":"stern-2","status":"publish","type":"page","link":"https:\/\/er-ig.de\/cms\/stern-2\/","title":{"rendered":"STERN 2"},"content":{"rendered":"\n<h1 class=\"wp-block-heading\" style=\"font-style:normal;font-weight:300\"><strong>ST<\/strong>udentische <strong>E<\/strong>xperimental-<strong>R<\/strong>akete<strong>N<\/strong> II<\/h1>\n\n\n\n<figure data-wp-context=\"{&quot;imageId&quot;:&quot;69d78cc8e45e5&quot;}\" data-wp-interactive=\"core\/image\" data-wp-key=\"69d78cc8e45e5\" class=\"wp-block-image alignleft size-full is-resized wp-lightbox-container\"><img loading=\"lazy\" decoding=\"async\" width=\"2480\" height=\"2480\" data-wp-class--hide=\"state.isContentHidden\" data-wp-class--show=\"state.isContentVisible\" data-wp-init=\"callbacks.setButtonStyles\" data-wp-on--click=\"actions.showLightbox\" data-wp-on--load=\"callbacks.setButtonStyles\" data-wp-on-window--resize=\"callbacks.setButtonStyles\" src=\"https:\/\/er-ig.de\/cms\/wp-content\/uploads\/2025\/05\/STERN-2-Patch.png\" alt=\"\" class=\"wp-image-1790\" style=\"width:300px\" srcset=\"https:\/\/er-ig.de\/cms\/wp-content\/uploads\/2025\/05\/STERN-2-Patch.png 2480w, https:\/\/er-ig.de\/cms\/wp-content\/uploads\/2025\/05\/STERN-2-Patch-300x300.png 300w, https:\/\/er-ig.de\/cms\/wp-content\/uploads\/2025\/05\/STERN-2-Patch-1024x1024.png 1024w, https:\/\/er-ig.de\/cms\/wp-content\/uploads\/2025\/05\/STERN-2-Patch-150x150.png 150w, https:\/\/er-ig.de\/cms\/wp-content\/uploads\/2025\/05\/STERN-2-Patch-768x768.png 768w, https:\/\/er-ig.de\/cms\/wp-content\/uploads\/2025\/05\/STERN-2-Patch-1536x1536.png 1536w, https:\/\/er-ig.de\/cms\/wp-content\/uploads\/2025\/05\/STERN-2-Patch-2048x2048.png 2048w\" sizes=\"auto, (max-width: 2480px) 100vw, 2480px\" \/><button\n\t\t\tclass=\"lightbox-trigger\"\n\t\t\ttype=\"button\"\n\t\t\taria-haspopup=\"dialog\"\n\t\t\taria-label=\"Vergr\u00f6\u00dfern\"\n\t\t\tdata-wp-init=\"callbacks.initTriggerButton\"\n\t\t\tdata-wp-on--click=\"actions.showLightbox\"\n\t\t\tdata-wp-style--right=\"state.imageButtonRight\"\n\t\t\tdata-wp-style--top=\"state.imageButtonTop\"\n\t\t>\n\t\t\t<svg xmlns=\"http:\/\/www.w3.org\/2000\/svg\" width=\"12\" height=\"12\" fill=\"none\" viewBox=\"0 0 12 12\">\n\t\t\t\t<path fill=\"#fff\" d=\"M2 0a2 2 0 0 0-2 2v2h1.5V2a.5.5 0 0 1 .5-.5h2V0H2Zm2 10.5H2a.5.5 0 0 1-.5-.5V8H0v2a2 2 0 0 0 2 2h2v-1.5ZM8 12v-1.5h2a.5.5 0 0 0 .5-.5V8H12v2a2 2 0 0 1-2 2H8Zm2-12a2 2 0 0 1 2 2v2h-1.5V2a.5.5 0 0 0-.5-.5H8V0h2Z\" \/>\n\t\t\t<\/svg>\n\t\t<\/button><\/figure>\n\n\n\n<p>Das Kampagne Studentische Experimental-Raketen II (STERN II) ist eine Kampagne des <a href=\"https:\/\/www.dlr.de\/\">DLR<\/a> welche Vereinen erm\u00f6glicht, Experimentalraketen zu entwickeln und auf dem Startplatz Esrange in Nordschweden zu starten. Es ist der Nachfolger des Leonis I-Projekts aus dem urspr\u00fcnglichem STERN-Programm (siehe <a href=\"https:\/\/er-ig.de\/cms\/stern-1\/\">STERN 1<\/a>).<\/p>\n\n\n\n<figure class=\"wp-block-image alignright size-full is-resized\"><img loading=\"lazy\" decoding=\"async\" width=\"1016\" height=\"1016\" src=\"https:\/\/er-ig.de\/cms\/wp-content\/uploads\/2025\/05\/STERN_LOGO.png\" alt=\"\" class=\"wp-image-1723\" style=\"width:300px\" srcset=\"https:\/\/er-ig.de\/cms\/wp-content\/uploads\/2025\/05\/STERN_LOGO.png 1016w, https:\/\/er-ig.de\/cms\/wp-content\/uploads\/2025\/05\/STERN_LOGO-300x300.png 300w, https:\/\/er-ig.de\/cms\/wp-content\/uploads\/2025\/05\/STERN_LOGO-150x150.png 150w, https:\/\/er-ig.de\/cms\/wp-content\/uploads\/2025\/05\/STERN_LOGO-768x768.png 768w\" sizes=\"auto, (max-width: 1016px) 100vw, 1016px\" \/><\/figure>\n\n\n\n<p>Die <a href=\"https:\/\/er-ig.de\/cms\/ag-experimentalraketen\/\">Arbeitsgruppe Experimentalraketen<\/a> nahm an der Kampagne STERN II unter dem gleichnamigen Projekttitel zum zweiten Mal teil und baute die Hybridrakete <strong>Schwerdtlein<\/strong>, ausgestattet mit dem selbst entwickelten Hybridtriebwerk <strong>HYDRA 4X<\/strong> und dem selbst entwickelten <strong>Rocketman-Fallschirm<\/strong> (siehe <a href=\"https:\/\/er-ig.de\/cms\/epex\/\">EPEX<\/a>).<\/p>\n\n\n\n<p>Ebenfalls in der Entwicklung unter der Kampagne STERN 2 war der Feststoff-Prototyp <strong>Mimas<\/strong>.<\/p>\n\n\n\n<div style=\"height:0px\" aria-hidden=\"true\" class=\"wp-block-spacer\"><\/div>\n\n\n\n<h2 class=\"wp-block-heading\">Experimentalrakete Schwerdtlein<\/h2>\n\n\n\n<p><sub><sup>(Dieser Teil unserer Webseite ist noch unter Bearbeitung.)<\/sup><\/sub><\/p>\n\n\n\n<figure data-wp-context=\"{&quot;imageId&quot;:&quot;69d78cc8e51d6&quot;}\" data-wp-interactive=\"core\/image\" data-wp-key=\"69d78cc8e51d6\" class=\"wp-block-image alignright size-full is-resized has-custom-border wp-lightbox-container\"><img loading=\"lazy\" decoding=\"async\" width=\"730\" height=\"730\" data-wp-class--hide=\"state.isContentHidden\" data-wp-class--show=\"state.isContentVisible\" data-wp-init=\"callbacks.setButtonStyles\" data-wp-on--click=\"actions.showLightbox\" data-wp-on--load=\"callbacks.setButtonStyles\" data-wp-on-window--resize=\"callbacks.setButtonStyles\" src=\"https:\/\/er-ig.de\/cms\/wp-content\/uploads\/2025\/05\/vlcsnap-2025-05-07-00h11m10s451-edited.png\" alt=\"\" class=\"wp-image-1911\" style=\"border-radius:10px;width:419px;height:auto\" srcset=\"https:\/\/er-ig.de\/cms\/wp-content\/uploads\/2025\/05\/vlcsnap-2025-05-07-00h11m10s451-edited.png 730w, https:\/\/er-ig.de\/cms\/wp-content\/uploads\/2025\/05\/vlcsnap-2025-05-07-00h11m10s451-edited-300x300.png 300w, https:\/\/er-ig.de\/cms\/wp-content\/uploads\/2025\/05\/vlcsnap-2025-05-07-00h11m10s451-edited-150x150.png 150w\" sizes=\"auto, (max-width: 730px) 100vw, 730px\" \/><button\n\t\t\tclass=\"lightbox-trigger\"\n\t\t\ttype=\"button\"\n\t\t\taria-haspopup=\"dialog\"\n\t\t\taria-label=\"Vergr\u00f6\u00dfern\"\n\t\t\tdata-wp-init=\"callbacks.initTriggerButton\"\n\t\t\tdata-wp-on--click=\"actions.showLightbox\"\n\t\t\tdata-wp-style--right=\"state.imageButtonRight\"\n\t\t\tdata-wp-style--top=\"state.imageButtonTop\"\n\t\t>\n\t\t\t<svg xmlns=\"http:\/\/www.w3.org\/2000\/svg\" width=\"12\" height=\"12\" fill=\"none\" viewBox=\"0 0 12 12\">\n\t\t\t\t<path fill=\"#fff\" d=\"M2 0a2 2 0 0 0-2 2v2h1.5V2a.5.5 0 0 1 .5-.5h2V0H2Zm2 10.5H2a.5.5 0 0 1-.5-.5V8H0v2a2 2 0 0 0 2 2h2v-1.5ZM8 12v-1.5h2a.5.5 0 0 0 .5-.5V8H12v2a2 2 0 0 1-2 2H8Zm2-12a2 2 0 0 1 2 2v2h-1.5V2a.5.5 0 0 0-.5-.5H8V0h2Z\" \/>\n\t\t\t<\/svg>\n\t\t<\/button><figcaption class=\"wp-element-caption\"><em>Blick der On-Board-Kamera auf den Fallschirm kurz nach dem Auswurf.<\/em><\/figcaption><\/figure>\n\n\n\n<h2 class=\"wp-block-heading\">Experimentalrakete Mimas<\/h2>\n\n\n\n<p>Faust, die Rakete aus dem Vorg\u00e4ngerprogramm <a href=\"https:\/\/er-ig.de\/cms\/stern-1\/\">STERN I<\/a>, \u00fcberlebte leider den Flug aufgrund eines Versagens des Bergungssystems nicht. Um dieses Problem mit Schwerdtlein zu vermeiden, wurden die Lasten auf dem Fallschirmseil neu berechnet. Allerdings sollte vorher der Rocketman-Fallschirm zusammen mit dem Bergungssystem erst validiert werden.<\/p>\n\n\n\n<p>Mimas war eine kleine Testrakete, mit genau diesem Zweck. Sie war in gro\u00dfen Stellen identisch zu Faust, war allerdings erheblich k\u00fcrzer, ausgestattet mit einem Aerotech-Feststoffmotor (f\u00fcr den Flug in Deutschland) und einer anderen Farbpalette (welche sehr \u00e4hnlich zur sp\u00e4ter gebauten Rakete <a href=\"https:\/\/er-ig.de\/cms\/unity\/\">Phoebe MK1<\/a> ist).<\/p>\n\n\n\n<p>Mimas flog erfolgreich im November 2019.<\/p>\n\n\n\n<h2 class=\"wp-block-heading\">HYDRA 4X<\/h2>\n\n\n\n<p><a href=\"https:\/\/er-ig.de\/cms\/hydra\/\">HYDRA 4X<\/a> war die Weiterentwicklung des w\u00e4hrend <a href=\"https:\/\/er-ig.de\/cms\/stern-1\/\">STERN I<\/a> erprobten Triebwerks <a href=\"https:\/\/er-ig.de\/cms\/hydra\/\">HYDRA 3X<\/a>.<\/p>\n\n\n\n<p>Aufgrund von Problemen mit dem Triebwerk wenige Wochen vor dem Start musste leider auf den Backup-Feststoffmotor gewechselt werden, sodass Schwerdtlein letztendlich als Feststoffrakete in Schweden startete.<\/p>\n\n\n\n<p><sub><sup>(Dieser Teil unserer Webseite ist noch unter Bearbeitung.)<\/sup><\/sub><\/p>\n\n\n\n<figure class=\"wp-block-embed is-type-video is-provider-youtube wp-block-embed-youtube wp-embed-aspect-16-9 wp-has-aspect-ratio\"><div class=\"wp-block-embed__wrapper\">\n<iframe loading=\"lazy\" title=\"ERIG STERN II - HYDRA 4X_02 Hybridraketentriebwerk Brenntest \/ Hybrid Engine Test\" width=\"500\" height=\"281\" src=\"https:\/\/www.youtube.com\/embed\/8lsI6xpeCTk?feature=oembed\" frameborder=\"0\" allow=\"accelerometer; autoplay; clipboard-write; encrypted-media; gyroscope; picture-in-picture; web-share\" referrerpolicy=\"strict-origin-when-cross-origin\" allowfullscreen><\/iframe>\n<\/div><\/figure>\n\n\n\n<h2 class=\"wp-block-heading\">Start auf Esrange<\/h2>\n\n\n\n<figure class=\"wp-block-embed is-type-video is-provider-youtube wp-block-embed-youtube wp-embed-aspect-16-9 wp-has-aspect-ratio\"><div class=\"wp-block-embed__wrapper\">\n<iframe loading=\"lazy\" title=\"ERIG STERN II - Launch in ESRANGE\" width=\"500\" height=\"281\" src=\"https:\/\/www.youtube.com\/embed\/519gF9DoNpE?feature=oembed\" frameborder=\"0\" allow=\"accelerometer; autoplay; clipboard-write; encrypted-media; gyroscope; picture-in-picture; web-share\" referrerpolicy=\"strict-origin-when-cross-origin\" allowfullscreen><\/iframe>\n<\/div><\/figure>\n","protected":false},"excerpt":{"rendered":"<p>STudentische Experimental-RaketeN II Das Kampagne Studentische Experimental-Raketen II (STERN II) ist eine Kampagne des DLR welche Vereinen erm\u00f6glicht, Experimentalraketen zu entwickeln und auf dem Startplatz Esrange in Nordschweden zu starten. Es ist der Nachfolger des Leonis I-Projekts aus dem urspr\u00fcnglichem STERN-Programm (siehe STERN 1). Die Arbeitsgruppe Experimentalraketen nahm an der Kampagne STERN II unter dem [&hellip;]<\/p>\n","protected":false},"author":6,"featured_media":0,"parent":0,"menu_order":0,"comment_status":"closed","ping_status":"closed","template":"","meta":{"footnotes":""},"class_list":["post-1736","page","type-page","status-publish","hentry"],"yoast_head":"<!-- This site is optimized with the Yoast SEO plugin v27.1.1 - https:\/\/yoast.com\/product\/yoast-seo-wordpress\/ -->\n<title>STERN 2 &#8211; ERIG e.V.<\/title>\n<meta name=\"robots\" content=\"index, follow, max-snippet:-1, max-image-preview:large, max-video-preview:-1\" \/>\n<link rel=\"canonical\" href=\"https:\/\/er-ig.de\/cms\/stern-2\/\" \/>\n<meta property=\"og:locale\" content=\"de_DE\" \/>\n<meta property=\"og:type\" content=\"article\" \/>\n<meta property=\"og:title\" content=\"STERN 2 &#8211; ERIG e.V.\" \/>\n<meta property=\"og:description\" content=\"STudentische Experimental-RaketeN II Das Kampagne Studentische Experimental-Raketen II (STERN II) ist eine Kampagne des DLR welche Vereinen erm\u00f6glicht, Experimentalraketen zu entwickeln und auf dem Startplatz Esrange in Nordschweden zu starten. Es ist der Nachfolger des Leonis I-Projekts aus dem urspr\u00fcnglichem STERN-Programm (siehe STERN 1). Die Arbeitsgruppe Experimentalraketen nahm an der Kampagne STERN II unter dem [&hellip;]\" \/>\n<meta property=\"og:url\" content=\"https:\/\/er-ig.de\/cms\/stern-2\/\" \/>\n<meta property=\"og:site_name\" content=\"ERIG e.V.\" \/>\n<meta property=\"article:modified_time\" content=\"2025-08-24T17:58:59+00:00\" \/>\n<meta property=\"og:image\" content=\"https:\/\/er-ig.de\/cms\/wp-content\/uploads\/2025\/05\/STERN-2-Patch.png\" \/>\n<meta name=\"twitter:card\" content=\"summary_large_image\" \/>\n<meta name=\"twitter:label1\" content=\"Gesch\u00e4tzte Lesezeit\" \/>\n\t<meta name=\"twitter:data1\" content=\"3\u00a0Minuten\" \/>\n<script type=\"application\/ld+json\" class=\"yoast-schema-graph\">{\"@context\":\"https:\/\/schema.org\",\"@graph\":[{\"@type\":\"WebPage\",\"@id\":\"https:\/\/er-ig.de\/cms\/stern-2\/\",\"url\":\"https:\/\/er-ig.de\/cms\/stern-2\/\",\"name\":\"STERN 2 &#8211; ERIG e.V.\",\"isPartOf\":{\"@id\":\"https:\/\/er-ig.de\/cms\/#website\"},\"primaryImageOfPage\":{\"@id\":\"https:\/\/er-ig.de\/cms\/stern-2\/#primaryimage\"},\"image\":{\"@id\":\"https:\/\/er-ig.de\/cms\/stern-2\/#primaryimage\"},\"thumbnailUrl\":\"https:\/\/er-ig.de\/cms\/wp-content\/uploads\/2025\/05\/STERN-2-Patch.png\",\"datePublished\":\"2025-05-05T14:56:11+00:00\",\"dateModified\":\"2025-08-24T17:58:59+00:00\",\"inLanguage\":\"de\",\"potentialAction\":[{\"@type\":\"ReadAction\",\"target\":[\"https:\/\/er-ig.de\/cms\/stern-2\/\"]}]},{\"@type\":\"ImageObject\",\"inLanguage\":\"de\",\"@id\":\"https:\/\/er-ig.de\/cms\/stern-2\/#primaryimage\",\"url\":\"https:\/\/er-ig.de\/cms\/wp-content\/uploads\/2025\/05\/STERN-2-Patch.png\",\"contentUrl\":\"https:\/\/er-ig.de\/cms\/wp-content\/uploads\/2025\/05\/STERN-2-Patch.png\",\"width\":2480,\"height\":2480},{\"@type\":\"WebSite\",\"@id\":\"https:\/\/er-ig.de\/cms\/#website\",\"url\":\"https:\/\/er-ig.de\/cms\/\",\"name\":\"ERIG e.V.\",\"description\":\"\",\"publisher\":{\"@id\":\"https:\/\/er-ig.de\/cms\/#organization\"},\"potentialAction\":[{\"@type\":\"SearchAction\",\"target\":{\"@type\":\"EntryPoint\",\"urlTemplate\":\"https:\/\/er-ig.de\/cms\/?s={search_term_string}\"},\"query-input\":{\"@type\":\"PropertyValueSpecification\",\"valueRequired\":true,\"valueName\":\"search_term_string\"}}],\"inLanguage\":\"de\"},{\"@type\":\"Organization\",\"@id\":\"https:\/\/er-ig.de\/cms\/#organization\",\"name\":\"ERIG e.V.\",\"url\":\"https:\/\/er-ig.de\/cms\/\",\"logo\":{\"@type\":\"ImageObject\",\"inLanguage\":\"de\",\"@id\":\"https:\/\/er-ig.de\/cms\/#\/schema\/logo\/image\/\",\"url\":\"https:\/\/er-ig.de\/cms\/wp-content\/uploads\/2023\/11\/ERIG_Farben_RGB_01.png\",\"contentUrl\":\"https:\/\/er-ig.de\/cms\/wp-content\/uploads\/2023\/11\/ERIG_Farben_RGB_01.png\",\"width\":1995,\"height\":561,\"caption\":\"ERIG e.V.\"},\"image\":{\"@id\":\"https:\/\/er-ig.de\/cms\/#\/schema\/logo\/image\/\"}}]}<\/script>\n<!-- \/ Yoast SEO plugin. -->","yoast_head_json":{"title":"STERN 2 &#8211; ERIG e.V.","robots":{"index":"index","follow":"follow","max-snippet":"max-snippet:-1","max-image-preview":"max-image-preview:large","max-video-preview":"max-video-preview:-1"},"canonical":"https:\/\/er-ig.de\/cms\/stern-2\/","og_locale":"de_DE","og_type":"article","og_title":"STERN 2 &#8211; ERIG e.V.","og_description":"STudentische Experimental-RaketeN II Das Kampagne Studentische Experimental-Raketen II (STERN II) ist eine Kampagne des DLR welche Vereinen erm\u00f6glicht, Experimentalraketen zu entwickeln und auf dem Startplatz Esrange in Nordschweden zu starten. Es ist der Nachfolger des Leonis I-Projekts aus dem urspr\u00fcnglichem STERN-Programm (siehe STERN 1). Die Arbeitsgruppe Experimentalraketen nahm an der Kampagne STERN II unter dem [&hellip;]","og_url":"https:\/\/er-ig.de\/cms\/stern-2\/","og_site_name":"ERIG e.V.","article_modified_time":"2025-08-24T17:58:59+00:00","og_image":[{"url":"https:\/\/er-ig.de\/cms\/wp-content\/uploads\/2025\/05\/STERN-2-Patch.png","type":"","width":"","height":""}],"twitter_card":"summary_large_image","twitter_misc":{"Gesch\u00e4tzte Lesezeit":"3\u00a0Minuten"},"schema":{"@context":"https:\/\/schema.org","@graph":[{"@type":"WebPage","@id":"https:\/\/er-ig.de\/cms\/stern-2\/","url":"https:\/\/er-ig.de\/cms\/stern-2\/","name":"STERN 2 &#8211; ERIG e.V.","isPartOf":{"@id":"https:\/\/er-ig.de\/cms\/#website"},"primaryImageOfPage":{"@id":"https:\/\/er-ig.de\/cms\/stern-2\/#primaryimage"},"image":{"@id":"https:\/\/er-ig.de\/cms\/stern-2\/#primaryimage"},"thumbnailUrl":"https:\/\/er-ig.de\/cms\/wp-content\/uploads\/2025\/05\/STERN-2-Patch.png","datePublished":"2025-05-05T14:56:11+00:00","dateModified":"2025-08-24T17:58:59+00:00","inLanguage":"de","potentialAction":[{"@type":"ReadAction","target":["https:\/\/er-ig.de\/cms\/stern-2\/"]}]},{"@type":"ImageObject","inLanguage":"de","@id":"https:\/\/er-ig.de\/cms\/stern-2\/#primaryimage","url":"https:\/\/er-ig.de\/cms\/wp-content\/uploads\/2025\/05\/STERN-2-Patch.png","contentUrl":"https:\/\/er-ig.de\/cms\/wp-content\/uploads\/2025\/05\/STERN-2-Patch.png","width":2480,"height":2480},{"@type":"WebSite","@id":"https:\/\/er-ig.de\/cms\/#website","url":"https:\/\/er-ig.de\/cms\/","name":"ERIG e.V.","description":"","publisher":{"@id":"https:\/\/er-ig.de\/cms\/#organization"},"potentialAction":[{"@type":"SearchAction","target":{"@type":"EntryPoint","urlTemplate":"https:\/\/er-ig.de\/cms\/?s={search_term_string}"},"query-input":{"@type":"PropertyValueSpecification","valueRequired":true,"valueName":"search_term_string"}}],"inLanguage":"de"},{"@type":"Organization","@id":"https:\/\/er-ig.de\/cms\/#organization","name":"ERIG e.V.","url":"https:\/\/er-ig.de\/cms\/","logo":{"@type":"ImageObject","inLanguage":"de","@id":"https:\/\/er-ig.de\/cms\/#\/schema\/logo\/image\/","url":"https:\/\/er-ig.de\/cms\/wp-content\/uploads\/2023\/11\/ERIG_Farben_RGB_01.png","contentUrl":"https:\/\/er-ig.de\/cms\/wp-content\/uploads\/2023\/11\/ERIG_Farben_RGB_01.png","width":1995,"height":561,"caption":"ERIG e.V."},"image":{"@id":"https:\/\/er-ig.de\/cms\/#\/schema\/logo\/image\/"}}]}},"_links":{"self":[{"href":"https:\/\/er-ig.de\/cms\/wp-json\/wp\/v2\/pages\/1736","targetHints":{"allow":["GET"]}}],"collection":[{"href":"https:\/\/er-ig.de\/cms\/wp-json\/wp\/v2\/pages"}],"about":[{"href":"https:\/\/er-ig.de\/cms\/wp-json\/wp\/v2\/types\/page"}],"author":[{"embeddable":true,"href":"https:\/\/er-ig.de\/cms\/wp-json\/wp\/v2\/users\/6"}],"replies":[{"embeddable":true,"href":"https:\/\/er-ig.de\/cms\/wp-json\/wp\/v2\/comments?post=1736"}],"version-history":[{"count":22,"href":"https:\/\/er-ig.de\/cms\/wp-json\/wp\/v2\/pages\/1736\/revisions"}],"predecessor-version":[{"id":2191,"href":"https:\/\/er-ig.de\/cms\/wp-json\/wp\/v2\/pages\/1736\/revisions\/2191"}],"wp:attachment":[{"href":"https:\/\/er-ig.de\/cms\/wp-json\/wp\/v2\/media?parent=1736"}],"curies":[{"name":"wp","href":"https:\/\/api.w.org\/{rel}","templated":true}]}}