{"id":1595,"date":"2025-03-10T00:24:58","date_gmt":"2025-03-09T23:24:58","guid":{"rendered":"https:\/\/er-ig.de\/cms\/?page_id=1595"},"modified":"2025-07-05T22:30:03","modified_gmt":"2025-07-05T20:30:03","slug":"european-rover-challenge-2025","status":"publish","type":"page","link":"https:\/\/er-ig.de\/cms\/european-rover-challenge-2025\/","title":{"rendered":"European Rover Challenge 2025"},"content":{"rendered":"\n<figure data-wp-context=\"{&quot;imageId&quot;:&quot;69d66954b011f&quot;}\" data-wp-interactive=\"core\/image\" data-wp-key=\"69d66954b011f\" class=\"wp-block-image alignleft size-full is-resized wp-lightbox-container\"><img loading=\"lazy\" decoding=\"async\" width=\"2000\" height=\"1902\" data-wp-class--hide=\"state.isContentHidden\" data-wp-class--show=\"state.isContentVisible\" data-wp-init=\"callbacks.setButtonStyles\" data-wp-on--click=\"actions.showLightbox\" data-wp-on--load=\"callbacks.setButtonStyles\" data-wp-on-window--resize=\"callbacks.setButtonStyles\" src=\"https:\/\/er-ig.de\/cms\/wp-content\/uploads\/2025\/03\/KERBEROS_Patch.png\" alt=\"\" class=\"wp-image-1600\" style=\"width:311px;height:auto\" srcset=\"https:\/\/er-ig.de\/cms\/wp-content\/uploads\/2025\/03\/KERBEROS_Patch.png 2000w, https:\/\/er-ig.de\/cms\/wp-content\/uploads\/2025\/03\/KERBEROS_Patch-300x285.png 300w, https:\/\/er-ig.de\/cms\/wp-content\/uploads\/2025\/03\/KERBEROS_Patch-1024x974.png 1024w, https:\/\/er-ig.de\/cms\/wp-content\/uploads\/2025\/03\/KERBEROS_Patch-768x730.png 768w, https:\/\/er-ig.de\/cms\/wp-content\/uploads\/2025\/03\/KERBEROS_Patch-1536x1461.png 1536w\" sizes=\"auto, (max-width: 2000px) 100vw, 2000px\" \/><button\n\t\t\tclass=\"lightbox-trigger\"\n\t\t\ttype=\"button\"\n\t\t\taria-haspopup=\"dialog\"\n\t\t\taria-label=\"Vergr\u00f6\u00dfern\"\n\t\t\tdata-wp-init=\"callbacks.initTriggerButton\"\n\t\t\tdata-wp-on--click=\"actions.showLightbox\"\n\t\t\tdata-wp-style--right=\"state.imageButtonRight\"\n\t\t\tdata-wp-style--top=\"state.imageButtonTop\"\n\t\t>\n\t\t\t<svg xmlns=\"http:\/\/www.w3.org\/2000\/svg\" width=\"12\" height=\"12\" fill=\"none\" viewBox=\"0 0 12 12\">\n\t\t\t\t<path fill=\"#fff\" d=\"M2 0a2 2 0 0 0-2 2v2h1.5V2a.5.5 0 0 1 .5-.5h2V0H2Zm2 10.5H2a.5.5 0 0 1-.5-.5V8H0v2a2 2 0 0 0 2 2h2v-1.5ZM8 12v-1.5h2a.5.5 0 0 0 .5-.5V8H12v2a2 2 0 0 1-2 2H8Zm2-12a2 2 0 0 1 2 2v2h-1.5V2a.5.5 0 0 0-.5-.5H8V0h2Z\" \/>\n\t\t\t<\/svg>\n\t\t<\/button><figcaption class=\"wp-element-caption\"><em>Missionspatch von KERBEROS<\/em><\/figcaption><\/figure>\n\n\n\n<div class=\"wp-block-group is-nowrap is-layout-flex wp-container-core-group-is-layout-6c531013 wp-block-group-is-layout-flex\">\n<p><strong>UPDATE: 2025 werden wir nicht an der European Rover Challenge teilnehmen und uns stattdessen auf die Veranstaltungen im n\u00e4chsten Jahr fokussieren. Damit m\u00f6chten wir uns mehr Zeit geben, unser neues System KERBEROS fertigzustellen.<\/strong><\/p>\n\n\n\n<i class=\"fa-solid fa-info-circle fa-3x\"><\/i>\n<\/div>\n\n\n\n<p>Wie auch in den Jahren zuvor, wird die ERIG sich auch 2025 wieder f\u00fcr die Teilnahme an der <a href=\"https:\/\/roverchallenge.eu\/\">European Rover Challenge (ERC)<\/a> registrieren. Allerdings hat der bisher entwickelte Mars-Rover-Demonstrator ORTHOS ausgedient &#8211; an seine Stelle tritt nun, finanziert aus Mitteln der Carolo-Wilhelmina-Stiftung, der neue Rover KERBEROS. So wie ORTHOS besitzt auch KERBEROS ein Rocker-Bogie-Fahrwerk mit sechs R\u00e4dern. Anders als bei seinem Vorg\u00e4nger wird dieses jedoch aus Carbonrohren gefertigt und ist somit wesentlich leichter. Auch das gesamte Chassis wurde neu konstruiert und besteht beim neuen Rover aus Aluprofilen, in die eine wassergesch\u00fctzte Elektronikbox integriert wird.<\/p>\n\n\n\n<p>Obwohl KERBEROS ein g\u00e4nzlich neuer Rover ist, werden einige Subsysteme und Elemente von ORTHOS \u00fcbernommen. So wird beispielsweise die bereits ERC-erprobte Science Payload, mit der Hinweise auf Leben auf der k\u00fcnstlichen Marsoberfl\u00e4che des Wettbewerbs nachgewiesen werden k\u00f6nnen, erneut auf KERBEROS zum Einsatz kommen. Und auch der robotische Arm wird, ausgestattet mit einem neu konstruierten Endeffektor, ein weiteres Mal sein K\u00f6nnen beweisen.<\/p>\n\n\n\n<figure data-wp-context=\"{&quot;imageId&quot;:&quot;69d66954b0ce9&quot;}\" data-wp-interactive=\"core\/image\" data-wp-key=\"69d66954b0ce9\" class=\"wp-block-image alignright size-full is-resized has-custom-border wp-lightbox-container\"><img loading=\"lazy\" decoding=\"async\" width=\"2560\" height=\"1707\" data-wp-class--hide=\"state.isContentHidden\" data-wp-class--show=\"state.isContentVisible\" data-wp-init=\"callbacks.setButtonStyles\" data-wp-on--click=\"actions.showLightbox\" data-wp-on--load=\"callbacks.setButtonStyles\" data-wp-on-window--resize=\"callbacks.setButtonStyles\" src=\"https:\/\/er-ig.de\/cms\/wp-content\/uploads\/2025\/03\/Drone-scaled.jpg\" alt=\"\" class=\"wp-image-1615\" style=\"border-radius:10px;width:453px;height:auto\" srcset=\"https:\/\/er-ig.de\/cms\/wp-content\/uploads\/2025\/03\/Drone-scaled.jpg 2560w, https:\/\/er-ig.de\/cms\/wp-content\/uploads\/2025\/03\/Drone-300x200.jpg 300w, https:\/\/er-ig.de\/cms\/wp-content\/uploads\/2025\/03\/Drone-1024x683.jpg 1024w, https:\/\/er-ig.de\/cms\/wp-content\/uploads\/2025\/03\/Drone-768x512.jpg 768w, https:\/\/er-ig.de\/cms\/wp-content\/uploads\/2025\/03\/Drone-1536x1024.jpg 1536w, https:\/\/er-ig.de\/cms\/wp-content\/uploads\/2025\/03\/Drone-2048x1365.jpg 2048w\" sizes=\"auto, (max-width: 2560px) 100vw, 2560px\" \/><button\n\t\t\tclass=\"lightbox-trigger\"\n\t\t\ttype=\"button\"\n\t\t\taria-haspopup=\"dialog\"\n\t\t\taria-label=\"Vergr\u00f6\u00dfern\"\n\t\t\tdata-wp-init=\"callbacks.initTriggerButton\"\n\t\t\tdata-wp-on--click=\"actions.showLightbox\"\n\t\t\tdata-wp-style--right=\"state.imageButtonRight\"\n\t\t\tdata-wp-style--top=\"state.imageButtonTop\"\n\t\t>\n\t\t\t<svg xmlns=\"http:\/\/www.w3.org\/2000\/svg\" width=\"12\" height=\"12\" fill=\"none\" viewBox=\"0 0 12 12\">\n\t\t\t\t<path fill=\"#fff\" d=\"M2 0a2 2 0 0 0-2 2v2h1.5V2a.5.5 0 0 1 .5-.5h2V0H2Zm2 10.5H2a.5.5 0 0 1-.5-.5V8H0v2a2 2 0 0 0 2 2h2v-1.5ZM8 12v-1.5h2a.5.5 0 0 0 .5-.5V8H12v2a2 2 0 0 1-2 2H8Zm2-12a2 2 0 0 1 2 2v2h-1.5V2a.5.5 0 0 0-.5-.5H8V0h2Z\" \/>\n\t\t\t<\/svg>\n\t\t<\/button><figcaption class=\"wp-element-caption\"><em>Die Drohne der AKAMAV f\u00fcr den ERC 2024 <\/em><\/figcaption><\/figure>\n\n\n\n<h2 class=\"wp-block-heading\">Kooperation mit AKAMAV<\/h2>\n\n\n\n<p>Wie schon im letzten Jahr, kooperiert die ERIG f\u00fcr den Drone Task wieder mit der Braunschweiger Studierendeninitiative <a href=\"https:\/\/akamav.de\/\" data-type=\"link\" data-id=\"https:\/\/akamav.de\/\">AKAMAV<\/a>, die sich auf den Bau unbemannter Micro Aerial Vehicle&nbsp;(MAV) spezialisiert hat. Das Team von AKAMAV hat bereits mehrfach und sehr erfolgreich bei der <em><a href=\"https:\/\/www.imavs.org\/\" data-type=\"link\" data-id=\"https:\/\/www.imavs.org\/\">International Micro Air Vehicle Conference and Competition (IMAV)<\/a><\/em> teilgenommen.<\/p>\n\n\n\n<figure data-wp-context=\"{&quot;imageId&quot;:&quot;69d66954b10b2&quot;}\" data-wp-interactive=\"core\/image\" data-wp-key=\"69d66954b10b2\" class=\"wp-block-image alignleft size-full is-resized has-custom-border wp-lightbox-container\"><img loading=\"lazy\" decoding=\"async\" width=\"1080\" height=\"1080\" data-wp-class--hide=\"state.isContentHidden\" data-wp-class--show=\"state.isContentVisible\" data-wp-init=\"callbacks.setButtonStyles\" data-wp-on--click=\"actions.showLightbox\" data-wp-on--load=\"callbacks.setButtonStyles\" data-wp-on-window--resize=\"callbacks.setButtonStyles\" src=\"https:\/\/er-ig.de\/cms\/wp-content\/uploads\/2025\/03\/1732690949912.jpeg\" alt=\"\" class=\"wp-image-1606\" style=\"border-radius:10px;width:240px;height:auto\" srcset=\"https:\/\/er-ig.de\/cms\/wp-content\/uploads\/2025\/03\/1732690949912.jpeg 1080w, https:\/\/er-ig.de\/cms\/wp-content\/uploads\/2025\/03\/1732690949912-300x300.jpeg 300w, https:\/\/er-ig.de\/cms\/wp-content\/uploads\/2025\/03\/1732690949912-1024x1024.jpeg 1024w, https:\/\/er-ig.de\/cms\/wp-content\/uploads\/2025\/03\/1732690949912-150x150.jpeg 150w, https:\/\/er-ig.de\/cms\/wp-content\/uploads\/2025\/03\/1732690949912-768x768.jpeg 768w\" sizes=\"auto, (max-width: 1080px) 100vw, 1080px\" \/><button\n\t\t\tclass=\"lightbox-trigger\"\n\t\t\ttype=\"button\"\n\t\t\taria-haspopup=\"dialog\"\n\t\t\taria-label=\"Vergr\u00f6\u00dfern\"\n\t\t\tdata-wp-init=\"callbacks.initTriggerButton\"\n\t\t\tdata-wp-on--click=\"actions.showLightbox\"\n\t\t\tdata-wp-style--right=\"state.imageButtonRight\"\n\t\t\tdata-wp-style--top=\"state.imageButtonTop\"\n\t\t>\n\t\t\t<svg xmlns=\"http:\/\/www.w3.org\/2000\/svg\" width=\"12\" height=\"12\" fill=\"none\" viewBox=\"0 0 12 12\">\n\t\t\t\t<path fill=\"#fff\" d=\"M2 0a2 2 0 0 0-2 2v2h1.5V2a.5.5 0 0 1 .5-.5h2V0H2Zm2 10.5H2a.5.5 0 0 1-.5-.5V8H0v2a2 2 0 0 0 2 2h2v-1.5ZM8 12v-1.5h2a.5.5 0 0 0 .5-.5V8H12v2a2 2 0 0 1-2 2H8Zm2-12a2 2 0 0 1 2 2v2h-1.5V2a.5.5 0 0 0-.5-.5H8V0h2Z\" \/>\n\t\t\t<\/svg>\n\t\t<\/button><figcaption class=\"wp-element-caption\"><em>Mitglieder von TUC Drillbotics<strong>\u00ae<\/strong> auf der Space Tech Expo 2024<\/em> Bild: TUC Drillbotics<strong>\u00ae<\/strong> <\/figcaption><\/figure>\n\n\n\n<h2 class=\"wp-block-heading\">Kooperation mit TUC Drillbotics<strong>\u00ae<\/strong><\/h2>\n\n\n\n<p>Neu ist die Kooperation mit dem Team von <a href=\"https:\/\/www.drillbotics.tu-clausthal.de\/\" data-type=\"link\" data-id=\"https:\/\/www.drillbotics.tu-clausthal.de\/\">TUC Drillbotics<strong>\u00ae<\/strong><\/a> der TU Clausthal, die f\u00fcr das Deep Sampling Device, also den Bohrer von KERBEROS, verantwortlich sind. TUC Drillbotics<strong>\u00ae<\/strong> ist ein interdisziplin\u00e4res Team von Studierenden, das seit 2016 an dem internationalen Wettbewerb <a href=\"https:\/\/drillbotics.com\/\">Drillbotics<strong>\u00ae<\/strong><\/a> teilnimmt und sich mit Themen wie dem Richtbohren, Automatisierung, <em>Drilling and Wells Interoperability Standards (DWIS)<\/em> und Bohrlochinstrumentierung besch\u00e4ftigt. Das Team hat bereits zweimal den ersten Platz bei Drillbotics<strong>\u00ae<\/strong> gewonnen. <\/p>\n\n\n\n<h2 class=\"wp-block-heading\" style=\"font-style:normal;font-weight:300\">ARGO (<strong>A<\/strong>dvanced <strong>R<\/strong>over <strong>G<\/strong>uidance <strong>O<\/strong>utpost)<\/h2>\n\n\n\n<figure data-wp-context=\"{&quot;imageId&quot;:&quot;69d66954b1446&quot;}\" data-wp-interactive=\"core\/image\" data-wp-key=\"69d66954b1446\" class=\"wp-block-image alignleft size-full is-resized wp-lightbox-container\"><img loading=\"lazy\" decoding=\"async\" width=\"2000\" height=\"1902\" data-wp-class--hide=\"state.isContentHidden\" data-wp-class--show=\"state.isContentVisible\" data-wp-init=\"callbacks.setButtonStyles\" data-wp-on--click=\"actions.showLightbox\" data-wp-on--load=\"callbacks.setButtonStyles\" data-wp-on-window--resize=\"callbacks.setButtonStyles\" src=\"https:\/\/er-ig.de\/cms\/wp-content\/uploads\/2025\/03\/ARGO_Patch-1.png\" alt=\"\" class=\"wp-image-1623\" style=\"width:302px;height:auto\" srcset=\"https:\/\/er-ig.de\/cms\/wp-content\/uploads\/2025\/03\/ARGO_Patch-1.png 2000w, https:\/\/er-ig.de\/cms\/wp-content\/uploads\/2025\/03\/ARGO_Patch-1-300x285.png 300w, https:\/\/er-ig.de\/cms\/wp-content\/uploads\/2025\/03\/ARGO_Patch-1-1024x974.png 1024w, https:\/\/er-ig.de\/cms\/wp-content\/uploads\/2025\/03\/ARGO_Patch-1-768x730.png 768w, https:\/\/er-ig.de\/cms\/wp-content\/uploads\/2025\/03\/ARGO_Patch-1-1536x1461.png 1536w\" sizes=\"auto, (max-width: 2000px) 100vw, 2000px\" \/><button\n\t\t\tclass=\"lightbox-trigger\"\n\t\t\ttype=\"button\"\n\t\t\taria-haspopup=\"dialog\"\n\t\t\taria-label=\"Vergr\u00f6\u00dfern\"\n\t\t\tdata-wp-init=\"callbacks.initTriggerButton\"\n\t\t\tdata-wp-on--click=\"actions.showLightbox\"\n\t\t\tdata-wp-style--right=\"state.imageButtonRight\"\n\t\t\tdata-wp-style--top=\"state.imageButtonTop\"\n\t\t>\n\t\t\t<svg xmlns=\"http:\/\/www.w3.org\/2000\/svg\" width=\"12\" height=\"12\" fill=\"none\" viewBox=\"0 0 12 12\">\n\t\t\t\t<path fill=\"#fff\" d=\"M2 0a2 2 0 0 0-2 2v2h1.5V2a.5.5 0 0 1 .5-.5h2V0H2Zm2 10.5H2a.5.5 0 0 1-.5-.5V8H0v2a2 2 0 0 0 2 2h2v-1.5ZM8 12v-1.5h2a.5.5 0 0 0 .5-.5V8H12v2a2 2 0 0 1-2 2H8Zm2-12a2 2 0 0 1 2 2v2h-1.5V2a.5.5 0 0 0-.5-.5H8V0h2Z\" \/>\n\t\t\t<\/svg>\n\t\t<\/button><figcaption class=\"wp-element-caption\"><em>Missionspatch von ARGO<\/em><\/figcaption><\/figure>\n\n\n\n<p>Neu in diesem Jahr ist auch die integrierte Groundstation <em>ARGO (Advanced Rover Guidance Outpost)<\/em>, die neben einem PC samt vier Bildschirmen und allerhand Konnektivit\u00e4t (LAN, HDMI, USB, etc.) auch eine unterbrechungsfreie Stromversorgung (USV) beinhaltet. Die neue Groundstation kann voll aufgebaut zu den Tasks der ERC gebracht werden und spart so wertvolle Zeit beim Aufbau. Dabei kann der obere Teil der Station f\u00fcr den Transport heruntergeklappt werden, sodass ARGO sicher und einfach transportiert werden kann. Dank der integrierten Antennenhalterung ist die Station bequem mit KERBEROS verbunden werden.<\/p>\n\n\n\n<figure data-wp-context=\"{&quot;imageId&quot;:&quot;69d66954b1775&quot;}\" data-wp-interactive=\"core\/image\" data-wp-key=\"69d66954b1775\" class=\"wp-block-image alignright size-full is-resized has-custom-border wp-lightbox-container\"><img loading=\"lazy\" decoding=\"async\" width=\"1434\" height=\"1075\" data-wp-class--hide=\"state.isContentHidden\" data-wp-class--show=\"state.isContentVisible\" data-wp-init=\"callbacks.setButtonStyles\" data-wp-on--click=\"actions.showLightbox\" data-wp-on--load=\"callbacks.setButtonStyles\" data-wp-on-window--resize=\"callbacks.setButtonStyles\" src=\"https:\/\/er-ig.de\/cms\/wp-content\/uploads\/2025\/03\/ARGO_proposal.png\" alt=\"\" class=\"wp-image-1621\" style=\"border-radius:10px;width:448px;height:auto\" srcset=\"https:\/\/er-ig.de\/cms\/wp-content\/uploads\/2025\/03\/ARGO_proposal.png 1434w, https:\/\/er-ig.de\/cms\/wp-content\/uploads\/2025\/03\/ARGO_proposal-300x225.png 300w, https:\/\/er-ig.de\/cms\/wp-content\/uploads\/2025\/03\/ARGO_proposal-1024x768.png 1024w, https:\/\/er-ig.de\/cms\/wp-content\/uploads\/2025\/03\/ARGO_proposal-768x576.png 768w\" sizes=\"auto, (max-width: 1434px) 100vw, 1434px\" \/><button\n\t\t\tclass=\"lightbox-trigger\"\n\t\t\ttype=\"button\"\n\t\t\taria-haspopup=\"dialog\"\n\t\t\taria-label=\"Vergr\u00f6\u00dfern\"\n\t\t\tdata-wp-init=\"callbacks.initTriggerButton\"\n\t\t\tdata-wp-on--click=\"actions.showLightbox\"\n\t\t\tdata-wp-style--right=\"state.imageButtonRight\"\n\t\t\tdata-wp-style--top=\"state.imageButtonTop\"\n\t\t>\n\t\t\t<svg xmlns=\"http:\/\/www.w3.org\/2000\/svg\" width=\"12\" height=\"12\" fill=\"none\" viewBox=\"0 0 12 12\">\n\t\t\t\t<path fill=\"#fff\" d=\"M2 0a2 2 0 0 0-2 2v2h1.5V2a.5.5 0 0 1 .5-.5h2V0H2Zm2 10.5H2a.5.5 0 0 1-.5-.5V8H0v2a2 2 0 0 0 2 2h2v-1.5ZM8 12v-1.5h2a.5.5 0 0 0 .5-.5V8H12v2a2 2 0 0 1-2 2H8Zm2-12a2 2 0 0 1 2 2v2h-1.5V2a.5.5 0 0 0-.5-.5H8V0h2Z\" \/>\n\t\t\t<\/svg>\n\t\t<\/button><figcaption class=\"wp-element-caption\"><em>CAD-Rendering der neuen integrierten Groundstation ARGO<\/em><\/figcaption><\/figure>\n\n\n\n<p>Um die Arbeit an ARGO w\u00e4hrend der Tasks und in der Teamzone so angenehm wie m\u00f6glich zu gestalten, verf\u00fcgt sie \u00fcber eine integrierte Beleuchtung des Arbeitsplatzes, des Fu\u00dfraums, sowie der Aufbewahrungsf\u00e4cher. Zudem sind eine leistungsstarke Musikanlage samt Subwoofer, ein K\u00fchlschrank und eine musikgesteuerte Unterbodenbeleuchtung enthalten. <\/p>\n","protected":false},"excerpt":{"rendered":"<p>UPDATE: 2025 werden wir nicht an der European Rover Challenge teilnehmen und uns stattdessen auf die Veranstaltungen im n\u00e4chsten Jahr fokussieren. Damit m\u00f6chten wir uns mehr Zeit geben, unser neues System KERBEROS fertigzustellen. Wie auch in den Jahren zuvor, wird die ERIG sich auch 2025 wieder f\u00fcr die Teilnahme an der European Rover Challenge (ERC) [&hellip;]<\/p>\n","protected":false},"author":1,"featured_media":0,"parent":0,"menu_order":0,"comment_status":"closed","ping_status":"closed","template":"","meta":{"footnotes":""},"class_list":["post-1595","page","type-page","status-publish","hentry"],"yoast_head":"<!-- This site is optimized with the Yoast SEO plugin v27.1.1 - https:\/\/yoast.com\/product\/yoast-seo-wordpress\/ -->\n<title>European Rover Challenge 2025 &#8211; ERIG e.V.<\/title>\n<meta name=\"robots\" content=\"index, follow, max-snippet:-1, max-image-preview:large, max-video-preview:-1\" \/>\n<link rel=\"canonical\" href=\"https:\/\/er-ig.de\/cms\/european-rover-challenge-2025\/\" \/>\n<meta property=\"og:locale\" content=\"de_DE\" \/>\n<meta property=\"og:type\" content=\"article\" \/>\n<meta property=\"og:title\" content=\"European Rover Challenge 2025 &#8211; ERIG e.V.\" \/>\n<meta property=\"og:description\" content=\"UPDATE: 2025 werden wir nicht an der European Rover Challenge teilnehmen und uns stattdessen auf die Veranstaltungen im n\u00e4chsten Jahr fokussieren. Damit m\u00f6chten wir uns mehr Zeit geben, unser neues System KERBEROS fertigzustellen. Wie auch in den Jahren zuvor, wird die ERIG sich auch 2025 wieder f\u00fcr die Teilnahme an der European Rover Challenge (ERC) [&hellip;]\" \/>\n<meta property=\"og:url\" content=\"https:\/\/er-ig.de\/cms\/european-rover-challenge-2025\/\" \/>\n<meta property=\"og:site_name\" content=\"ERIG e.V.\" \/>\n<meta property=\"article:modified_time\" content=\"2025-07-05T20:30:03+00:00\" \/>\n<meta property=\"og:image\" content=\"https:\/\/er-ig.de\/cms\/wp-content\/uploads\/2025\/03\/KERBEROS_Patch.png\" \/>\n<meta name=\"twitter:card\" content=\"summary_large_image\" \/>\n<meta name=\"twitter:label1\" content=\"Gesch\u00e4tzte Lesezeit\" \/>\n\t<meta name=\"twitter:data1\" content=\"4\u00a0Minuten\" \/>\n<script type=\"application\/ld+json\" class=\"yoast-schema-graph\">{\"@context\":\"https:\/\/schema.org\",\"@graph\":[{\"@type\":\"WebPage\",\"@id\":\"https:\/\/er-ig.de\/cms\/european-rover-challenge-2025\/\",\"url\":\"https:\/\/er-ig.de\/cms\/european-rover-challenge-2025\/\",\"name\":\"European Rover Challenge 2025 &#8211; ERIG e.V.\",\"isPartOf\":{\"@id\":\"https:\/\/er-ig.de\/cms\/#website\"},\"primaryImageOfPage\":{\"@id\":\"https:\/\/er-ig.de\/cms\/european-rover-challenge-2025\/#primaryimage\"},\"image\":{\"@id\":\"https:\/\/er-ig.de\/cms\/european-rover-challenge-2025\/#primaryimage\"},\"thumbnailUrl\":\"https:\/\/er-ig.de\/cms\/wp-content\/uploads\/2025\/03\/KERBEROS_Patch.png\",\"datePublished\":\"2025-03-09T23:24:58+00:00\",\"dateModified\":\"2025-07-05T20:30:03+00:00\",\"inLanguage\":\"de\",\"potentialAction\":[{\"@type\":\"ReadAction\",\"target\":[\"https:\/\/er-ig.de\/cms\/european-rover-challenge-2025\/\"]}]},{\"@type\":\"ImageObject\",\"inLanguage\":\"de\",\"@id\":\"https:\/\/er-ig.de\/cms\/european-rover-challenge-2025\/#primaryimage\",\"url\":\"https:\/\/er-ig.de\/cms\/wp-content\/uploads\/2025\/03\/KERBEROS_Patch.png\",\"contentUrl\":\"https:\/\/er-ig.de\/cms\/wp-content\/uploads\/2025\/03\/KERBEROS_Patch.png\",\"width\":2000,\"height\":1902},{\"@type\":\"WebSite\",\"@id\":\"https:\/\/er-ig.de\/cms\/#website\",\"url\":\"https:\/\/er-ig.de\/cms\/\",\"name\":\"ERIG e.V.\",\"description\":\"\",\"publisher\":{\"@id\":\"https:\/\/er-ig.de\/cms\/#organization\"},\"potentialAction\":[{\"@type\":\"SearchAction\",\"target\":{\"@type\":\"EntryPoint\",\"urlTemplate\":\"https:\/\/er-ig.de\/cms\/?s={search_term_string}\"},\"query-input\":{\"@type\":\"PropertyValueSpecification\",\"valueRequired\":true,\"valueName\":\"search_term_string\"}}],\"inLanguage\":\"de\"},{\"@type\":\"Organization\",\"@id\":\"https:\/\/er-ig.de\/cms\/#organization\",\"name\":\"ERIG e.V.\",\"url\":\"https:\/\/er-ig.de\/cms\/\",\"logo\":{\"@type\":\"ImageObject\",\"inLanguage\":\"de\",\"@id\":\"https:\/\/er-ig.de\/cms\/#\/schema\/logo\/image\/\",\"url\":\"https:\/\/er-ig.de\/cms\/wp-content\/uploads\/2023\/11\/ERIG_Farben_RGB_01.png\",\"contentUrl\":\"https:\/\/er-ig.de\/cms\/wp-content\/uploads\/2023\/11\/ERIG_Farben_RGB_01.png\",\"width\":1995,\"height\":561,\"caption\":\"ERIG e.V.\"},\"image\":{\"@id\":\"https:\/\/er-ig.de\/cms\/#\/schema\/logo\/image\/\"}}]}<\/script>\n<!-- \/ Yoast SEO plugin. -->","yoast_head_json":{"title":"European Rover Challenge 2025 &#8211; ERIG e.V.","robots":{"index":"index","follow":"follow","max-snippet":"max-snippet:-1","max-image-preview":"max-image-preview:large","max-video-preview":"max-video-preview:-1"},"canonical":"https:\/\/er-ig.de\/cms\/european-rover-challenge-2025\/","og_locale":"de_DE","og_type":"article","og_title":"European Rover Challenge 2025 &#8211; ERIG e.V.","og_description":"UPDATE: 2025 werden wir nicht an der European Rover Challenge teilnehmen und uns stattdessen auf die Veranstaltungen im n\u00e4chsten Jahr fokussieren. Damit m\u00f6chten wir uns mehr Zeit geben, unser neues System KERBEROS fertigzustellen. Wie auch in den Jahren zuvor, wird die ERIG sich auch 2025 wieder f\u00fcr die Teilnahme an der European Rover Challenge (ERC) [&hellip;]","og_url":"https:\/\/er-ig.de\/cms\/european-rover-challenge-2025\/","og_site_name":"ERIG e.V.","article_modified_time":"2025-07-05T20:30:03+00:00","og_image":[{"url":"https:\/\/er-ig.de\/cms\/wp-content\/uploads\/2025\/03\/KERBEROS_Patch.png","type":"","width":"","height":""}],"twitter_card":"summary_large_image","twitter_misc":{"Gesch\u00e4tzte Lesezeit":"4\u00a0Minuten"},"schema":{"@context":"https:\/\/schema.org","@graph":[{"@type":"WebPage","@id":"https:\/\/er-ig.de\/cms\/european-rover-challenge-2025\/","url":"https:\/\/er-ig.de\/cms\/european-rover-challenge-2025\/","name":"European Rover Challenge 2025 &#8211; ERIG e.V.","isPartOf":{"@id":"https:\/\/er-ig.de\/cms\/#website"},"primaryImageOfPage":{"@id":"https:\/\/er-ig.de\/cms\/european-rover-challenge-2025\/#primaryimage"},"image":{"@id":"https:\/\/er-ig.de\/cms\/european-rover-challenge-2025\/#primaryimage"},"thumbnailUrl":"https:\/\/er-ig.de\/cms\/wp-content\/uploads\/2025\/03\/KERBEROS_Patch.png","datePublished":"2025-03-09T23:24:58+00:00","dateModified":"2025-07-05T20:30:03+00:00","inLanguage":"de","potentialAction":[{"@type":"ReadAction","target":["https:\/\/er-ig.de\/cms\/european-rover-challenge-2025\/"]}]},{"@type":"ImageObject","inLanguage":"de","@id":"https:\/\/er-ig.de\/cms\/european-rover-challenge-2025\/#primaryimage","url":"https:\/\/er-ig.de\/cms\/wp-content\/uploads\/2025\/03\/KERBEROS_Patch.png","contentUrl":"https:\/\/er-ig.de\/cms\/wp-content\/uploads\/2025\/03\/KERBEROS_Patch.png","width":2000,"height":1902},{"@type":"WebSite","@id":"https:\/\/er-ig.de\/cms\/#website","url":"https:\/\/er-ig.de\/cms\/","name":"ERIG e.V.","description":"","publisher":{"@id":"https:\/\/er-ig.de\/cms\/#organization"},"potentialAction":[{"@type":"SearchAction","target":{"@type":"EntryPoint","urlTemplate":"https:\/\/er-ig.de\/cms\/?s={search_term_string}"},"query-input":{"@type":"PropertyValueSpecification","valueRequired":true,"valueName":"search_term_string"}}],"inLanguage":"de"},{"@type":"Organization","@id":"https:\/\/er-ig.de\/cms\/#organization","name":"ERIG e.V.","url":"https:\/\/er-ig.de\/cms\/","logo":{"@type":"ImageObject","inLanguage":"de","@id":"https:\/\/er-ig.de\/cms\/#\/schema\/logo\/image\/","url":"https:\/\/er-ig.de\/cms\/wp-content\/uploads\/2023\/11\/ERIG_Farben_RGB_01.png","contentUrl":"https:\/\/er-ig.de\/cms\/wp-content\/uploads\/2023\/11\/ERIG_Farben_RGB_01.png","width":1995,"height":561,"caption":"ERIG e.V."},"image":{"@id":"https:\/\/er-ig.de\/cms\/#\/schema\/logo\/image\/"}}]}},"_links":{"self":[{"href":"https:\/\/er-ig.de\/cms\/wp-json\/wp\/v2\/pages\/1595","targetHints":{"allow":["GET"]}}],"collection":[{"href":"https:\/\/er-ig.de\/cms\/wp-json\/wp\/v2\/pages"}],"about":[{"href":"https:\/\/er-ig.de\/cms\/wp-json\/wp\/v2\/types\/page"}],"author":[{"embeddable":true,"href":"https:\/\/er-ig.de\/cms\/wp-json\/wp\/v2\/users\/1"}],"replies":[{"embeddable":true,"href":"https:\/\/er-ig.de\/cms\/wp-json\/wp\/v2\/comments?post=1595"}],"version-history":[{"count":31,"href":"https:\/\/er-ig.de\/cms\/wp-json\/wp\/v2\/pages\/1595\/revisions"}],"predecessor-version":[{"id":2143,"href":"https:\/\/er-ig.de\/cms\/wp-json\/wp\/v2\/pages\/1595\/revisions\/2143"}],"wp:attachment":[{"href":"https:\/\/er-ig.de\/cms\/wp-json\/wp\/v2\/media?parent=1595"}],"curies":[{"name":"wp","href":"https:\/\/api.w.org\/{rel}","templated":true}]}}