{"id":1574,"date":"2025-02-07T10:23:19","date_gmt":"2025-02-07T09:23:19","guid":{"rendered":"https:\/\/er-ig.de\/cms\/?page_id=1574"},"modified":"2026-03-17T14:22:00","modified_gmt":"2026-03-17T13:22:00","slug":"martini","status":"publish","type":"page","link":"https:\/\/er-ig.de\/cms\/martini\/","title":{"rendered":"MARTINI"},"content":{"rendered":"\n<h2 class=\"wp-block-heading\" style=\"font-style:normal;font-weight:300\"><strong>M<\/strong>aterial <strong>A<\/strong>nalysis of <strong>R<\/strong>esin <strong>T<\/strong>esting <strong>i<\/strong>n <strong>N<\/strong>ull-Gravity <strong>I<\/strong>nteractions<\/h2>\n\n\n\n<figure data-wp-context=\"{&quot;imageId&quot;:&quot;69d67caaccb3f&quot;}\" data-wp-interactive=\"core\/image\" data-wp-key=\"69d67caaccb3f\" class=\"wp-block-image alignleft size-full is-resized wp-lightbox-container\"><img loading=\"lazy\" decoding=\"async\" width=\"1966\" height=\"1989\" data-wp-class--hide=\"state.isContentHidden\" data-wp-class--show=\"state.isContentVisible\" data-wp-init=\"callbacks.setButtonStyles\" data-wp-on--click=\"actions.showLightbox\" data-wp-on--load=\"callbacks.setButtonStyles\" data-wp-on-window--resize=\"callbacks.setButtonStyles\" src=\"https:\/\/er-ig.de\/cms\/wp-content\/uploads\/2025\/05\/Patch_martini_C.png\" alt=\"\" class=\"wp-image-2151\" style=\"width:347px;height:auto\" srcset=\"https:\/\/er-ig.de\/cms\/wp-content\/uploads\/2025\/05\/Patch_martini_C.png 1966w, https:\/\/er-ig.de\/cms\/wp-content\/uploads\/2025\/05\/Patch_martini_C-297x300.png 297w, https:\/\/er-ig.de\/cms\/wp-content\/uploads\/2025\/05\/Patch_martini_C-1012x1024.png 1012w, https:\/\/er-ig.de\/cms\/wp-content\/uploads\/2025\/05\/Patch_martini_C-768x777.png 768w, https:\/\/er-ig.de\/cms\/wp-content\/uploads\/2025\/05\/Patch_martini_C-1518x1536.png 1518w\" sizes=\"auto, (max-width: 1966px) 100vw, 1966px\" \/><button\n\t\t\tclass=\"lightbox-trigger\"\n\t\t\ttype=\"button\"\n\t\t\taria-haspopup=\"dialog\"\n\t\t\taria-label=\"Vergr\u00f6\u00dfern\"\n\t\t\tdata-wp-init=\"callbacks.initTriggerButton\"\n\t\t\tdata-wp-on--click=\"actions.showLightbox\"\n\t\t\tdata-wp-style--right=\"state.imageButtonRight\"\n\t\t\tdata-wp-style--top=\"state.imageButtonTop\"\n\t\t>\n\t\t\t<svg xmlns=\"http:\/\/www.w3.org\/2000\/svg\" width=\"12\" height=\"12\" fill=\"none\" viewBox=\"0 0 12 12\">\n\t\t\t\t<path fill=\"#fff\" d=\"M2 0a2 2 0 0 0-2 2v2h1.5V2a.5.5 0 0 1 .5-.5h2V0H2Zm2 10.5H2a.5.5 0 0 1-.5-.5V8H0v2a2 2 0 0 0 2 2h2v-1.5ZM8 12v-1.5h2a.5.5 0 0 0 .5-.5V8H12v2a2 2 0 0 1-2 2H8Zm2-12a2 2 0 0 1 2 2v2h-1.5V2a.5.5 0 0 0-.5-.5H8V0h2Z\" \/>\n\t\t\t<\/svg>\n\t\t<\/button><\/figure>\n\n\n\n<p>Ein Teil der Mitglieder der ERIG e.V. besch\u00e4ftigen sich derzeit mit der Entwicklung des Experiments MARTINI. Mit diesem nehmen die Studierenden an dem&nbsp;<a href=\"https:\/\/rexusbexus.net\/\">REXUS\/BEXUS<\/a>-Programm von&nbsp;<a href=\"https:\/\/www.dlr.de\/DE\/Home\/home_node.html\">DLR<\/a>,&nbsp;<a href=\"https:\/\/www.zarm.uni-bremen.de\/de.html\">ZARM<\/a>,&nbsp;<a href=\"https:\/\/sscspace.com\/\">SSC<\/a>,&nbsp;<a href=\"https:\/\/www.rymdstyrelsen.se\/en\/\">SNSA<\/a>&nbsp;und&nbsp;<a href=\"https:\/\/www.esa.int\/\">ESA<\/a>&nbsp;teil. Das REXUS\/BEXUS- Programm erm\u00f6glicht es Studierenden eine <strong>wissenschaftliche Nutzlast<\/strong> an Bord einer <strong>H\u00f6henforschungsrakete <\/strong>ins Weltall zu transportieren. Daf\u00fcr stehen ihnen die finanzielle Unterst\u00fctzung sowie wissenschaftliche Expertise von DLR, ZARM, SSC, SNSA und ESA zur Verf\u00fcgung. W\u00e4hrend des Flugs befinden sich die Experimente an Bord der Rakete zeitweise in <strong>Mikrogravitation<\/strong>, was f\u00fcr wissenschaftliche Experimente interessant ist, um den Einfluss der Gravitation auf bestimmte Prozesse zu untersuchen. In den vergangenen Jahren hat die ERIG e.V. bereits dreimal erfolgreich am REXUS\/BEXUS- Programm teilgenommen.<\/p>\n\n\n\n<figure data-wp-context=\"{&quot;imageId&quot;:&quot;69d67caacce13&quot;}\" data-wp-interactive=\"core\/image\" data-wp-key=\"69d67caacce13\" class=\"wp-block-image alignright size-full is-resized wp-lightbox-container\"><img loading=\"lazy\" decoding=\"async\" width=\"400\" height=\"400\" data-wp-class--hide=\"state.isContentHidden\" data-wp-class--show=\"state.isContentVisible\" data-wp-init=\"callbacks.setButtonStyles\" data-wp-on--click=\"actions.showLightbox\" data-wp-on--load=\"callbacks.setButtonStyles\" data-wp-on-window--resize=\"callbacks.setButtonStyles\" src=\"https:\/\/er-ig.de\/cms\/wp-content\/uploads\/2023\/11\/RexBexLogoCap.png\" alt=\"\" class=\"wp-image-410\" style=\"width:299px;height:auto\" srcset=\"https:\/\/er-ig.de\/cms\/wp-content\/uploads\/2023\/11\/RexBexLogoCap.png 400w, https:\/\/er-ig.de\/cms\/wp-content\/uploads\/2023\/11\/RexBexLogoCap-300x300.png 300w, https:\/\/er-ig.de\/cms\/wp-content\/uploads\/2023\/11\/RexBexLogoCap-150x150.png 150w\" sizes=\"auto, (max-width: 400px) 100vw, 400px\" \/><button\n\t\t\tclass=\"lightbox-trigger\"\n\t\t\ttype=\"button\"\n\t\t\taria-haspopup=\"dialog\"\n\t\t\taria-label=\"Vergr\u00f6\u00dfern\"\n\t\t\tdata-wp-init=\"callbacks.initTriggerButton\"\n\t\t\tdata-wp-on--click=\"actions.showLightbox\"\n\t\t\tdata-wp-style--right=\"state.imageButtonRight\"\n\t\t\tdata-wp-style--top=\"state.imageButtonTop\"\n\t\t>\n\t\t\t<svg xmlns=\"http:\/\/www.w3.org\/2000\/svg\" width=\"12\" height=\"12\" fill=\"none\" viewBox=\"0 0 12 12\">\n\t\t\t\t<path fill=\"#fff\" d=\"M2 0a2 2 0 0 0-2 2v2h1.5V2a.5.5 0 0 1 .5-.5h2V0H2Zm2 10.5H2a.5.5 0 0 1-.5-.5V8H0v2a2 2 0 0 0 2 2h2v-1.5ZM8 12v-1.5h2a.5.5 0 0 0 .5-.5V8H12v2a2 2 0 0 1-2 2H8Zm2-12a2 2 0 0 1 2 2v2h-1.5V2a.5.5 0 0 0-.5-.5H8V0h2Z\" \/>\n\t\t\t<\/svg>\n\t\t<\/button><\/figure>\n\n\n\n<p>Bei dem aktuellen REXUS-Experiment der ERIG handelt es sich um MARTINI. MARTINI steht f\u00fcr Material&nbsp;Analysis of&nbsp;Resin&nbsp;Testing&nbsp;in&nbsp;Null-Gravity&nbsp;Interactions und besch\u00e4ftigt sich mit dem Vermischen und Aush\u00e4rten von Resinen. Das Ziel des Experiments besteht in der Untersuchung des Einflusses der Gewichtskraft auf die Vermischung und die Viskosit\u00e4t der Resine.<\/p>\n\n\n\n<h2 class=\"wp-block-heading\">Elektronik<\/h2>\n\n\n\n<p>Die Elektronik an Bord des Experiments MARTINI erf\u00fcllt eine Reihe wichtiger Aufgaben. Dazu geh\u00f6rt neben der Ablaufsteuerung auch die Ansteuerung der Aktuatoren (Motoren, Heizelemente und UV-LEDs), sowie das Auslesen der verschiedenen Sensoren. Die erfassten Daten werden dabei sowohl intern auf einem Flash-Chip gespeichert, als auch als Telemetrie w\u00e4hrend des Flugs zum Boden gesendet. Hierzu kommuniziert die Elektronik mit dem REXUS Service Module (RXSM), das Strom und Datenverbindung bereitstellt. Zus\u00e4tzlich generiert das RXSM die Steuersignale Lift Off (LO), Start of Experiment (SOE) und Start of Data Storage (SODS). Die beiden letzteren Signale sind f\u00fcr jedes Experiment unterschiedlich.<\/p>\n\n\n\n<figure data-wp-context=\"{&quot;imageId&quot;:&quot;69d67caacd985&quot;}\" data-wp-interactive=\"core\/image\" data-wp-key=\"69d67caacd985\" class=\"wp-block-image alignleft size-large is-resized has-custom-border is-style-rounded wp-lightbox-container\"><img loading=\"lazy\" decoding=\"async\" width=\"1024\" height=\"768\" data-wp-class--hide=\"state.isContentHidden\" data-wp-class--show=\"state.isContentVisible\" data-wp-init=\"callbacks.setButtonStyles\" data-wp-on--click=\"actions.showLightbox\" data-wp-on--load=\"callbacks.setButtonStyles\" data-wp-on-window--resize=\"callbacks.setButtonStyles\" src=\"https:\/\/er-ig.de\/cms\/wp-content\/uploads\/2025\/05\/20260305_211513-1024x768.jpg\" alt=\"\" class=\"wp-image-2378\" style=\"border-top-left-radius:10px;border-top-right-radius:10px;border-bottom-left-radius:10px;border-bottom-right-radius:10px;width:622px;height:auto\" srcset=\"https:\/\/er-ig.de\/cms\/wp-content\/uploads\/2025\/05\/20260305_211513-1024x768.jpg 1024w, https:\/\/er-ig.de\/cms\/wp-content\/uploads\/2025\/05\/20260305_211513-300x225.jpg 300w, https:\/\/er-ig.de\/cms\/wp-content\/uploads\/2025\/05\/20260305_211513-768x576.jpg 768w, https:\/\/er-ig.de\/cms\/wp-content\/uploads\/2025\/05\/20260305_211513-1536x1152.jpg 1536w, https:\/\/er-ig.de\/cms\/wp-content\/uploads\/2025\/05\/20260305_211513-2048x1536.jpg 2048w\" sizes=\"auto, (max-width: 1024px) 100vw, 1024px\" \/><button\n\t\t\tclass=\"lightbox-trigger\"\n\t\t\ttype=\"button\"\n\t\t\taria-haspopup=\"dialog\"\n\t\t\taria-label=\"Vergr\u00f6\u00dfern\"\n\t\t\tdata-wp-init=\"callbacks.initTriggerButton\"\n\t\t\tdata-wp-on--click=\"actions.showLightbox\"\n\t\t\tdata-wp-style--right=\"state.imageButtonRight\"\n\t\t\tdata-wp-style--top=\"state.imageButtonTop\"\n\t\t>\n\t\t\t<svg xmlns=\"http:\/\/www.w3.org\/2000\/svg\" width=\"12\" height=\"12\" fill=\"none\" viewBox=\"0 0 12 12\">\n\t\t\t\t<path fill=\"#fff\" d=\"M2 0a2 2 0 0 0-2 2v2h1.5V2a.5.5 0 0 1 .5-.5h2V0H2Zm2 10.5H2a.5.5 0 0 1-.5-.5V8H0v2a2 2 0 0 0 2 2h2v-1.5ZM8 12v-1.5h2a.5.5 0 0 0 .5-.5V8H12v2a2 2 0 0 1-2 2H8Zm2-12a2 2 0 0 1 2 2v2h-1.5V2a.5.5 0 0 0-.5-.5H8V0h2Z\" \/>\n\t\t\t<\/svg>\n\t\t<\/button><\/figure>\n\n\n\n<p>Bei MARTINI besteht die Elektronik aus drei wesentlichen Komponenten: Die <strong>MARTINI Control Unit (MCU)<\/strong> steuert das gesamte Experiment. Sie enth\u00e4lt einen Arduino Due, der mit seinem leistungsstarken ARM-basierten Prozessor genug Leistung und Konnektivit\u00e4t bietet, um Sensorik, Aktuatoren und Kommunikation zu bew\u00e4ltigen. Die <strong>Power Supply Unit (PSU)<\/strong> generiert aus der Bordspannung des RXSM die Spannungen 5V, 12V und 24V. Ein zus\u00e4tzliches <strong>Motor Controller Board<\/strong> steuert die beiden Motoren des Experiments.<\/p>\n\n\n\n<div style=\"height:0px\" aria-hidden=\"true\" class=\"wp-block-spacer\"><\/div>\n\n\n\n<h2 class=\"wp-block-heading\">Software<\/h2>\n\n\n\n<p>Die Software f\u00fcr MARTINI besteht aus zwei Teilen: Die <strong>Onboard-Software<\/strong> l\u00e4uft innerhalb des Experiments auf dem Arduino Due. Sie betreibt die interne State Machine, die die Experimentphasen steuert, liest die Sensoren aus, steuert die Aktuatoren und versendet die Telemetriedaten.<\/p>\n\n\n\n<figure data-wp-context=\"{&quot;imageId&quot;:&quot;69d67caacdef6&quot;}\" data-wp-interactive=\"core\/image\" data-wp-key=\"69d67caacdef6\" class=\"wp-block-image alignright size-large is-resized has-custom-border is-style-rounded wp-lightbox-container\"><img loading=\"lazy\" decoding=\"async\" width=\"1024\" height=\"550\" data-wp-class--hide=\"state.isContentHidden\" data-wp-class--show=\"state.isContentVisible\" data-wp-init=\"callbacks.setButtonStyles\" data-wp-on--click=\"actions.showLightbox\" data-wp-on--load=\"callbacks.setButtonStyles\" data-wp-on-window--resize=\"callbacks.setButtonStyles\" src=\"https:\/\/er-ig.de\/cms\/wp-content\/uploads\/2026\/01\/MartiniGsSoftware-1024x550.png\" alt=\"\" class=\"wp-image-2341\" style=\"border-top-left-radius:10px;border-top-right-radius:10px;border-bottom-left-radius:10px;border-bottom-right-radius:10px;width:622px;height:auto\" srcset=\"https:\/\/er-ig.de\/cms\/wp-content\/uploads\/2026\/01\/MartiniGsSoftware-1024x550.png 1024w, https:\/\/er-ig.de\/cms\/wp-content\/uploads\/2026\/01\/MartiniGsSoftware-300x161.png 300w, https:\/\/er-ig.de\/cms\/wp-content\/uploads\/2026\/01\/MartiniGsSoftware-768x413.png 768w, https:\/\/er-ig.de\/cms\/wp-content\/uploads\/2026\/01\/MartiniGsSoftware-1536x826.png 1536w, https:\/\/er-ig.de\/cms\/wp-content\/uploads\/2026\/01\/MartiniGsSoftware.png 1920w\" sizes=\"auto, (max-width: 1024px) 100vw, 1024px\" \/><button\n\t\t\tclass=\"lightbox-trigger\"\n\t\t\ttype=\"button\"\n\t\t\taria-haspopup=\"dialog\"\n\t\t\taria-label=\"Vergr\u00f6\u00dfern\"\n\t\t\tdata-wp-init=\"callbacks.initTriggerButton\"\n\t\t\tdata-wp-on--click=\"actions.showLightbox\"\n\t\t\tdata-wp-style--right=\"state.imageButtonRight\"\n\t\t\tdata-wp-style--top=\"state.imageButtonTop\"\n\t\t>\n\t\t\t<svg xmlns=\"http:\/\/www.w3.org\/2000\/svg\" width=\"12\" height=\"12\" fill=\"none\" viewBox=\"0 0 12 12\">\n\t\t\t\t<path fill=\"#fff\" d=\"M2 0a2 2 0 0 0-2 2v2h1.5V2a.5.5 0 0 1 .5-.5h2V0H2Zm2 10.5H2a.5.5 0 0 1-.5-.5V8H0v2a2 2 0 0 0 2 2h2v-1.5ZM8 12v-1.5h2a.5.5 0 0 0 .5-.5V8H12v2a2 2 0 0 1-2 2H8Zm2-12a2 2 0 0 1 2 2v2h-1.5V2a.5.5 0 0 0-.5-.5H8V0h2Z\" \/>\n\t\t\t<\/svg>\n\t\t<\/button><\/figure>\n\n\n\n<p>Der zweite Teil ist die <strong>Ground Segment Software<\/strong>, also die Software, die w\u00e4hrend des Flugs auf dem Boden l\u00e4uft. Sie speichert und visualisiert eingehende Telemetriedaten und bietet vor dem Start die M\u00f6glichkeit, Telekommandos an das Experiment zu senden. Dabei l\u00e4uft alle Kommunikation \u00fcber das RXSM, das weitgehend transparent eine serielle Verbindung mit dem Experiment erm\u00f6glicht. Zu Testzwecken steht uns w\u00e4hrend der Entwicklung ein sogenannter REXUS Service Module Simulator zur Verf\u00fcgung, \u00fcber den die Kommunikation, auch unter simulierten Kommunikationsproblemen (Bitfehler, Verbindungsabbr\u00fcche, etc.), erprobt werden kann.<\/p>\n\n\n\n<div style=\"height:0px\" aria-hidden=\"true\" class=\"wp-block-spacer\"><\/div>\n\n\n\n<h2 class=\"wp-block-heading\">MARTINI in den Medien<\/h2>\n\n\n\n<p>Im Rahmen von MARTINI soll intensive \u00d6ffentlichkeitsarbeit \u00fcber verschiedene Kan\u00e4le durchgef\u00fchrt werden. Hierzu sollen neben Beitr\u00e4gen in den sozialen Medien der ERIG auch Zeitungsartikel und Videos entstehen. Diese werden zu gegebener Zeit hier verlinkt.<\/p>\n\n\n\n<p>Das MARTINI-Team ist zu erreichen unter <a href=\"mailto:martini@er-ig.de\">martini@er-ig.de<\/a>.<\/p>\n\n\n\n<figure class=\"wp-block-image aligncenter size-large has-custom-border is-style-rounded\"><img loading=\"lazy\" decoding=\"async\" width=\"1024\" height=\"647\" src=\"https:\/\/er-ig.de\/cms\/wp-content\/uploads\/2026\/03\/IMG-20260307-WA0094-1024x647.jpg\" alt=\"\" class=\"wp-image-2376\" style=\"border-top-left-radius:10px;border-top-right-radius:10px;border-bottom-left-radius:10px;border-bottom-right-radius:10px\" srcset=\"https:\/\/er-ig.de\/cms\/wp-content\/uploads\/2026\/03\/IMG-20260307-WA0094-1024x647.jpg 1024w, https:\/\/er-ig.de\/cms\/wp-content\/uploads\/2026\/03\/IMG-20260307-WA0094-300x189.jpg 300w, https:\/\/er-ig.de\/cms\/wp-content\/uploads\/2026\/03\/IMG-20260307-WA0094-768x485.jpg 768w, https:\/\/er-ig.de\/cms\/wp-content\/uploads\/2026\/03\/IMG-20260307-WA0094-1536x970.jpg 1536w, https:\/\/er-ig.de\/cms\/wp-content\/uploads\/2026\/03\/IMG-20260307-WA0094-2048x1294.jpg 2048w\" sizes=\"auto, (max-width: 1024px) 100vw, 1024px\" \/><\/figure>\n","protected":false},"excerpt":{"rendered":"<p>Material Analysis of Resin Testing in Null-Gravity Interactions Ein Teil der Mitglieder der ERIG e.V. besch\u00e4ftigen sich derzeit mit der Entwicklung des Experiments MARTINI. Mit diesem nehmen die Studierenden an dem&nbsp;REXUS\/BEXUS-Programm von&nbsp;DLR,&nbsp;ZARM,&nbsp;SSC,&nbsp;SNSA&nbsp;und&nbsp;ESA&nbsp;teil. Das REXUS\/BEXUS- Programm erm\u00f6glicht es Studierenden eine wissenschaftliche Nutzlast an Bord einer H\u00f6henforschungsrakete ins Weltall zu transportieren. Daf\u00fcr stehen ihnen die finanzielle Unterst\u00fctzung [&hellip;]<\/p>\n","protected":false},"author":1,"featured_media":0,"parent":0,"menu_order":0,"comment_status":"closed","ping_status":"closed","template":"","meta":{"footnotes":""},"class_list":["post-1574","page","type-page","status-publish","hentry"],"yoast_head":"<!-- This site is optimized with the Yoast SEO plugin v27.1.1 - https:\/\/yoast.com\/product\/yoast-seo-wordpress\/ -->\n<title>MARTINI &#8211; ERIG e.V.<\/title>\n<meta name=\"robots\" content=\"index, follow, max-snippet:-1, max-image-preview:large, max-video-preview:-1\" \/>\n<link rel=\"canonical\" href=\"https:\/\/er-ig.de\/cms\/martini\/\" \/>\n<meta property=\"og:locale\" content=\"de_DE\" \/>\n<meta property=\"og:type\" content=\"article\" \/>\n<meta property=\"og:title\" content=\"MARTINI &#8211; ERIG e.V.\" \/>\n<meta property=\"og:description\" content=\"Material Analysis of Resin Testing in Null-Gravity Interactions Ein Teil der Mitglieder der ERIG e.V. besch\u00e4ftigen sich derzeit mit der Entwicklung des Experiments MARTINI. Mit diesem nehmen die Studierenden an dem&nbsp;REXUS\/BEXUS-Programm von&nbsp;DLR,&nbsp;ZARM,&nbsp;SSC,&nbsp;SNSA&nbsp;und&nbsp;ESA&nbsp;teil. Das REXUS\/BEXUS- Programm erm\u00f6glicht es Studierenden eine wissenschaftliche Nutzlast an Bord einer H\u00f6henforschungsrakete ins Weltall zu transportieren. Daf\u00fcr stehen ihnen die finanzielle Unterst\u00fctzung [&hellip;]\" \/>\n<meta property=\"og:url\" content=\"https:\/\/er-ig.de\/cms\/martini\/\" \/>\n<meta property=\"og:site_name\" content=\"ERIG e.V.\" \/>\n<meta property=\"article:modified_time\" content=\"2026-03-17T13:22:00+00:00\" \/>\n<meta property=\"og:image\" content=\"https:\/\/er-ig.de\/cms\/wp-content\/uploads\/2025\/05\/Patch_martini_C.png\" \/>\n<meta name=\"twitter:card\" content=\"summary_large_image\" \/>\n<meta name=\"twitter:label1\" content=\"Gesch\u00e4tzte Lesezeit\" \/>\n\t<meta name=\"twitter:data1\" content=\"4\u00a0Minuten\" \/>\n<script type=\"application\/ld+json\" class=\"yoast-schema-graph\">{\"@context\":\"https:\/\/schema.org\",\"@graph\":[{\"@type\":\"WebPage\",\"@id\":\"https:\/\/er-ig.de\/cms\/martini\/\",\"url\":\"https:\/\/er-ig.de\/cms\/martini\/\",\"name\":\"MARTINI &#8211; ERIG e.V.\",\"isPartOf\":{\"@id\":\"https:\/\/er-ig.de\/cms\/#website\"},\"primaryImageOfPage\":{\"@id\":\"https:\/\/er-ig.de\/cms\/martini\/#primaryimage\"},\"image\":{\"@id\":\"https:\/\/er-ig.de\/cms\/martini\/#primaryimage\"},\"thumbnailUrl\":\"https:\/\/er-ig.de\/cms\/wp-content\/uploads\/2025\/05\/Patch_martini_C.png\",\"datePublished\":\"2025-02-07T09:23:19+00:00\",\"dateModified\":\"2026-03-17T13:22:00+00:00\",\"inLanguage\":\"de\",\"potentialAction\":[{\"@type\":\"ReadAction\",\"target\":[\"https:\/\/er-ig.de\/cms\/martini\/\"]}]},{\"@type\":\"ImageObject\",\"inLanguage\":\"de\",\"@id\":\"https:\/\/er-ig.de\/cms\/martini\/#primaryimage\",\"url\":\"https:\/\/er-ig.de\/cms\/wp-content\/uploads\/2025\/05\/Patch_martini_C.png\",\"contentUrl\":\"https:\/\/er-ig.de\/cms\/wp-content\/uploads\/2025\/05\/Patch_martini_C.png\",\"width\":1966,\"height\":1989},{\"@type\":\"WebSite\",\"@id\":\"https:\/\/er-ig.de\/cms\/#website\",\"url\":\"https:\/\/er-ig.de\/cms\/\",\"name\":\"ERIG e.V.\",\"description\":\"\",\"publisher\":{\"@id\":\"https:\/\/er-ig.de\/cms\/#organization\"},\"potentialAction\":[{\"@type\":\"SearchAction\",\"target\":{\"@type\":\"EntryPoint\",\"urlTemplate\":\"https:\/\/er-ig.de\/cms\/?s={search_term_string}\"},\"query-input\":{\"@type\":\"PropertyValueSpecification\",\"valueRequired\":true,\"valueName\":\"search_term_string\"}}],\"inLanguage\":\"de\"},{\"@type\":\"Organization\",\"@id\":\"https:\/\/er-ig.de\/cms\/#organization\",\"name\":\"ERIG e.V.\",\"url\":\"https:\/\/er-ig.de\/cms\/\",\"logo\":{\"@type\":\"ImageObject\",\"inLanguage\":\"de\",\"@id\":\"https:\/\/er-ig.de\/cms\/#\/schema\/logo\/image\/\",\"url\":\"https:\/\/er-ig.de\/cms\/wp-content\/uploads\/2023\/11\/ERIG_Farben_RGB_01.png\",\"contentUrl\":\"https:\/\/er-ig.de\/cms\/wp-content\/uploads\/2023\/11\/ERIG_Farben_RGB_01.png\",\"width\":1995,\"height\":561,\"caption\":\"ERIG e.V.\"},\"image\":{\"@id\":\"https:\/\/er-ig.de\/cms\/#\/schema\/logo\/image\/\"}}]}<\/script>\n<!-- \/ Yoast SEO plugin. -->","yoast_head_json":{"title":"MARTINI &#8211; ERIG e.V.","robots":{"index":"index","follow":"follow","max-snippet":"max-snippet:-1","max-image-preview":"max-image-preview:large","max-video-preview":"max-video-preview:-1"},"canonical":"https:\/\/er-ig.de\/cms\/martini\/","og_locale":"de_DE","og_type":"article","og_title":"MARTINI &#8211; ERIG e.V.","og_description":"Material Analysis of Resin Testing in Null-Gravity Interactions Ein Teil der Mitglieder der ERIG e.V. besch\u00e4ftigen sich derzeit mit der Entwicklung des Experiments MARTINI. Mit diesem nehmen die Studierenden an dem&nbsp;REXUS\/BEXUS-Programm von&nbsp;DLR,&nbsp;ZARM,&nbsp;SSC,&nbsp;SNSA&nbsp;und&nbsp;ESA&nbsp;teil. Das REXUS\/BEXUS- Programm erm\u00f6glicht es Studierenden eine wissenschaftliche Nutzlast an Bord einer H\u00f6henforschungsrakete ins Weltall zu transportieren. Daf\u00fcr stehen ihnen die finanzielle Unterst\u00fctzung [&hellip;]","og_url":"https:\/\/er-ig.de\/cms\/martini\/","og_site_name":"ERIG e.V.","article_modified_time":"2026-03-17T13:22:00+00:00","og_image":[{"url":"https:\/\/er-ig.de\/cms\/wp-content\/uploads\/2025\/05\/Patch_martini_C.png","type":"","width":"","height":""}],"twitter_card":"summary_large_image","twitter_misc":{"Gesch\u00e4tzte Lesezeit":"4\u00a0Minuten"},"schema":{"@context":"https:\/\/schema.org","@graph":[{"@type":"WebPage","@id":"https:\/\/er-ig.de\/cms\/martini\/","url":"https:\/\/er-ig.de\/cms\/martini\/","name":"MARTINI &#8211; ERIG e.V.","isPartOf":{"@id":"https:\/\/er-ig.de\/cms\/#website"},"primaryImageOfPage":{"@id":"https:\/\/er-ig.de\/cms\/martini\/#primaryimage"},"image":{"@id":"https:\/\/er-ig.de\/cms\/martini\/#primaryimage"},"thumbnailUrl":"https:\/\/er-ig.de\/cms\/wp-content\/uploads\/2025\/05\/Patch_martini_C.png","datePublished":"2025-02-07T09:23:19+00:00","dateModified":"2026-03-17T13:22:00+00:00","inLanguage":"de","potentialAction":[{"@type":"ReadAction","target":["https:\/\/er-ig.de\/cms\/martini\/"]}]},{"@type":"ImageObject","inLanguage":"de","@id":"https:\/\/er-ig.de\/cms\/martini\/#primaryimage","url":"https:\/\/er-ig.de\/cms\/wp-content\/uploads\/2025\/05\/Patch_martini_C.png","contentUrl":"https:\/\/er-ig.de\/cms\/wp-content\/uploads\/2025\/05\/Patch_martini_C.png","width":1966,"height":1989},{"@type":"WebSite","@id":"https:\/\/er-ig.de\/cms\/#website","url":"https:\/\/er-ig.de\/cms\/","name":"ERIG e.V.","description":"","publisher":{"@id":"https:\/\/er-ig.de\/cms\/#organization"},"potentialAction":[{"@type":"SearchAction","target":{"@type":"EntryPoint","urlTemplate":"https:\/\/er-ig.de\/cms\/?s={search_term_string}"},"query-input":{"@type":"PropertyValueSpecification","valueRequired":true,"valueName":"search_term_string"}}],"inLanguage":"de"},{"@type":"Organization","@id":"https:\/\/er-ig.de\/cms\/#organization","name":"ERIG e.V.","url":"https:\/\/er-ig.de\/cms\/","logo":{"@type":"ImageObject","inLanguage":"de","@id":"https:\/\/er-ig.de\/cms\/#\/schema\/logo\/image\/","url":"https:\/\/er-ig.de\/cms\/wp-content\/uploads\/2023\/11\/ERIG_Farben_RGB_01.png","contentUrl":"https:\/\/er-ig.de\/cms\/wp-content\/uploads\/2023\/11\/ERIG_Farben_RGB_01.png","width":1995,"height":561,"caption":"ERIG e.V."},"image":{"@id":"https:\/\/er-ig.de\/cms\/#\/schema\/logo\/image\/"}}]}},"_links":{"self":[{"href":"https:\/\/er-ig.de\/cms\/wp-json\/wp\/v2\/pages\/1574","targetHints":{"allow":["GET"]}}],"collection":[{"href":"https:\/\/er-ig.de\/cms\/wp-json\/wp\/v2\/pages"}],"about":[{"href":"https:\/\/er-ig.de\/cms\/wp-json\/wp\/v2\/types\/page"}],"author":[{"embeddable":true,"href":"https:\/\/er-ig.de\/cms\/wp-json\/wp\/v2\/users\/1"}],"replies":[{"embeddable":true,"href":"https:\/\/er-ig.de\/cms\/wp-json\/wp\/v2\/comments?post=1574"}],"version-history":[{"count":14,"href":"https:\/\/er-ig.de\/cms\/wp-json\/wp\/v2\/pages\/1574\/revisions"}],"predecessor-version":[{"id":2402,"href":"https:\/\/er-ig.de\/cms\/wp-json\/wp\/v2\/pages\/1574\/revisions\/2402"}],"wp:attachment":[{"href":"https:\/\/er-ig.de\/cms\/wp-json\/wp\/v2\/media?parent=1574"}],"curies":[{"name":"wp","href":"https:\/\/api.w.org\/{rel}","templated":true}]}}