{"id":1516,"date":"2024-11-03T22:11:40","date_gmt":"2024-11-03T21:11:40","guid":{"rendered":"https:\/\/er-ig.de\/cms\/?page_id=1516"},"modified":"2025-09-17T19:06:47","modified_gmt":"2025-09-17T17:06:47","slug":"sg-payload","status":"publish","type":"page","link":"https:\/\/er-ig.de\/cms\/sg-payload\/","title":{"rendered":"SG Payload"},"content":{"rendered":"\n<figure data-wp-context=\"{&quot;imageId&quot;:&quot;69dce7405c375&quot;}\" data-wp-interactive=\"core\/image\" data-wp-key=\"69dce7405c375\" class=\"wp-block-image alignleft size-full is-resized has-custom-border wp-lightbox-container\"><img loading=\"lazy\" decoding=\"async\" width=\"1440\" height=\"2560\" data-wp-class--hide=\"state.isContentHidden\" data-wp-class--show=\"state.isContentVisible\" data-wp-init=\"callbacks.setButtonStyles\" data-wp-on--click=\"actions.showLightbox\" data-wp-on--load=\"callbacks.setButtonStyles\" data-wp-on-window--resize=\"callbacks.setButtonStyles\" src=\"https:\/\/er-ig.de\/cms\/wp-content\/uploads\/2025\/09\/20250911_185138-edited-scaled.jpg\" alt=\"\" class=\"wp-image-2210\" style=\"border-radius:10px;width:287px;height:auto\" srcset=\"https:\/\/er-ig.de\/cms\/wp-content\/uploads\/2025\/09\/20250911_185138-edited-scaled.jpg 1440w, https:\/\/er-ig.de\/cms\/wp-content\/uploads\/2025\/09\/20250911_185138-edited-169x300.jpg 169w, https:\/\/er-ig.de\/cms\/wp-content\/uploads\/2025\/09\/20250911_185138-edited-576x1024.jpg 576w, https:\/\/er-ig.de\/cms\/wp-content\/uploads\/2025\/09\/20250911_185138-edited-768x1365.jpg 768w, https:\/\/er-ig.de\/cms\/wp-content\/uploads\/2025\/09\/20250911_185138-edited-864x1536.jpg 864w, https:\/\/er-ig.de\/cms\/wp-content\/uploads\/2025\/09\/20250911_185138-edited-1152x2048.jpg 1152w\" sizes=\"auto, (max-width: 1440px) 100vw, 1440px\" \/><button\n\t\t\tclass=\"lightbox-trigger\"\n\t\t\ttype=\"button\"\n\t\t\taria-haspopup=\"dialog\"\n\t\t\taria-label=\"Vergr\u00f6\u00dfern\"\n\t\t\tdata-wp-init=\"callbacks.initTriggerButton\"\n\t\t\tdata-wp-on--click=\"actions.showLightbox\"\n\t\t\tdata-wp-style--right=\"state.imageButtonRight\"\n\t\t\tdata-wp-style--top=\"state.imageButtonTop\"\n\t\t>\n\t\t\t<svg xmlns=\"http:\/\/www.w3.org\/2000\/svg\" width=\"12\" height=\"12\" fill=\"none\" viewBox=\"0 0 12 12\">\n\t\t\t\t<path fill=\"#fff\" d=\"M2 0a2 2 0 0 0-2 2v2h1.5V2a.5.5 0 0 1 .5-.5h2V0H2Zm2 10.5H2a.5.5 0 0 1-.5-.5V8H0v2a2 2 0 0 0 2 2h2v-1.5ZM8 12v-1.5h2a.5.5 0 0 0 .5-.5V8H12v2a2 2 0 0 1-2 2H8Zm2-12a2 2 0 0 1 2 2v2h-1.5V2a.5.5 0 0 0-.5-.5H8V0h2Z\" \/>\n\t\t\t<\/svg>\n\t\t<\/button><\/figure>\n\n\n\n<p>Auch wenn das Hauptziel unserer Experimentalraketen das erlernen und \u00fcben der technischen Umsetzung ist, ist auch das Transportieren von verschiedenen Nutzlasten (engl. Payload), in Form von Experimenten oder technischen Prototypen, ein zunehmend wichtiges Missionsziel f\u00fcr unsere Raketen.<\/p>\n\n\n\n<p>Die SG Payload besch\u00e4ftigt sich mit den Transport von Nutzlasten in unseren Raketen und ist ebenfalls verantwortlich f\u00fcr den Design von Nutzlasten oder dem Betreuen von externen Gruppen, die Nutzlasten f\u00fcr unsere Raketen entwickeln.<\/p>\n","protected":false},"excerpt":{"rendered":"<p>Auch wenn das Hauptziel unserer Experimentalraketen das erlernen und \u00fcben der technischen Umsetzung ist, ist auch das Transportieren von verschiedenen Nutzlasten (engl. Payload), in Form von Experimenten oder technischen Prototypen, ein zunehmend wichtiges Missionsziel f\u00fcr unsere Raketen. Die SG Payload besch\u00e4ftigt sich mit den Transport von Nutzlasten in unseren Raketen und ist ebenfalls verantwortlich f\u00fcr [&hellip;]<\/p>\n","protected":false},"author":1,"featured_media":0,"parent":0,"menu_order":0,"comment_status":"closed","ping_status":"closed","template":"","meta":{"footnotes":""},"class_list":["post-1516","page","type-page","status-publish","hentry"],"yoast_head":"<!-- This site is optimized with the Yoast SEO plugin v27.1.1 - https:\/\/yoast.com\/product\/yoast-seo-wordpress\/ -->\n<title>SG Payload &#8211; ERIG e.V.<\/title>\n<meta name=\"robots\" content=\"index, follow, max-snippet:-1, max-image-preview:large, max-video-preview:-1\" \/>\n<link rel=\"canonical\" href=\"http:\/\/er-ig.de\/cms\/sg-payload\/\" \/>\n<meta property=\"og:locale\" content=\"de_DE\" \/>\n<meta property=\"og:type\" content=\"article\" \/>\n<meta property=\"og:title\" content=\"SG Payload &#8211; ERIG e.V.\" \/>\n<meta property=\"og:description\" content=\"Auch wenn das Hauptziel unserer Experimentalraketen das erlernen und \u00fcben der technischen Umsetzung ist, ist auch das Transportieren von verschiedenen Nutzlasten (engl. Payload), in Form von Experimenten oder technischen Prototypen, ein zunehmend wichtiges Missionsziel f\u00fcr unsere Raketen. Die SG Payload besch\u00e4ftigt sich mit den Transport von Nutzlasten in unseren Raketen und ist ebenfalls verantwortlich f\u00fcr [&hellip;]\" \/>\n<meta property=\"og:url\" content=\"http:\/\/er-ig.de\/cms\/sg-payload\/\" \/>\n<meta property=\"og:site_name\" content=\"ERIG e.V.\" \/>\n<meta property=\"article:modified_time\" content=\"2025-09-17T17:06:47+00:00\" \/>\n<meta property=\"og:image\" content=\"https:\/\/er-ig.de\/cms\/wp-content\/uploads\/2025\/09\/20250911_185138-edited-scaled.jpg\" \/>\n<meta name=\"twitter:card\" content=\"summary_large_image\" \/>\n<meta name=\"twitter:label1\" content=\"Gesch\u00e4tzte Lesezeit\" \/>\n\t<meta name=\"twitter:data1\" content=\"1\u00a0Minute\" \/>\n<script type=\"application\/ld+json\" class=\"yoast-schema-graph\">{\"@context\":\"https:\/\/schema.org\",\"@graph\":[{\"@type\":\"WebPage\",\"@id\":\"http:\/\/er-ig.de\/cms\/sg-payload\/\",\"url\":\"http:\/\/er-ig.de\/cms\/sg-payload\/\",\"name\":\"SG Payload &#8211; ERIG e.V.\",\"isPartOf\":{\"@id\":\"http:\/\/er-ig.de\/cms\/#website\"},\"primaryImageOfPage\":{\"@id\":\"http:\/\/er-ig.de\/cms\/sg-payload\/#primaryimage\"},\"image\":{\"@id\":\"http:\/\/er-ig.de\/cms\/sg-payload\/#primaryimage\"},\"thumbnailUrl\":\"https:\/\/er-ig.de\/cms\/wp-content\/uploads\/2025\/09\/20250911_185138-edited-scaled.jpg\",\"datePublished\":\"2024-11-03T21:11:40+00:00\",\"dateModified\":\"2025-09-17T17:06:47+00:00\",\"inLanguage\":\"de\",\"potentialAction\":[{\"@type\":\"ReadAction\",\"target\":[\"http:\/\/er-ig.de\/cms\/sg-payload\/\"]}]},{\"@type\":\"ImageObject\",\"inLanguage\":\"de\",\"@id\":\"http:\/\/er-ig.de\/cms\/sg-payload\/#primaryimage\",\"url\":\"https:\/\/er-ig.de\/cms\/wp-content\/uploads\/2025\/09\/20250911_185138-edited-scaled.jpg\",\"contentUrl\":\"https:\/\/er-ig.de\/cms\/wp-content\/uploads\/2025\/09\/20250911_185138-edited-scaled.jpg\",\"width\":1440,\"height\":2560},{\"@type\":\"WebSite\",\"@id\":\"http:\/\/er-ig.de\/cms\/#website\",\"url\":\"http:\/\/er-ig.de\/cms\/\",\"name\":\"ERIG e.V.\",\"description\":\"\",\"publisher\":{\"@id\":\"http:\/\/er-ig.de\/cms\/#organization\"},\"potentialAction\":[{\"@type\":\"SearchAction\",\"target\":{\"@type\":\"EntryPoint\",\"urlTemplate\":\"http:\/\/er-ig.de\/cms\/?s={search_term_string}\"},\"query-input\":{\"@type\":\"PropertyValueSpecification\",\"valueRequired\":true,\"valueName\":\"search_term_string\"}}],\"inLanguage\":\"de\"},{\"@type\":\"Organization\",\"@id\":\"http:\/\/er-ig.de\/cms\/#organization\",\"name\":\"ERIG e.V.\",\"url\":\"http:\/\/er-ig.de\/cms\/\",\"logo\":{\"@type\":\"ImageObject\",\"inLanguage\":\"de\",\"@id\":\"http:\/\/er-ig.de\/cms\/#\/schema\/logo\/image\/\",\"url\":\"https:\/\/er-ig.de\/cms\/wp-content\/uploads\/2023\/11\/ERIG_Farben_RGB_01.png\",\"contentUrl\":\"https:\/\/er-ig.de\/cms\/wp-content\/uploads\/2023\/11\/ERIG_Farben_RGB_01.png\",\"width\":1995,\"height\":561,\"caption\":\"ERIG e.V.\"},\"image\":{\"@id\":\"http:\/\/er-ig.de\/cms\/#\/schema\/logo\/image\/\"}}]}<\/script>\n<!-- \/ Yoast SEO plugin. -->","yoast_head_json":{"title":"SG Payload &#8211; ERIG e.V.","robots":{"index":"index","follow":"follow","max-snippet":"max-snippet:-1","max-image-preview":"max-image-preview:large","max-video-preview":"max-video-preview:-1"},"canonical":"http:\/\/er-ig.de\/cms\/sg-payload\/","og_locale":"de_DE","og_type":"article","og_title":"SG Payload &#8211; ERIG e.V.","og_description":"Auch wenn das Hauptziel unserer Experimentalraketen das erlernen und \u00fcben der technischen Umsetzung ist, ist auch das Transportieren von verschiedenen Nutzlasten (engl. Payload), in Form von Experimenten oder technischen Prototypen, ein zunehmend wichtiges Missionsziel f\u00fcr unsere Raketen. Die SG Payload besch\u00e4ftigt sich mit den Transport von Nutzlasten in unseren Raketen und ist ebenfalls verantwortlich f\u00fcr [&hellip;]","og_url":"http:\/\/er-ig.de\/cms\/sg-payload\/","og_site_name":"ERIG e.V.","article_modified_time":"2025-09-17T17:06:47+00:00","og_image":[{"url":"https:\/\/er-ig.de\/cms\/wp-content\/uploads\/2025\/09\/20250911_185138-edited-scaled.jpg","type":"","width":"","height":""}],"twitter_card":"summary_large_image","twitter_misc":{"Gesch\u00e4tzte Lesezeit":"1\u00a0Minute"},"schema":{"@context":"https:\/\/schema.org","@graph":[{"@type":"WebPage","@id":"http:\/\/er-ig.de\/cms\/sg-payload\/","url":"http:\/\/er-ig.de\/cms\/sg-payload\/","name":"SG Payload &#8211; ERIG e.V.","isPartOf":{"@id":"http:\/\/er-ig.de\/cms\/#website"},"primaryImageOfPage":{"@id":"http:\/\/er-ig.de\/cms\/sg-payload\/#primaryimage"},"image":{"@id":"http:\/\/er-ig.de\/cms\/sg-payload\/#primaryimage"},"thumbnailUrl":"https:\/\/er-ig.de\/cms\/wp-content\/uploads\/2025\/09\/20250911_185138-edited-scaled.jpg","datePublished":"2024-11-03T21:11:40+00:00","dateModified":"2025-09-17T17:06:47+00:00","inLanguage":"de","potentialAction":[{"@type":"ReadAction","target":["http:\/\/er-ig.de\/cms\/sg-payload\/"]}]},{"@type":"ImageObject","inLanguage":"de","@id":"http:\/\/er-ig.de\/cms\/sg-payload\/#primaryimage","url":"https:\/\/er-ig.de\/cms\/wp-content\/uploads\/2025\/09\/20250911_185138-edited-scaled.jpg","contentUrl":"https:\/\/er-ig.de\/cms\/wp-content\/uploads\/2025\/09\/20250911_185138-edited-scaled.jpg","width":1440,"height":2560},{"@type":"WebSite","@id":"http:\/\/er-ig.de\/cms\/#website","url":"http:\/\/er-ig.de\/cms\/","name":"ERIG e.V.","description":"","publisher":{"@id":"http:\/\/er-ig.de\/cms\/#organization"},"potentialAction":[{"@type":"SearchAction","target":{"@type":"EntryPoint","urlTemplate":"http:\/\/er-ig.de\/cms\/?s={search_term_string}"},"query-input":{"@type":"PropertyValueSpecification","valueRequired":true,"valueName":"search_term_string"}}],"inLanguage":"de"},{"@type":"Organization","@id":"http:\/\/er-ig.de\/cms\/#organization","name":"ERIG e.V.","url":"http:\/\/er-ig.de\/cms\/","logo":{"@type":"ImageObject","inLanguage":"de","@id":"http:\/\/er-ig.de\/cms\/#\/schema\/logo\/image\/","url":"https:\/\/er-ig.de\/cms\/wp-content\/uploads\/2023\/11\/ERIG_Farben_RGB_01.png","contentUrl":"https:\/\/er-ig.de\/cms\/wp-content\/uploads\/2023\/11\/ERIG_Farben_RGB_01.png","width":1995,"height":561,"caption":"ERIG e.V."},"image":{"@id":"http:\/\/er-ig.de\/cms\/#\/schema\/logo\/image\/"}}]}},"_links":{"self":[{"href":"https:\/\/er-ig.de\/cms\/wp-json\/wp\/v2\/pages\/1516","targetHints":{"allow":["GET"]}}],"collection":[{"href":"https:\/\/er-ig.de\/cms\/wp-json\/wp\/v2\/pages"}],"about":[{"href":"https:\/\/er-ig.de\/cms\/wp-json\/wp\/v2\/types\/page"}],"author":[{"embeddable":true,"href":"https:\/\/er-ig.de\/cms\/wp-json\/wp\/v2\/users\/1"}],"replies":[{"embeddable":true,"href":"https:\/\/er-ig.de\/cms\/wp-json\/wp\/v2\/comments?post=1516"}],"version-history":[{"count":2,"href":"https:\/\/er-ig.de\/cms\/wp-json\/wp\/v2\/pages\/1516\/revisions"}],"predecessor-version":[{"id":2211,"href":"https:\/\/er-ig.de\/cms\/wp-json\/wp\/v2\/pages\/1516\/revisions\/2211"}],"wp:attachment":[{"href":"https:\/\/er-ig.de\/cms\/wp-json\/wp\/v2\/media?parent=1516"}],"curies":[{"name":"wp","href":"https:\/\/api.w.org\/{rel}","templated":true}]}}